{"id":1897,"date":"2024-07-01T01:02:18","date_gmt":"2024-07-01T05:02:18","guid":{"rendered":"https:\/\/cnewa.org\/fr\/?page_id=1897"},"modified":"2024-07-01T01:06:32","modified_gmt":"2024-07-01T05:06:32","slug":"armenie","status":"publish","type":"page","link":"https:\/\/cnewa.org\/fr\/ou-nous-travaillons\/europe-de-lest\/armenie\/","title":{"rendered":"Arm\u00e9nie"},"content":{"rendered":"\n<h2 class=\"wp-block-heading\" id=\"h-nichee-entre-l-asie-et-l-europe-l-armenie-est-situee-au-coeur-des-montagnes-du-caucase-et-est-entouree-de-nations-beaucoup-plus-grandes-et-plus-puissantes\">Nich\u00e9e entre l\u2019Asie et l\u2019Europe, l\u2019Arm\u00e9nie est situ\u00e9e au c\u0153ur des montagnes du Caucase et est entour\u00e9e de nations beaucoup plus grandes et plus puissantes.<\/h2>\n\n\n\n<p>Fort de sa foi chr\u00e9tienne, le peuple arm\u00e9nien a r\u00e9ussi \u00e0 survivre malgr\u00e9 les campagnes g\u00e9nocidaires men\u00e9es \u00e0 son encontre.<\/p>\n\n\n\n<p>Le peuple arm\u00e9nien continue d&rsquo;\u00eatre confront\u00e9 \u00e0 de graves d\u00e9fis. La guerre, les catastrophes naturelles et l&rsquo;instabilit\u00e9 politique mettent en p\u00e9ril la population arm\u00e9nienne de 2,9 millions de personnes dont plus d&rsquo;un quart vit dans une pauvret\u00e9 abjecte.<\/p>\n\n\n\n<p>En raison de son appartenance \u00e0 l\u2019Union \u00e9conomique eurasienne, l\u2019\u00e9conomie arm\u00e9nienne est fortement d\u00e9pendante de la Russie qui contr\u00f4le la plupart des actifs strat\u00e9giques de l\u2019Arm\u00e9nie, notamment le r\u00e9seau de distribution de gaz, les chemins de fer et les t\u00e9l\u00e9communications, et d\u00e9tient un quasi-monopole sur le march\u00e9 du gaz. Enclav\u00e9e, l&rsquo;Arm\u00e9nie a des fronti\u00e8res ouvertes avec seulement deux voisins imm\u00e9diats, la G\u00e9orgie et l&rsquo;Iran.<\/p>\n\n\n\n<p>En septembre 2023, les forces azerba\u00efdjanaises ont achev\u00e9 leur invasion de l\u2019enclave arm\u00e9nienne du Haut-Karabakh, for\u00e7ant quelque 120 000 Arm\u00e9niens \u00e0 quitter leurs foyers et villages. Du jour au lendemain, les communaut\u00e9s arm\u00e9niennes qui dominaient la r\u00e9gion depuis plus d\u2019un mill\u00e9naire ont disparu. Le processus d&rsquo;h\u00e9bergement et d&rsquo;int\u00e9gration de ces personnes d\u00e9plac\u00e9es \u00e0 l\u2019int\u00e9rieur de Arm\u00e9nie proprement dite a \u00e9t\u00e9 ardu pour un pays d\u00e9j\u00e0 confront\u00e9 \u00e0 de graves difficult\u00e9s socio-\u00e9conomiques et politiques. La petite communaut\u00e9 catholique de l\u2019Arm\u00e9nie a cherch\u00e9 \u00e0 relever les nouveaux d\u00e9fis \u00e0 laquelle elle \u00e9tait confront\u00e9e. &nbsp;CNEWA se tient \u00e0 ses c\u00f4t\u00e9s. CNEWA travaille en \u00e9troite collaboration avec l&rsquo;Ordinariat arm\u00e9nien catholique et son agence de services sociaux, Caritas Arm\u00e9nie, afin de semer de l&rsquo;espoir dans un pays qui se trouve dans une situation tr\u00e8s d\u00e9sesp\u00e9rante.<\/p>\n\n\n\n<h4 class=\"wp-block-heading\" id=\"h-repondre-a-des-besoins-humanitaires\"><strong>R\u00e9pondre \u00e0 des besoins humanitaires<\/strong><\/h4>\n\n\n\n<p>CNEWA contribue au programme qui cherche \u00e0 fournir des trousses d&rsquo;hiver aux personnes \u00e2g\u00e9es vivant dans des villages isol\u00e9s en montagne; soutient des programmes de garde d&rsquo;enfants, y compris des camps d&rsquo;\u00e9t\u00e9 et des activit\u00e9s parascolaires ; offre un acc\u00e8s \u00e0 des soins de sant\u00e9; acc\u00e9l\u00e8re l&rsquo;aide d&rsquo;urgence aux Arm\u00e9niens de souche d\u00e9plac\u00e9s de Syrie et du Haut-Karabakh ; et aide les personnes ayant des besoins sp\u00e9ciaux en leur offrant des cours de r\u00e9adaptation ax\u00e9s sur la famille et en les pr\u00e9parant \u00e0 r\u00e9pondre \u00e0 des offres d&#8217;emploi.<\/p>\n\n\n\n<figure class=\"wp-block-image size-large\"><img decoding=\"async\" src=\"https:\/\/cnewa.org\/wp-content\/uploads\/2021\/05\/caritasArmenia2021_148-1024x683.jpg\" alt=\"chilren raise their hands and call out during a lively exchange.\" class=\"wp-image-112503\"\/><figcaption class=\"wp-element-caption\">Les travailleurs de Caritas Arm\u00e9nie s&rsquo;engagent aupr\u00e8s des jeunes r\u00e9install\u00e9s dans un camp \u00e0 Torosgyugh \u00e0 cause de la guerre qui s\u00e9vit dans la r\u00e9gion du Haut-Karabakh en Azerba\u00efdjan. (photo : avec l&rsquo;aimable autorisation de Caritas Arm\u00e9nie)<\/figcaption><\/figure>\n\n\n\n<h4 class=\"wp-block-heading\" id=\"h-accompagner-l-eglise\"><strong>Accompagner l\u2019\u00c9glise<\/strong><\/h4>\n\n\n\n<p>CNEWA soutient la formation des pr\u00eatres, des s\u00e9minaristes, des religieux et religieuses et des cat\u00e9ch\u00e8tes la\u00efcs. CNEWA apporte \u00e9galement un soutien aux communaut\u00e9s paroissiales, en particulier celles desservant les communaut\u00e9s chr\u00e9tiennes situ\u00e9es dans des villages ruraux et qui sont tr\u00e8s vuln\u00e9rables.<\/p>\n\n\n\n<figure class=\"wp-block-image size-large\"><img decoding=\"async\" src=\"https:\/\/cnewa.org\/wp-content\/uploads\/2024\/02\/johannes202311_017H-1024x683.jpg\" alt=\"\" class=\"wp-image-127756\"\/><figcaption class=\"wp-element-caption\">S\u0153ur Serpouhi Boghosyan s&rsquo;entretient avec Leonoura Mnastsakanyan, une r\u00e9fugi\u00e9e du Haut-Karabakh, dans son appartement \u00e0 Gyumri, en Arm\u00e9nie. (photo : Armineh Johannes)<\/figcaption><\/figure>\n\n\n  <div class=\"donate-button\" id=\"minor-fund-campaign\">\n    <button class=\"donate-modal-toggle\" data-minor-fund='Arm\u00e9nie' data-minor-fund-code='DH'>Donner<\/button>\n  <\/div>\n  ","protected":false},"excerpt":{"rendered":"<p>Nich\u00e9e entre l\u2019Asie et l\u2019Europe, l\u2019Arm\u00e9nie est situ\u00e9e au c\u0153ur des montagnes du Caucase et est entour\u00e9e de nations beaucoup plus grandes et plus puissantes. Fort de sa foi chr\u00e9tienne, le peuple arm\u00e9nien a r\u00e9ussi \u00e0 survivre malgr\u00e9 les campagnes g\u00e9nocidaires men\u00e9es \u00e0 son encontre. Le peuple arm\u00e9nien continue d&rsquo;\u00eatre confront\u00e9 \u00e0 de graves d\u00e9fis. &hellip; <a href=\"https:\/\/cnewa.org\/fr\/ou-nous-travaillons\/europe-de-lest\/armenie\/\">Continued<\/a><\/p>\n","protected":false},"author":70080,"featured_media":1900,"parent":201,"menu_order":0,"comment_status":"closed","ping_status":"closed","template":"","meta":{"_acf_changed":false,"footnotes":""},"class_list":["post-1897","page","type-page","status-publish","has-post-thumbnail","hentry"],"acf":[],"yoast_head":"<!-- This site is optimized with the Yoast SEO Premium plugin v27.2 (Yoast SEO v27.2) - https:\/\/yoast.com\/product\/yoast-seo-premium-wordpress\/ -->\n<title>Arm\u00e9nie | CNEWA Canada<\/title>\n<meta name=\"robots\" content=\"index, follow, max-snippet:-1, max-image-preview:large, max-video-preview:-1\" \/>\n<link rel=\"canonical\" href=\"https:\/\/cnewa.org\/fr\/ou-nous-travaillons\/europe-de-lest\/armenie\/\" \/>\n<meta property=\"og:locale\" content=\"fr_CA\" \/>\n<meta property=\"og:type\" content=\"article\" \/>\n<meta property=\"og:title\" content=\"Arm\u00e9nie\" \/>\n<meta property=\"og:description\" content=\"Nich\u00e9e entre l\u2019Asie et l\u2019Europe, l\u2019Arm\u00e9nie est situ\u00e9e au c\u0153ur des montagnes du Caucase et est entour\u00e9e de nations beaucoup plus grandes et plus puissantes. Fort de sa foi chr\u00e9tienne, le peuple arm\u00e9nien a r\u00e9ussi \u00e0 survivre malgr\u00e9 les campagnes g\u00e9nocidaires men\u00e9es \u00e0 son encontre. Le peuple arm\u00e9nien continue d&rsquo;\u00eatre confront\u00e9 \u00e0 de graves d\u00e9fis. &hellip; Continued\" \/>\n<meta property=\"og:site_name\" content=\"CNEWA Canada\" \/>\n<meta property=\"article:publisher\" content=\"https:\/\/www.facebook.com\/cnewacanada\/\" \/>\n<meta property=\"article:modified_time\" content=\"2024-07-01T05:06:32+00:00\" \/>\n<meta property=\"og:image\" content=\"https:\/\/cnewa.org\/fr\/wp-content\/uploads\/sites\/3\/2024\/07\/lacivita20131_156H.jpg\" \/>\n\t<meta property=\"og:image:width\" content=\"1800\" \/>\n\t<meta property=\"og:image:height\" content=\"1350\" \/>\n\t<meta property=\"og:image:type\" content=\"image\/jpeg\" \/>\n<meta name=\"twitter:card\" content=\"summary_large_image\" \/>\n<meta name=\"twitter:site\" content=\"@cnewac\" \/>\n<meta name=\"twitter:label1\" content=\"Estimation du temps de lecture\" \/>\n\t<meta name=\"twitter:data1\" content=\"3 minutes\" \/>\n<script type=\"application\/ld+json\" class=\"yoast-schema-graph\">{\"@context\":\"https:\/\/schema.org\",\"@graph\":[{\"@type\":\"WebPage\",\"@id\":\"https:\/\/cnewa.org\/fr\/ou-nous-travaillons\/europe-de-lest\/armenie\/\",\"url\":\"https:\/\/cnewa.org\/fr\/ou-nous-travaillons\/europe-de-lest\/armenie\/\",\"name\":\"Arm\u00e9nie | CNEWA Canada\",\"isPartOf\":{\"@id\":\"https:\/\/cnewa.org\/fr\/#website\"},\"primaryImageOfPage\":{\"@id\":\"https:\/\/cnewa.org\/fr\/ou-nous-travaillons\/europe-de-lest\/armenie\/#primaryimage\"},\"image\":{\"@id\":\"https:\/\/cnewa.org\/fr\/ou-nous-travaillons\/europe-de-lest\/armenie\/#primaryimage\"},\"thumbnailUrl\":\"https:\/\/cnewa.org\/fr\/wp-content\/uploads\/sites\/3\/2024\/07\/lacivita20131_156H.jpg\",\"datePublished\":\"2024-07-01T05:02:18+00:00\",\"dateModified\":\"2024-07-01T05:06:32+00:00\",\"breadcrumb\":{\"@id\":\"https:\/\/cnewa.org\/fr\/ou-nous-travaillons\/europe-de-lest\/armenie\/#breadcrumb\"},\"inLanguage\":\"fr-CA\",\"potentialAction\":[{\"@type\":\"ReadAction\",\"target\":[\"https:\/\/cnewa.org\/fr\/ou-nous-travaillons\/europe-de-lest\/armenie\/\"]}]},{\"@type\":\"ImageObject\",\"inLanguage\":\"fr-CA\",\"@id\":\"https:\/\/cnewa.org\/fr\/ou-nous-travaillons\/europe-de-lest\/armenie\/#primaryimage\",\"url\":\"https:\/\/cnewa.org\/fr\/wp-content\/uploads\/sites\/3\/2024\/07\/lacivita20131_156H.jpg\",\"contentUrl\":\"https:\/\/cnewa.org\/fr\/wp-content\/uploads\/sites\/3\/2024\/07\/lacivita20131_156H.jpg\",\"width\":1800,\"height\":1350},{\"@type\":\"BreadcrumbList\",\"@id\":\"https:\/\/cnewa.org\/fr\/ou-nous-travaillons\/europe-de-lest\/armenie\/#breadcrumb\",\"itemListElement\":[{\"@type\":\"ListItem\",\"position\":1,\"name\":\"Accueil\",\"item\":\"https:\/\/cnewa.org\/fr\/\"},{\"@type\":\"ListItem\",\"position\":2,\"name\":\"O\u00f9 Nous Travaillons\",\"item\":\"https:\/\/cnewa.org\/fr\/ou-nous-travaillons\/\"},{\"@type\":\"ListItem\",\"position\":3,\"name\":\"Europe de l\u2019Est\",\"item\":\"https:\/\/cnewa.org\/fr\/ou-nous-travaillons\/europe-de-lest\/\"},{\"@type\":\"ListItem\",\"position\":4,\"name\":\"Arm\u00e9nie\"}]},{\"@type\":\"WebSite\",\"@id\":\"https:\/\/cnewa.org\/fr\/#website\",\"url\":\"https:\/\/cnewa.org\/fr\/\",\"name\":\"CNEWA Canada\",\"description\":\"Association catholique d\u2019aide \u00e0 l\u2019Orient\",\"publisher\":{\"@id\":\"https:\/\/cnewa.org\/fr\/#organization\"},\"potentialAction\":[{\"@type\":\"SearchAction\",\"target\":{\"@type\":\"EntryPoint\",\"urlTemplate\":\"https:\/\/cnewa.org\/fr\/?s={search_term_string}\"},\"query-input\":{\"@type\":\"PropertyValueSpecification\",\"valueRequired\":true,\"valueName\":\"search_term_string\"}}],\"inLanguage\":\"fr-CA\"},{\"@type\":\"Organization\",\"@id\":\"https:\/\/cnewa.org\/fr\/#organization\",\"name\":\"CNEWA Canada\",\"alternateName\":\"Association catholique d\u2019aide \u00e0 l\u2019Orient\",\"url\":\"https:\/\/cnewa.org\/fr\/\",\"logo\":{\"@type\":\"ImageObject\",\"inLanguage\":\"fr-CA\",\"@id\":\"https:\/\/cnewa.org\/fr\/#\/schema\/logo\/image\/\",\"url\":\"https:\/\/cnewa.org\/fr\/wp-content\/uploads\/sites\/3\/2019\/11\/CNEWA-brand-logo.png\",\"contentUrl\":\"https:\/\/cnewa.org\/fr\/wp-content\/uploads\/sites\/3\/2019\/11\/CNEWA-brand-logo.png\",\"width\":1000,\"height\":1000,\"caption\":\"CNEWA Canada\"},\"image\":{\"@id\":\"https:\/\/cnewa.org\/fr\/#\/schema\/logo\/image\/\"},\"sameAs\":[\"https:\/\/www.facebook.com\/cnewacanada\/\",\"https:\/\/x.com\/cnewac\",\"https:\/\/www.instagram.com\/cnewa1926\/\",\"https:\/\/www.youtube.com\/user\/TheCNEWA\"]}]}<\/script>\n<!-- \/ Yoast SEO Premium plugin. -->","yoast_head_json":{"title":"Arm\u00e9nie | CNEWA Canada","robots":{"index":"index","follow":"follow","max-snippet":"max-snippet:-1","max-image-preview":"max-image-preview:large","max-video-preview":"max-video-preview:-1"},"canonical":"https:\/\/cnewa.org\/fr\/ou-nous-travaillons\/europe-de-lest\/armenie\/","og_locale":"fr_CA","og_type":"article","og_title":"Arm\u00e9nie","og_description":"Nich\u00e9e entre l\u2019Asie et l\u2019Europe, l\u2019Arm\u00e9nie est situ\u00e9e au c\u0153ur des montagnes du Caucase et est entour\u00e9e de nations beaucoup plus grandes et plus puissantes. Fort de sa foi chr\u00e9tienne, le peuple arm\u00e9nien a r\u00e9ussi \u00e0 survivre malgr\u00e9 les campagnes g\u00e9nocidaires men\u00e9es \u00e0 son encontre. Le peuple arm\u00e9nien continue d&rsquo;\u00eatre confront\u00e9 \u00e0 de graves d\u00e9fis. &hellip; Continued","og_site_name":"CNEWA Canada","article_publisher":"https:\/\/www.facebook.com\/cnewacanada\/","article_modified_time":"2024-07-01T05:06:32+00:00","og_image":[{"width":1800,"height":1350,"url":"https:\/\/cnewa.org\/fr\/wp-content\/uploads\/sites\/3\/2024\/07\/lacivita20131_156H.jpg","type":"image\/jpeg"}],"twitter_card":"summary_large_image","twitter_site":"@cnewac","twitter_misc":{"Estimation du temps de lecture":"3 minutes"},"schema":{"@context":"https:\/\/schema.org","@graph":[{"@type":"WebPage","@id":"https:\/\/cnewa.org\/fr\/ou-nous-travaillons\/europe-de-lest\/armenie\/","url":"https:\/\/cnewa.org\/fr\/ou-nous-travaillons\/europe-de-lest\/armenie\/","name":"Arm\u00e9nie | CNEWA Canada","isPartOf":{"@id":"https:\/\/cnewa.org\/fr\/#website"},"primaryImageOfPage":{"@id":"https:\/\/cnewa.org\/fr\/ou-nous-travaillons\/europe-de-lest\/armenie\/#primaryimage"},"image":{"@id":"https:\/\/cnewa.org\/fr\/ou-nous-travaillons\/europe-de-lest\/armenie\/#primaryimage"},"thumbnailUrl":"https:\/\/cnewa.org\/fr\/wp-content\/uploads\/sites\/3\/2024\/07\/lacivita20131_156H.jpg","datePublished":"2024-07-01T05:02:18+00:00","dateModified":"2024-07-01T05:06:32+00:00","breadcrumb":{"@id":"https:\/\/cnewa.org\/fr\/ou-nous-travaillons\/europe-de-lest\/armenie\/#breadcrumb"},"inLanguage":"fr-CA","potentialAction":[{"@type":"ReadAction","target":["https:\/\/cnewa.org\/fr\/ou-nous-travaillons\/europe-de-lest\/armenie\/"]}]},{"@type":"ImageObject","inLanguage":"fr-CA","@id":"https:\/\/cnewa.org\/fr\/ou-nous-travaillons\/europe-de-lest\/armenie\/#primaryimage","url":"https:\/\/cnewa.org\/fr\/wp-content\/uploads\/sites\/3\/2024\/07\/lacivita20131_156H.jpg","contentUrl":"https:\/\/cnewa.org\/fr\/wp-content\/uploads\/sites\/3\/2024\/07\/lacivita20131_156H.jpg","width":1800,"height":1350},{"@type":"BreadcrumbList","@id":"https:\/\/cnewa.org\/fr\/ou-nous-travaillons\/europe-de-lest\/armenie\/#breadcrumb","itemListElement":[{"@type":"ListItem","position":1,"name":"Accueil","item":"https:\/\/cnewa.org\/fr\/"},{"@type":"ListItem","position":2,"name":"O\u00f9 Nous Travaillons","item":"https:\/\/cnewa.org\/fr\/ou-nous-travaillons\/"},{"@type":"ListItem","position":3,"name":"Europe de l\u2019Est","item":"https:\/\/cnewa.org\/fr\/ou-nous-travaillons\/europe-de-lest\/"},{"@type":"ListItem","position":4,"name":"Arm\u00e9nie"}]},{"@type":"WebSite","@id":"https:\/\/cnewa.org\/fr\/#website","url":"https:\/\/cnewa.org\/fr\/","name":"CNEWA Canada","description":"Association catholique d\u2019aide \u00e0 l\u2019Orient","publisher":{"@id":"https:\/\/cnewa.org\/fr\/#organization"},"potentialAction":[{"@type":"SearchAction","target":{"@type":"EntryPoint","urlTemplate":"https:\/\/cnewa.org\/fr\/?s={search_term_string}"},"query-input":{"@type":"PropertyValueSpecification","valueRequired":true,"valueName":"search_term_string"}}],"inLanguage":"fr-CA"},{"@type":"Organization","@id":"https:\/\/cnewa.org\/fr\/#organization","name":"CNEWA Canada","alternateName":"Association catholique d\u2019aide \u00e0 l\u2019Orient","url":"https:\/\/cnewa.org\/fr\/","logo":{"@type":"ImageObject","inLanguage":"fr-CA","@id":"https:\/\/cnewa.org\/fr\/#\/schema\/logo\/image\/","url":"https:\/\/cnewa.org\/fr\/wp-content\/uploads\/sites\/3\/2019\/11\/CNEWA-brand-logo.png","contentUrl":"https:\/\/cnewa.org\/fr\/wp-content\/uploads\/sites\/3\/2019\/11\/CNEWA-brand-logo.png","width":1000,"height":1000,"caption":"CNEWA Canada"},"image":{"@id":"https:\/\/cnewa.org\/fr\/#\/schema\/logo\/image\/"},"sameAs":["https:\/\/www.facebook.com\/cnewacanada\/","https:\/\/x.com\/cnewac","https:\/\/www.instagram.com\/cnewa1926\/","https:\/\/www.youtube.com\/user\/TheCNEWA"]}]}},"_links":{"self":[{"href":"https:\/\/cnewa.org\/fr\/wp-json\/wp\/v2\/pages\/1897","targetHints":{"allow":["GET"]}}],"collection":[{"href":"https:\/\/cnewa.org\/fr\/wp-json\/wp\/v2\/pages"}],"about":[{"href":"https:\/\/cnewa.org\/fr\/wp-json\/wp\/v2\/types\/page"}],"author":[{"embeddable":true,"href":"https:\/\/cnewa.org\/fr\/wp-json\/wp\/v2\/users\/70080"}],"replies":[{"embeddable":true,"href":"https:\/\/cnewa.org\/fr\/wp-json\/wp\/v2\/comments?post=1897"}],"version-history":[{"count":3,"href":"https:\/\/cnewa.org\/fr\/wp-json\/wp\/v2\/pages\/1897\/revisions"}],"predecessor-version":[{"id":1901,"href":"https:\/\/cnewa.org\/fr\/wp-json\/wp\/v2\/pages\/1897\/revisions\/1901"}],"up":[{"embeddable":true,"href":"https:\/\/cnewa.org\/fr\/wp-json\/wp\/v2\/pages\/201"}],"wp:featuredmedia":[{"embeddable":true,"href":"https:\/\/cnewa.org\/fr\/wp-json\/wp\/v2\/media\/1900"}],"wp:attachment":[{"href":"https:\/\/cnewa.org\/fr\/wp-json\/wp\/v2\/media?parent=1897"}],"curies":[{"name":"wp","href":"https:\/\/api.w.org\/{rel}","templated":true}]}}