{"id":1906,"date":"2024-07-01T01:36:20","date_gmt":"2024-07-01T05:36:20","guid":{"rendered":"https:\/\/cnewa.org\/fr\/?page_id=1906"},"modified":"2024-07-01T01:36:21","modified_gmt":"2024-07-01T05:36:21","slug":"georgie","status":"publish","type":"page","link":"https:\/\/cnewa.org\/fr\/ou-nous-travaillons\/europe-de-lest\/georgie\/","title":{"rendered":"G\u00e9orgie"},"content":{"rendered":"\n<h2 class=\"wp-block-heading\" id=\"h-nichee-dans-les-montagnes-du-caucase-au-carrefour-de-l-est-et-de-l-ouest-du-nord-et-du-sud-la-petite-nation-georgienne-est-a-la-merci-de-ses-puissants-voisins-qui-lui-sont-largement-hostiles-depuis-plus-de-2-000-ans-les-georgiens-furent-parmi-les-premiers-peuples-a-adopter-le-christianisme-l-institution-preeminente-du-pays-l-eglise-orthodoxe-a-contribue-a-creer-a-developper-a-entretenir-et-a-proteger-son-identite-et-sa-culture-contrairement-a-son-pays-voisin-l-armenie-qui-est-ethniquement-homogene-la-georgie-abrite-des-communautes-plus-diversifiees-composees-d-armeniens-d-assyro-chaldeens-d-azeris-de-russes-et-d-ukrainiens\">Nich\u00e9e dans les montagnes du Caucase, au carrefour de l\u2019Est et de l\u2019Ouest, du Nord et du Sud, la petite nation g\u00e9orgienne est \u00e0 la merci de ses puissants voisins qui lui sont largement hostiles depuis plus de 2 000 ans. Les G\u00e9orgiens furent parmi les premiers peuples \u00e0 adopter le christianisme. L\u2019institution pr\u00e9\u00e9minente du pays, l\u2019\u00c9glise orthodoxe, a contribu\u00e9 \u00e0 cr\u00e9er, \u00e0 d\u00e9velopper, \u00e0 entretenir et \u00e0 prot\u00e9ger son identit\u00e9 et sa culture. Contrairement \u00e0 son pays voisin, l\u2019Arm\u00e9nie, qui est ethniquement homog\u00e8ne, la G\u00e9orgie abrite des communaut\u00e9s plus diversifi\u00e9es compos\u00e9es d\u2019Arm\u00e9niens, d\u2019Assyro-Chald\u00e9ens, d\u2019Az\u00e9ris, de Russes et d\u2019Ukrainiens.<\/h2>\n\n\n\n<p>CNEWA travaille en partenariat avec la communaut\u00e9 catholique g\u00e9orgienne -petite mais dynamique et ethniquement diversifi\u00e9e &#8211; depuis l\u2019effondrement du communisme et la fin de la guerre civile au d\u00e9but des ann\u00e9es 1990. En collaboration avec les communaut\u00e9s arm\u00e9niennes, assyro-chald\u00e9ennes et catholique romaines, et par l&rsquo;interm\u00e9diaire de son organisme de bienfaisance de service social, Caritas G\u00e9orgie, CNEWA apporte dignit\u00e9, espoir et aide aux hommes, femmes et enfants vuln\u00e9rables dans toute la G\u00e9orgie, quelle que soit leur identit\u00e9 religieuse.<\/p>\n\n\n\n<p><br>Les indicateurs de pauvret\u00e9 publi\u00e9s par l&rsquo;Office national des statistiques de G\u00e9orgie en 2023 indiquent que 11,8 pour cent de la population vit sous le seuil de pauvret\u00e9 absolue, une baisse de pr\u00e8s de 10 points de pourcentage depuis 2020. Cependant, le personnel et les b\u00e9n\u00e9voles de Caritas G\u00e9orgie \u00e0 l\u2019\u0153uvre sur le terrain estime que le niveau actuel de pauvret\u00e9 est plus \u00e9lev\u00e9 que ce qui est officiellement d\u00e9clar\u00e9.<\/p>\n\n\n\n<p><br>Une loi r\u00e9cente qui a suscit\u00e9 beaucoup de manifestations et fait craindre un recul des r\u00e9formes d\u00e9mocratiques, menace le travail des organisations non gouvernementales du pays, dont Caritas G\u00e9orgie.<\/p>\n\n\n\n<h4 class=\"wp-block-heading\" id=\"h-repondre-a-des-besoins-humanitaires\"><strong>R\u00e9pondre \u00e0 des besoins humanitaires<\/strong><\/h4>\n\n\n\n<p>CNEWA parraine des programmes d\u2019aide aux m\u00e8res c\u00e9libataires et leurs enfants ; fournit de la nourriture, des soins de sant\u00e9 et des conseils aux personnes \u00e2g\u00e9es et aux personnes ayant des besoins sp\u00e9ciaux ; et fournit des services d\u2019\u00e9ducation, de conseils et d\u2019orientation aux enfants.<\/p>\n\n\n\n<figure class=\"wp-block-image size-large\"><img decoding=\"async\" src=\"https:\/\/cnewa.org\/wp-content\/uploads\/2021\/03\/diVico20161_074-1024x683.jpg\" alt=\"youth seated at a table work on crafts.\" class=\"wp-image-111952\"\/><figcaption class=\"wp-element-caption\">Des \u00e9tudiants suivent un cours d&rsquo;art \u00e0 un centre dirig\u00e9 par la Caritas Georgia Harmony Day Center \u00e0 Tbilissi. (photo : Antonio di Vico)<\/figcaption><\/figure>\n\n\n\n<h4 class=\"wp-block-heading\" id=\"h-accompagner-l-eglise\"><strong>Accompagner l\u2019\u00c9glise<\/strong><\/h4>\n\n\n\n<p>CNEWA accompagne les pr\u00eatres, les religieux et religieuses et les formateurs la\u00efcs qui travaillent aupr\u00e8s des jeunes et des personnes dans le besoin. Ceux-ci leur offrent conseils et soutien en administrant les sacrements et en proposant aux jeunes des programmes visant \u00e0 parfaire leur apprentissage et leur d\u00e9veloppement, tout particuli\u00e8rement dans les villages recul\u00e9s de G\u00e9orgie.<\/p>\n\n\n\n<figure class=\"wp-block-image size-full\"><img decoding=\"async\" src=\"https:\/\/cnewa.org\/wp-content\/uploads\/2022\/09\/IMG_2805.jpg\" alt=\"Msgr. Peter I. Vaccari visits with the sacristan of the Armenian Catholic Church in southern Georgia.\" class=\"wp-image-121177\"\/><figcaption class=\"wp-element-caption\">Mgr Peter I. Vaccari rend visite \u00e0 un sacristain de l&rsquo;\u00c9glise arm\u00e9nienne catholique qui, tout au long de la p\u00e9riode sovi\u00e9tique, a gard\u00e9 son \u00e9glise situ\u00e9e au sud de la Georgie ouverte. (photo : Michael J.L. La Civita)<\/figcaption><\/figure>\n\n\n  <div class=\"donate-button\" id=\"minor-fund-campaign\">\n    <button class=\"donate-modal-toggle\" data-minor-fund='Georgie' data-minor-fund-code='GE'>Donner<\/button>\n  <\/div>\n  ","protected":false},"excerpt":{"rendered":"<p>Nich\u00e9e dans les montagnes du Caucase, au carrefour de l\u2019Est et de l\u2019Ouest, du Nord et du Sud, la petite nation g\u00e9orgienne est \u00e0 la merci de ses puissants voisins qui lui sont largement hostiles depuis plus de 2 000 ans. Les G\u00e9orgiens furent parmi les premiers peuples \u00e0 adopter le christianisme. L\u2019institution pr\u00e9\u00e9minente du &hellip; <a href=\"https:\/\/cnewa.org\/fr\/ou-nous-travaillons\/europe-de-lest\/georgie\/\">Continued<\/a><\/p>\n","protected":false},"author":70080,"featured_media":1908,"parent":201,"menu_order":0,"comment_status":"closed","ping_status":"closed","template":"","meta":{"_acf_changed":false,"footnotes":""},"class_list":["post-1906","page","type-page","status-publish","has-post-thumbnail","hentry"],"acf":[],"yoast_head":"<!-- This site is optimized with the Yoast SEO Premium plugin v27.2 (Yoast SEO v27.2) - https:\/\/yoast.com\/product\/yoast-seo-premium-wordpress\/ -->\n<title>G\u00e9orgie | CNEWA Canada<\/title>\n<meta name=\"robots\" content=\"index, follow, max-snippet:-1, max-image-preview:large, max-video-preview:-1\" \/>\n<link rel=\"canonical\" href=\"https:\/\/cnewa.org\/fr\/ou-nous-travaillons\/europe-de-lest\/georgie\/\" \/>\n<meta property=\"og:locale\" content=\"fr_CA\" \/>\n<meta property=\"og:type\" content=\"article\" \/>\n<meta property=\"og:title\" content=\"G\u00e9orgie\" \/>\n<meta property=\"og:description\" content=\"Nich\u00e9e dans les montagnes du Caucase, au carrefour de l\u2019Est et de l\u2019Ouest, du Nord et du Sud, la petite nation g\u00e9orgienne est \u00e0 la merci de ses puissants voisins qui lui sont largement hostiles depuis plus de 2 000 ans. Les G\u00e9orgiens furent parmi les premiers peuples \u00e0 adopter le christianisme. L\u2019institution pr\u00e9\u00e9minente du &hellip; Continued\" \/>\n<meta property=\"og:site_name\" content=\"CNEWA Canada\" \/>\n<meta property=\"article:publisher\" content=\"https:\/\/www.facebook.com\/cnewacanada\/\" \/>\n<meta property=\"article:modified_time\" content=\"2024-07-01T05:36:21+00:00\" \/>\n<meta property=\"og:image\" content=\"https:\/\/cnewa.org\/fr\/wp-content\/uploads\/sites\/3\/2024\/07\/mielnikiew_00_79h.jpg\" \/>\n\t<meta property=\"og:image:width\" content=\"1000\" \/>\n\t<meta property=\"og:image:height\" content=\"659\" \/>\n\t<meta property=\"og:image:type\" content=\"image\/jpeg\" \/>\n<meta name=\"twitter:card\" content=\"summary_large_image\" \/>\n<meta name=\"twitter:site\" content=\"@cnewac\" \/>\n<meta name=\"twitter:label1\" content=\"Estimation du temps de lecture\" \/>\n\t<meta name=\"twitter:data1\" content=\"3 minutes\" \/>\n<script type=\"application\/ld+json\" class=\"yoast-schema-graph\">{\"@context\":\"https:\/\/schema.org\",\"@graph\":[{\"@type\":\"WebPage\",\"@id\":\"https:\/\/cnewa.org\/fr\/ou-nous-travaillons\/europe-de-lest\/georgie\/\",\"url\":\"https:\/\/cnewa.org\/fr\/ou-nous-travaillons\/europe-de-lest\/georgie\/\",\"name\":\"G\u00e9orgie | CNEWA Canada\",\"isPartOf\":{\"@id\":\"https:\/\/cnewa.org\/fr\/#website\"},\"primaryImageOfPage\":{\"@id\":\"https:\/\/cnewa.org\/fr\/ou-nous-travaillons\/europe-de-lest\/georgie\/#primaryimage\"},\"image\":{\"@id\":\"https:\/\/cnewa.org\/fr\/ou-nous-travaillons\/europe-de-lest\/georgie\/#primaryimage\"},\"thumbnailUrl\":\"https:\/\/cnewa.org\/fr\/wp-content\/uploads\/sites\/3\/2024\/07\/mielnikiew_00_79h.jpg\",\"datePublished\":\"2024-07-01T05:36:20+00:00\",\"dateModified\":\"2024-07-01T05:36:21+00:00\",\"breadcrumb\":{\"@id\":\"https:\/\/cnewa.org\/fr\/ou-nous-travaillons\/europe-de-lest\/georgie\/#breadcrumb\"},\"inLanguage\":\"fr-CA\",\"potentialAction\":[{\"@type\":\"ReadAction\",\"target\":[\"https:\/\/cnewa.org\/fr\/ou-nous-travaillons\/europe-de-lest\/georgie\/\"]}]},{\"@type\":\"ImageObject\",\"inLanguage\":\"fr-CA\",\"@id\":\"https:\/\/cnewa.org\/fr\/ou-nous-travaillons\/europe-de-lest\/georgie\/#primaryimage\",\"url\":\"https:\/\/cnewa.org\/fr\/wp-content\/uploads\/sites\/3\/2024\/07\/mielnikiew_00_79h.jpg\",\"contentUrl\":\"https:\/\/cnewa.org\/fr\/wp-content\/uploads\/sites\/3\/2024\/07\/mielnikiew_00_79h.jpg\",\"width\":1000,\"height\":659},{\"@type\":\"BreadcrumbList\",\"@id\":\"https:\/\/cnewa.org\/fr\/ou-nous-travaillons\/europe-de-lest\/georgie\/#breadcrumb\",\"itemListElement\":[{\"@type\":\"ListItem\",\"position\":1,\"name\":\"Accueil\",\"item\":\"https:\/\/cnewa.org\/fr\/\"},{\"@type\":\"ListItem\",\"position\":2,\"name\":\"O\u00f9 Nous Travaillons\",\"item\":\"https:\/\/cnewa.org\/fr\/ou-nous-travaillons\/\"},{\"@type\":\"ListItem\",\"position\":3,\"name\":\"Europe de l\u2019Est\",\"item\":\"https:\/\/cnewa.org\/fr\/ou-nous-travaillons\/europe-de-lest\/\"},{\"@type\":\"ListItem\",\"position\":4,\"name\":\"G\u00e9orgie\"}]},{\"@type\":\"WebSite\",\"@id\":\"https:\/\/cnewa.org\/fr\/#website\",\"url\":\"https:\/\/cnewa.org\/fr\/\",\"name\":\"CNEWA Canada\",\"description\":\"Association catholique d\u2019aide \u00e0 l\u2019Orient\",\"publisher\":{\"@id\":\"https:\/\/cnewa.org\/fr\/#organization\"},\"potentialAction\":[{\"@type\":\"SearchAction\",\"target\":{\"@type\":\"EntryPoint\",\"urlTemplate\":\"https:\/\/cnewa.org\/fr\/?s={search_term_string}\"},\"query-input\":{\"@type\":\"PropertyValueSpecification\",\"valueRequired\":true,\"valueName\":\"search_term_string\"}}],\"inLanguage\":\"fr-CA\"},{\"@type\":\"Organization\",\"@id\":\"https:\/\/cnewa.org\/fr\/#organization\",\"name\":\"CNEWA Canada\",\"alternateName\":\"Association catholique d\u2019aide \u00e0 l\u2019Orient\",\"url\":\"https:\/\/cnewa.org\/fr\/\",\"logo\":{\"@type\":\"ImageObject\",\"inLanguage\":\"fr-CA\",\"@id\":\"https:\/\/cnewa.org\/fr\/#\/schema\/logo\/image\/\",\"url\":\"https:\/\/cnewa.org\/fr\/wp-content\/uploads\/sites\/3\/2019\/11\/CNEWA-brand-logo.png\",\"contentUrl\":\"https:\/\/cnewa.org\/fr\/wp-content\/uploads\/sites\/3\/2019\/11\/CNEWA-brand-logo.png\",\"width\":1000,\"height\":1000,\"caption\":\"CNEWA Canada\"},\"image\":{\"@id\":\"https:\/\/cnewa.org\/fr\/#\/schema\/logo\/image\/\"},\"sameAs\":[\"https:\/\/www.facebook.com\/cnewacanada\/\",\"https:\/\/x.com\/cnewac\",\"https:\/\/www.instagram.com\/cnewa1926\/\",\"https:\/\/www.youtube.com\/user\/TheCNEWA\"]}]}<\/script>\n<!-- \/ Yoast SEO Premium plugin. -->","yoast_head_json":{"title":"G\u00e9orgie | CNEWA Canada","robots":{"index":"index","follow":"follow","max-snippet":"max-snippet:-1","max-image-preview":"max-image-preview:large","max-video-preview":"max-video-preview:-1"},"canonical":"https:\/\/cnewa.org\/fr\/ou-nous-travaillons\/europe-de-lest\/georgie\/","og_locale":"fr_CA","og_type":"article","og_title":"G\u00e9orgie","og_description":"Nich\u00e9e dans les montagnes du Caucase, au carrefour de l\u2019Est et de l\u2019Ouest, du Nord et du Sud, la petite nation g\u00e9orgienne est \u00e0 la merci de ses puissants voisins qui lui sont largement hostiles depuis plus de 2 000 ans. Les G\u00e9orgiens furent parmi les premiers peuples \u00e0 adopter le christianisme. L\u2019institution pr\u00e9\u00e9minente du &hellip; Continued","og_site_name":"CNEWA Canada","article_publisher":"https:\/\/www.facebook.com\/cnewacanada\/","article_modified_time":"2024-07-01T05:36:21+00:00","og_image":[{"width":1000,"height":659,"url":"https:\/\/cnewa.org\/fr\/wp-content\/uploads\/sites\/3\/2024\/07\/mielnikiew_00_79h.jpg","type":"image\/jpeg"}],"twitter_card":"summary_large_image","twitter_site":"@cnewac","twitter_misc":{"Estimation du temps de lecture":"3 minutes"},"schema":{"@context":"https:\/\/schema.org","@graph":[{"@type":"WebPage","@id":"https:\/\/cnewa.org\/fr\/ou-nous-travaillons\/europe-de-lest\/georgie\/","url":"https:\/\/cnewa.org\/fr\/ou-nous-travaillons\/europe-de-lest\/georgie\/","name":"G\u00e9orgie | CNEWA Canada","isPartOf":{"@id":"https:\/\/cnewa.org\/fr\/#website"},"primaryImageOfPage":{"@id":"https:\/\/cnewa.org\/fr\/ou-nous-travaillons\/europe-de-lest\/georgie\/#primaryimage"},"image":{"@id":"https:\/\/cnewa.org\/fr\/ou-nous-travaillons\/europe-de-lest\/georgie\/#primaryimage"},"thumbnailUrl":"https:\/\/cnewa.org\/fr\/wp-content\/uploads\/sites\/3\/2024\/07\/mielnikiew_00_79h.jpg","datePublished":"2024-07-01T05:36:20+00:00","dateModified":"2024-07-01T05:36:21+00:00","breadcrumb":{"@id":"https:\/\/cnewa.org\/fr\/ou-nous-travaillons\/europe-de-lest\/georgie\/#breadcrumb"},"inLanguage":"fr-CA","potentialAction":[{"@type":"ReadAction","target":["https:\/\/cnewa.org\/fr\/ou-nous-travaillons\/europe-de-lest\/georgie\/"]}]},{"@type":"ImageObject","inLanguage":"fr-CA","@id":"https:\/\/cnewa.org\/fr\/ou-nous-travaillons\/europe-de-lest\/georgie\/#primaryimage","url":"https:\/\/cnewa.org\/fr\/wp-content\/uploads\/sites\/3\/2024\/07\/mielnikiew_00_79h.jpg","contentUrl":"https:\/\/cnewa.org\/fr\/wp-content\/uploads\/sites\/3\/2024\/07\/mielnikiew_00_79h.jpg","width":1000,"height":659},{"@type":"BreadcrumbList","@id":"https:\/\/cnewa.org\/fr\/ou-nous-travaillons\/europe-de-lest\/georgie\/#breadcrumb","itemListElement":[{"@type":"ListItem","position":1,"name":"Accueil","item":"https:\/\/cnewa.org\/fr\/"},{"@type":"ListItem","position":2,"name":"O\u00f9 Nous Travaillons","item":"https:\/\/cnewa.org\/fr\/ou-nous-travaillons\/"},{"@type":"ListItem","position":3,"name":"Europe de l\u2019Est","item":"https:\/\/cnewa.org\/fr\/ou-nous-travaillons\/europe-de-lest\/"},{"@type":"ListItem","position":4,"name":"G\u00e9orgie"}]},{"@type":"WebSite","@id":"https:\/\/cnewa.org\/fr\/#website","url":"https:\/\/cnewa.org\/fr\/","name":"CNEWA Canada","description":"Association catholique d\u2019aide \u00e0 l\u2019Orient","publisher":{"@id":"https:\/\/cnewa.org\/fr\/#organization"},"potentialAction":[{"@type":"SearchAction","target":{"@type":"EntryPoint","urlTemplate":"https:\/\/cnewa.org\/fr\/?s={search_term_string}"},"query-input":{"@type":"PropertyValueSpecification","valueRequired":true,"valueName":"search_term_string"}}],"inLanguage":"fr-CA"},{"@type":"Organization","@id":"https:\/\/cnewa.org\/fr\/#organization","name":"CNEWA Canada","alternateName":"Association catholique d\u2019aide \u00e0 l\u2019Orient","url":"https:\/\/cnewa.org\/fr\/","logo":{"@type":"ImageObject","inLanguage":"fr-CA","@id":"https:\/\/cnewa.org\/fr\/#\/schema\/logo\/image\/","url":"https:\/\/cnewa.org\/fr\/wp-content\/uploads\/sites\/3\/2019\/11\/CNEWA-brand-logo.png","contentUrl":"https:\/\/cnewa.org\/fr\/wp-content\/uploads\/sites\/3\/2019\/11\/CNEWA-brand-logo.png","width":1000,"height":1000,"caption":"CNEWA Canada"},"image":{"@id":"https:\/\/cnewa.org\/fr\/#\/schema\/logo\/image\/"},"sameAs":["https:\/\/www.facebook.com\/cnewacanada\/","https:\/\/x.com\/cnewac","https:\/\/www.instagram.com\/cnewa1926\/","https:\/\/www.youtube.com\/user\/TheCNEWA"]}]}},"_links":{"self":[{"href":"https:\/\/cnewa.org\/fr\/wp-json\/wp\/v2\/pages\/1906","targetHints":{"allow":["GET"]}}],"collection":[{"href":"https:\/\/cnewa.org\/fr\/wp-json\/wp\/v2\/pages"}],"about":[{"href":"https:\/\/cnewa.org\/fr\/wp-json\/wp\/v2\/types\/page"}],"author":[{"embeddable":true,"href":"https:\/\/cnewa.org\/fr\/wp-json\/wp\/v2\/users\/70080"}],"replies":[{"embeddable":true,"href":"https:\/\/cnewa.org\/fr\/wp-json\/wp\/v2\/comments?post=1906"}],"version-history":[{"count":1,"href":"https:\/\/cnewa.org\/fr\/wp-json\/wp\/v2\/pages\/1906\/revisions"}],"predecessor-version":[{"id":1907,"href":"https:\/\/cnewa.org\/fr\/wp-json\/wp\/v2\/pages\/1906\/revisions\/1907"}],"up":[{"embeddable":true,"href":"https:\/\/cnewa.org\/fr\/wp-json\/wp\/v2\/pages\/201"}],"wp:featuredmedia":[{"embeddable":true,"href":"https:\/\/cnewa.org\/fr\/wp-json\/wp\/v2\/media\/1908"}],"wp:attachment":[{"href":"https:\/\/cnewa.org\/fr\/wp-json\/wp\/v2\/media?parent=1906"}],"curies":[{"name":"wp","href":"https:\/\/api.w.org\/{rel}","templated":true}]}}