{"id":1918,"date":"2024-07-01T03:15:21","date_gmt":"2024-07-01T07:15:21","guid":{"rendered":"https:\/\/cnewa.org\/fr\/?page_id=1918"},"modified":"2024-07-01T03:15:21","modified_gmt":"2024-07-01T07:15:21","slug":"ukraine","status":"publish","type":"page","link":"https:\/\/cnewa.org\/fr\/ou-nous-travaillons\/europe-de-lest\/ukraine\/","title":{"rendered":"Ukraine"},"content":{"rendered":"\n<h2 class=\"wp-block-heading\" id=\"h-l-invasion-de-l-ukraine-par-la-russie-en-fevrier-2022-a-provoque-une-grave-crise-humanitaire-pour-la-population-ukrainienne\">L\u2019invasion de l\u2019Ukraine par la Russie en f\u00e9vrier 2022 a provoqu\u00e9 une grave crise humanitaire pour la population ukrainienne.<\/h2>\n\n\n\n<p>D\u00e8s les premiers jours de la guerre, CNEWA a apport\u00e9 rapidement de l&rsquo;aide \u00e0 ses partenaires en Ukraine, en mettant l&rsquo;accent sur les fournitures de premi\u00e8re n\u00e9cessit\u00e9, incluant de la nourriture, des m\u00e9dicaments et de l&rsquo;abri. Parmi les principaux partenaires de CNEWA en Ukraine sont Caritas Ukraine, l\u2019Universit\u00e9 catholique ukrainienne et l\u2019\u00c9glise gr\u00e9co-catholique ukrainienne.<\/p>\n\n\n\n<p>La guerre a tu\u00e9 plus de 22 000 civils, a cr\u00e9\u00e9 plus de 8,1 millions de r\u00e9fugi\u00e9s et a d\u00e9plac\u00e9 5,6 millions de personnes suppl\u00e9mentaires. Face \u00e0 de telles souffrances, la r\u00e9ponse de CNEWA reste urgente.<\/p>\n\n\n  <div class=\"donate-button\" id=\"minor-fund-campaign\">\n    <button class=\"donate-modal-toggle\" data-minor-fund='Ukraine' data-minor-fund-code='DU'>Donner<\/button>\n  <\/div>\n  \n\n\n<h4 class=\"wp-block-heading\" id=\"h-accompagner-l-eglise\">Accompagner l&rsquo;\u00c9glise<\/h4>\n\n\n\n<p>L\u2019\u00e9glise locale est une bou\u00e9e de sauvetage pour les d\u00e9plac\u00e9s, les traumatis\u00e9s, les bless\u00e9s, les orphelins, les affam\u00e9s, pour ceux qui ont \u00e9t\u00e9 tortur\u00e9s ou qui sont sans abri, ainsi que pour ceux dont les proches ont \u00e9t\u00e9 tu\u00e9s ou sont retenus en otages. Compte tenu de ce travail fondamental de l\u2019\u00c9glise, la formation des dirigeants de l\u2019\u00c9glise et le renforcement de l\u2019\u00c9glise locale restent importants.<\/p>\n\n\n\n<p>Dans les zones d\u00e9vast\u00e9es par la guerre, les pr\u00eatres ont besoin de soutien externe pour continuer \u00e0 servir leurs paroisses. CNEWA soutient le clerg\u00e9 dans les exarchats de premi\u00e8re ligne de Donetsk, Odessa et Kharkiv. De nombreux pr\u00eatres servent \u00e9galement d\u2019aum\u00f4niers militaires et m\u00e9dicaux \u2013 des minist\u00e8res vitaux en temps de guerre.<\/p>\n\n\n\n<p>Quelques mois apr\u00e8s l\u2019invasion de 2022, le programme normal d&rsquo;\u00e9tudes a \u00e9t\u00e9 r\u00e9pris dans les s\u00e9minaires. CNEWA soutient des programmes de formation dans trois s\u00e9minaires ukrainiens ainsi que la formation du clerg\u00e9 en aum\u00f4nerie m\u00e9dicale et militaire.<\/p>\n\n\n\n<figure class=\"wp-block-image aligncenter size-full\"><img decoding=\"async\" src=\"https:\/\/cnewa.org\/wp-content\/uploads\/2018\/04\/kozar20175_0103H.jpg\" alt=\"\" class=\"wp-image-86808\"\/><figcaption class=\"wp-element-caption\">Des s\u00e9minaristes devant une \u00e9glise \u00e0 Lviv, en Ukraine. (photo : John E. Kozar)<\/figcaption><\/figure>\n\n\n\n<h4 class=\"wp-block-heading\" id=\"h-repondre-aux-besoins-humanitaires\">R\u00e9pondre aux besoins humanitaires<\/h4>\n\n\n\n<p>Depuis 2022, r\u00e9pondre aux besoins humanitaires est devenue la priorit\u00e9 de CNEWA en Ukraine, y compris les secours d&rsquo;urgence, les soins de sant\u00e9, les initiatives de garde d&rsquo;enfants et la prise en charge des personnes marginalis\u00e9es.<\/p>\n\n\n\n<p>L&rsquo;impact de la guerre sur les enfants est incommensurable. Le nombre d&rsquo;enfants orphelins \u00e0 cause de cette guerre continue d&rsquo;augmenter, tout comme le nombre d&rsquo;enfants qui souffrent de traumatismes \u00e0 cause de l&rsquo;occupation, du d\u00e9placement ou de la proximit\u00e9 du front. Pour cette raison, les initiatives en mati\u00e8re de garde d&rsquo;enfants, y compris l&rsquo;\u00e9ducation et l&rsquo;int\u00e9gration des enfants r\u00e9fugi\u00e9s, sont la priorit\u00e9 absolue de CNEWA dans sa r\u00e9ponse humanitaire.<\/p>\n\n\n\n<p>Les h\u00f4pitaux publics sont d\u00e9bord\u00e9s face au tr\u00e8s grand nombre de soldats bless\u00e9s, et il existe un besoin croissant d&rsquo;institutions de soins de sant\u00e9 alternatives pour prendre en charge les d\u00e9plac\u00e9s ainsi que les r\u00e9sidents locaux. Caritas Ukraine d\u00e9veloppe un r\u00e9seau de centres m\u00e9dicaux \u00e0 travers l&rsquo;Ukraine pour r\u00e9pondre aux besoins de soins de sant\u00e9.<\/p>\n\n\n\n<figure class=\"wp-block-image size-large\"><img decoding=\"async\" src=\"https:\/\/cnewa.org\/wp-content\/uploads\/2023\/09\/ugcc202308_170H-1024x683.jpg\" alt=\"\" class=\"wp-image-125936\"\/><figcaption class=\"wp-element-caption\">De passage \u00e0 Irpin, en visite de solidarit\u00e9 en Ukraine, Mgr. Peter I. Vaccari a visit\u00e9 un programme de bo\u00eetes alimentaires parrain\u00e9 par CNEWA via Caritas Ukraine. (photo : avec l&rsquo;aimable autorisation du departement d&rsquo;information de l&rsquo;UGCC)<\/figcaption><\/figure>\n","protected":false},"excerpt":{"rendered":"<p>L\u2019invasion de l\u2019Ukraine par la Russie en f\u00e9vrier 2022 a provoqu\u00e9 une grave crise humanitaire pour la population ukrainienne. D\u00e8s les premiers jours de la guerre, CNEWA a apport\u00e9 rapidement de l&rsquo;aide \u00e0 ses partenaires en Ukraine, en mettant l&rsquo;accent sur les fournitures de premi\u00e8re n\u00e9cessit\u00e9, incluant de la nourriture, des m\u00e9dicaments et de l&rsquo;abri. &hellip; <a href=\"https:\/\/cnewa.org\/fr\/ou-nous-travaillons\/europe-de-lest\/ukraine\/\">Continued<\/a><\/p>\n","protected":false},"author":70080,"featured_media":1917,"parent":201,"menu_order":0,"comment_status":"closed","ping_status":"closed","template":"","meta":{"_acf_changed":false,"footnotes":""},"class_list":["post-1918","page","type-page","status-publish","has-post-thumbnail","hentry"],"acf":[],"yoast_head":"<!-- This site is optimized with the Yoast SEO Premium plugin v27.2 (Yoast SEO v27.2) - https:\/\/yoast.com\/product\/yoast-seo-premium-wordpress\/ -->\n<title>Ukraine | CNEWA Canada<\/title>\n<meta name=\"robots\" content=\"index, follow, max-snippet:-1, max-image-preview:large, max-video-preview:-1\" \/>\n<link rel=\"canonical\" href=\"https:\/\/cnewa.org\/fr\/ou-nous-travaillons\/europe-de-lest\/ukraine\/\" \/>\n<meta property=\"og:locale\" content=\"fr_CA\" \/>\n<meta property=\"og:type\" content=\"article\" \/>\n<meta property=\"og:title\" content=\"Ukraine\" \/>\n<meta property=\"og:description\" content=\"L\u2019invasion de l\u2019Ukraine par la Russie en f\u00e9vrier 2022 a provoqu\u00e9 une grave crise humanitaire pour la population ukrainienne. D\u00e8s les premiers jours de la guerre, CNEWA a apport\u00e9 rapidement de l&rsquo;aide \u00e0 ses partenaires en Ukraine, en mettant l&rsquo;accent sur les fournitures de premi\u00e8re n\u00e9cessit\u00e9, incluant de la nourriture, des m\u00e9dicaments et de l&rsquo;abri. &hellip; Continued\" \/>\n<meta property=\"og:site_name\" content=\"CNEWA Canada\" \/>\n<meta property=\"article:publisher\" content=\"https:\/\/www.facebook.com\/cnewacanada\/\" \/>\n<meta property=\"og:image\" content=\"https:\/\/cnewa.org\/fr\/wp-content\/uploads\/sites\/3\/2024\/07\/GettyImages-1078773680.jpg\" \/>\n\t<meta property=\"og:image:width\" content=\"1800\" \/>\n\t<meta property=\"og:image:height\" content=\"1200\" \/>\n\t<meta property=\"og:image:type\" content=\"image\/jpeg\" \/>\n<meta name=\"twitter:card\" content=\"summary_large_image\" \/>\n<meta name=\"twitter:site\" content=\"@cnewac\" \/>\n<meta name=\"twitter:label1\" content=\"Estimation du temps de lecture\" \/>\n\t<meta name=\"twitter:data1\" content=\"4 minutes\" \/>\n<script type=\"application\/ld+json\" class=\"yoast-schema-graph\">{\"@context\":\"https:\/\/schema.org\",\"@graph\":[{\"@type\":\"WebPage\",\"@id\":\"https:\/\/cnewa.org\/fr\/ou-nous-travaillons\/europe-de-lest\/ukraine\/\",\"url\":\"https:\/\/cnewa.org\/fr\/ou-nous-travaillons\/europe-de-lest\/ukraine\/\",\"name\":\"Ukraine | CNEWA Canada\",\"isPartOf\":{\"@id\":\"https:\/\/cnewa.org\/fr\/#website\"},\"primaryImageOfPage\":{\"@id\":\"https:\/\/cnewa.org\/fr\/ou-nous-travaillons\/europe-de-lest\/ukraine\/#primaryimage\"},\"image\":{\"@id\":\"https:\/\/cnewa.org\/fr\/ou-nous-travaillons\/europe-de-lest\/ukraine\/#primaryimage\"},\"thumbnailUrl\":\"https:\/\/cnewa.org\/fr\/wp-content\/uploads\/sites\/3\/2024\/07\/GettyImages-1078773680.jpg\",\"datePublished\":\"2024-07-01T07:15:21+00:00\",\"breadcrumb\":{\"@id\":\"https:\/\/cnewa.org\/fr\/ou-nous-travaillons\/europe-de-lest\/ukraine\/#breadcrumb\"},\"inLanguage\":\"fr-CA\",\"potentialAction\":[{\"@type\":\"ReadAction\",\"target\":[\"https:\/\/cnewa.org\/fr\/ou-nous-travaillons\/europe-de-lest\/ukraine\/\"]}]},{\"@type\":\"ImageObject\",\"inLanguage\":\"fr-CA\",\"@id\":\"https:\/\/cnewa.org\/fr\/ou-nous-travaillons\/europe-de-lest\/ukraine\/#primaryimage\",\"url\":\"https:\/\/cnewa.org\/fr\/wp-content\/uploads\/sites\/3\/2024\/07\/GettyImages-1078773680.jpg\",\"contentUrl\":\"https:\/\/cnewa.org\/fr\/wp-content\/uploads\/sites\/3\/2024\/07\/GettyImages-1078773680.jpg\",\"width\":1800,\"height\":1200},{\"@type\":\"BreadcrumbList\",\"@id\":\"https:\/\/cnewa.org\/fr\/ou-nous-travaillons\/europe-de-lest\/ukraine\/#breadcrumb\",\"itemListElement\":[{\"@type\":\"ListItem\",\"position\":1,\"name\":\"Accueil\",\"item\":\"https:\/\/cnewa.org\/fr\/\"},{\"@type\":\"ListItem\",\"position\":2,\"name\":\"O\u00f9 Nous Travaillons\",\"item\":\"https:\/\/cnewa.org\/fr\/ou-nous-travaillons\/\"},{\"@type\":\"ListItem\",\"position\":3,\"name\":\"Europe de l\u2019Est\",\"item\":\"https:\/\/cnewa.org\/fr\/ou-nous-travaillons\/europe-de-lest\/\"},{\"@type\":\"ListItem\",\"position\":4,\"name\":\"Ukraine\"}]},{\"@type\":\"WebSite\",\"@id\":\"https:\/\/cnewa.org\/fr\/#website\",\"url\":\"https:\/\/cnewa.org\/fr\/\",\"name\":\"CNEWA Canada\",\"description\":\"Association catholique d\u2019aide \u00e0 l\u2019Orient\",\"publisher\":{\"@id\":\"https:\/\/cnewa.org\/fr\/#organization\"},\"potentialAction\":[{\"@type\":\"SearchAction\",\"target\":{\"@type\":\"EntryPoint\",\"urlTemplate\":\"https:\/\/cnewa.org\/fr\/?s={search_term_string}\"},\"query-input\":{\"@type\":\"PropertyValueSpecification\",\"valueRequired\":true,\"valueName\":\"search_term_string\"}}],\"inLanguage\":\"fr-CA\"},{\"@type\":\"Organization\",\"@id\":\"https:\/\/cnewa.org\/fr\/#organization\",\"name\":\"CNEWA Canada\",\"alternateName\":\"Association catholique d\u2019aide \u00e0 l\u2019Orient\",\"url\":\"https:\/\/cnewa.org\/fr\/\",\"logo\":{\"@type\":\"ImageObject\",\"inLanguage\":\"fr-CA\",\"@id\":\"https:\/\/cnewa.org\/fr\/#\/schema\/logo\/image\/\",\"url\":\"https:\/\/cnewa.org\/fr\/wp-content\/uploads\/sites\/3\/2019\/11\/CNEWA-brand-logo.png\",\"contentUrl\":\"https:\/\/cnewa.org\/fr\/wp-content\/uploads\/sites\/3\/2019\/11\/CNEWA-brand-logo.png\",\"width\":1000,\"height\":1000,\"caption\":\"CNEWA Canada\"},\"image\":{\"@id\":\"https:\/\/cnewa.org\/fr\/#\/schema\/logo\/image\/\"},\"sameAs\":[\"https:\/\/www.facebook.com\/cnewacanada\/\",\"https:\/\/x.com\/cnewac\",\"https:\/\/www.instagram.com\/cnewa1926\/\",\"https:\/\/www.youtube.com\/user\/TheCNEWA\"]}]}<\/script>\n<!-- \/ Yoast SEO Premium plugin. -->","yoast_head_json":{"title":"Ukraine | CNEWA Canada","robots":{"index":"index","follow":"follow","max-snippet":"max-snippet:-1","max-image-preview":"max-image-preview:large","max-video-preview":"max-video-preview:-1"},"canonical":"https:\/\/cnewa.org\/fr\/ou-nous-travaillons\/europe-de-lest\/ukraine\/","og_locale":"fr_CA","og_type":"article","og_title":"Ukraine","og_description":"L\u2019invasion de l\u2019Ukraine par la Russie en f\u00e9vrier 2022 a provoqu\u00e9 une grave crise humanitaire pour la population ukrainienne. D\u00e8s les premiers jours de la guerre, CNEWA a apport\u00e9 rapidement de l&rsquo;aide \u00e0 ses partenaires en Ukraine, en mettant l&rsquo;accent sur les fournitures de premi\u00e8re n\u00e9cessit\u00e9, incluant de la nourriture, des m\u00e9dicaments et de l&rsquo;abri. &hellip; Continued","og_site_name":"CNEWA Canada","article_publisher":"https:\/\/www.facebook.com\/cnewacanada\/","og_image":[{"width":1800,"height":1200,"url":"https:\/\/cnewa.org\/fr\/wp-content\/uploads\/sites\/3\/2024\/07\/GettyImages-1078773680.jpg","type":"image\/jpeg"}],"twitter_card":"summary_large_image","twitter_site":"@cnewac","twitter_misc":{"Estimation du temps de lecture":"4 minutes"},"schema":{"@context":"https:\/\/schema.org","@graph":[{"@type":"WebPage","@id":"https:\/\/cnewa.org\/fr\/ou-nous-travaillons\/europe-de-lest\/ukraine\/","url":"https:\/\/cnewa.org\/fr\/ou-nous-travaillons\/europe-de-lest\/ukraine\/","name":"Ukraine | CNEWA Canada","isPartOf":{"@id":"https:\/\/cnewa.org\/fr\/#website"},"primaryImageOfPage":{"@id":"https:\/\/cnewa.org\/fr\/ou-nous-travaillons\/europe-de-lest\/ukraine\/#primaryimage"},"image":{"@id":"https:\/\/cnewa.org\/fr\/ou-nous-travaillons\/europe-de-lest\/ukraine\/#primaryimage"},"thumbnailUrl":"https:\/\/cnewa.org\/fr\/wp-content\/uploads\/sites\/3\/2024\/07\/GettyImages-1078773680.jpg","datePublished":"2024-07-01T07:15:21+00:00","breadcrumb":{"@id":"https:\/\/cnewa.org\/fr\/ou-nous-travaillons\/europe-de-lest\/ukraine\/#breadcrumb"},"inLanguage":"fr-CA","potentialAction":[{"@type":"ReadAction","target":["https:\/\/cnewa.org\/fr\/ou-nous-travaillons\/europe-de-lest\/ukraine\/"]}]},{"@type":"ImageObject","inLanguage":"fr-CA","@id":"https:\/\/cnewa.org\/fr\/ou-nous-travaillons\/europe-de-lest\/ukraine\/#primaryimage","url":"https:\/\/cnewa.org\/fr\/wp-content\/uploads\/sites\/3\/2024\/07\/GettyImages-1078773680.jpg","contentUrl":"https:\/\/cnewa.org\/fr\/wp-content\/uploads\/sites\/3\/2024\/07\/GettyImages-1078773680.jpg","width":1800,"height":1200},{"@type":"BreadcrumbList","@id":"https:\/\/cnewa.org\/fr\/ou-nous-travaillons\/europe-de-lest\/ukraine\/#breadcrumb","itemListElement":[{"@type":"ListItem","position":1,"name":"Accueil","item":"https:\/\/cnewa.org\/fr\/"},{"@type":"ListItem","position":2,"name":"O\u00f9 Nous Travaillons","item":"https:\/\/cnewa.org\/fr\/ou-nous-travaillons\/"},{"@type":"ListItem","position":3,"name":"Europe de l\u2019Est","item":"https:\/\/cnewa.org\/fr\/ou-nous-travaillons\/europe-de-lest\/"},{"@type":"ListItem","position":4,"name":"Ukraine"}]},{"@type":"WebSite","@id":"https:\/\/cnewa.org\/fr\/#website","url":"https:\/\/cnewa.org\/fr\/","name":"CNEWA Canada","description":"Association catholique d\u2019aide \u00e0 l\u2019Orient","publisher":{"@id":"https:\/\/cnewa.org\/fr\/#organization"},"potentialAction":[{"@type":"SearchAction","target":{"@type":"EntryPoint","urlTemplate":"https:\/\/cnewa.org\/fr\/?s={search_term_string}"},"query-input":{"@type":"PropertyValueSpecification","valueRequired":true,"valueName":"search_term_string"}}],"inLanguage":"fr-CA"},{"@type":"Organization","@id":"https:\/\/cnewa.org\/fr\/#organization","name":"CNEWA Canada","alternateName":"Association catholique d\u2019aide \u00e0 l\u2019Orient","url":"https:\/\/cnewa.org\/fr\/","logo":{"@type":"ImageObject","inLanguage":"fr-CA","@id":"https:\/\/cnewa.org\/fr\/#\/schema\/logo\/image\/","url":"https:\/\/cnewa.org\/fr\/wp-content\/uploads\/sites\/3\/2019\/11\/CNEWA-brand-logo.png","contentUrl":"https:\/\/cnewa.org\/fr\/wp-content\/uploads\/sites\/3\/2019\/11\/CNEWA-brand-logo.png","width":1000,"height":1000,"caption":"CNEWA Canada"},"image":{"@id":"https:\/\/cnewa.org\/fr\/#\/schema\/logo\/image\/"},"sameAs":["https:\/\/www.facebook.com\/cnewacanada\/","https:\/\/x.com\/cnewac","https:\/\/www.instagram.com\/cnewa1926\/","https:\/\/www.youtube.com\/user\/TheCNEWA"]}]}},"_links":{"self":[{"href":"https:\/\/cnewa.org\/fr\/wp-json\/wp\/v2\/pages\/1918","targetHints":{"allow":["GET"]}}],"collection":[{"href":"https:\/\/cnewa.org\/fr\/wp-json\/wp\/v2\/pages"}],"about":[{"href":"https:\/\/cnewa.org\/fr\/wp-json\/wp\/v2\/types\/page"}],"author":[{"embeddable":true,"href":"https:\/\/cnewa.org\/fr\/wp-json\/wp\/v2\/users\/70080"}],"replies":[{"embeddable":true,"href":"https:\/\/cnewa.org\/fr\/wp-json\/wp\/v2\/comments?post=1918"}],"version-history":[{"count":2,"href":"https:\/\/cnewa.org\/fr\/wp-json\/wp\/v2\/pages\/1918\/revisions"}],"predecessor-version":[{"id":1920,"href":"https:\/\/cnewa.org\/fr\/wp-json\/wp\/v2\/pages\/1918\/revisions\/1920"}],"up":[{"embeddable":true,"href":"https:\/\/cnewa.org\/fr\/wp-json\/wp\/v2\/pages\/201"}],"wp:featuredmedia":[{"embeddable":true,"href":"https:\/\/cnewa.org\/fr\/wp-json\/wp\/v2\/media\/1917"}],"wp:attachment":[{"href":"https:\/\/cnewa.org\/fr\/wp-json\/wp\/v2\/media?parent=1918"}],"curies":[{"name":"wp","href":"https:\/\/api.w.org\/{rel}","templated":true}]}}