{"id":196,"date":"2019-10-28T17:33:23","date_gmt":"2019-10-28T21:33:23","guid":{"rendered":"https:\/\/cnewa.org\/fr\/?page_id=196"},"modified":"2025-09-10T13:09:55","modified_gmt":"2025-09-10T17:09:55","slug":"inde","status":"publish","type":"page","link":"https:\/\/cnewa.org\/fr\/ou-nous-travaillons\/inde\/","title":{"rendered":"Inde"},"content":{"rendered":"\n<h2 class=\"wp-block-heading\" id=\"h-l-inde-avec-sa-population-de-pres-de-1-4-milliard-d-habitants-est-en-voie-de-devenir-le-pays-le-plus-peuple-du-monde-d-ici-2028-ce-pays-est-la-plus-grande-democratie-du-monde-et-le-septieme-plus-grand-pays-en-superficie-nbsp\">L\u2019Inde, avec sa population de pr\u00e8s de 1,4 milliard d\u2019habitants, est en voie de devenir le pays le plus peupl\u00e9 du monde d\u2019ici 2028. Ce pays est la plus grande d\u00e9mocratie du monde et le septi\u00e8me plus grand pays en superficie. &nbsp;<\/h2>\n\n\n\n<p>Bien que l\u2019Inde soit une nation officiellement la\u00efque &#8211; sans religion nationale \u2013 la grande majorit\u00e9, environ 80 % de la population, adh\u00e8re \u00e0 l\u2019hindouisme. Les musulmans repr\u00e9sentent 14,2 pour cent de la population, les chr\u00e9tiens 2,3 pour cent, suivis par les sikhs avec 1,7 pour cent, les bouddhistes, les ja\u00efns et autres. On estime que les catholiques repr\u00e9sentent 1,5 pour cent de la population totale.<\/p>\n\n\n\n<p><br>En inde, CNEWA s\u2019est donn\u00e9e pour mission d\u2019appuyer les deux \u00c9glises catholiques orientales que l\u2019on retrouve sur son territoire: l\u2019\u00c9glise catholique syro-malabare, avec 31 \u00e9parchies et environ 5 millions de fid\u00e8les, et l\u2019\u00c9glise catholique syro-malankara, avec 11 \u00e9parchies et quelque 500 000 fid\u00e8les.<\/p>\n\n\n\n<p><br>Depuis 2014, l\u2019Inde est dirig\u00e9e par l\u2019Alliance d\u00e9mocratique nationale, un gouvernement nationaliste hindou dirig\u00e9 par le parti Bharatiya Janata. Ce gouvernement a apport\u00e9 plusieurs modifications aux lois qui touchent les organisations et institutions religieuses, particuli\u00e8rement l&rsquo;\u00c9glise catholique.<\/p>\n\n\n\n<p><br>Bien que les catholiques soient minoritaires en Inde, l&rsquo;\u00c9glise contribue beaucoup \u00e0 son bien-\u00eatre gr\u00e2ce \u00e0 son expertise en mati\u00e8re d&rsquo;\u00e9ducation, de soins de sant\u00e9 et de soins aux personnes vuln\u00e9rables et marginalis\u00e9es.<\/p>\n\n\n\n<h4 class=\"wp-block-heading\" id=\"h-accompagner-l-eglise\"><strong>Accompagner l\u2019\u00c9glise<\/strong><\/h4>\n\n\n\n<p>CNEWA soutient le clerg\u00e9 et les activit\u00e9s de l&rsquo;\u00c9glise en fournissant des fonds pour la formation des s\u00e9minaristes et des novices, la r\u00e9paration des s\u00e9minaires et des couvents, la formation \u00e0 la foi, la construction de salles de pri\u00e8re et la mise en place de programmes de formation pour les jeunes.<\/p>\n\n\n\n<figure class=\"wp-block-image size-large\"><img decoding=\"async\" src=\"https:\/\/cnewa.org\/wp-content\/uploads\/2023\/01\/csn202301_003H-1024x462.jpeg\" alt=\"\" class=\"wp-image-122911\"\/><figcaption class=\"wp-element-caption\">La visite pastorale de Mgr Vaccari en Inde comprenait une visite au noviciat de la Congr\u00e9gation des S\u0153urs de Nazareth \u00e0 Angamaly. (photo : Courtoisie Congr\u00e9gation des S\u0153urs de Nazareth, Angamaly)<\/figcaption><\/figure>\n\n\n\n<h4 class=\"wp-block-heading\" id=\"h-repondre-aux-besoins-humanitaires\"><strong>R\u00e9pondre aux besoins humanitaires<\/strong><\/h4>\n\n\n\n<p>CNEWA soutient les efforts visant \u00e0 am\u00e9liorer les conditions de vie des pauvres et de ceux et celles qui sont dans le besoin. Ces projets comprennent : des initiatives en mati\u00e8re de garde d&rsquo;enfants, y compris la r\u00e9paration et la r\u00e9novation de garderies; de programmes de lutte contre la malnutrition; des programmes de sensibilisation \u00e0 la sant\u00e9, \u00e0 l&rsquo;hygi\u00e8ne et \u00e0 la maltraitance des enfants, de m\u00eame que des initiatives pour aider les personnes handicap\u00e9es et autres groupes marginalis\u00e9s.<\/p>\n\n\n\n<figure class=\"wp-block-image size-large\"><img decoding=\"async\" src=\"https:\/\/cnewa.org\/wp-content\/uploads\/2021\/02\/sajeendran20202_027H-1024x683.jpg\" alt=\"care for poor and elderly women in India in COVID times\" class=\"wp-image-111266\"\/><figcaption class=\"wp-element-caption\">CNEWA soutient les efforts visant \u00e0 am\u00e9liorer les conditions de vie des pauvres et de ceux et celles qui sont dans le besoin. Ces projets comprennent : des initiatives en mati\u00e8re de garde d&rsquo;enfants, y compris la r\u00e9paration et la r\u00e9novation de garderies; de programmes de lutte contre la malnutrition; des programmes de sensibilisation \u00e0 la sant\u00e9, \u00e0 l&rsquo;hygi\u00e8ne et \u00e0 la maltraitance des enfants, de m\u00eame que des initiatives pour aider les personnes handicap\u00e9es et autres groupes marginalis\u00e9s.<\/figcaption><\/figure>\n\n\n  <div class=\"donate-button\" id=\"minor-fund-campaign\">\n    <button class=\"donate-modal-toggle\" data-minor-fund='Inde' data-minor-fund-code='IR'>Donner<\/button>\n  <\/div>\n  \n\n\n<figure class=\"wp-block-gallery has-nested-images columns-2 is-cropped is-style-lightbox wp-block-gallery-2 is-layout-flex wp-block-gallery-is-layout-flex\">\n<figure class=\"wp-block-image size-large\"><img loading=\"lazy\" decoding=\"async\" width=\"1024\" height=\"681\" data-id=\"2436\" src=\"https:\/\/cnewa.org\/fr\/wp-content\/uploads\/sites\/3\/2025\/07\/jacob20151_001H-1024x681-1.jpg\" alt=\"les religieuses aident les r\u00e9sidents \u00e2g\u00e9s \u00e0 marcher.\" class=\"wp-image-2436\" srcset=\"https:\/\/cnewa.org\/fr\/wp-content\/uploads\/sites\/3\/2025\/07\/jacob20151_001H-1024x681-1.jpg 1024w, https:\/\/cnewa.org\/fr\/wp-content\/uploads\/sites\/3\/2025\/07\/jacob20151_001H-1024x681-1-300x200.jpg 300w, https:\/\/cnewa.org\/fr\/wp-content\/uploads\/sites\/3\/2025\/07\/jacob20151_001H-1024x681-1-768x511.jpg 768w\" sizes=\"auto, (max-width: 1024px) 100vw, 1024px\" \/><figcaption class=\"wp-element-caption\">Les s\u0153urs missionnaires de Snehagiri sont au service des personnes \u00e2g\u00e9es et d\u00e9munies de l&rsquo;Inde depuis 1969. (photo : Jose Jacob)<\/figcaption><\/figure>\n\n\n\n<figure class=\"wp-block-image size-large\"><img loading=\"lazy\" decoding=\"async\" width=\"1024\" height=\"626\" data-id=\"2437\" src=\"https:\/\/cnewa.org\/fr\/wp-content\/uploads\/sites\/3\/2025\/07\/sajeendran20191_006-1-1024x626-1.jpg\" alt=\"une religieuse et une jeune fille, assises \u00e0 une table, interrompent leurs \u00e9tudes pour jouer.\" class=\"wp-image-2437\" srcset=\"https:\/\/cnewa.org\/fr\/wp-content\/uploads\/sites\/3\/2025\/07\/sajeendran20191_006-1-1024x626-1.jpg 1024w, https:\/\/cnewa.org\/fr\/wp-content\/uploads\/sites\/3\/2025\/07\/sajeendran20191_006-1-1024x626-1-300x183.jpg 300w, https:\/\/cnewa.org\/fr\/wp-content\/uploads\/sites\/3\/2025\/07\/sajeendran20191_006-1-1024x626-1-768x470.jpg 768w\" sizes=\"auto, (max-width: 1024px) 100vw, 1024px\" \/><figcaption class=\"wp-element-caption\">Amaya plaisante avec s\u0153ur Grace. \u00c9cole secondaire sup\u00e9rieure orale Sainte-Claire pour sourds, Manickamangalam, Kalady, Kerala. (Photo&nbsp;: Sajeendran V.S.)<\/figcaption><\/figure>\n\n\n\n<figure class=\"wp-block-image size-large\"><img loading=\"lazy\" decoding=\"async\" width=\"1024\" height=\"683\" data-id=\"2438\" src=\"https:\/\/cnewa.org\/fr\/wp-content\/uploads\/sites\/3\/2025\/07\/sajeendran20201_005H-1024x683-1.jpg\" alt=\"un couple d'employ\u00e9s d'\u00e9glise livre des colis \u00e0 une famille.\" class=\"wp-image-2438\" srcset=\"https:\/\/cnewa.org\/fr\/wp-content\/uploads\/sites\/3\/2025\/07\/sajeendran20201_005H-1024x683-1.jpg 1024w, https:\/\/cnewa.org\/fr\/wp-content\/uploads\/sites\/3\/2025\/07\/sajeendran20201_005H-1024x683-1-300x200.jpg 300w, https:\/\/cnewa.org\/fr\/wp-content\/uploads\/sites\/3\/2025\/07\/sajeendran20201_005H-1024x683-1-768x512.jpg 768w\" sizes=\"auto, (max-width: 1024px) 100vw, 1024px\" \/><figcaption class=\"wp-element-caption\">Le r\u00e9v\u00e9rend Justin Kolamkanny, directeur de la People\u2019s Service Society Palakkad, distribue des kits d\u2019aide \u00e0 une famille. (photo : Sajeendran V.S.)<\/figcaption><\/figure>\n\n\n\n<figure class=\"wp-block-image size-large\"><img loading=\"lazy\" decoding=\"async\" width=\"681\" height=\"1024\" data-id=\"2435\" src=\"https:\/\/cnewa.org\/fr\/wp-content\/uploads\/sites\/3\/2025\/07\/duncan20172_002-681x1024-1.jpg\" alt=\"une jeune enseignante aide une \u00e9l\u00e8ve \u00e0 son bureau.\" class=\"wp-image-2435\" srcset=\"https:\/\/cnewa.org\/fr\/wp-content\/uploads\/sites\/3\/2025\/07\/duncan20172_002-681x1024-1.jpg 681w, https:\/\/cnewa.org\/fr\/wp-content\/uploads\/sites\/3\/2025\/07\/duncan20172_002-681x1024-1-200x300.jpg 200w\" sizes=\"auto, (max-width: 681px) 100vw, 681px\" \/><figcaption class=\"wp-element-caption\">Shipla Joy aide aux devoirs au foyer pour enfants o\u00f9 elle a v\u00e9cu, g\u00e9r\u00e9 par les S\u0153urs du Sacr\u00e9-C\u0153ur en Inde. Consultez le num\u00e9ro de juin 2017 du magazine ONE pour en savoir plus sur \u00ab&nbsp;Le secret de leur r\u00e9ussite&nbsp;\u00bb. (Photo&nbsp;: Don Duncan)<\/figcaption><\/figure>\n<\/figure>\n\n\n\n<p><\/p>\n","protected":false},"excerpt":{"rendered":"<p>L\u2019Inde, avec sa population de pr\u00e8s de 1,4 milliard d\u2019habitants, est en voie de devenir le pays le plus peupl\u00e9 du monde d\u2019ici 2028. Ce pays est la plus grande d\u00e9mocratie du monde et le septi\u00e8me plus grand pays en superficie. &nbsp; Bien que l\u2019Inde soit une nation officiellement la\u00efque &#8211; sans religion nationale \u2013 &hellip; <a href=\"https:\/\/cnewa.org\/fr\/ou-nous-travaillons\/inde\/\">Continued<\/a><\/p>\n","protected":false},"author":70080,"featured_media":1949,"parent":147,"menu_order":0,"comment_status":"closed","ping_status":"closed","template":"","meta":{"_acf_changed":false,"footnotes":""},"class_list":["post-196","page","type-page","status-publish","has-post-thumbnail","hentry"],"acf":[],"yoast_head":"<!-- This site is optimized with the Yoast SEO Premium plugin v27.4 (Yoast SEO v27.4) - https:\/\/yoast.com\/product\/yoast-seo-premium-wordpress\/ -->\n<title>Inde | CNEWA Canada<\/title>\n<meta name=\"robots\" content=\"index, follow, max-snippet:-1, max-image-preview:large, max-video-preview:-1\" \/>\n<link rel=\"canonical\" href=\"https:\/\/cnewa.org\/fr\/ou-nous-travaillons\/inde\/\" \/>\n<meta property=\"og:locale\" content=\"fr_CA\" \/>\n<meta property=\"og:type\" content=\"article\" \/>\n<meta property=\"og:title\" content=\"Inde\" \/>\n<meta property=\"og:description\" content=\"L\u2019Inde, avec sa population de pr\u00e8s de 1,4 milliard d\u2019habitants, est en voie de devenir le pays le plus peupl\u00e9 du monde d\u2019ici 2028. Ce pays est la plus grande d\u00e9mocratie du monde et le septi\u00e8me plus grand pays en superficie. &nbsp; Bien que l\u2019Inde soit une nation officiellement la\u00efque &#8211; sans religion nationale \u2013 &hellip; Continued\" \/>\n<meta property=\"og:site_name\" content=\"CNEWA Canada\" \/>\n<meta property=\"article:publisher\" content=\"https:\/\/www.facebook.com\/cnewacanada\/\" \/>\n<meta property=\"article:modified_time\" content=\"2025-09-10T17:09:55+00:00\" \/>\n<meta property=\"og:image\" content=\"https:\/\/cnewa.org\/fr\/wp-content\/uploads\/sites\/3\/2024\/08\/Wayanad_landslide-scaled.jpg\" \/>\n\t<meta property=\"og:image:width\" content=\"2560\" \/>\n\t<meta property=\"og:image:height\" content=\"2560\" \/>\n\t<meta property=\"og:image:type\" content=\"image\/jpeg\" \/>\n<meta name=\"twitter:card\" content=\"summary_large_image\" \/>\n<meta name=\"twitter:site\" content=\"@cnewac\" \/>\n<meta name=\"twitter:label1\" content=\"Estimation du temps de lecture\" \/>\n\t<meta name=\"twitter:data1\" content=\"5 minutes\" \/>\n<script type=\"application\/ld+json\" class=\"yoast-schema-graph\">{\"@context\":\"https:\\\/\\\/schema.org\",\"@graph\":[{\"@type\":\"WebPage\",\"@id\":\"https:\\\/\\\/cnewa.org\\\/fr\\\/ou-nous-travaillons\\\/inde\\\/\",\"url\":\"https:\\\/\\\/cnewa.org\\\/fr\\\/ou-nous-travaillons\\\/inde\\\/\",\"name\":\"Inde | CNEWA Canada\",\"isPartOf\":{\"@id\":\"https:\\\/\\\/cnewa.org\\\/fr\\\/#website\"},\"primaryImageOfPage\":{\"@id\":\"https:\\\/\\\/cnewa.org\\\/fr\\\/ou-nous-travaillons\\\/inde\\\/#primaryimage\"},\"image\":{\"@id\":\"https:\\\/\\\/cnewa.org\\\/fr\\\/ou-nous-travaillons\\\/inde\\\/#primaryimage\"},\"thumbnailUrl\":\"https:\\\/\\\/cnewa.org\\\/fr\\\/wp-content\\\/uploads\\\/sites\\\/3\\\/2024\\\/08\\\/Wayanad_landslide-scaled.jpg\",\"datePublished\":\"2019-10-28T21:33:23+00:00\",\"dateModified\":\"2025-09-10T17:09:55+00:00\",\"breadcrumb\":{\"@id\":\"https:\\\/\\\/cnewa.org\\\/fr\\\/ou-nous-travaillons\\\/inde\\\/#breadcrumb\"},\"inLanguage\":\"fr-CA\",\"potentialAction\":[{\"@type\":\"ReadAction\",\"target\":[\"https:\\\/\\\/cnewa.org\\\/fr\\\/ou-nous-travaillons\\\/inde\\\/\"]}]},{\"@type\":\"ImageObject\",\"inLanguage\":\"fr-CA\",\"@id\":\"https:\\\/\\\/cnewa.org\\\/fr\\\/ou-nous-travaillons\\\/inde\\\/#primaryimage\",\"url\":\"https:\\\/\\\/cnewa.org\\\/fr\\\/wp-content\\\/uploads\\\/sites\\\/3\\\/2024\\\/08\\\/Wayanad_landslide-scaled.jpg\",\"contentUrl\":\"https:\\\/\\\/cnewa.org\\\/fr\\\/wp-content\\\/uploads\\\/sites\\\/3\\\/2024\\\/08\\\/Wayanad_landslide-scaled.jpg\",\"width\":2560,\"height\":2560},{\"@type\":\"BreadcrumbList\",\"@id\":\"https:\\\/\\\/cnewa.org\\\/fr\\\/ou-nous-travaillons\\\/inde\\\/#breadcrumb\",\"itemListElement\":[{\"@type\":\"ListItem\",\"position\":1,\"name\":\"Accueil\",\"item\":\"https:\\\/\\\/cnewa.org\\\/fr\\\/\"},{\"@type\":\"ListItem\",\"position\":2,\"name\":\"O\u00f9 Nous Travaillons\",\"item\":\"https:\\\/\\\/cnewa.org\\\/fr\\\/ou-nous-travaillons\\\/\"},{\"@type\":\"ListItem\",\"position\":3,\"name\":\"Inde\"}]},{\"@type\":\"WebSite\",\"@id\":\"https:\\\/\\\/cnewa.org\\\/fr\\\/#website\",\"url\":\"https:\\\/\\\/cnewa.org\\\/fr\\\/\",\"name\":\"CNEWA Canada\",\"description\":\"Association catholique d\u2019aide \u00e0 l\u2019Orient\",\"publisher\":{\"@id\":\"https:\\\/\\\/cnewa.org\\\/fr\\\/#organization\"},\"potentialAction\":[{\"@type\":\"SearchAction\",\"target\":{\"@type\":\"EntryPoint\",\"urlTemplate\":\"https:\\\/\\\/cnewa.org\\\/fr\\\/?s={search_term_string}\"},\"query-input\":{\"@type\":\"PropertyValueSpecification\",\"valueRequired\":true,\"valueName\":\"search_term_string\"}}],\"inLanguage\":\"fr-CA\"},{\"@type\":\"Organization\",\"@id\":\"https:\\\/\\\/cnewa.org\\\/fr\\\/#organization\",\"name\":\"CNEWA Canada\",\"alternateName\":\"Association catholique d\u2019aide \u00e0 l\u2019Orient\",\"url\":\"https:\\\/\\\/cnewa.org\\\/fr\\\/\",\"logo\":{\"@type\":\"ImageObject\",\"inLanguage\":\"fr-CA\",\"@id\":\"https:\\\/\\\/cnewa.org\\\/fr\\\/#\\\/schema\\\/logo\\\/image\\\/\",\"url\":\"https:\\\/\\\/cnewa.org\\\/fr\\\/wp-content\\\/uploads\\\/sites\\\/3\\\/2019\\\/11\\\/CNEWA-brand-logo.png\",\"contentUrl\":\"https:\\\/\\\/cnewa.org\\\/fr\\\/wp-content\\\/uploads\\\/sites\\\/3\\\/2019\\\/11\\\/CNEWA-brand-logo.png\",\"width\":1000,\"height\":1000,\"caption\":\"CNEWA Canada\"},\"image\":{\"@id\":\"https:\\\/\\\/cnewa.org\\\/fr\\\/#\\\/schema\\\/logo\\\/image\\\/\"},\"sameAs\":[\"https:\\\/\\\/www.facebook.com\\\/cnewacanada\\\/\",\"https:\\\/\\\/x.com\\\/cnewac\",\"https:\\\/\\\/www.instagram.com\\\/cnewa1926\\\/\",\"https:\\\/\\\/www.youtube.com\\\/user\\\/TheCNEWA\"]}]}<\/script>\n<!-- \/ Yoast SEO Premium plugin. -->","yoast_head_json":{"title":"Inde | CNEWA Canada","robots":{"index":"index","follow":"follow","max-snippet":"max-snippet:-1","max-image-preview":"max-image-preview:large","max-video-preview":"max-video-preview:-1"},"canonical":"https:\/\/cnewa.org\/fr\/ou-nous-travaillons\/inde\/","og_locale":"fr_CA","og_type":"article","og_title":"Inde","og_description":"L\u2019Inde, avec sa population de pr\u00e8s de 1,4 milliard d\u2019habitants, est en voie de devenir le pays le plus peupl\u00e9 du monde d\u2019ici 2028. Ce pays est la plus grande d\u00e9mocratie du monde et le septi\u00e8me plus grand pays en superficie. &nbsp; Bien que l\u2019Inde soit une nation officiellement la\u00efque &#8211; sans religion nationale \u2013 &hellip; Continued","og_site_name":"CNEWA Canada","article_publisher":"https:\/\/www.facebook.com\/cnewacanada\/","article_modified_time":"2025-09-10T17:09:55+00:00","og_image":[{"width":2560,"height":2560,"url":"https:\/\/cnewa.org\/fr\/wp-content\/uploads\/sites\/3\/2024\/08\/Wayanad_landslide-scaled.jpg","type":"image\/jpeg"}],"twitter_card":"summary_large_image","twitter_site":"@cnewac","twitter_misc":{"Estimation du temps de lecture":"5 minutes"},"schema":{"@context":"https:\/\/schema.org","@graph":[{"@type":"WebPage","@id":"https:\/\/cnewa.org\/fr\/ou-nous-travaillons\/inde\/","url":"https:\/\/cnewa.org\/fr\/ou-nous-travaillons\/inde\/","name":"Inde | CNEWA Canada","isPartOf":{"@id":"https:\/\/cnewa.org\/fr\/#website"},"primaryImageOfPage":{"@id":"https:\/\/cnewa.org\/fr\/ou-nous-travaillons\/inde\/#primaryimage"},"image":{"@id":"https:\/\/cnewa.org\/fr\/ou-nous-travaillons\/inde\/#primaryimage"},"thumbnailUrl":"https:\/\/cnewa.org\/fr\/wp-content\/uploads\/sites\/3\/2024\/08\/Wayanad_landslide-scaled.jpg","datePublished":"2019-10-28T21:33:23+00:00","dateModified":"2025-09-10T17:09:55+00:00","breadcrumb":{"@id":"https:\/\/cnewa.org\/fr\/ou-nous-travaillons\/inde\/#breadcrumb"},"inLanguage":"fr-CA","potentialAction":[{"@type":"ReadAction","target":["https:\/\/cnewa.org\/fr\/ou-nous-travaillons\/inde\/"]}]},{"@type":"ImageObject","inLanguage":"fr-CA","@id":"https:\/\/cnewa.org\/fr\/ou-nous-travaillons\/inde\/#primaryimage","url":"https:\/\/cnewa.org\/fr\/wp-content\/uploads\/sites\/3\/2024\/08\/Wayanad_landslide-scaled.jpg","contentUrl":"https:\/\/cnewa.org\/fr\/wp-content\/uploads\/sites\/3\/2024\/08\/Wayanad_landslide-scaled.jpg","width":2560,"height":2560},{"@type":"BreadcrumbList","@id":"https:\/\/cnewa.org\/fr\/ou-nous-travaillons\/inde\/#breadcrumb","itemListElement":[{"@type":"ListItem","position":1,"name":"Accueil","item":"https:\/\/cnewa.org\/fr\/"},{"@type":"ListItem","position":2,"name":"O\u00f9 Nous Travaillons","item":"https:\/\/cnewa.org\/fr\/ou-nous-travaillons\/"},{"@type":"ListItem","position":3,"name":"Inde"}]},{"@type":"WebSite","@id":"https:\/\/cnewa.org\/fr\/#website","url":"https:\/\/cnewa.org\/fr\/","name":"CNEWA Canada","description":"Association catholique d\u2019aide \u00e0 l\u2019Orient","publisher":{"@id":"https:\/\/cnewa.org\/fr\/#organization"},"potentialAction":[{"@type":"SearchAction","target":{"@type":"EntryPoint","urlTemplate":"https:\/\/cnewa.org\/fr\/?s={search_term_string}"},"query-input":{"@type":"PropertyValueSpecification","valueRequired":true,"valueName":"search_term_string"}}],"inLanguage":"fr-CA"},{"@type":"Organization","@id":"https:\/\/cnewa.org\/fr\/#organization","name":"CNEWA Canada","alternateName":"Association catholique d\u2019aide \u00e0 l\u2019Orient","url":"https:\/\/cnewa.org\/fr\/","logo":{"@type":"ImageObject","inLanguage":"fr-CA","@id":"https:\/\/cnewa.org\/fr\/#\/schema\/logo\/image\/","url":"https:\/\/cnewa.org\/fr\/wp-content\/uploads\/sites\/3\/2019\/11\/CNEWA-brand-logo.png","contentUrl":"https:\/\/cnewa.org\/fr\/wp-content\/uploads\/sites\/3\/2019\/11\/CNEWA-brand-logo.png","width":1000,"height":1000,"caption":"CNEWA Canada"},"image":{"@id":"https:\/\/cnewa.org\/fr\/#\/schema\/logo\/image\/"},"sameAs":["https:\/\/www.facebook.com\/cnewacanada\/","https:\/\/x.com\/cnewac","https:\/\/www.instagram.com\/cnewa1926\/","https:\/\/www.youtube.com\/user\/TheCNEWA"]}]}},"_links":{"self":[{"href":"https:\/\/cnewa.org\/fr\/wp-json\/wp\/v2\/pages\/196","targetHints":{"allow":["GET"]}}],"collection":[{"href":"https:\/\/cnewa.org\/fr\/wp-json\/wp\/v2\/pages"}],"about":[{"href":"https:\/\/cnewa.org\/fr\/wp-json\/wp\/v2\/types\/page"}],"author":[{"embeddable":true,"href":"https:\/\/cnewa.org\/fr\/wp-json\/wp\/v2\/users\/70080"}],"replies":[{"embeddable":true,"href":"https:\/\/cnewa.org\/fr\/wp-json\/wp\/v2\/comments?post=196"}],"version-history":[{"count":7,"href":"https:\/\/cnewa.org\/fr\/wp-json\/wp\/v2\/pages\/196\/revisions"}],"predecessor-version":[{"id":2488,"href":"https:\/\/cnewa.org\/fr\/wp-json\/wp\/v2\/pages\/196\/revisions\/2488"}],"up":[{"embeddable":true,"href":"https:\/\/cnewa.org\/fr\/wp-json\/wp\/v2\/pages\/147"}],"wp:featuredmedia":[{"embeddable":true,"href":"https:\/\/cnewa.org\/fr\/wp-json\/wp\/v2\/media\/1949"}],"wp:attachment":[{"href":"https:\/\/cnewa.org\/fr\/wp-json\/wp\/v2\/media?parent=196"}],"curies":[{"name":"wp","href":"https:\/\/api.w.org\/{rel}","templated":true}]}}