{"id":201,"date":"2019-10-28T17:35:14","date_gmt":"2019-10-28T21:35:14","guid":{"rendered":"https:\/\/cnewa.org\/fr\/?page_id=201"},"modified":"2024-02-15T15:40:42","modified_gmt":"2024-02-15T20:40:42","slug":"europe-de-lest","status":"publish","type":"page","link":"https:\/\/cnewa.org\/fr\/ou-nous-travaillons\/europe-de-lest\/","title":{"rendered":"Europe de l\u2019Est"},"content":{"rendered":"\n<h2 class=\"wp-block-heading\">Lors de l\u2019effondrement du r\u00e9gime sovi\u00e9tique en 1989, CNEWA s\u2019est joint avec plusieurs autres organisations \u00e0 la reconstruction des \u00c9glises catholiques qui furent opprim\u00e9es par les communistes. <\/h2>\n\n\n\n<figure class=\"wp-block-image alignwide\"><img loading=\"lazy\" decoding=\"async\" width=\"324\" height=\"252\" src=\"https:\/\/cnewa.org\/fr\/wp-content\/uploads\/sites\/3\/2019\/10\/Gen-62I-1.jpg\" alt=\"\" class=\"wp-image-202\" srcset=\"https:\/\/cnewa.org\/fr\/wp-content\/uploads\/sites\/3\/2019\/10\/Gen-62I-1.jpg 324w, https:\/\/cnewa.org\/fr\/wp-content\/uploads\/sites\/3\/2019\/10\/Gen-62I-1-300x233.jpg 300w\" sizes=\"auto, (max-width: 324px) 100vw, 324px\" \/><figcaption>(photo: George Martin)<\/figcaption><\/figure>\n\n\n\n<p>Nous avons appuy\u00e9 la renaissance des \u00c9glises en Roumanie, Slovaquie, Belarusse, Arm\u00e9nie, G\u00e9orgie, Russie et Ukraine qui y jouent un r\u00f4le pr\u00e9dominent pour r\u00e9tablir le tissue social et spirituel de ces pays.<\/p>\n\n\n\n<p>Depuis quelques ann\u00e9es nos activit\u00e9s se sont concentr\u00e9s surtout en Ukraine, en Arm\u00e9nie et en G\u00e9orgie. En effet, la situation \u00e9conomique de ces pays afflige particuli\u00e8rement les personnes les plus marginalis\u00e9es: personne \u00e2g\u00e9es, handicap\u00e9s, enfants. L\u2019\u00c9glise y joue un r\u00f4le important et nous y appuyions leurs organismes qui rejoignent des milliers de personnes en d\u00e9tresse.<\/p>\n","protected":false},"excerpt":{"rendered":"<p>Lors de l\u2019effondrement du r\u00e9gime sovi\u00e9tique en 1989, CNEWA s\u2019est joint avec plusieurs autres organisations \u00e0 la reconstruction des \u00c9glises catholiques qui furent opprim\u00e9es par les communistes. Nous avons appuy\u00e9 la renaissance des \u00c9glises en Roumanie, Slovaquie, Belarusse, Arm\u00e9nie, G\u00e9orgie, Russie et Ukraine qui y jouent un r\u00f4le pr\u00e9dominent pour r\u00e9tablir le tissue social et &hellip; <a href=\"https:\/\/cnewa.org\/fr\/ou-nous-travaillons\/europe-de-lest\/\">Continued<\/a><\/p>\n","protected":false},"author":70080,"featured_media":0,"parent":147,"menu_order":0,"comment_status":"closed","ping_status":"closed","template":"","meta":{"_acf_changed":false,"footnotes":""},"class_list":["post-201","page","type-page","status-publish","hentry"],"acf":[],"yoast_head":"<!-- This site is optimized with the Yoast SEO Premium plugin v27.2 (Yoast SEO v27.2) - https:\/\/yoast.com\/product\/yoast-seo-premium-wordpress\/ -->\n<title>Europe de l\u2019Est | CNEWA Canada<\/title>\n<meta name=\"robots\" content=\"index, follow, max-snippet:-1, max-image-preview:large, max-video-preview:-1\" \/>\n<link rel=\"canonical\" href=\"https:\/\/cnewa.org\/fr\/ou-nous-travaillons\/europe-de-lest\/\" \/>\n<meta property=\"og:locale\" content=\"fr_CA\" \/>\n<meta property=\"og:type\" content=\"article\" \/>\n<meta property=\"og:title\" content=\"Europe de l\u2019Est\" \/>\n<meta property=\"og:description\" content=\"Lors de l\u2019effondrement du r\u00e9gime sovi\u00e9tique en 1989, CNEWA s\u2019est joint avec plusieurs autres organisations \u00e0 la reconstruction des \u00c9glises catholiques qui furent opprim\u00e9es par les communistes. Nous avons appuy\u00e9 la renaissance des \u00c9glises en Roumanie, Slovaquie, Belarusse, Arm\u00e9nie, G\u00e9orgie, Russie et Ukraine qui y jouent un r\u00f4le pr\u00e9dominent pour r\u00e9tablir le tissue social et &hellip; Continued\" \/>\n<meta property=\"og:site_name\" content=\"CNEWA Canada\" \/>\n<meta property=\"article:publisher\" content=\"https:\/\/www.facebook.com\/cnewacanada\/\" \/>\n<meta property=\"article:modified_time\" content=\"2024-02-15T20:40:42+00:00\" \/>\n<meta property=\"og:image\" content=\"https:\/\/cnewa.org\/fr\/wp-content\/uploads\/sites\/3\/2019\/10\/Gen-62I-1.jpg\" \/>\n<meta name=\"twitter:card\" content=\"summary_large_image\" \/>\n<meta name=\"twitter:site\" content=\"@cnewac\" \/>\n<meta name=\"twitter:label1\" content=\"Estimation du temps de lecture\" \/>\n\t<meta name=\"twitter:data1\" content=\"1 minute\" \/>\n<script type=\"application\/ld+json\" class=\"yoast-schema-graph\">{\"@context\":\"https:\/\/schema.org\",\"@graph\":[{\"@type\":\"WebPage\",\"@id\":\"https:\/\/cnewa.org\/fr\/ou-nous-travaillons\/europe-de-lest\/\",\"url\":\"https:\/\/cnewa.org\/fr\/ou-nous-travaillons\/europe-de-lest\/\",\"name\":\"Europe de l\u2019Est | CNEWA Canada\",\"isPartOf\":{\"@id\":\"https:\/\/cnewa.org\/fr\/#website\"},\"primaryImageOfPage\":{\"@id\":\"https:\/\/cnewa.org\/fr\/ou-nous-travaillons\/europe-de-lest\/#primaryimage\"},\"image\":{\"@id\":\"https:\/\/cnewa.org\/fr\/ou-nous-travaillons\/europe-de-lest\/#primaryimage\"},\"thumbnailUrl\":\"https:\/\/cnewa.org\/fr\/wp-content\/uploads\/sites\/3\/2019\/10\/Gen-62I-1.jpg\",\"datePublished\":\"2019-10-28T21:35:14+00:00\",\"dateModified\":\"2024-02-15T20:40:42+00:00\",\"breadcrumb\":{\"@id\":\"https:\/\/cnewa.org\/fr\/ou-nous-travaillons\/europe-de-lest\/#breadcrumb\"},\"inLanguage\":\"fr-CA\",\"potentialAction\":[{\"@type\":\"ReadAction\",\"target\":[\"https:\/\/cnewa.org\/fr\/ou-nous-travaillons\/europe-de-lest\/\"]}]},{\"@type\":\"ImageObject\",\"inLanguage\":\"fr-CA\",\"@id\":\"https:\/\/cnewa.org\/fr\/ou-nous-travaillons\/europe-de-lest\/#primaryimage\",\"url\":\"https:\/\/cnewa.org\/fr\/wp-content\/uploads\/sites\/3\/2019\/10\/Gen-62I-1.jpg\",\"contentUrl\":\"https:\/\/cnewa.org\/fr\/wp-content\/uploads\/sites\/3\/2019\/10\/Gen-62I-1.jpg\",\"width\":324,\"height\":252,\"caption\":\"(photo: George Martin)\"},{\"@type\":\"BreadcrumbList\",\"@id\":\"https:\/\/cnewa.org\/fr\/ou-nous-travaillons\/europe-de-lest\/#breadcrumb\",\"itemListElement\":[{\"@type\":\"ListItem\",\"position\":1,\"name\":\"Accueil\",\"item\":\"https:\/\/cnewa.org\/fr\/\"},{\"@type\":\"ListItem\",\"position\":2,\"name\":\"O\u00f9 Nous Travaillons\",\"item\":\"https:\/\/cnewa.org\/fr\/ou-nous-travaillons\/\"},{\"@type\":\"ListItem\",\"position\":3,\"name\":\"Europe de l\u2019Est\"}]},{\"@type\":\"WebSite\",\"@id\":\"https:\/\/cnewa.org\/fr\/#website\",\"url\":\"https:\/\/cnewa.org\/fr\/\",\"name\":\"CNEWA Canada\",\"description\":\"Association catholique d\u2019aide \u00e0 l\u2019Orient\",\"publisher\":{\"@id\":\"https:\/\/cnewa.org\/fr\/#organization\"},\"potentialAction\":[{\"@type\":\"SearchAction\",\"target\":{\"@type\":\"EntryPoint\",\"urlTemplate\":\"https:\/\/cnewa.org\/fr\/?s={search_term_string}\"},\"query-input\":{\"@type\":\"PropertyValueSpecification\",\"valueRequired\":true,\"valueName\":\"search_term_string\"}}],\"inLanguage\":\"fr-CA\"},{\"@type\":\"Organization\",\"@id\":\"https:\/\/cnewa.org\/fr\/#organization\",\"name\":\"CNEWA Canada\",\"alternateName\":\"Association catholique d\u2019aide \u00e0 l\u2019Orient\",\"url\":\"https:\/\/cnewa.org\/fr\/\",\"logo\":{\"@type\":\"ImageObject\",\"inLanguage\":\"fr-CA\",\"@id\":\"https:\/\/cnewa.org\/fr\/#\/schema\/logo\/image\/\",\"url\":\"https:\/\/cnewa.org\/fr\/wp-content\/uploads\/sites\/3\/2019\/11\/CNEWA-brand-logo.png\",\"contentUrl\":\"https:\/\/cnewa.org\/fr\/wp-content\/uploads\/sites\/3\/2019\/11\/CNEWA-brand-logo.png\",\"width\":1000,\"height\":1000,\"caption\":\"CNEWA Canada\"},\"image\":{\"@id\":\"https:\/\/cnewa.org\/fr\/#\/schema\/logo\/image\/\"},\"sameAs\":[\"https:\/\/www.facebook.com\/cnewacanada\/\",\"https:\/\/x.com\/cnewac\",\"https:\/\/www.instagram.com\/cnewa1926\/\",\"https:\/\/www.youtube.com\/user\/TheCNEWA\"]}]}<\/script>\n<!-- \/ Yoast SEO Premium plugin. -->","yoast_head_json":{"title":"Europe de l\u2019Est | CNEWA Canada","robots":{"index":"index","follow":"follow","max-snippet":"max-snippet:-1","max-image-preview":"max-image-preview:large","max-video-preview":"max-video-preview:-1"},"canonical":"https:\/\/cnewa.org\/fr\/ou-nous-travaillons\/europe-de-lest\/","og_locale":"fr_CA","og_type":"article","og_title":"Europe de l\u2019Est","og_description":"Lors de l\u2019effondrement du r\u00e9gime sovi\u00e9tique en 1989, CNEWA s\u2019est joint avec plusieurs autres organisations \u00e0 la reconstruction des \u00c9glises catholiques qui furent opprim\u00e9es par les communistes. Nous avons appuy\u00e9 la renaissance des \u00c9glises en Roumanie, Slovaquie, Belarusse, Arm\u00e9nie, G\u00e9orgie, Russie et Ukraine qui y jouent un r\u00f4le pr\u00e9dominent pour r\u00e9tablir le tissue social et &hellip; Continued","og_site_name":"CNEWA Canada","article_publisher":"https:\/\/www.facebook.com\/cnewacanada\/","article_modified_time":"2024-02-15T20:40:42+00:00","og_image":[{"url":"https:\/\/cnewa.org\/fr\/wp-content\/uploads\/sites\/3\/2019\/10\/Gen-62I-1.jpg","type":"","width":"","height":""}],"twitter_card":"summary_large_image","twitter_site":"@cnewac","twitter_misc":{"Estimation du temps de lecture":"1 minute"},"schema":{"@context":"https:\/\/schema.org","@graph":[{"@type":"WebPage","@id":"https:\/\/cnewa.org\/fr\/ou-nous-travaillons\/europe-de-lest\/","url":"https:\/\/cnewa.org\/fr\/ou-nous-travaillons\/europe-de-lest\/","name":"Europe de l\u2019Est | CNEWA Canada","isPartOf":{"@id":"https:\/\/cnewa.org\/fr\/#website"},"primaryImageOfPage":{"@id":"https:\/\/cnewa.org\/fr\/ou-nous-travaillons\/europe-de-lest\/#primaryimage"},"image":{"@id":"https:\/\/cnewa.org\/fr\/ou-nous-travaillons\/europe-de-lest\/#primaryimage"},"thumbnailUrl":"https:\/\/cnewa.org\/fr\/wp-content\/uploads\/sites\/3\/2019\/10\/Gen-62I-1.jpg","datePublished":"2019-10-28T21:35:14+00:00","dateModified":"2024-02-15T20:40:42+00:00","breadcrumb":{"@id":"https:\/\/cnewa.org\/fr\/ou-nous-travaillons\/europe-de-lest\/#breadcrumb"},"inLanguage":"fr-CA","potentialAction":[{"@type":"ReadAction","target":["https:\/\/cnewa.org\/fr\/ou-nous-travaillons\/europe-de-lest\/"]}]},{"@type":"ImageObject","inLanguage":"fr-CA","@id":"https:\/\/cnewa.org\/fr\/ou-nous-travaillons\/europe-de-lest\/#primaryimage","url":"https:\/\/cnewa.org\/fr\/wp-content\/uploads\/sites\/3\/2019\/10\/Gen-62I-1.jpg","contentUrl":"https:\/\/cnewa.org\/fr\/wp-content\/uploads\/sites\/3\/2019\/10\/Gen-62I-1.jpg","width":324,"height":252,"caption":"(photo: George Martin)"},{"@type":"BreadcrumbList","@id":"https:\/\/cnewa.org\/fr\/ou-nous-travaillons\/europe-de-lest\/#breadcrumb","itemListElement":[{"@type":"ListItem","position":1,"name":"Accueil","item":"https:\/\/cnewa.org\/fr\/"},{"@type":"ListItem","position":2,"name":"O\u00f9 Nous Travaillons","item":"https:\/\/cnewa.org\/fr\/ou-nous-travaillons\/"},{"@type":"ListItem","position":3,"name":"Europe de l\u2019Est"}]},{"@type":"WebSite","@id":"https:\/\/cnewa.org\/fr\/#website","url":"https:\/\/cnewa.org\/fr\/","name":"CNEWA Canada","description":"Association catholique d\u2019aide \u00e0 l\u2019Orient","publisher":{"@id":"https:\/\/cnewa.org\/fr\/#organization"},"potentialAction":[{"@type":"SearchAction","target":{"@type":"EntryPoint","urlTemplate":"https:\/\/cnewa.org\/fr\/?s={search_term_string}"},"query-input":{"@type":"PropertyValueSpecification","valueRequired":true,"valueName":"search_term_string"}}],"inLanguage":"fr-CA"},{"@type":"Organization","@id":"https:\/\/cnewa.org\/fr\/#organization","name":"CNEWA Canada","alternateName":"Association catholique d\u2019aide \u00e0 l\u2019Orient","url":"https:\/\/cnewa.org\/fr\/","logo":{"@type":"ImageObject","inLanguage":"fr-CA","@id":"https:\/\/cnewa.org\/fr\/#\/schema\/logo\/image\/","url":"https:\/\/cnewa.org\/fr\/wp-content\/uploads\/sites\/3\/2019\/11\/CNEWA-brand-logo.png","contentUrl":"https:\/\/cnewa.org\/fr\/wp-content\/uploads\/sites\/3\/2019\/11\/CNEWA-brand-logo.png","width":1000,"height":1000,"caption":"CNEWA Canada"},"image":{"@id":"https:\/\/cnewa.org\/fr\/#\/schema\/logo\/image\/"},"sameAs":["https:\/\/www.facebook.com\/cnewacanada\/","https:\/\/x.com\/cnewac","https:\/\/www.instagram.com\/cnewa1926\/","https:\/\/www.youtube.com\/user\/TheCNEWA"]}]}},"_links":{"self":[{"href":"https:\/\/cnewa.org\/fr\/wp-json\/wp\/v2\/pages\/201","targetHints":{"allow":["GET"]}}],"collection":[{"href":"https:\/\/cnewa.org\/fr\/wp-json\/wp\/v2\/pages"}],"about":[{"href":"https:\/\/cnewa.org\/fr\/wp-json\/wp\/v2\/types\/page"}],"author":[{"embeddable":true,"href":"https:\/\/cnewa.org\/fr\/wp-json\/wp\/v2\/users\/70080"}],"replies":[{"embeddable":true,"href":"https:\/\/cnewa.org\/fr\/wp-json\/wp\/v2\/comments?post=201"}],"version-history":[{"count":2,"href":"https:\/\/cnewa.org\/fr\/wp-json\/wp\/v2\/pages\/201\/revisions"}],"predecessor-version":[{"id":206,"href":"https:\/\/cnewa.org\/fr\/wp-json\/wp\/v2\/pages\/201\/revisions\/206"}],"up":[{"embeddable":true,"href":"https:\/\/cnewa.org\/fr\/wp-json\/wp\/v2\/pages\/147"}],"wp:attachment":[{"href":"https:\/\/cnewa.org\/fr\/wp-json\/wp\/v2\/media?parent=201"}],"curies":[{"name":"wp","href":"https:\/\/api.w.org\/{rel}","templated":true}]}}