{"id":207,"date":"2019-10-28T17:46:18","date_gmt":"2019-10-28T21:46:18","guid":{"rendered":"https:\/\/cnewa.org\/fr\/?page_id=207"},"modified":"2025-06-05T12:08:22","modified_gmt":"2025-06-05T16:08:22","slug":"bureaux","status":"publish","type":"page","link":"https:\/\/cnewa.org\/fr\/bureaux\/","title":{"rendered":"Bureaux"},"content":{"rendered":"\n<h2 class=\"wp-block-heading\" id=\"h-canada\">Canada<\/h2>\n\n\n\n<p><strong>CNEWA Canada<br><\/strong>223, rue Main, Boite 80<br>Ottawa,&nbsp;Ontario K1S 1C4<br>T\u00e9l : (613) 738-9666<br>Sans frais : 1-866-322-4441<a aria-label=\"www.cnewa.org\/ca\n (opens in a new tab)\" href=\"http:\/\/www.cnewa.org\/ca\" target=\"_blank\" rel=\"noreferrer noopener\"><br><\/a>Dre Adriana Bara, <em>directrice nationale<\/em><\/p>\n\n\n\n<hr class=\"wp-block-separator has-alpha-channel-opacity\"\/>\n\n\n\n<h2 class=\"wp-block-heading\" id=\"h-etats-unis\">\u00c9tats Unis<\/h2>\n\n\n\n<p><strong>CNEWA<\/strong><br>220 East 42nd Street, Floor 27<br>New York, NY 10017<br>T\u00e9l : (212) 826-1480<br>Fax\u00a0: (212) 838-1344<br>E-mail\u00a0:\u00a0<a href=\"https:\/\/cnewa.org\/contact\/\">nous joindre ici<\/a><br>Mgr Peter I. Vaccari,<em> pr\u00e9sident<\/em><\/p>\n\n\n\n<hr class=\"wp-block-separator has-alpha-channel-opacity\"\/>\n\n\n\n<h2 class=\"wp-block-heading\" id=\"h-jerusalem\">J\u00e9rusalem<\/h2>\n\n\n\n<p><strong>Pontifical Mission-CNEWA<br><\/strong>P.O. Box 19642<br>91196 Jerusalem, Israel<br>T\u00e9l : 972 (2) 627-2126<br>Fax&nbsp;: 972 (2) 627-3777<br>E-mail&nbsp;:&nbsp;<a href=\"mailto:pmp@pmp.co.il\">pmp@pmp.co.il<\/a><br>M. Joseph Hazboun, <em>directeur r\u00e9gional<\/em><\/p>\n\n\n\n<hr class=\"wp-block-separator has-alpha-channel-opacity\"\/>\n\n\n\n<h2 class=\"wp-block-heading\" id=\"h-amman\">Amman<\/h2>\n\n\n\n<p><strong>Pontifical Mission-CNEWA<br><\/strong>P.O. Box 6495<br>Amman 11118, Jordan<br>T\u00e9l : 962 (6) 464-9240<br>Fax&nbsp;: 962 (6) 464-9282<br>E-mail&nbsp;:&nbsp;<a href=\"mailto:pmp@go.com.jo\">pmp@go.com.jo<\/a><br>M. Ra\u2019ed Bahou, <em><em>directeur r\u00e9gional<\/em><\/em><\/p>\n\n\n\n<hr class=\"wp-block-separator has-alpha-channel-opacity\"\/>\n\n\n\n<h2 class=\"wp-block-heading\" id=\"h-beyrouth\">Beyrouth<\/h2>\n\n\n\n<p><strong>Pontifical Mission-CNEWA<br><\/strong>Mar Abda Building 3rd Floor<br>Mar Abda Street, Jal-el Dib<br>Beirut, Lebanon<br>T\u00e9l : 961 (4) 714-901\/2\/3\/4<br>Fax&nbsp;: 961 (4) 714-905<br>E-mail&nbsp;:&nbsp;<a href=\"mailto:mconstantin@cnewa.org\">mconstantin@cnewa.org<\/a><br>M. Michel Constantin, <em><em>directeur r\u00e9gional pour le Liban, la Syrie et l&rsquo;Egypte<\/em><\/em><\/p>\n\n\n\n<hr class=\"wp-block-separator has-alpha-channel-opacity\"\/>\n\n\n\n<h2 class=\"wp-block-heading\" id=\"h-inde\">Inde<\/h2>\n\n\n\n<p><strong>CNEWA India<br><\/strong>P B No. 3118<br>Mount St. Thomas<br>Kakkanad P O<br>Kochi \u2014 682 030<br>Kerala<br>T\u00e9l : 0484 242 17 05<br>M. ML Thomas, <em>administrateur et directeur g\u00e9n\u00e9ral<\/em><\/p>\n\n\n\n<hr class=\"wp-block-separator has-alpha-channel-opacity\"\/>\n\n\n\n<h2 class=\"wp-block-heading\" id=\"h-italie\">Italie<\/h2>\n\n\n\n<p><strong>CNEWA<br><\/strong>Via della Conciliazione, 34<br>00193 Rome, Italy<br>T\u00e9l : 06 698 84714<br>Site web :&nbsp;<a href=\"https:\/\/cnewa.org\/it\/\" target=\"_blank\" rel=\"noreferrer noopener\">cnewa.org\/it<\/a><br>Repr\u00e9sentant l\u00e9gal : Don Marco Scandelli, J.C.D.<br>Mlle. Anna Cuzziol, <em>agente d&rsquo;administration<\/em><\/p>\n\n\n\n<p><\/p>\n","protected":false},"excerpt":{"rendered":"<p>Canada CNEWA Canada223, rue Main, Boite 80Ottawa,&nbsp;Ontario K1S 1C4T\u00e9l : (613) 738-9666Sans frais : 1-866-322-4441Dre Adriana Bara, directrice nationale \u00c9tats Unis CNEWA220 East 42nd Street, Floor 27New York, NY 10017T\u00e9l : (212) 826-1480Fax\u00a0: (212) 838-1344E-mail\u00a0:\u00a0nous joindre iciMgr Peter I. Vaccari, pr\u00e9sident J\u00e9rusalem Pontifical Mission-CNEWAP.O. Box 1964291196 Jerusalem, IsraelT\u00e9l : 972 (2) 627-2126Fax&nbsp;: 972 (2) 627-3777E-mail&nbsp;:&nbsp;pmp@pmp.co.ilM. &hellip; <a href=\"https:\/\/cnewa.org\/fr\/bureaux\/\">Continued<\/a><\/p>\n","protected":false},"author":70080,"featured_media":0,"parent":0,"menu_order":0,"comment_status":"closed","ping_status":"closed","template":"","meta":{"_acf_changed":false,"footnotes":""},"class_list":["post-207","page","type-page","status-publish","hentry"],"acf":[],"yoast_head":"<!-- This site is optimized with the Yoast SEO Premium plugin v27.2 (Yoast SEO v27.2) - https:\/\/yoast.com\/product\/yoast-seo-premium-wordpress\/ -->\n<title>Bureaux | CNEWA Canada<\/title>\n<meta name=\"robots\" content=\"index, follow, max-snippet:-1, max-image-preview:large, max-video-preview:-1\" \/>\n<link rel=\"canonical\" href=\"https:\/\/cnewa.org\/fr\/bureaux\/\" \/>\n<meta property=\"og:locale\" content=\"fr_CA\" \/>\n<meta property=\"og:type\" content=\"article\" \/>\n<meta property=\"og:title\" content=\"Bureaux\" \/>\n<meta property=\"og:description\" content=\"Canada CNEWA Canada223, rue Main, Boite 80Ottawa,&nbsp;Ontario K1S 1C4T\u00e9l : (613) 738-9666Sans frais : 1-866-322-4441Dre Adriana Bara, directrice nationale \u00c9tats Unis CNEWA220 East 42nd Street, Floor 27New York, NY 10017T\u00e9l : (212) 826-1480Fax\u00a0: (212) 838-1344E-mail\u00a0:\u00a0nous joindre iciMgr Peter I. Vaccari, pr\u00e9sident J\u00e9rusalem Pontifical Mission-CNEWAP.O. Box 1964291196 Jerusalem, IsraelT\u00e9l : 972 (2) 627-2126Fax&nbsp;: 972 (2) 627-3777E-mail&nbsp;:&nbsp;pmp@pmp.co.ilM. &hellip; Continued\" \/>\n<meta property=\"og:site_name\" content=\"CNEWA Canada\" \/>\n<meta property=\"article:publisher\" content=\"https:\/\/www.facebook.com\/cnewacanada\/\" \/>\n<meta property=\"article:modified_time\" content=\"2025-06-05T16:08:22+00:00\" \/>\n<meta name=\"twitter:card\" content=\"summary_large_image\" \/>\n<meta name=\"twitter:site\" content=\"@cnewac\" \/>\n<meta name=\"twitter:label1\" content=\"Estimation du temps de lecture\" \/>\n\t<meta name=\"twitter:data1\" content=\"1 minute\" \/>\n<script type=\"application\/ld+json\" class=\"yoast-schema-graph\">{\"@context\":\"https:\/\/schema.org\",\"@graph\":[{\"@type\":\"WebPage\",\"@id\":\"https:\/\/cnewa.org\/fr\/bureaux\/\",\"url\":\"https:\/\/cnewa.org\/fr\/bureaux\/\",\"name\":\"Bureaux | CNEWA Canada\",\"isPartOf\":{\"@id\":\"https:\/\/cnewa.org\/fr\/#website\"},\"datePublished\":\"2019-10-28T21:46:18+00:00\",\"dateModified\":\"2025-06-05T16:08:22+00:00\",\"breadcrumb\":{\"@id\":\"https:\/\/cnewa.org\/fr\/bureaux\/#breadcrumb\"},\"inLanguage\":\"fr-CA\",\"potentialAction\":[{\"@type\":\"ReadAction\",\"target\":[\"https:\/\/cnewa.org\/fr\/bureaux\/\"]}]},{\"@type\":\"BreadcrumbList\",\"@id\":\"https:\/\/cnewa.org\/fr\/bureaux\/#breadcrumb\",\"itemListElement\":[{\"@type\":\"ListItem\",\"position\":1,\"name\":\"Accueil\",\"item\":\"https:\/\/cnewa.org\/fr\/\"},{\"@type\":\"ListItem\",\"position\":2,\"name\":\"Bureaux\"}]},{\"@type\":\"WebSite\",\"@id\":\"https:\/\/cnewa.org\/fr\/#website\",\"url\":\"https:\/\/cnewa.org\/fr\/\",\"name\":\"CNEWA Canada\",\"description\":\"Association catholique d\u2019aide \u00e0 l\u2019Orient\",\"publisher\":{\"@id\":\"https:\/\/cnewa.org\/fr\/#organization\"},\"potentialAction\":[{\"@type\":\"SearchAction\",\"target\":{\"@type\":\"EntryPoint\",\"urlTemplate\":\"https:\/\/cnewa.org\/fr\/?s={search_term_string}\"},\"query-input\":{\"@type\":\"PropertyValueSpecification\",\"valueRequired\":true,\"valueName\":\"search_term_string\"}}],\"inLanguage\":\"fr-CA\"},{\"@type\":\"Organization\",\"@id\":\"https:\/\/cnewa.org\/fr\/#organization\",\"name\":\"CNEWA Canada\",\"alternateName\":\"Association catholique d\u2019aide \u00e0 l\u2019Orient\",\"url\":\"https:\/\/cnewa.org\/fr\/\",\"logo\":{\"@type\":\"ImageObject\",\"inLanguage\":\"fr-CA\",\"@id\":\"https:\/\/cnewa.org\/fr\/#\/schema\/logo\/image\/\",\"url\":\"https:\/\/cnewa.org\/fr\/wp-content\/uploads\/sites\/3\/2019\/11\/CNEWA-brand-logo.png\",\"contentUrl\":\"https:\/\/cnewa.org\/fr\/wp-content\/uploads\/sites\/3\/2019\/11\/CNEWA-brand-logo.png\",\"width\":1000,\"height\":1000,\"caption\":\"CNEWA Canada\"},\"image\":{\"@id\":\"https:\/\/cnewa.org\/fr\/#\/schema\/logo\/image\/\"},\"sameAs\":[\"https:\/\/www.facebook.com\/cnewacanada\/\",\"https:\/\/x.com\/cnewac\",\"https:\/\/www.instagram.com\/cnewa1926\/\",\"https:\/\/www.youtube.com\/user\/TheCNEWA\"]}]}<\/script>\n<!-- \/ Yoast SEO Premium plugin. -->","yoast_head_json":{"title":"Bureaux | CNEWA Canada","robots":{"index":"index","follow":"follow","max-snippet":"max-snippet:-1","max-image-preview":"max-image-preview:large","max-video-preview":"max-video-preview:-1"},"canonical":"https:\/\/cnewa.org\/fr\/bureaux\/","og_locale":"fr_CA","og_type":"article","og_title":"Bureaux","og_description":"Canada CNEWA Canada223, rue Main, Boite 80Ottawa,&nbsp;Ontario K1S 1C4T\u00e9l : (613) 738-9666Sans frais : 1-866-322-4441Dre Adriana Bara, directrice nationale \u00c9tats Unis CNEWA220 East 42nd Street, Floor 27New York, NY 10017T\u00e9l : (212) 826-1480Fax\u00a0: (212) 838-1344E-mail\u00a0:\u00a0nous joindre iciMgr Peter I. Vaccari, pr\u00e9sident J\u00e9rusalem Pontifical Mission-CNEWAP.O. Box 1964291196 Jerusalem, IsraelT\u00e9l : 972 (2) 627-2126Fax&nbsp;: 972 (2) 627-3777E-mail&nbsp;:&nbsp;pmp@pmp.co.ilM. &hellip; Continued","og_site_name":"CNEWA Canada","article_publisher":"https:\/\/www.facebook.com\/cnewacanada\/","article_modified_time":"2025-06-05T16:08:22+00:00","twitter_card":"summary_large_image","twitter_site":"@cnewac","twitter_misc":{"Estimation du temps de lecture":"1 minute"},"schema":{"@context":"https:\/\/schema.org","@graph":[{"@type":"WebPage","@id":"https:\/\/cnewa.org\/fr\/bureaux\/","url":"https:\/\/cnewa.org\/fr\/bureaux\/","name":"Bureaux | CNEWA Canada","isPartOf":{"@id":"https:\/\/cnewa.org\/fr\/#website"},"datePublished":"2019-10-28T21:46:18+00:00","dateModified":"2025-06-05T16:08:22+00:00","breadcrumb":{"@id":"https:\/\/cnewa.org\/fr\/bureaux\/#breadcrumb"},"inLanguage":"fr-CA","potentialAction":[{"@type":"ReadAction","target":["https:\/\/cnewa.org\/fr\/bureaux\/"]}]},{"@type":"BreadcrumbList","@id":"https:\/\/cnewa.org\/fr\/bureaux\/#breadcrumb","itemListElement":[{"@type":"ListItem","position":1,"name":"Accueil","item":"https:\/\/cnewa.org\/fr\/"},{"@type":"ListItem","position":2,"name":"Bureaux"}]},{"@type":"WebSite","@id":"https:\/\/cnewa.org\/fr\/#website","url":"https:\/\/cnewa.org\/fr\/","name":"CNEWA Canada","description":"Association catholique d\u2019aide \u00e0 l\u2019Orient","publisher":{"@id":"https:\/\/cnewa.org\/fr\/#organization"},"potentialAction":[{"@type":"SearchAction","target":{"@type":"EntryPoint","urlTemplate":"https:\/\/cnewa.org\/fr\/?s={search_term_string}"},"query-input":{"@type":"PropertyValueSpecification","valueRequired":true,"valueName":"search_term_string"}}],"inLanguage":"fr-CA"},{"@type":"Organization","@id":"https:\/\/cnewa.org\/fr\/#organization","name":"CNEWA Canada","alternateName":"Association catholique d\u2019aide \u00e0 l\u2019Orient","url":"https:\/\/cnewa.org\/fr\/","logo":{"@type":"ImageObject","inLanguage":"fr-CA","@id":"https:\/\/cnewa.org\/fr\/#\/schema\/logo\/image\/","url":"https:\/\/cnewa.org\/fr\/wp-content\/uploads\/sites\/3\/2019\/11\/CNEWA-brand-logo.png","contentUrl":"https:\/\/cnewa.org\/fr\/wp-content\/uploads\/sites\/3\/2019\/11\/CNEWA-brand-logo.png","width":1000,"height":1000,"caption":"CNEWA Canada"},"image":{"@id":"https:\/\/cnewa.org\/fr\/#\/schema\/logo\/image\/"},"sameAs":["https:\/\/www.facebook.com\/cnewacanada\/","https:\/\/x.com\/cnewac","https:\/\/www.instagram.com\/cnewa1926\/","https:\/\/www.youtube.com\/user\/TheCNEWA"]}]}},"_links":{"self":[{"href":"https:\/\/cnewa.org\/fr\/wp-json\/wp\/v2\/pages\/207","targetHints":{"allow":["GET"]}}],"collection":[{"href":"https:\/\/cnewa.org\/fr\/wp-json\/wp\/v2\/pages"}],"about":[{"href":"https:\/\/cnewa.org\/fr\/wp-json\/wp\/v2\/types\/page"}],"author":[{"embeddable":true,"href":"https:\/\/cnewa.org\/fr\/wp-json\/wp\/v2\/users\/70080"}],"replies":[{"embeddable":true,"href":"https:\/\/cnewa.org\/fr\/wp-json\/wp\/v2\/comments?post=207"}],"version-history":[{"count":25,"href":"https:\/\/cnewa.org\/fr\/wp-json\/wp\/v2\/pages\/207\/revisions"}],"predecessor-version":[{"id":2365,"href":"https:\/\/cnewa.org\/fr\/wp-json\/wp\/v2\/pages\/207\/revisions\/2365"}],"wp:attachment":[{"href":"https:\/\/cnewa.org\/fr\/wp-json\/wp\/v2\/media?parent=207"}],"curies":[{"name":"wp","href":"https:\/\/api.w.org\/{rel}","templated":true}]}}