{"id":217,"date":"2019-10-29T09:45:58","date_gmt":"2019-10-29T13:45:58","guid":{"rendered":"https:\/\/cnewa.org\/fr\/?page_id=217"},"modified":"2026-03-25T13:15:25","modified_gmt":"2026-03-25T17:15:25","slug":"donnez-mensuellement","status":"publish","type":"page","link":"https:\/\/cnewa.org\/fr\/donnez-mensuellement\/","title":{"rendered":"Donner mensuellement vous permet de faire une diff\u00e9rence pendant toute l\u2019ann\u00e9e. C\u2019est aussi une belle fa\u00e7on de r\u00e9duire nos co\u00fbts administratifs et d\u2019aider l\u2019environnement."},"content":{"rendered":"\n<iframe loading=\"lazy\" id=\"mcrmIframe\" src=\"https:\/\/secure.cnewa.org\/Donation\/CA-FR-donate-monthly\/\" height=\"800\" width=\"100%\"><\/iframe>\n","protected":false},"excerpt":{"rendered":"","protected":false},"author":70080,"featured_media":0,"parent":0,"menu_order":0,"comment_status":"closed","ping_status":"closed","template":"","meta":{"_acf_changed":false,"footnotes":""},"class_list":["post-217","page","type-page","status-publish","hentry"],"acf":[],"yoast_head":"<!-- This site is optimized with the Yoast SEO Premium plugin v27.2 (Yoast SEO v27.2) - https:\/\/yoast.com\/product\/yoast-seo-premium-wordpress\/ -->\n<title>Donner mensuellement vous permet de faire une diff\u00e9rence pendant toute l\u2019ann\u00e9e. C\u2019est aussi une belle fa\u00e7on de r\u00e9duire nos co\u00fbts administratifs et d\u2019aider l\u2019environnement. | CNEWA Canada<\/title>\n<meta name=\"robots\" content=\"index, follow, max-snippet:-1, max-image-preview:large, max-video-preview:-1\" \/>\n<link rel=\"canonical\" href=\"https:\/\/cnewa.org\/fr\/donnez-mensuellement\/\" \/>\n<meta property=\"og:locale\" content=\"fr_CA\" \/>\n<meta property=\"og:type\" content=\"article\" \/>\n<meta property=\"og:title\" content=\"Donner mensuellement vous permet de faire une diff\u00e9rence pendant toute l\u2019ann\u00e9e. C\u2019est aussi une belle fa\u00e7on de r\u00e9duire nos co\u00fbts administratifs et d\u2019aider l\u2019environnement.\" \/>\n<meta property=\"og:site_name\" content=\"CNEWA Canada\" \/>\n<meta property=\"article:publisher\" content=\"https:\/\/www.facebook.com\/cnewacanada\/\" \/>\n<meta property=\"article:modified_time\" content=\"2026-03-25T17:15:25+00:00\" \/>\n<meta name=\"twitter:card\" content=\"summary_large_image\" \/>\n<meta name=\"twitter:site\" content=\"@cnewac\" \/>\n<script type=\"application\/ld+json\" class=\"yoast-schema-graph\">{\"@context\":\"https:\/\/schema.org\",\"@graph\":[{\"@type\":\"WebPage\",\"@id\":\"https:\/\/cnewa.org\/fr\/donnez-mensuellement\/\",\"url\":\"https:\/\/cnewa.org\/fr\/donnez-mensuellement\/\",\"name\":\"Donner mensuellement vous permet de faire une diff\u00e9rence pendant toute l\u2019ann\u00e9e. C\u2019est aussi une belle fa\u00e7on de r\u00e9duire nos co\u00fbts administratifs et d\u2019aider l\u2019environnement. | CNEWA Canada\",\"isPartOf\":{\"@id\":\"https:\/\/cnewa.org\/fr\/#website\"},\"datePublished\":\"2019-10-29T13:45:58+00:00\",\"dateModified\":\"2026-03-25T17:15:25+00:00\",\"breadcrumb\":{\"@id\":\"https:\/\/cnewa.org\/fr\/donnez-mensuellement\/#breadcrumb\"},\"inLanguage\":\"fr-CA\",\"potentialAction\":[{\"@type\":\"ReadAction\",\"target\":[\"https:\/\/cnewa.org\/fr\/donnez-mensuellement\/\"]}]},{\"@type\":\"BreadcrumbList\",\"@id\":\"https:\/\/cnewa.org\/fr\/donnez-mensuellement\/#breadcrumb\",\"itemListElement\":[{\"@type\":\"ListItem\",\"position\":1,\"name\":\"Accueil\",\"item\":\"https:\/\/cnewa.org\/fr\/\"},{\"@type\":\"ListItem\",\"position\":2,\"name\":\"Donnez Mensuellement\"}]},{\"@type\":\"WebSite\",\"@id\":\"https:\/\/cnewa.org\/fr\/#website\",\"url\":\"https:\/\/cnewa.org\/fr\/\",\"name\":\"CNEWA Canada\",\"description\":\"Association catholique d\u2019aide \u00e0 l\u2019Orient\",\"publisher\":{\"@id\":\"https:\/\/cnewa.org\/fr\/#organization\"},\"potentialAction\":[{\"@type\":\"SearchAction\",\"target\":{\"@type\":\"EntryPoint\",\"urlTemplate\":\"https:\/\/cnewa.org\/fr\/?s={search_term_string}\"},\"query-input\":{\"@type\":\"PropertyValueSpecification\",\"valueRequired\":true,\"valueName\":\"search_term_string\"}}],\"inLanguage\":\"fr-CA\"},{\"@type\":\"Organization\",\"@id\":\"https:\/\/cnewa.org\/fr\/#organization\",\"name\":\"CNEWA Canada\",\"alternateName\":\"Association catholique d\u2019aide \u00e0 l\u2019Orient\",\"url\":\"https:\/\/cnewa.org\/fr\/\",\"logo\":{\"@type\":\"ImageObject\",\"inLanguage\":\"fr-CA\",\"@id\":\"https:\/\/cnewa.org\/fr\/#\/schema\/logo\/image\/\",\"url\":\"https:\/\/cnewa.org\/fr\/wp-content\/uploads\/sites\/3\/2019\/11\/CNEWA-brand-logo.png\",\"contentUrl\":\"https:\/\/cnewa.org\/fr\/wp-content\/uploads\/sites\/3\/2019\/11\/CNEWA-brand-logo.png\",\"width\":1000,\"height\":1000,\"caption\":\"CNEWA Canada\"},\"image\":{\"@id\":\"https:\/\/cnewa.org\/fr\/#\/schema\/logo\/image\/\"},\"sameAs\":[\"https:\/\/www.facebook.com\/cnewacanada\/\",\"https:\/\/x.com\/cnewac\",\"https:\/\/www.instagram.com\/cnewa1926\/\",\"https:\/\/www.youtube.com\/user\/TheCNEWA\"]}]}<\/script>\n<!-- \/ Yoast SEO Premium plugin. -->","yoast_head_json":{"title":"Donner mensuellement vous permet de faire une diff\u00e9rence pendant toute l\u2019ann\u00e9e. C\u2019est aussi une belle fa\u00e7on de r\u00e9duire nos co\u00fbts administratifs et d\u2019aider l\u2019environnement. | CNEWA Canada","robots":{"index":"index","follow":"follow","max-snippet":"max-snippet:-1","max-image-preview":"max-image-preview:large","max-video-preview":"max-video-preview:-1"},"canonical":"https:\/\/cnewa.org\/fr\/donnez-mensuellement\/","og_locale":"fr_CA","og_type":"article","og_title":"Donner mensuellement vous permet de faire une diff\u00e9rence pendant toute l\u2019ann\u00e9e. C\u2019est aussi une belle fa\u00e7on de r\u00e9duire nos co\u00fbts administratifs et d\u2019aider l\u2019environnement.","og_site_name":"CNEWA Canada","article_publisher":"https:\/\/www.facebook.com\/cnewacanada\/","article_modified_time":"2026-03-25T17:15:25+00:00","twitter_card":"summary_large_image","twitter_site":"@cnewac","schema":{"@context":"https:\/\/schema.org","@graph":[{"@type":"WebPage","@id":"https:\/\/cnewa.org\/fr\/donnez-mensuellement\/","url":"https:\/\/cnewa.org\/fr\/donnez-mensuellement\/","name":"Donner mensuellement vous permet de faire une diff\u00e9rence pendant toute l\u2019ann\u00e9e. C\u2019est aussi une belle fa\u00e7on de r\u00e9duire nos co\u00fbts administratifs et d\u2019aider l\u2019environnement. | CNEWA Canada","isPartOf":{"@id":"https:\/\/cnewa.org\/fr\/#website"},"datePublished":"2019-10-29T13:45:58+00:00","dateModified":"2026-03-25T17:15:25+00:00","breadcrumb":{"@id":"https:\/\/cnewa.org\/fr\/donnez-mensuellement\/#breadcrumb"},"inLanguage":"fr-CA","potentialAction":[{"@type":"ReadAction","target":["https:\/\/cnewa.org\/fr\/donnez-mensuellement\/"]}]},{"@type":"BreadcrumbList","@id":"https:\/\/cnewa.org\/fr\/donnez-mensuellement\/#breadcrumb","itemListElement":[{"@type":"ListItem","position":1,"name":"Accueil","item":"https:\/\/cnewa.org\/fr\/"},{"@type":"ListItem","position":2,"name":"Donnez Mensuellement"}]},{"@type":"WebSite","@id":"https:\/\/cnewa.org\/fr\/#website","url":"https:\/\/cnewa.org\/fr\/","name":"CNEWA Canada","description":"Association catholique d\u2019aide \u00e0 l\u2019Orient","publisher":{"@id":"https:\/\/cnewa.org\/fr\/#organization"},"potentialAction":[{"@type":"SearchAction","target":{"@type":"EntryPoint","urlTemplate":"https:\/\/cnewa.org\/fr\/?s={search_term_string}"},"query-input":{"@type":"PropertyValueSpecification","valueRequired":true,"valueName":"search_term_string"}}],"inLanguage":"fr-CA"},{"@type":"Organization","@id":"https:\/\/cnewa.org\/fr\/#organization","name":"CNEWA Canada","alternateName":"Association catholique d\u2019aide \u00e0 l\u2019Orient","url":"https:\/\/cnewa.org\/fr\/","logo":{"@type":"ImageObject","inLanguage":"fr-CA","@id":"https:\/\/cnewa.org\/fr\/#\/schema\/logo\/image\/","url":"https:\/\/cnewa.org\/fr\/wp-content\/uploads\/sites\/3\/2019\/11\/CNEWA-brand-logo.png","contentUrl":"https:\/\/cnewa.org\/fr\/wp-content\/uploads\/sites\/3\/2019\/11\/CNEWA-brand-logo.png","width":1000,"height":1000,"caption":"CNEWA Canada"},"image":{"@id":"https:\/\/cnewa.org\/fr\/#\/schema\/logo\/image\/"},"sameAs":["https:\/\/www.facebook.com\/cnewacanada\/","https:\/\/x.com\/cnewac","https:\/\/www.instagram.com\/cnewa1926\/","https:\/\/www.youtube.com\/user\/TheCNEWA"]}]}},"_links":{"self":[{"href":"https:\/\/cnewa.org\/fr\/wp-json\/wp\/v2\/pages\/217","targetHints":{"allow":["GET"]}}],"collection":[{"href":"https:\/\/cnewa.org\/fr\/wp-json\/wp\/v2\/pages"}],"about":[{"href":"https:\/\/cnewa.org\/fr\/wp-json\/wp\/v2\/types\/page"}],"author":[{"embeddable":true,"href":"https:\/\/cnewa.org\/fr\/wp-json\/wp\/v2\/users\/70080"}],"replies":[{"embeddable":true,"href":"https:\/\/cnewa.org\/fr\/wp-json\/wp\/v2\/comments?post=217"}],"version-history":[{"count":14,"href":"https:\/\/cnewa.org\/fr\/wp-json\/wp\/v2\/pages\/217\/revisions"}],"predecessor-version":[{"id":2909,"href":"https:\/\/cnewa.org\/fr\/wp-json\/wp\/v2\/pages\/217\/revisions\/2909"}],"wp:attachment":[{"href":"https:\/\/cnewa.org\/fr\/wp-json\/wp\/v2\/media?parent=217"}],"curies":[{"name":"wp","href":"https:\/\/api.w.org\/{rel}","templated":true}]}}