{"id":224,"date":"2019-10-29T09:55:46","date_gmt":"2019-10-29T13:55:46","guid":{"rendered":"https:\/\/cnewa.org\/fr\/?page_id=224"},"modified":"2024-09-03T08:37:03","modified_gmt":"2024-09-03T12:37:03","slug":"legs-testamentaire","status":"publish","type":"page","link":"https:\/\/cnewa.org\/fr\/legs-testamentaire\/","title":{"rendered":"Legs testamentaire"},"content":{"rendered":"\n<h2 class=\"wp-block-heading\" id=\"h-dons-par-legs-testamentaire\">Dons par legs testamentaire<\/h2>\n\n\n\n<p>Un don par testament est certainement une des fa\u00e7ons les plus simples et efficaces pour appuyer les populations et les communaut\u00e9s chr\u00e9tiennes fragilis\u00e9es de l\u2019Orient.<\/p>\n\n\n\n<p>Gr\u00e2ce \u00e0 votre soutien, vous donnez espoir \u00e0 des milliers de personnes pour les ann\u00e9es \u00e0 venir. De fait, CNEWA a pu maintenir la plupart de ses programmes, gr\u00e2ce \u00e0 la g\u00e9n\u00e9rosit\u00e9 et \u00e0 la vision de ses anciens donateurs.<\/p>\n\n\n\n<p>Si vous \u00eates \u00e0 pr\u00e9parer votre testament, ou si vous comptez le faire bient\u00f4t, vous pouvez consid\u00e9rer les trois options suivantes qui sont les plus courantes: <\/p>\n\n\n\n<h3 class=\"wp-block-heading\" id=\"h-pourcentage-de-votre-succession\">Pourcentage de votre succession :<\/h3>\n\n\n\n<p>\u201cJe l\u00e8gue \u00e0 CNEWA Canada, 223, rue Main Boite 80, Ottawa, Ontario K1S 1C4, ____ pourcent (%) de ma succession, \u00e0 \u00eatre utilis\u00e9 l\u00e0 o\u00f9 le besoin est le plus urgent.\u201d<\/p>\n\n\n\n<h3 class=\"wp-block-heading\" id=\"h-montant-precis\">Montant Pr\u00e9cis:<\/h3>\n\n\n\n<p>\u201cJe l\u00e8gue \u00e0 CNEWA Canada, 223, rue Main Boite 80, Ottawa, Ontario K1S 1C4, la somme de ______$ \u00e0 \u00eatre utilis\u00e9e l\u00e0 o\u00f9 le besoin est le plus urgent.\u201d<\/p>\n\n\n\n<h3 class=\"wp-block-heading\" id=\"h-residuaire-de-votre-succession\">R\u00e9siduaire de votre succession:<\/h3>\n\n\n\n<p>\u201cJe l\u00e8gue \u00e0 CNEWA Canada, 223, rue Main Boite 80, Ottawa, Ontario K1S 1C4, tout le r\u00e9siduaire de ma succession, incluant, sans limitation, les valeurs mobili\u00e8res.\u201d<\/p>\n\n\n\n<p>Vous pouvez aussi d\u00e9cider que votre don testamentaire soit utilis\u00e9 sp\u00e9cifiquement pour certains projets tels que l\u2019assistance humanitaire, le soutien pastoral ou l\u2019aide aux communaut\u00e9s chr\u00e9tiennes.<\/p>\n\n\n\n<p>Inscrivez notre nom l\u00e9gal et notre num\u00e9ro d\u2019enregistrement afin de pr\u00e9venir toute confusion avec d\u2019autres organismes similaires.<\/p>\n\n\n\n<p>Nom l\u00e9gal: CNEWA Canada<\/p>\n\n\n\n<p>Num\u00e9ro d\u2019enregistrement: 86775 7502 RR0001<\/p>\n\n\n\n<p><strong>Pour en savoir plus, appelez au num\u00e9ro sans frais: 1-866-322-4441<\/strong><\/p>\n\n\n\n<div style=\"height:50px\" aria-hidden=\"true\" class=\"wp-block-spacer\"><\/div>\n\n\n\n<figure class=\"wp-block-embed is-type-video is-provider-youtube wp-block-embed-youtube wp-embed-aspect-16-9 wp-has-aspect-ratio\"><div class=\"wp-block-embed__wrapper\">\n<iframe loading=\"lazy\" title=\"CNEWA SE SOUVIENT\" width=\"500\" height=\"281\" src=\"https:\/\/www.youtube.com\/embed\/ODNSxnkw6c8?feature=oembed\" frameborder=\"0\" allow=\"accelerometer; autoplay; clipboard-write; encrypted-media; gyroscope; picture-in-picture; web-share\" referrerpolicy=\"strict-origin-when-cross-origin\" allowfullscreen><\/iframe>\n<\/div><\/figure>\n","protected":false},"excerpt":{"rendered":"<p>Dons par legs testamentaire Un don par testament est certainement une des fa\u00e7ons les plus simples et efficaces pour appuyer les populations et les communaut\u00e9s chr\u00e9tiennes fragilis\u00e9es de l\u2019Orient. Gr\u00e2ce \u00e0 votre soutien, vous donnez espoir \u00e0 des milliers de personnes pour les ann\u00e9es \u00e0 venir. De fait, CNEWA a pu maintenir la plupart de &hellip; <a href=\"https:\/\/cnewa.org\/fr\/legs-testamentaire\/\">Continued<\/a><\/p>\n","protected":false},"author":70080,"featured_media":0,"parent":0,"menu_order":0,"comment_status":"closed","ping_status":"closed","template":"","meta":{"_acf_changed":false,"footnotes":""},"class_list":["post-224","page","type-page","status-publish","hentry"],"acf":[],"yoast_head":"<!-- This site is optimized with the Yoast SEO Premium plugin v27.2 (Yoast SEO v27.2) - https:\/\/yoast.com\/product\/yoast-seo-premium-wordpress\/ -->\n<title>Legs testamentaire | CNEWA Canada<\/title>\n<meta name=\"robots\" content=\"index, follow, max-snippet:-1, max-image-preview:large, max-video-preview:-1\" \/>\n<link rel=\"canonical\" href=\"https:\/\/cnewa.org\/fr\/legs-testamentaire\/\" \/>\n<meta property=\"og:locale\" content=\"fr_CA\" \/>\n<meta property=\"og:type\" content=\"article\" \/>\n<meta property=\"og:title\" content=\"Legs testamentaire\" \/>\n<meta property=\"og:description\" content=\"Dons par legs testamentaire Un don par testament est certainement une des fa\u00e7ons les plus simples et efficaces pour appuyer les populations et les communaut\u00e9s chr\u00e9tiennes fragilis\u00e9es de l\u2019Orient. Gr\u00e2ce \u00e0 votre soutien, vous donnez espoir \u00e0 des milliers de personnes pour les ann\u00e9es \u00e0 venir. De fait, CNEWA a pu maintenir la plupart de &hellip; Continued\" \/>\n<meta property=\"og:site_name\" content=\"CNEWA Canada\" \/>\n<meta property=\"article:publisher\" content=\"https:\/\/www.facebook.com\/cnewacanada\/\" \/>\n<meta property=\"article:modified_time\" content=\"2024-09-03T12:37:03+00:00\" \/>\n<meta name=\"twitter:card\" content=\"summary_large_image\" \/>\n<meta name=\"twitter:site\" content=\"@cnewac\" \/>\n<meta name=\"twitter:label1\" content=\"Estimation du temps de lecture\" \/>\n\t<meta name=\"twitter:data1\" content=\"2 minutes\" \/>\n<script type=\"application\/ld+json\" class=\"yoast-schema-graph\">{\"@context\":\"https:\/\/schema.org\",\"@graph\":[{\"@type\":\"WebPage\",\"@id\":\"https:\/\/cnewa.org\/fr\/legs-testamentaire\/\",\"url\":\"https:\/\/cnewa.org\/fr\/legs-testamentaire\/\",\"name\":\"Legs testamentaire | CNEWA Canada\",\"isPartOf\":{\"@id\":\"https:\/\/cnewa.org\/fr\/#website\"},\"datePublished\":\"2019-10-29T13:55:46+00:00\",\"dateModified\":\"2024-09-03T12:37:03+00:00\",\"breadcrumb\":{\"@id\":\"https:\/\/cnewa.org\/fr\/legs-testamentaire\/#breadcrumb\"},\"inLanguage\":\"fr-CA\",\"potentialAction\":[{\"@type\":\"ReadAction\",\"target\":[\"https:\/\/cnewa.org\/fr\/legs-testamentaire\/\"]}]},{\"@type\":\"BreadcrumbList\",\"@id\":\"https:\/\/cnewa.org\/fr\/legs-testamentaire\/#breadcrumb\",\"itemListElement\":[{\"@type\":\"ListItem\",\"position\":1,\"name\":\"Accueil\",\"item\":\"https:\/\/cnewa.org\/fr\/\"},{\"@type\":\"ListItem\",\"position\":2,\"name\":\"Legs testamentaire\"}]},{\"@type\":\"WebSite\",\"@id\":\"https:\/\/cnewa.org\/fr\/#website\",\"url\":\"https:\/\/cnewa.org\/fr\/\",\"name\":\"CNEWA Canada\",\"description\":\"Association catholique d\u2019aide \u00e0 l\u2019Orient\",\"publisher\":{\"@id\":\"https:\/\/cnewa.org\/fr\/#organization\"},\"potentialAction\":[{\"@type\":\"SearchAction\",\"target\":{\"@type\":\"EntryPoint\",\"urlTemplate\":\"https:\/\/cnewa.org\/fr\/?s={search_term_string}\"},\"query-input\":{\"@type\":\"PropertyValueSpecification\",\"valueRequired\":true,\"valueName\":\"search_term_string\"}}],\"inLanguage\":\"fr-CA\"},{\"@type\":\"Organization\",\"@id\":\"https:\/\/cnewa.org\/fr\/#organization\",\"name\":\"CNEWA Canada\",\"alternateName\":\"Association catholique d\u2019aide \u00e0 l\u2019Orient\",\"url\":\"https:\/\/cnewa.org\/fr\/\",\"logo\":{\"@type\":\"ImageObject\",\"inLanguage\":\"fr-CA\",\"@id\":\"https:\/\/cnewa.org\/fr\/#\/schema\/logo\/image\/\",\"url\":\"https:\/\/cnewa.org\/fr\/wp-content\/uploads\/sites\/3\/2019\/11\/CNEWA-brand-logo.png\",\"contentUrl\":\"https:\/\/cnewa.org\/fr\/wp-content\/uploads\/sites\/3\/2019\/11\/CNEWA-brand-logo.png\",\"width\":1000,\"height\":1000,\"caption\":\"CNEWA Canada\"},\"image\":{\"@id\":\"https:\/\/cnewa.org\/fr\/#\/schema\/logo\/image\/\"},\"sameAs\":[\"https:\/\/www.facebook.com\/cnewacanada\/\",\"https:\/\/x.com\/cnewac\",\"https:\/\/www.instagram.com\/cnewa1926\/\",\"https:\/\/www.youtube.com\/user\/TheCNEWA\"]}]}<\/script>\n<!-- \/ Yoast SEO Premium plugin. -->","yoast_head_json":{"title":"Legs testamentaire | CNEWA Canada","robots":{"index":"index","follow":"follow","max-snippet":"max-snippet:-1","max-image-preview":"max-image-preview:large","max-video-preview":"max-video-preview:-1"},"canonical":"https:\/\/cnewa.org\/fr\/legs-testamentaire\/","og_locale":"fr_CA","og_type":"article","og_title":"Legs testamentaire","og_description":"Dons par legs testamentaire Un don par testament est certainement une des fa\u00e7ons les plus simples et efficaces pour appuyer les populations et les communaut\u00e9s chr\u00e9tiennes fragilis\u00e9es de l\u2019Orient. Gr\u00e2ce \u00e0 votre soutien, vous donnez espoir \u00e0 des milliers de personnes pour les ann\u00e9es \u00e0 venir. De fait, CNEWA a pu maintenir la plupart de &hellip; Continued","og_site_name":"CNEWA Canada","article_publisher":"https:\/\/www.facebook.com\/cnewacanada\/","article_modified_time":"2024-09-03T12:37:03+00:00","twitter_card":"summary_large_image","twitter_site":"@cnewac","twitter_misc":{"Estimation du temps de lecture":"2 minutes"},"schema":{"@context":"https:\/\/schema.org","@graph":[{"@type":"WebPage","@id":"https:\/\/cnewa.org\/fr\/legs-testamentaire\/","url":"https:\/\/cnewa.org\/fr\/legs-testamentaire\/","name":"Legs testamentaire | CNEWA Canada","isPartOf":{"@id":"https:\/\/cnewa.org\/fr\/#website"},"datePublished":"2019-10-29T13:55:46+00:00","dateModified":"2024-09-03T12:37:03+00:00","breadcrumb":{"@id":"https:\/\/cnewa.org\/fr\/legs-testamentaire\/#breadcrumb"},"inLanguage":"fr-CA","potentialAction":[{"@type":"ReadAction","target":["https:\/\/cnewa.org\/fr\/legs-testamentaire\/"]}]},{"@type":"BreadcrumbList","@id":"https:\/\/cnewa.org\/fr\/legs-testamentaire\/#breadcrumb","itemListElement":[{"@type":"ListItem","position":1,"name":"Accueil","item":"https:\/\/cnewa.org\/fr\/"},{"@type":"ListItem","position":2,"name":"Legs testamentaire"}]},{"@type":"WebSite","@id":"https:\/\/cnewa.org\/fr\/#website","url":"https:\/\/cnewa.org\/fr\/","name":"CNEWA Canada","description":"Association catholique d\u2019aide \u00e0 l\u2019Orient","publisher":{"@id":"https:\/\/cnewa.org\/fr\/#organization"},"potentialAction":[{"@type":"SearchAction","target":{"@type":"EntryPoint","urlTemplate":"https:\/\/cnewa.org\/fr\/?s={search_term_string}"},"query-input":{"@type":"PropertyValueSpecification","valueRequired":true,"valueName":"search_term_string"}}],"inLanguage":"fr-CA"},{"@type":"Organization","@id":"https:\/\/cnewa.org\/fr\/#organization","name":"CNEWA Canada","alternateName":"Association catholique d\u2019aide \u00e0 l\u2019Orient","url":"https:\/\/cnewa.org\/fr\/","logo":{"@type":"ImageObject","inLanguage":"fr-CA","@id":"https:\/\/cnewa.org\/fr\/#\/schema\/logo\/image\/","url":"https:\/\/cnewa.org\/fr\/wp-content\/uploads\/sites\/3\/2019\/11\/CNEWA-brand-logo.png","contentUrl":"https:\/\/cnewa.org\/fr\/wp-content\/uploads\/sites\/3\/2019\/11\/CNEWA-brand-logo.png","width":1000,"height":1000,"caption":"CNEWA Canada"},"image":{"@id":"https:\/\/cnewa.org\/fr\/#\/schema\/logo\/image\/"},"sameAs":["https:\/\/www.facebook.com\/cnewacanada\/","https:\/\/x.com\/cnewac","https:\/\/www.instagram.com\/cnewa1926\/","https:\/\/www.youtube.com\/user\/TheCNEWA"]}]}},"_links":{"self":[{"href":"https:\/\/cnewa.org\/fr\/wp-json\/wp\/v2\/pages\/224","targetHints":{"allow":["GET"]}}],"collection":[{"href":"https:\/\/cnewa.org\/fr\/wp-json\/wp\/v2\/pages"}],"about":[{"href":"https:\/\/cnewa.org\/fr\/wp-json\/wp\/v2\/types\/page"}],"author":[{"embeddable":true,"href":"https:\/\/cnewa.org\/fr\/wp-json\/wp\/v2\/users\/70080"}],"replies":[{"embeddable":true,"href":"https:\/\/cnewa.org\/fr\/wp-json\/wp\/v2\/comments?post=224"}],"version-history":[{"count":4,"href":"https:\/\/cnewa.org\/fr\/wp-json\/wp\/v2\/pages\/224\/revisions"}],"predecessor-version":[{"id":1985,"href":"https:\/\/cnewa.org\/fr\/wp-json\/wp\/v2\/pages\/224\/revisions\/1985"}],"wp:attachment":[{"href":"https:\/\/cnewa.org\/fr\/wp-json\/wp\/v2\/media?parent=224"}],"curies":[{"name":"wp","href":"https:\/\/api.w.org\/{rel}","templated":true}]}}