{"id":237,"date":"2019-10-29T10:07:15","date_gmt":"2019-10-29T14:07:15","guid":{"rendered":"https:\/\/cnewa.org\/fr\/?page_id=237"},"modified":"2025-04-16T15:45:50","modified_gmt":"2025-04-16T19:45:50","slug":"politique-de-confidentialite","status":"publish","type":"page","link":"https:\/\/cnewa.org\/fr\/politique-de-confidentialite\/","title":{"rendered":"Politique de confidentialit\u00e9"},"content":{"rendered":"\n<p>Derni\u00e8re mise \u00e0 jour&nbsp;: Le 2 mars 2023 \u00e0 14&nbsp;h&nbsp;32<\/p>\n\n\n\n<p>Nous accordons une grande importance \u00e0 la protection de votre vie priv\u00e9e. Veuillez lire attentivement la pr\u00e9sente politique de confidentialit\u00e9 avant d\u2019utiliser le site Web <a href=\"https:\/\/cnewa.org\/fr\">https:\/\/cnewa.org\/fr<\/a> (le \u00ab&nbsp;site Web&nbsp;\u00bb) g\u00e9r\u00e9 par CNEWA Canada, un organisme \u00e0 but non lucratif constitu\u00e9 au Canada (\u00ab&nbsp;nous&nbsp;\u00bb, \u00ab&nbsp;nos&nbsp;\u00bb, \u00ab&nbsp;notre&nbsp;\u00bb), car cette politique de confidentialit\u00e9 contient des renseignements importants concernant votre vie priv\u00e9e et la fa\u00e7on dont nous pouvons utiliser les renseignements que nous recueillons \u00e0 votre sujet.<\/p>\n\n\n\n<p>L\u2019acc\u00e8s au site Web et son utilisation sont assujettis \u00e0 l\u2019acceptation et au respect de la pr\u00e9sente politique de confidentialit\u00e9. La pr\u00e9sente politique de confidentialit\u00e9 s\u2019applique \u00e0 toute personne, y compris, sans toutefois s\u2019y limiter&nbsp;: les visiteurs, les utilisateurs et les autres personnes qui souhaitent acc\u00e9der au site Web ou l\u2019utiliser.<\/p>\n\n\n\n<p>En acc\u00e9dant au site Web ou en l\u2019utilisant, vous acceptez d\u2019\u00eatre li\u00e9 par la pr\u00e9sente politique de confidentialit\u00e9. Si vous n\u2019\u00eates pas d\u2019accord avec une partie de cette politique de confidentialit\u00e9, vous n\u2019avez pas l\u2019autorisation d\u2019acc\u00e9der au site Web ou de l\u2019utiliser.<\/p>\n\n\n\n<h2 class=\"wp-block-heading\">Nous recueillons tous les renseignements que vous entrez sur ce site Web. <\/h2>\n\n\n\n<p>Ces renseignements vous concernant sont les suivants&nbsp;:<\/p>\n\n\n\n<details class=\"wp-block-details is-layout-flow wp-block-details-is-layout-flow\"><summary>Renseignements d\u2019identification &#8211; Nom<\/summary>\n<h3 class=\"wp-block-heading\" id=\"h-element-precis-d-information\">\u00c9l\u00e9ment pr\u00e9cis d\u2019information<\/h3>\n\n\n\n<p>Nom<\/p>\n\n\n\n<h3 class=\"wp-block-heading\" id=\"h-d-ou-proviennent-ces-renseignements\">D\u2019o\u00f9 proviennent ces renseignements?<\/h3>\n\n\n\n<ul class=\"wp-block-list\">\n<li>D\u2019informations transmises par le consommateur<\/li>\n<\/ul>\n\n\n\n<h3 class=\"wp-block-heading\" id=\"h-comment-nous-pouvons-utiliser-vos-renseignements\">Comment nous pouvons utiliser vos renseignements<\/h3>\n\n\n\n<ul class=\"wp-block-list\">\n<li>Marketing et publicit\u00e9;<\/li>\n\n\n\n<li>prestation de services;<\/li>\n\n\n\n<li>Traitement ou ex\u00e9cution de commandes ou de transactions;<\/li>\n\n\n\n<li>Traitement de paiements;<\/li>\n\n\n\n<li>Prestation de service \u00e0 la client\u00e8le;<\/li>\n\n\n\n<li>Publicit\u00e9 cibl\u00e9e;<\/li>\n\n\n\n<li>V\u00e9rification des renseignements sur les clients<\/li>\n<\/ul>\n<\/details>\n\n\n\n<details class=\"wp-block-details is-layout-flow wp-block-details-is-layout-flow\"><summary>Renseignements d\u2019identification &#8211; Adresse de facturation<\/summary>\n<h3 class=\"wp-block-heading\" id=\"h-element-precis-d-information-0\">\u00c9l\u00e9ment pr\u00e9cis d\u2019information<\/h3>\n\n\n\n<p>Adresse de facturation<\/p>\n\n\n\n<h3 class=\"wp-block-heading\" id=\"h-d-ou-proviennent-ces-renseignements-0\">D\u2019o\u00f9 proviennent ces renseignements?<\/h3>\n\n\n\n<ul class=\"wp-block-list\">\n<li>D\u2019informations transmises par le consommateur<\/li>\n<\/ul>\n\n\n\n<h3 class=\"wp-block-heading\" id=\"h-comment-nous-pouvons-utiliser-vos-renseignements-0\">Comment nous pouvons utiliser vos renseignements<\/h3>\n\n\n\n<ul class=\"wp-block-list\">\n<li>Marketing et publicit\u00e9;<\/li>\n\n\n\n<li>prestation de services;<\/li>\n\n\n\n<li>Traitement ou ex\u00e9cution de commandes ou de transactions;<\/li>\n\n\n\n<li>Traitement de paiements;<\/li>\n\n\n\n<li>Prestation de service \u00e0 la client\u00e8le;<\/li>\n\n\n\n<li>Publicit\u00e9 cibl\u00e9e;<\/li>\n\n\n\n<li>V\u00e9rification des renseignements sur les clients<\/li>\n<\/ul>\n<\/details>\n\n\n\n<details class=\"wp-block-details is-layout-flow wp-block-details-is-layout-flow\"><summary>Renseignements d\u2019identification &#8211; Adresse courriel<\/summary>\n<h3 class=\"wp-block-heading\" id=\"h-element-precis-d-information-1\">\u00c9l\u00e9ment pr\u00e9cis d\u2019information<\/h3>\n\n\n\n<p>Adresse courriel<\/p>\n\n\n\n<h3 class=\"wp-block-heading\" id=\"h-d-ou-proviennent-ces-renseignements-1\">D\u2019o\u00f9 proviennent ces renseignements?<\/h3>\n\n\n\n<ul class=\"wp-block-list\">\n<li>D\u2019informations transmises par le consommateur<\/li>\n<\/ul>\n\n\n\n<h3 class=\"wp-block-heading\" id=\"h-comment-nous-pouvons-utiliser-vos-renseignements-1\">Comment nous pouvons utiliser vos renseignements<\/h3>\n\n\n\n<p><\/p>\n\n\n\n<ul class=\"wp-block-list\">\n<li>Marketing et publicit\u00e9;<\/li>\n\n\n\n<li>prestation de services;<\/li>\n\n\n\n<li>Traitement ou ex\u00e9cution de commandes ou de transactions;<\/li>\n\n\n\n<li>Traitement de paiements;<\/li>\n\n\n\n<li>Prestation de service \u00e0 la client\u00e8le;<\/li>\n\n\n\n<li>Publicit\u00e9 cibl\u00e9e;<\/li>\n\n\n\n<li>V\u00e9rification des renseignements sur les clients<\/li>\n<\/ul>\n<\/details>\n\n\n\n<details class=\"wp-block-details is-layout-flow wp-block-details-is-layout-flow\"><summary>Renseignements d\u2019identification &#8211; Identifiant de l\u2019appareil<\/summary>\n<h3 class=\"wp-block-heading\" id=\"h-element-precis-d-information-2\">\u00c9l\u00e9ment pr\u00e9cis d\u2019information<\/h3>\n\n\n\n<p>Identifiant de l\u2019appareil<\/p>\n\n\n\n<h3 class=\"wp-block-heading\" id=\"h-d-ou-proviennent-ces-renseignements-2\">D\u2019o\u00f9 proviennent ces renseignements?<\/h3>\n\n\n\n<ul class=\"wp-block-list\">\n<li>De pixels de tra\u00e7age,<\/li>\n\n\n\n<li>De l\u2019observation et de l\u2019enregistrement des activit\u00e9s par l\u2019entreprise, par exemple par l\u2019utilisation de t\u00e9moins (<em>cookies<\/em>).<\/li>\n<\/ul>\n\n\n\n<h3 class=\"wp-block-heading\" id=\"h-comment-nous-pouvons-utiliser-vos-renseignements-3\">Comment nous pouvons utiliser vos renseignements<\/h3>\n\n\n\n<ul class=\"wp-block-list\">\n<li>Analyse<\/li>\n<\/ul>\n<\/details>\n\n\n\n<h2 class=\"wp-block-heading\" id=\"h-avec-qui-partageons-nous-vos-renseignements-personnels-nbsp\"><strong>Avec qui partageons-nous vos renseignements personnels?&nbsp;<\/strong><\/h2>\n\n\n\n<p>Nous ne divulguons vos renseignements personnels \u00e0 aucun tiers.<\/p>\n\n\n\n<p><strong>T\u00e9moins de connexion (cookies)<\/strong><\/p>\n\n\n\n<p>Un t\u00e9moin de connexion (ou cookie) est un petit \u00e9l\u00e9ment de donn\u00e9es envoy\u00e9 par un site Web et stock\u00e9 sur votre appareil par votre navigateur. Ce site Web recueille des t\u00e9moins et peut les utiliser pour des raisons telles que les suivantes, sans toutefois s\u2019y limiter&nbsp;:<\/p>\n\n\n\n<p>analyser le trafic sur notre site Web;<\/p>\n\n\n\n<p>analyser vos interactions avec les publicit\u00e9s;<\/p>\n\n\n\n<p>d\u00e9terminer si vous \u00eates connect\u00e9 au site Web;<\/p>\n\n\n\n<p>tester le contenu du site Web;<\/p>\n\n\n\n<p>stocker des renseignements sur vos pr\u00e9f\u00e9rences;<\/p>\n\n\n\n<p>reconna\u00eetre votre retour sur le site Web.<\/p>\n\n\n\n<p>La plupart des navigateurs Web acceptent automatiquement les t\u00e9moins de connexion. Toutefois, vous pouvez modifier les param\u00e8tres de votre navigateur pour refuser les t\u00e9moins, si vous le d\u00e9sirez. Ce param\u00e9trage pourrait cependant vous emp\u00eacher de profiter pleinement du site Web.<\/p>\n\n\n\n<h2 class=\"wp-block-heading\"><strong>Vie priv\u00e9e des enfants<\/strong><\/h2>\n\n\n\n<p>Ce site Web est destin\u00e9 \u00e0 un public g\u00e9n\u00e9ral et n\u2019offre pas de services aux enfants. Si un enfant que nous savons \u00eatre \u00e2g\u00e9 de moins de 18 ans nous envoie des renseignements personnels, nous n\u2019utiliserons ces renseignements que pour r\u00e9pondre \u00e0 cet enfant et l\u2019informer qu\u2019il ne peut pas utiliser ce site Web.<\/p>\n\n\n\n<h2 class=\"wp-block-heading\"><strong>Programmes d\u2019analyse<\/strong><\/h2>\n\n\n\n<p>Ce site Web utilise Google Analytics pour recueillir des renseignements sur vous et votre comportement. Si vous souhaitez d\u00e9sactiver Google Analytics, veuillez consulter la page suivante&nbsp;:&nbsp;<a href=\"https:\/\/tools.google.com\/dlpage\/gaoptout\/?hl=fr\">https:\/\/tools.google.com\/dlpage\/gaoptout\/?hl=fr<\/a>.<\/p>\n\n\n\n<h2 class=\"wp-block-heading\"><strong>Les droits des r\u00e9sidents du Qu\u00e9bec<\/strong><\/h2>\n\n\n\n<p>Les r\u00e9sidents du Qu\u00e9bec profitent des droits suivants quant \u00e0 leurs renseignements personnels&nbsp;:<\/p>\n\n\n\n<p>Le droit d\u2019acc\u00e9der aux renseignements personnels que nous avons recueillis \u00e0 votre sujet,<\/p>\n\n\n\n<p>Le droit de demander que nous modifiions tout renseignement recueilli \u00e0 votre sujet,<\/p>\n\n\n\n<p>Le droit de retirer votre consentement au traitement de vos donn\u00e9es,<\/p>\n\n\n\n<p>Le droit de porter plainte \u00e0 propos de la mani\u00e8re dont nous recueillons, partageons et traitons les donn\u00e9es avec les autorit\u00e9s comp\u00e9tentes dans la juridiction appropri\u00e9e.<\/p>\n\n\n\n<h2 class=\"wp-block-heading\"><strong>Exercer vos droits <\/strong><strong>(Exercising your rights)<\/strong><\/h2>\n\n\n\n<p>Les r\u00e9sidents du Qu\u00e9bec peuvent exercer les droits pr\u00e9cis\u00e9s ci-haut en soumettant une demande \u00e0 la personne responsable de nos pratiques et politiques de protection de la vie priv\u00e9e, dont les coordonn\u00e9es se trouvent plus bas.<\/p>\n\n\n\n<p>Nous donnerons r\u00e9ponse \u00e0 la majorit\u00e9 des demandes au cours des 30 jours suivant leur r\u00e9ception. Cependant, certaines demandes pourraient requ\u00e9rir un plus long d\u00e9lai de traitement (jusqu\u2019\u00e0 30 jours suppl\u00e9mentaires). Dans cette \u00e9ventualit\u00e9, nous vous contacterons par \u00e9crit. Nous nous r\u00e9servons le droit de refuser votre ou vos demandes si certaines exceptions pr\u00e9vues par la loi s\u2019appliquent, auquel cas nous vous fournirons la raison d\u2019un tel refus.&nbsp;<\/p>\n\n\n\n<h2 class=\"wp-block-heading\"><strong>Responsabilit\u00e9 <\/strong><strong>(Accountability)<\/strong><\/h2>\n\n\n\n<p>La personne suivante est r\u00e9pondante et responsable de nos pratiques et proc\u00e9dures de protection de la vie priv\u00e9e.<\/p>\n\n\n\n<p>Dr Adriana Bara<br>Directrice nationale &amp; responsable de la protection de la vie priv\u00e9e<\/p>\n\n\n\n<p>613 738-9666<br><a href=\"mailto:abara@cnewa.org\">abara@cnewa.org<\/a><\/p>\n\n\n\n<p>Vous pouvez porter plainte aupr\u00e8s de nous en contactant la personne r\u00e9pondante et responsable de nos pratiques et proc\u00e9dures de protection de la vie priv\u00e9e, dont les coordonn\u00e9es se trouvent ci-haut. Vous pouvez \u00e9galement d\u00e9poser une plainte aupr\u00e8s de la Commission d\u2019acc\u00e8s \u00e0 l\u2019information du Qu\u00e9bec en remplissant <a href=\"https:\/\/www.cai.gouv.qc.ca\/a-propos\/nous-joindre\/\">ce formulaire<\/a> ou en appelant au 1&nbsp;888&nbsp;528-7741.<\/p>\n\n\n\n<h2 class=\"wp-block-heading\"><strong>Sites Web de tierces parties&nbsp;<\/strong><\/h2>\n\n\n\n<p>Ce site Web peut contenir des hyperliens vers des sites Web exploit\u00e9s par d\u2019autres que nous. Nous fournissons ces hyperliens \u00e0 titre de r\u00e9f\u00e9rence uniquement. Nous ne contr\u00f4lons pas ces sites Web et ne sommes pas responsables de leur contenu, ni de leurs pratiques en mati\u00e8re de protection de la vie priv\u00e9e ou d\u2019autres pratiques. Il vous appartient de lire et de comprendre pleinement leur politique de confidentialit\u00e9. L\u2019inclusion d\u2019hyperliens vers ces sites Web ne signifie pas que nous approuvons le contenu de ces sites ni que nous sommes associ\u00e9s \u00e0 leurs exploitants.<\/p>\n\n\n\n<h2 class=\"wp-block-heading\"><strong>Transfert de renseignements<\/strong><\/h2>\n\n\n\n<p>Nous pr\u00e9voyons transf\u00e9rer des donn\u00e9es aux \u00c9tats-Unis. Cela signifie que vos renseignements pourraient \u00eatre trait\u00e9s dans un pays \u00e0 l\u2019ext\u00e9rieur du Qu\u00e9bec et pourraient \u00eatre accessibles aux autorit\u00e9s responsables de l\u2019application de la loi et de la s\u00e9curit\u00e9 nationale de ce pays et de cette juridiction.<\/p>\n\n\n\n<h2 class=\"wp-block-heading\"><strong>Questions<\/strong><\/h2>\n\n\n\n<p>Si vous avez des questions concernant la pr\u00e9sente politique de confidentialit\u00e9, veuillez communiquer avec nous \u00e0 l\u2019adresse suivante&nbsp;: <a href=\"mailto:webmaster@cnewa.org\">webmaster@cnewa.org<\/a>.<\/p>\n","protected":false},"excerpt":{"rendered":"<p>Derni\u00e8re mise \u00e0 jour&nbsp;: Le 2 mars 2023 \u00e0 14&nbsp;h&nbsp;32 Nous accordons une grande importance \u00e0 la protection de votre vie priv\u00e9e. Veuillez lire attentivement la pr\u00e9sente politique de confidentialit\u00e9 avant d\u2019utiliser le site Web https:\/\/cnewa.org\/fr (le \u00ab&nbsp;site Web&nbsp;\u00bb) g\u00e9r\u00e9 par CNEWA Canada, un organisme \u00e0 but non lucratif constitu\u00e9 au Canada (\u00ab&nbsp;nous&nbsp;\u00bb, \u00ab&nbsp;nos&nbsp;\u00bb, \u00ab&nbsp;notre&nbsp;\u00bb), &hellip; <a href=\"https:\/\/cnewa.org\/fr\/politique-de-confidentialite\/\">Continued<\/a><\/p>\n","protected":false},"author":70080,"featured_media":0,"parent":0,"menu_order":0,"comment_status":"closed","ping_status":"closed","template":"","meta":{"_acf_changed":false,"footnotes":""},"class_list":["post-237","page","type-page","status-publish","hentry"],"acf":[],"yoast_head":"<!-- This site is optimized with the Yoast SEO Premium plugin v27.3 (Yoast SEO v27.3) - https:\/\/yoast.com\/product\/yoast-seo-premium-wordpress\/ -->\n<title>Politique de confidentialit\u00e9 | CNEWA Canada<\/title>\n<meta name=\"robots\" content=\"index, follow, max-snippet:-1, max-image-preview:large, max-video-preview:-1\" \/>\n<link rel=\"canonical\" href=\"https:\/\/cnewa.org\/fr\/politique-de-confidentialite\/\" \/>\n<meta property=\"og:locale\" content=\"fr_CA\" \/>\n<meta property=\"og:type\" content=\"article\" \/>\n<meta property=\"og:title\" content=\"Politique de confidentialit\u00e9\" \/>\n<meta property=\"og:description\" content=\"Derni\u00e8re mise \u00e0 jour&nbsp;: Le 2 mars 2023 \u00e0 14&nbsp;h&nbsp;32 Nous accordons une grande importance \u00e0 la protection de votre vie priv\u00e9e. Veuillez lire attentivement la pr\u00e9sente politique de confidentialit\u00e9 avant d\u2019utiliser le site Web https:\/\/cnewa.org\/fr (le \u00ab&nbsp;site Web&nbsp;\u00bb) g\u00e9r\u00e9 par CNEWA Canada, un organisme \u00e0 but non lucratif constitu\u00e9 au Canada (\u00ab&nbsp;nous&nbsp;\u00bb, \u00ab&nbsp;nos&nbsp;\u00bb, \u00ab&nbsp;notre&nbsp;\u00bb), &hellip; Continued\" \/>\n<meta property=\"og:site_name\" content=\"CNEWA Canada\" \/>\n<meta property=\"article:publisher\" content=\"https:\/\/www.facebook.com\/cnewacanada\/\" \/>\n<meta property=\"article:modified_time\" content=\"2025-04-16T19:45:50+00:00\" \/>\n<meta name=\"twitter:card\" content=\"summary_large_image\" \/>\n<meta name=\"twitter:site\" content=\"@cnewac\" \/>\n<meta name=\"twitter:label1\" content=\"Estimation du temps de lecture\" \/>\n\t<meta name=\"twitter:data1\" content=\"6 minutes\" \/>\n<script type=\"application\/ld+json\" class=\"yoast-schema-graph\">{\"@context\":\"https:\\\/\\\/schema.org\",\"@graph\":[{\"@type\":\"WebPage\",\"@id\":\"https:\\\/\\\/cnewa.org\\\/fr\\\/politique-de-confidentialite\\\/\",\"url\":\"https:\\\/\\\/cnewa.org\\\/fr\\\/politique-de-confidentialite\\\/\",\"name\":\"Politique de confidentialit\u00e9 | CNEWA Canada\",\"isPartOf\":{\"@id\":\"https:\\\/\\\/cnewa.org\\\/fr\\\/#website\"},\"datePublished\":\"2019-10-29T14:07:15+00:00\",\"dateModified\":\"2025-04-16T19:45:50+00:00\",\"breadcrumb\":{\"@id\":\"https:\\\/\\\/cnewa.org\\\/fr\\\/politique-de-confidentialite\\\/#breadcrumb\"},\"inLanguage\":\"fr-CA\",\"potentialAction\":[{\"@type\":\"ReadAction\",\"target\":[\"https:\\\/\\\/cnewa.org\\\/fr\\\/politique-de-confidentialite\\\/\"]}]},{\"@type\":\"BreadcrumbList\",\"@id\":\"https:\\\/\\\/cnewa.org\\\/fr\\\/politique-de-confidentialite\\\/#breadcrumb\",\"itemListElement\":[{\"@type\":\"ListItem\",\"position\":1,\"name\":\"Accueil\",\"item\":\"https:\\\/\\\/cnewa.org\\\/fr\\\/\"},{\"@type\":\"ListItem\",\"position\":2,\"name\":\"Politique de confidentialit\u00e9\"}]},{\"@type\":\"WebSite\",\"@id\":\"https:\\\/\\\/cnewa.org\\\/fr\\\/#website\",\"url\":\"https:\\\/\\\/cnewa.org\\\/fr\\\/\",\"name\":\"CNEWA Canada\",\"description\":\"Association catholique d\u2019aide \u00e0 l\u2019Orient\",\"publisher\":{\"@id\":\"https:\\\/\\\/cnewa.org\\\/fr\\\/#organization\"},\"potentialAction\":[{\"@type\":\"SearchAction\",\"target\":{\"@type\":\"EntryPoint\",\"urlTemplate\":\"https:\\\/\\\/cnewa.org\\\/fr\\\/?s={search_term_string}\"},\"query-input\":{\"@type\":\"PropertyValueSpecification\",\"valueRequired\":true,\"valueName\":\"search_term_string\"}}],\"inLanguage\":\"fr-CA\"},{\"@type\":\"Organization\",\"@id\":\"https:\\\/\\\/cnewa.org\\\/fr\\\/#organization\",\"name\":\"CNEWA Canada\",\"alternateName\":\"Association catholique d\u2019aide \u00e0 l\u2019Orient\",\"url\":\"https:\\\/\\\/cnewa.org\\\/fr\\\/\",\"logo\":{\"@type\":\"ImageObject\",\"inLanguage\":\"fr-CA\",\"@id\":\"https:\\\/\\\/cnewa.org\\\/fr\\\/#\\\/schema\\\/logo\\\/image\\\/\",\"url\":\"https:\\\/\\\/cnewa.org\\\/fr\\\/wp-content\\\/uploads\\\/sites\\\/3\\\/2019\\\/11\\\/CNEWA-brand-logo.png\",\"contentUrl\":\"https:\\\/\\\/cnewa.org\\\/fr\\\/wp-content\\\/uploads\\\/sites\\\/3\\\/2019\\\/11\\\/CNEWA-brand-logo.png\",\"width\":1000,\"height\":1000,\"caption\":\"CNEWA Canada\"},\"image\":{\"@id\":\"https:\\\/\\\/cnewa.org\\\/fr\\\/#\\\/schema\\\/logo\\\/image\\\/\"},\"sameAs\":[\"https:\\\/\\\/www.facebook.com\\\/cnewacanada\\\/\",\"https:\\\/\\\/x.com\\\/cnewac\",\"https:\\\/\\\/www.instagram.com\\\/cnewa1926\\\/\",\"https:\\\/\\\/www.youtube.com\\\/user\\\/TheCNEWA\"]}]}<\/script>\n<!-- \/ Yoast SEO Premium plugin. -->","yoast_head_json":{"title":"Politique de confidentialit\u00e9 | CNEWA Canada","robots":{"index":"index","follow":"follow","max-snippet":"max-snippet:-1","max-image-preview":"max-image-preview:large","max-video-preview":"max-video-preview:-1"},"canonical":"https:\/\/cnewa.org\/fr\/politique-de-confidentialite\/","og_locale":"fr_CA","og_type":"article","og_title":"Politique de confidentialit\u00e9","og_description":"Derni\u00e8re mise \u00e0 jour&nbsp;: Le 2 mars 2023 \u00e0 14&nbsp;h&nbsp;32 Nous accordons une grande importance \u00e0 la protection de votre vie priv\u00e9e. Veuillez lire attentivement la pr\u00e9sente politique de confidentialit\u00e9 avant d\u2019utiliser le site Web https:\/\/cnewa.org\/fr (le \u00ab&nbsp;site Web&nbsp;\u00bb) g\u00e9r\u00e9 par CNEWA Canada, un organisme \u00e0 but non lucratif constitu\u00e9 au Canada (\u00ab&nbsp;nous&nbsp;\u00bb, \u00ab&nbsp;nos&nbsp;\u00bb, \u00ab&nbsp;notre&nbsp;\u00bb), &hellip; Continued","og_site_name":"CNEWA Canada","article_publisher":"https:\/\/www.facebook.com\/cnewacanada\/","article_modified_time":"2025-04-16T19:45:50+00:00","twitter_card":"summary_large_image","twitter_site":"@cnewac","twitter_misc":{"Estimation du temps de lecture":"6 minutes"},"schema":{"@context":"https:\/\/schema.org","@graph":[{"@type":"WebPage","@id":"https:\/\/cnewa.org\/fr\/politique-de-confidentialite\/","url":"https:\/\/cnewa.org\/fr\/politique-de-confidentialite\/","name":"Politique de confidentialit\u00e9 | CNEWA Canada","isPartOf":{"@id":"https:\/\/cnewa.org\/fr\/#website"},"datePublished":"2019-10-29T14:07:15+00:00","dateModified":"2025-04-16T19:45:50+00:00","breadcrumb":{"@id":"https:\/\/cnewa.org\/fr\/politique-de-confidentialite\/#breadcrumb"},"inLanguage":"fr-CA","potentialAction":[{"@type":"ReadAction","target":["https:\/\/cnewa.org\/fr\/politique-de-confidentialite\/"]}]},{"@type":"BreadcrumbList","@id":"https:\/\/cnewa.org\/fr\/politique-de-confidentialite\/#breadcrumb","itemListElement":[{"@type":"ListItem","position":1,"name":"Accueil","item":"https:\/\/cnewa.org\/fr\/"},{"@type":"ListItem","position":2,"name":"Politique de confidentialit\u00e9"}]},{"@type":"WebSite","@id":"https:\/\/cnewa.org\/fr\/#website","url":"https:\/\/cnewa.org\/fr\/","name":"CNEWA Canada","description":"Association catholique d\u2019aide \u00e0 l\u2019Orient","publisher":{"@id":"https:\/\/cnewa.org\/fr\/#organization"},"potentialAction":[{"@type":"SearchAction","target":{"@type":"EntryPoint","urlTemplate":"https:\/\/cnewa.org\/fr\/?s={search_term_string}"},"query-input":{"@type":"PropertyValueSpecification","valueRequired":true,"valueName":"search_term_string"}}],"inLanguage":"fr-CA"},{"@type":"Organization","@id":"https:\/\/cnewa.org\/fr\/#organization","name":"CNEWA Canada","alternateName":"Association catholique d\u2019aide \u00e0 l\u2019Orient","url":"https:\/\/cnewa.org\/fr\/","logo":{"@type":"ImageObject","inLanguage":"fr-CA","@id":"https:\/\/cnewa.org\/fr\/#\/schema\/logo\/image\/","url":"https:\/\/cnewa.org\/fr\/wp-content\/uploads\/sites\/3\/2019\/11\/CNEWA-brand-logo.png","contentUrl":"https:\/\/cnewa.org\/fr\/wp-content\/uploads\/sites\/3\/2019\/11\/CNEWA-brand-logo.png","width":1000,"height":1000,"caption":"CNEWA Canada"},"image":{"@id":"https:\/\/cnewa.org\/fr\/#\/schema\/logo\/image\/"},"sameAs":["https:\/\/www.facebook.com\/cnewacanada\/","https:\/\/x.com\/cnewac","https:\/\/www.instagram.com\/cnewa1926\/","https:\/\/www.youtube.com\/user\/TheCNEWA"]}]}},"_links":{"self":[{"href":"https:\/\/cnewa.org\/fr\/wp-json\/wp\/v2\/pages\/237","targetHints":{"allow":["GET"]}}],"collection":[{"href":"https:\/\/cnewa.org\/fr\/wp-json\/wp\/v2\/pages"}],"about":[{"href":"https:\/\/cnewa.org\/fr\/wp-json\/wp\/v2\/types\/page"}],"author":[{"embeddable":true,"href":"https:\/\/cnewa.org\/fr\/wp-json\/wp\/v2\/users\/70080"}],"replies":[{"embeddable":true,"href":"https:\/\/cnewa.org\/fr\/wp-json\/wp\/v2\/comments?post=237"}],"version-history":[{"count":7,"href":"https:\/\/cnewa.org\/fr\/wp-json\/wp\/v2\/pages\/237\/revisions"}],"predecessor-version":[{"id":2285,"href":"https:\/\/cnewa.org\/fr\/wp-json\/wp\/v2\/pages\/237\/revisions\/2285"}],"wp:attachment":[{"href":"https:\/\/cnewa.org\/fr\/wp-json\/wp\/v2\/media?parent=237"}],"curies":[{"name":"wp","href":"https:\/\/api.w.org\/{rel}","templated":true}]}}