{"id":993,"date":"2022-06-02T12:38:34","date_gmt":"2022-06-02T16:38:34","guid":{"rendered":"https:\/\/cnewa.org\/fr\/?page_id=993"},"modified":"2026-02-06T13:34:58","modified_gmt":"2026-02-06T18:34:58","slug":"direction","status":"publish","type":"page","link":"https:\/\/cnewa.org\/fr\/direction\/","title":{"rendered":"Direction"},"content":{"rendered":"\n<h2 class=\"wp-block-heading\" id=\"h-conseil-d-administration-de-cnewa-canada\">Conseil d\u2019administration de CNEWA Canada<\/h2>\n\n\n\n<p><strong>Mgr Marcel Damphousse<\/strong>, Archev\u00eaque d\u2019Ottawa-Cornwall (Pr\u00e9sident, tr\u00e9sorier)<\/p>\n\n\n\n<p><strong>Cardinal G\u00e9rald Cyprien Lacroix<\/strong>, Archev\u00eaque de Qu\u00e9bec, Primat du Canada<\/p>\n\n\n\n<p><strong><strong>Cardinal <\/strong>Frank Leo<\/strong>, Archev\u00eaque de Toronto<\/p>\n\n\n\n<p><strong>Mgr Lawrence Huculak<\/strong>, O.S.B.M., Archev\u00eaque m\u00e9tropolitain de Winnipeg<\/p>\n\n\n\n<p><strong>Mgr Peter J. Hundt<\/strong>, Archev\u00eaque de Saint-Jean, Terre-Neuve<\/p>\n\n\n\n<p><strong>Mgr Richard W. Smith<\/strong>, Archev\u00eaque de Vancouver<\/p>\n\n\n\n<h3 class=\"wp-block-heading\">Officiers<\/h3>\n\n\n\n<p><strong>Dre Adriana Bara<\/strong>, Directrice nationale de CNEWA Canada<\/p>\n\n\n\n<div style=\"height:25px\" aria-hidden=\"true\" class=\"wp-block-spacer\"><\/div>\n\n\n\n<hr class=\"wp-block-separator has-css-opacity is-style-wide\"\/>\n\n\n\n<div style=\"height:25px\" aria-hidden=\"true\" class=\"wp-block-spacer\"><\/div>\n\n\n\n<h2 class=\"wp-block-heading\">Association catholique d&rsquo;aide \u00e0 l&rsquo;Orient (CNEWA)<\/h2>\n\n\n\n<h3 class=\"wp-block-heading\" id=\"h-conseil-d-administration\">Conseil d\u2019administration<\/h3>\n\n\n\n<p><strong>Mgr <strong>Ronald A. Hicks<\/strong><\/strong>, Archev\u00eaque de New York (Pr\u00e9sident, tr\u00e9sorier)<\/p>\n\n\n\n<p><strong>Mgr Marcel Damphousse<\/strong>, Archev\u00eaque d\u2019Ottawa-Cornwall<\/p>\n\n\n\n<p><strong>Mgr Richard W. Smith<\/strong>, Archev\u00eaque d&rsquo;Edmonton<\/p>\n\n\n\n<p><strong>Mgr Alexander K. Sample<\/strong>, Archev\u00eaque de Portland, Oregon<\/p>\n\n\n\n<p><strong>Mgr William F. Murphy<\/strong>, \u00c9v\u00eaque \u00e9m\u00e9rite de Rockville Centre<\/p>\n\n\n\n<p><strong>Mme Marina C. Perna<\/strong>, Esq., M\u00e9c\u00e8ne des arts des Mus\u00e9es du Vatican<\/p>\n\n\n\n<h3 class=\"wp-block-heading\">Officiers<\/h3>\n\n\n\n<p><strong>Mgr Peter I. Vaccari<\/strong>, Pr\u00e9sident, secr\u00e9taire<\/p>\n\n\n\n<p><strong>Mme Tresool Singh-Conway<\/strong>, Directrice des finances<\/p>\n\n\n\n<p><\/p>\n","protected":false},"excerpt":{"rendered":"<p>Conseil d\u2019administration de CNEWA Canada Mgr Marcel Damphousse, Archev\u00eaque d\u2019Ottawa-Cornwall (Pr\u00e9sident, tr\u00e9sorier) Cardinal G\u00e9rald Cyprien Lacroix, Archev\u00eaque de Qu\u00e9bec, Primat du Canada Cardinal Frank Leo, Archev\u00eaque de Toronto Mgr Lawrence Huculak, O.S.B.M., Archev\u00eaque m\u00e9tropolitain de Winnipeg Mgr Peter J. Hundt, Archev\u00eaque de Saint-Jean, Terre-Neuve Mgr Richard W. Smith, Archev\u00eaque de Vancouver Officiers Dre Adriana Bara, &hellip; <a href=\"https:\/\/cnewa.org\/fr\/direction\/\">Continued<\/a><\/p>\n","protected":false},"author":5,"featured_media":0,"parent":0,"menu_order":0,"comment_status":"closed","ping_status":"closed","template":"","meta":{"_acf_changed":false,"footnotes":""},"class_list":["post-993","page","type-page","status-publish","hentry"],"acf":[],"yoast_head":"<!-- This site is optimized with the Yoast SEO Premium plugin v27.3 (Yoast SEO v27.3) - https:\/\/yoast.com\/product\/yoast-seo-premium-wordpress\/ -->\n<title>Direction | CNEWA Canada<\/title>\n<meta name=\"robots\" content=\"index, follow, max-snippet:-1, max-image-preview:large, max-video-preview:-1\" \/>\n<link rel=\"canonical\" href=\"https:\/\/cnewa.org\/fr\/direction\/\" \/>\n<meta property=\"og:locale\" content=\"fr_CA\" \/>\n<meta property=\"og:type\" content=\"article\" \/>\n<meta property=\"og:title\" content=\"Direction\" \/>\n<meta property=\"og:description\" content=\"Conseil d\u2019administration de CNEWA Canada Mgr Marcel Damphousse, Archev\u00eaque d\u2019Ottawa-Cornwall (Pr\u00e9sident, tr\u00e9sorier) Cardinal G\u00e9rald Cyprien Lacroix, Archev\u00eaque de Qu\u00e9bec, Primat du Canada Cardinal Frank Leo, Archev\u00eaque de Toronto Mgr Lawrence Huculak, O.S.B.M., Archev\u00eaque m\u00e9tropolitain de Winnipeg Mgr Peter J. Hundt, Archev\u00eaque de Saint-Jean, Terre-Neuve Mgr Richard W. Smith, Archev\u00eaque de Vancouver Officiers Dre Adriana Bara, &hellip; Continued\" \/>\n<meta property=\"og:site_name\" content=\"CNEWA Canada\" \/>\n<meta property=\"article:publisher\" content=\"https:\/\/www.facebook.com\/cnewacanada\/\" \/>\n<meta property=\"article:modified_time\" content=\"2026-02-06T18:34:58+00:00\" \/>\n<meta name=\"twitter:card\" content=\"summary_large_image\" \/>\n<meta name=\"twitter:site\" content=\"@cnewac\" \/>\n<meta name=\"twitter:label1\" content=\"Estimation du temps de lecture\" \/>\n\t<meta name=\"twitter:data1\" content=\"1 minute\" \/>\n<script type=\"application\/ld+json\" class=\"yoast-schema-graph\">{\"@context\":\"https:\\\/\\\/schema.org\",\"@graph\":[{\"@type\":\"WebPage\",\"@id\":\"https:\\\/\\\/cnewa.org\\\/fr\\\/direction\\\/\",\"url\":\"https:\\\/\\\/cnewa.org\\\/fr\\\/direction\\\/\",\"name\":\"Direction | CNEWA Canada\",\"isPartOf\":{\"@id\":\"https:\\\/\\\/cnewa.org\\\/fr\\\/#website\"},\"datePublished\":\"2022-06-02T16:38:34+00:00\",\"dateModified\":\"2026-02-06T18:34:58+00:00\",\"breadcrumb\":{\"@id\":\"https:\\\/\\\/cnewa.org\\\/fr\\\/direction\\\/#breadcrumb\"},\"inLanguage\":\"fr-CA\",\"potentialAction\":[{\"@type\":\"ReadAction\",\"target\":[\"https:\\\/\\\/cnewa.org\\\/fr\\\/direction\\\/\"]}]},{\"@type\":\"BreadcrumbList\",\"@id\":\"https:\\\/\\\/cnewa.org\\\/fr\\\/direction\\\/#breadcrumb\",\"itemListElement\":[{\"@type\":\"ListItem\",\"position\":1,\"name\":\"Accueil\",\"item\":\"https:\\\/\\\/cnewa.org\\\/fr\\\/\"},{\"@type\":\"ListItem\",\"position\":2,\"name\":\"Direction\"}]},{\"@type\":\"WebSite\",\"@id\":\"https:\\\/\\\/cnewa.org\\\/fr\\\/#website\",\"url\":\"https:\\\/\\\/cnewa.org\\\/fr\\\/\",\"name\":\"CNEWA Canada\",\"description\":\"Association catholique d\u2019aide \u00e0 l\u2019Orient\",\"publisher\":{\"@id\":\"https:\\\/\\\/cnewa.org\\\/fr\\\/#organization\"},\"potentialAction\":[{\"@type\":\"SearchAction\",\"target\":{\"@type\":\"EntryPoint\",\"urlTemplate\":\"https:\\\/\\\/cnewa.org\\\/fr\\\/?s={search_term_string}\"},\"query-input\":{\"@type\":\"PropertyValueSpecification\",\"valueRequired\":true,\"valueName\":\"search_term_string\"}}],\"inLanguage\":\"fr-CA\"},{\"@type\":\"Organization\",\"@id\":\"https:\\\/\\\/cnewa.org\\\/fr\\\/#organization\",\"name\":\"CNEWA Canada\",\"alternateName\":\"Association catholique d\u2019aide \u00e0 l\u2019Orient\",\"url\":\"https:\\\/\\\/cnewa.org\\\/fr\\\/\",\"logo\":{\"@type\":\"ImageObject\",\"inLanguage\":\"fr-CA\",\"@id\":\"https:\\\/\\\/cnewa.org\\\/fr\\\/#\\\/schema\\\/logo\\\/image\\\/\",\"url\":\"https:\\\/\\\/cnewa.org\\\/fr\\\/wp-content\\\/uploads\\\/sites\\\/3\\\/2019\\\/11\\\/CNEWA-brand-logo.png\",\"contentUrl\":\"https:\\\/\\\/cnewa.org\\\/fr\\\/wp-content\\\/uploads\\\/sites\\\/3\\\/2019\\\/11\\\/CNEWA-brand-logo.png\",\"width\":1000,\"height\":1000,\"caption\":\"CNEWA Canada\"},\"image\":{\"@id\":\"https:\\\/\\\/cnewa.org\\\/fr\\\/#\\\/schema\\\/logo\\\/image\\\/\"},\"sameAs\":[\"https:\\\/\\\/www.facebook.com\\\/cnewacanada\\\/\",\"https:\\\/\\\/x.com\\\/cnewac\",\"https:\\\/\\\/www.instagram.com\\\/cnewa1926\\\/\",\"https:\\\/\\\/www.youtube.com\\\/user\\\/TheCNEWA\"]}]}<\/script>\n<!-- \/ Yoast SEO Premium plugin. -->","yoast_head_json":{"title":"Direction | CNEWA Canada","robots":{"index":"index","follow":"follow","max-snippet":"max-snippet:-1","max-image-preview":"max-image-preview:large","max-video-preview":"max-video-preview:-1"},"canonical":"https:\/\/cnewa.org\/fr\/direction\/","og_locale":"fr_CA","og_type":"article","og_title":"Direction","og_description":"Conseil d\u2019administration de CNEWA Canada Mgr Marcel Damphousse, Archev\u00eaque d\u2019Ottawa-Cornwall (Pr\u00e9sident, tr\u00e9sorier) Cardinal G\u00e9rald Cyprien Lacroix, Archev\u00eaque de Qu\u00e9bec, Primat du Canada Cardinal Frank Leo, Archev\u00eaque de Toronto Mgr Lawrence Huculak, O.S.B.M., Archev\u00eaque m\u00e9tropolitain de Winnipeg Mgr Peter J. Hundt, Archev\u00eaque de Saint-Jean, Terre-Neuve Mgr Richard W. Smith, Archev\u00eaque de Vancouver Officiers Dre Adriana Bara, &hellip; Continued","og_site_name":"CNEWA Canada","article_publisher":"https:\/\/www.facebook.com\/cnewacanada\/","article_modified_time":"2026-02-06T18:34:58+00:00","twitter_card":"summary_large_image","twitter_site":"@cnewac","twitter_misc":{"Estimation du temps de lecture":"1 minute"},"schema":{"@context":"https:\/\/schema.org","@graph":[{"@type":"WebPage","@id":"https:\/\/cnewa.org\/fr\/direction\/","url":"https:\/\/cnewa.org\/fr\/direction\/","name":"Direction | CNEWA Canada","isPartOf":{"@id":"https:\/\/cnewa.org\/fr\/#website"},"datePublished":"2022-06-02T16:38:34+00:00","dateModified":"2026-02-06T18:34:58+00:00","breadcrumb":{"@id":"https:\/\/cnewa.org\/fr\/direction\/#breadcrumb"},"inLanguage":"fr-CA","potentialAction":[{"@type":"ReadAction","target":["https:\/\/cnewa.org\/fr\/direction\/"]}]},{"@type":"BreadcrumbList","@id":"https:\/\/cnewa.org\/fr\/direction\/#breadcrumb","itemListElement":[{"@type":"ListItem","position":1,"name":"Accueil","item":"https:\/\/cnewa.org\/fr\/"},{"@type":"ListItem","position":2,"name":"Direction"}]},{"@type":"WebSite","@id":"https:\/\/cnewa.org\/fr\/#website","url":"https:\/\/cnewa.org\/fr\/","name":"CNEWA Canada","description":"Association catholique d\u2019aide \u00e0 l\u2019Orient","publisher":{"@id":"https:\/\/cnewa.org\/fr\/#organization"},"potentialAction":[{"@type":"SearchAction","target":{"@type":"EntryPoint","urlTemplate":"https:\/\/cnewa.org\/fr\/?s={search_term_string}"},"query-input":{"@type":"PropertyValueSpecification","valueRequired":true,"valueName":"search_term_string"}}],"inLanguage":"fr-CA"},{"@type":"Organization","@id":"https:\/\/cnewa.org\/fr\/#organization","name":"CNEWA Canada","alternateName":"Association catholique d\u2019aide \u00e0 l\u2019Orient","url":"https:\/\/cnewa.org\/fr\/","logo":{"@type":"ImageObject","inLanguage":"fr-CA","@id":"https:\/\/cnewa.org\/fr\/#\/schema\/logo\/image\/","url":"https:\/\/cnewa.org\/fr\/wp-content\/uploads\/sites\/3\/2019\/11\/CNEWA-brand-logo.png","contentUrl":"https:\/\/cnewa.org\/fr\/wp-content\/uploads\/sites\/3\/2019\/11\/CNEWA-brand-logo.png","width":1000,"height":1000,"caption":"CNEWA Canada"},"image":{"@id":"https:\/\/cnewa.org\/fr\/#\/schema\/logo\/image\/"},"sameAs":["https:\/\/www.facebook.com\/cnewacanada\/","https:\/\/x.com\/cnewac","https:\/\/www.instagram.com\/cnewa1926\/","https:\/\/www.youtube.com\/user\/TheCNEWA"]}]}},"_links":{"self":[{"href":"https:\/\/cnewa.org\/fr\/wp-json\/wp\/v2\/pages\/993","targetHints":{"allow":["GET"]}}],"collection":[{"href":"https:\/\/cnewa.org\/fr\/wp-json\/wp\/v2\/pages"}],"about":[{"href":"https:\/\/cnewa.org\/fr\/wp-json\/wp\/v2\/types\/page"}],"author":[{"embeddable":true,"href":"https:\/\/cnewa.org\/fr\/wp-json\/wp\/v2\/users\/5"}],"replies":[{"embeddable":true,"href":"https:\/\/cnewa.org\/fr\/wp-json\/wp\/v2\/comments?post=993"}],"version-history":[{"count":9,"href":"https:\/\/cnewa.org\/fr\/wp-json\/wp\/v2\/pages\/993\/revisions"}],"predecessor-version":[{"id":2852,"href":"https:\/\/cnewa.org\/fr\/wp-json\/wp\/v2\/pages\/993\/revisions\/2852"}],"wp:attachment":[{"href":"https:\/\/cnewa.org\/fr\/wp-json\/wp\/v2\/media?parent=993"}],"curies":[{"name":"wp","href":"https:\/\/api.w.org\/{rel}","templated":true}]}}