{"id":130,"date":"2024-09-16T16:33:47","date_gmt":"2024-09-16T14:33:47","guid":{"rendered":"https:\/\/cnewa.org\/it\/?page_id=130"},"modified":"2025-03-24T10:28:30","modified_gmt":"2025-03-24T09:28:30","slug":"la-nostra-missione","status":"publish","type":"page","link":"https:\/\/cnewa.org\/it\/la-nostra-missione\/","title":{"rendered":"La nostra missione"},"content":{"rendered":"\n<h2 class=\"wp-block-heading\" id=\"h-la-missione-della-cnewa-e-semplice-seguire-la-parabola-del-buon-samaritano-va-e-anche-tu-fa-lo-stesso-curando-le-ferite-di-un-mondo-lacerato-nel-corpo-e-nell-anima-mentre-ci-sforziamo-di-rispondere-alla-domanda-posta-a-gesu-e-chi-e-il-mio-prossimo\">La missione della CNEWA \u00e8 semplice: seguire la parabola del buon Samaritano, \u201cva\u2019 e anche tu fa\u2019 lo stesso\u201d, curando le ferite di un mondo lacerato, nel corpo e nell\u2019anima, mentre ci sforziamo di rispondere alla domanda posta a Ges\u00f9: \u201cE chi \u00e8 il mio prossimo?\u201d.<\/h2>\n\n\n\n<p>In silenzio, in preghiera e con gioia, la CNEWA lavora per, attraverso e con le chiese locali. Gli uomini e le donne che formano i nostri team regionali ad Addis Abeba, Amman, Asmara, Beirut, Ernakulam e Gerusalemme, insieme con i nostri stretti collaboratori che operano in tutta la regione del Caucaso e in Ucraina, hanno relazioni consolidate da diversi decenni con coloro che assistiamo e con i ministeri che sosteniamo. Essi provengono dalle stesse comunit\u00e0 di fede a cui offriamo il nostro impegno per il bene comune di tutti.<\/p>\n\n\n\n<p>In momenti di crisi, quando una comunit\u00e0 si trova ad affrontare disastri naturali o provocati dall\u2019uomo, la CNEWA \u00e8 presente e rimane costantemente al fianco di chi ne ha pi\u00f9 bisogno, garantendo un continuo sostegno. Ci assicuriamo che i bisogni immediati siano soddisfatti, che la fede venga sostenuta e che la speranza prevalga, anche quando le luci, le telecamere e l\u2019attenzione del pubblico si spostano altrove.<\/p>\n\n\n\n<p>La speranza \u00e8 il biglietto da visita distintivo della CNEWA. Il nostro scopo non \u00e8 solo quello di garantire i bisogni materiali come cibo, riparo e cure mediche, ma anche di offrire ci\u00f2 che non si vede: conforto, sostegno, educazione, fede e speranza.<\/p>\n","protected":false},"excerpt":{"rendered":"<p>La missione della CNEWA \u00e8 semplice: seguire la parabola del buon Samaritano, \u201cva\u2019 e anche tu fa\u2019 lo stesso\u201d, curando le ferite di un mondo lacerato, nel corpo e nell\u2019anima, mentre ci sforziamo di rispondere alla domanda posta a Ges\u00f9: \u201cE chi \u00e8 il mio prossimo?\u201d. In silenzio, in preghiera e con gioia, la CNEWA &hellip; <a href=\"https:\/\/cnewa.org\/it\/la-nostra-missione\/\">Continued<\/a><\/p>\n","protected":false},"author":1,"featured_media":394,"parent":0,"menu_order":0,"comment_status":"closed","ping_status":"closed","template":"","meta":{"_acf_changed":false,"footnotes":""},"class_list":["post-130","page","type-page","status-publish","has-post-thumbnail","hentry"],"acf":[],"yoast_head":"<!-- This site is optimized with the Yoast SEO Premium plugin v27.3 (Yoast SEO v27.3) - https:\/\/yoast.com\/product\/yoast-seo-premium-wordpress\/ -->\n<title>La nostra missione | CNEWA Italia<\/title>\n<meta name=\"robots\" content=\"index, follow, max-snippet:-1, max-image-preview:large, max-video-preview:-1\" \/>\n<link rel=\"canonical\" href=\"https:\/\/cnewa.org\/it\/la-nostra-missione\/\" \/>\n<meta property=\"og:locale\" content=\"it_IT\" \/>\n<meta property=\"og:type\" content=\"article\" \/>\n<meta property=\"og:title\" content=\"La nostra missione\" \/>\n<meta property=\"og:description\" content=\"La missione della CNEWA \u00e8 semplice: seguire la parabola del buon Samaritano, \u201cva\u2019 e anche tu fa\u2019 lo stesso\u201d, curando le ferite di un mondo lacerato, nel corpo e nell\u2019anima, mentre ci sforziamo di rispondere alla domanda posta a Ges\u00f9: \u201cE chi \u00e8 il mio prossimo?\u201d. In silenzio, in preghiera e con gioia, la CNEWA &hellip; Continued\" \/>\n<meta property=\"og:site_name\" content=\"CNEWA Italia\" \/>\n<meta property=\"article:modified_time\" content=\"2025-03-24T09:28:30+00:00\" \/>\n<meta property=\"og:image\" content=\"https:\/\/cnewa.org\/it\/wp-content\/uploads\/sites\/7\/2024\/10\/wiggers202401_029H-scaled-1.jpg\" \/>\n\t<meta property=\"og:image:width\" content=\"2560\" \/>\n\t<meta property=\"og:image:height\" content=\"1707\" \/>\n\t<meta property=\"og:image:type\" content=\"image\/jpeg\" \/>\n<meta name=\"twitter:card\" content=\"summary_large_image\" \/>\n<meta name=\"twitter:label1\" content=\"Tempo di lettura stimato\" \/>\n\t<meta name=\"twitter:data1\" content=\"2 minuti\" \/>\n<script type=\"application\/ld+json\" class=\"yoast-schema-graph\">{\"@context\":\"https:\\\/\\\/schema.org\",\"@graph\":[{\"@type\":\"WebPage\",\"@id\":\"https:\\\/\\\/cnewa.org\\\/it\\\/la-nostra-missione\\\/\",\"url\":\"https:\\\/\\\/cnewa.org\\\/it\\\/la-nostra-missione\\\/\",\"name\":\"La nostra missione | CNEWA Italia\",\"isPartOf\":{\"@id\":\"https:\\\/\\\/cnewa.org\\\/it\\\/#website\"},\"primaryImageOfPage\":{\"@id\":\"https:\\\/\\\/cnewa.org\\\/it\\\/la-nostra-missione\\\/#primaryimage\"},\"image\":{\"@id\":\"https:\\\/\\\/cnewa.org\\\/it\\\/la-nostra-missione\\\/#primaryimage\"},\"thumbnailUrl\":\"https:\\\/\\\/cnewa.org\\\/it\\\/wp-content\\\/uploads\\\/sites\\\/7\\\/2024\\\/10\\\/wiggers202401_029H-scaled-1.jpg\",\"datePublished\":\"2024-09-16T14:33:47+00:00\",\"dateModified\":\"2025-03-24T09:28:30+00:00\",\"breadcrumb\":{\"@id\":\"https:\\\/\\\/cnewa.org\\\/it\\\/la-nostra-missione\\\/#breadcrumb\"},\"inLanguage\":\"it-IT\",\"potentialAction\":[{\"@type\":\"ReadAction\",\"target\":[\"https:\\\/\\\/cnewa.org\\\/it\\\/la-nostra-missione\\\/\"]}]},{\"@type\":\"ImageObject\",\"inLanguage\":\"it-IT\",\"@id\":\"https:\\\/\\\/cnewa.org\\\/it\\\/la-nostra-missione\\\/#primaryimage\",\"url\":\"https:\\\/\\\/cnewa.org\\\/it\\\/wp-content\\\/uploads\\\/sites\\\/7\\\/2024\\\/10\\\/wiggers202401_029H-scaled-1.jpg\",\"contentUrl\":\"https:\\\/\\\/cnewa.org\\\/it\\\/wp-content\\\/uploads\\\/sites\\\/7\\\/2024\\\/10\\\/wiggers202401_029H-scaled-1.jpg\",\"width\":2560,\"height\":1707,\"caption\":\"Suor Weinitu insieme ad alcuni bambini presso la Scuola Cattolica Beato Gebre Michael a Bahir Dar, in Etiopia, gestita dalle Figlie della Carit\u00e0. (Foto di Petterik Wiggers)\"},{\"@type\":\"BreadcrumbList\",\"@id\":\"https:\\\/\\\/cnewa.org\\\/it\\\/la-nostra-missione\\\/#breadcrumb\",\"itemListElement\":[{\"@type\":\"ListItem\",\"position\":1,\"name\":\"Home\",\"item\":\"https:\\\/\\\/cnewa.org\\\/it\\\/\"},{\"@type\":\"ListItem\",\"position\":2,\"name\":\"La nostra missione\"}]},{\"@type\":\"WebSite\",\"@id\":\"https:\\\/\\\/cnewa.org\\\/it\\\/#website\",\"url\":\"https:\\\/\\\/cnewa.org\\\/it\\\/\",\"name\":\"CNEWA Italia\",\"description\":\"\",\"publisher\":{\"@id\":\"https:\\\/\\\/cnewa.org\\\/it\\\/#organization\"},\"alternateName\":\"Associazione Cattolica per il Benessere del Vicino Oriente (CNEWA)\",\"potentialAction\":[{\"@type\":\"SearchAction\",\"target\":{\"@type\":\"EntryPoint\",\"urlTemplate\":\"https:\\\/\\\/cnewa.org\\\/it\\\/?s={search_term_string}\"},\"query-input\":{\"@type\":\"PropertyValueSpecification\",\"valueRequired\":true,\"valueName\":\"search_term_string\"}}],\"inLanguage\":\"it-IT\"},{\"@type\":\"Organization\",\"@id\":\"https:\\\/\\\/cnewa.org\\\/it\\\/#organization\",\"name\":\"CNEWA Italia\",\"alternateName\":\"Associazione Cattolica per il Benessere del Vicino Oriente\",\"url\":\"https:\\\/\\\/cnewa.org\\\/it\\\/\",\"logo\":{\"@type\":\"ImageObject\",\"inLanguage\":\"it-IT\",\"@id\":\"https:\\\/\\\/cnewa.org\\\/it\\\/#\\\/schema\\\/logo\\\/image\\\/\",\"url\":\"https:\\\/\\\/cnewa.org\\\/it\\\/wp-content\\\/uploads\\\/sites\\\/7\\\/2024\\\/10\\\/CNEWA-brand-logo-300x300-1.png\",\"contentUrl\":\"https:\\\/\\\/cnewa.org\\\/it\\\/wp-content\\\/uploads\\\/sites\\\/7\\\/2024\\\/10\\\/CNEWA-brand-logo-300x300-1.png\",\"width\":300,\"height\":300,\"caption\":\"CNEWA Italia\"},\"image\":{\"@id\":\"https:\\\/\\\/cnewa.org\\\/it\\\/#\\\/schema\\\/logo\\\/image\\\/\"}}]}<\/script>\n<!-- \/ Yoast SEO Premium plugin. -->","yoast_head_json":{"title":"La nostra missione | CNEWA Italia","robots":{"index":"index","follow":"follow","max-snippet":"max-snippet:-1","max-image-preview":"max-image-preview:large","max-video-preview":"max-video-preview:-1"},"canonical":"https:\/\/cnewa.org\/it\/la-nostra-missione\/","og_locale":"it_IT","og_type":"article","og_title":"La nostra missione","og_description":"La missione della CNEWA \u00e8 semplice: seguire la parabola del buon Samaritano, \u201cva\u2019 e anche tu fa\u2019 lo stesso\u201d, curando le ferite di un mondo lacerato, nel corpo e nell\u2019anima, mentre ci sforziamo di rispondere alla domanda posta a Ges\u00f9: \u201cE chi \u00e8 il mio prossimo?\u201d. In silenzio, in preghiera e con gioia, la CNEWA &hellip; Continued","og_site_name":"CNEWA Italia","article_modified_time":"2025-03-24T09:28:30+00:00","og_image":[{"width":2560,"height":1707,"url":"https:\/\/cnewa.org\/it\/wp-content\/uploads\/sites\/7\/2024\/10\/wiggers202401_029H-scaled-1.jpg","type":"image\/jpeg"}],"twitter_card":"summary_large_image","twitter_misc":{"Tempo di lettura stimato":"2 minuti"},"schema":{"@context":"https:\/\/schema.org","@graph":[{"@type":"WebPage","@id":"https:\/\/cnewa.org\/it\/la-nostra-missione\/","url":"https:\/\/cnewa.org\/it\/la-nostra-missione\/","name":"La nostra missione | CNEWA Italia","isPartOf":{"@id":"https:\/\/cnewa.org\/it\/#website"},"primaryImageOfPage":{"@id":"https:\/\/cnewa.org\/it\/la-nostra-missione\/#primaryimage"},"image":{"@id":"https:\/\/cnewa.org\/it\/la-nostra-missione\/#primaryimage"},"thumbnailUrl":"https:\/\/cnewa.org\/it\/wp-content\/uploads\/sites\/7\/2024\/10\/wiggers202401_029H-scaled-1.jpg","datePublished":"2024-09-16T14:33:47+00:00","dateModified":"2025-03-24T09:28:30+00:00","breadcrumb":{"@id":"https:\/\/cnewa.org\/it\/la-nostra-missione\/#breadcrumb"},"inLanguage":"it-IT","potentialAction":[{"@type":"ReadAction","target":["https:\/\/cnewa.org\/it\/la-nostra-missione\/"]}]},{"@type":"ImageObject","inLanguage":"it-IT","@id":"https:\/\/cnewa.org\/it\/la-nostra-missione\/#primaryimage","url":"https:\/\/cnewa.org\/it\/wp-content\/uploads\/sites\/7\/2024\/10\/wiggers202401_029H-scaled-1.jpg","contentUrl":"https:\/\/cnewa.org\/it\/wp-content\/uploads\/sites\/7\/2024\/10\/wiggers202401_029H-scaled-1.jpg","width":2560,"height":1707,"caption":"Suor Weinitu insieme ad alcuni bambini presso la Scuola Cattolica Beato Gebre Michael a Bahir Dar, in Etiopia, gestita dalle Figlie della Carit\u00e0. (Foto di Petterik Wiggers)"},{"@type":"BreadcrumbList","@id":"https:\/\/cnewa.org\/it\/la-nostra-missione\/#breadcrumb","itemListElement":[{"@type":"ListItem","position":1,"name":"Home","item":"https:\/\/cnewa.org\/it\/"},{"@type":"ListItem","position":2,"name":"La nostra missione"}]},{"@type":"WebSite","@id":"https:\/\/cnewa.org\/it\/#website","url":"https:\/\/cnewa.org\/it\/","name":"CNEWA Italia","description":"","publisher":{"@id":"https:\/\/cnewa.org\/it\/#organization"},"alternateName":"Associazione Cattolica per il Benessere del Vicino Oriente (CNEWA)","potentialAction":[{"@type":"SearchAction","target":{"@type":"EntryPoint","urlTemplate":"https:\/\/cnewa.org\/it\/?s={search_term_string}"},"query-input":{"@type":"PropertyValueSpecification","valueRequired":true,"valueName":"search_term_string"}}],"inLanguage":"it-IT"},{"@type":"Organization","@id":"https:\/\/cnewa.org\/it\/#organization","name":"CNEWA Italia","alternateName":"Associazione Cattolica per il Benessere del Vicino Oriente","url":"https:\/\/cnewa.org\/it\/","logo":{"@type":"ImageObject","inLanguage":"it-IT","@id":"https:\/\/cnewa.org\/it\/#\/schema\/logo\/image\/","url":"https:\/\/cnewa.org\/it\/wp-content\/uploads\/sites\/7\/2024\/10\/CNEWA-brand-logo-300x300-1.png","contentUrl":"https:\/\/cnewa.org\/it\/wp-content\/uploads\/sites\/7\/2024\/10\/CNEWA-brand-logo-300x300-1.png","width":300,"height":300,"caption":"CNEWA Italia"},"image":{"@id":"https:\/\/cnewa.org\/it\/#\/schema\/logo\/image\/"}}]}},"_links":{"self":[{"href":"https:\/\/cnewa.org\/it\/wp-json\/wp\/v2\/pages\/130","targetHints":{"allow":["GET"]}}],"collection":[{"href":"https:\/\/cnewa.org\/it\/wp-json\/wp\/v2\/pages"}],"about":[{"href":"https:\/\/cnewa.org\/it\/wp-json\/wp\/v2\/types\/page"}],"author":[{"embeddable":true,"href":"https:\/\/cnewa.org\/it\/wp-json\/wp\/v2\/users\/1"}],"replies":[{"embeddable":true,"href":"https:\/\/cnewa.org\/it\/wp-json\/wp\/v2\/comments?post=130"}],"version-history":[{"count":6,"href":"https:\/\/cnewa.org\/it\/wp-json\/wp\/v2\/pages\/130\/revisions"}],"predecessor-version":[{"id":1215,"href":"https:\/\/cnewa.org\/it\/wp-json\/wp\/v2\/pages\/130\/revisions\/1215"}],"wp:featuredmedia":[{"embeddable":true,"href":"https:\/\/cnewa.org\/it\/wp-json\/wp\/v2\/media\/394"}],"wp:attachment":[{"href":"https:\/\/cnewa.org\/it\/wp-json\/wp\/v2\/media?parent=130"}],"curies":[{"name":"wp","href":"https:\/\/api.w.org\/{rel}","templated":true}]}}