{"id":183,"date":"2024-09-17T23:01:09","date_gmt":"2024-09-17T21:01:09","guid":{"rendered":"https:\/\/cnewa.org\/it\/?page_id=183"},"modified":"2025-09-10T19:16:58","modified_gmt":"2025-09-10T17:16:58","slug":"africa-nord-orientale","status":"publish","type":"page","link":"https:\/\/cnewa.org\/it\/dove-operiamo\/africa-nord-orientale\/","title":{"rendered":"Africa nord-orientale"},"content":{"rendered":"\n<h2 class=\"wp-block-heading\" id=\"h-nell-africa-nord-orientale-egitto-eritrea-ed-etiopia-si-trovano-ad-affrontare-sfide-complesse-e-di-grande-portata-a-livello-economico-ambientale-politico-e-sociale\">Nell\u2019Africa nord-orientale, Egitto, Eritrea ed Etiopia si trovano ad affrontare sfide complesse e di grande portata a livello economico, ambientale, politico e sociale.<\/h2>\n\n\n  <div class=\"donate-button\" id=\"minor-fund-campaign\">\n    <button class=\"donate-modal-toggle\" data-minor-fund='Africa nord-orientale' data-minor-fund-code='58'>Sostieni il nostro lavoro in Africa nord-orientale<\/button>\n  <\/div>\n  \n\n\n<p>La povert\u00e0, la paura del coronavirus, la siccit\u00e0 e altri effetti dei cambiamenti climatici stanno mettendo alla prova i pi\u00f9 vulnerabili di questa area. Le tensioni etniche e l\u2019intolleranza religiosa minacciano di compromettere il fragile tessuto delle societ\u00e0 locali. La fame \u00e8 una realt\u00e0 quotidiana per molti, ma nonostante tutto \u00e8 un\u2019area che attende con ansia miracoli, desiderosa di speranza.<\/p>\n\n\n\n<p>I principali partner della CNEWA in questa regione sono le Chiese cattoliche copte, eritree ed etiopi, le quali condividono una lunga eredit\u00e0 cristiana che risale al primo secolo. Pur essendo comunit\u00e0 di fede relativamente piccole, ciascuna di esse gioca un ruolo significativo nell\u2019offrire aiuto, istruzione e supporto ai pi\u00f9 bisognosi. Fin dai suoi inizi, la CNEWA si \u00e8 impegnata a sostenerle, accompagnandole nel vivere il Vangelo nella loro realt\u00e0 quotidiana.<\/p>\n\n\n\n<h4 class=\"wp-block-heading\" id=\"h-egitto\">Egitto<\/h4>\n\n\n\n<p>Dal 2010 l\u2019Egitto vive un periodo di profonde difficolt\u00e0 e tensioni.<\/p>\n\n\n\n<div class=\"wp-block-buttons is-layout-flex wp-block-buttons-is-layout-flex\">\n<div class=\"wp-block-button is-style-fill\"><a class=\"wp-block-button__link wp-element-button\" href=\"https:\/\/cnewa.org\/it\/dove-operiamo\/africa-nord-orientale\/egitto\/\">Scopri di pi\u00f9 sull&#8217;Egitto<\/a><\/div>\n<\/div>\n\n\n\n<h4 class=\"wp-block-heading\" id=\"h-eritrea\">Eritrea<\/h4>\n\n\n\n<p>Il cristianesimo nell\u2019Africa nordorientale, con radici antiche, ha sempre mantenuto legami stretti con le chiese d\u2019Egitto e della Terra Santa.<\/p>\n\n\n\n<div class=\"wp-block-buttons is-layout-flex wp-block-buttons-is-layout-flex\">\n<div class=\"wp-block-button is-style-fill\"><a class=\"wp-block-button__link wp-element-button\" href=\"https:\/\/cnewa.org\/it\/dove-operiamo\/africa-nord-orientale\/eritrea\/\">Scopri di pi\u00f9 sull&#8217;Eritrea<\/a><\/div>\n<\/div>\n\n\n\n<h4 class=\"wp-block-heading\" id=\"h-etiopia\">Etiopia<\/h4>\n\n\n\n<p>L\u2019Etiopia, unica nazione sub-sahariana con antica tradizione cristiana, affronta una guerra civile biennale e l\u2019aumento di cibo e carburante, peggiorato dal conflitto Russia-Ucraina.<\/p>\n\n\n\n<div class=\"wp-block-buttons is-layout-flex wp-block-buttons-is-layout-flex\">\n<div class=\"wp-block-button is-style-fill\"><a class=\"wp-block-button__link wp-element-button\" href=\"https:\/\/cnewa.org\/it\/dove-operiamo\/africa-nord-orientale\/etiopia\/\">Scopri di pi\u00f9 sull&#8217;Etiopia<\/a><\/div>\n<\/div>\n\n\n\n<p><\/p>\n\n\n\n<p><\/p>\n\n\n\n<figure class=\"wp-block-gallery has-nested-images columns-default is-cropped is-style-lightbox wp-block-gallery-2 is-layout-flex wp-block-gallery-is-layout-flex\">\n<figure class=\"wp-block-image size-large\"><img loading=\"lazy\" decoding=\"async\" width=\"1024\" height=\"683\" data-id=\"1621\" src=\"https:\/\/cnewa.org\/it\/wp-content\/uploads\/sites\/7\/2025\/07\/anis20181_012H-1024x683.jpg\" alt=\"Un sacerdote tiene una lezione agli studenti del seminario.\" class=\"wp-image-1621\" srcset=\"https:\/\/cnewa.org\/it\/wp-content\/uploads\/sites\/7\/2025\/07\/anis20181_012H-1024x683.jpg 1024w, https:\/\/cnewa.org\/it\/wp-content\/uploads\/sites\/7\/2025\/07\/anis20181_012H-300x200.jpg 300w, https:\/\/cnewa.org\/it\/wp-content\/uploads\/sites\/7\/2025\/07\/anis20181_012H-768x512.jpg 768w, https:\/\/cnewa.org\/it\/wp-content\/uploads\/sites\/7\/2025\/07\/anis20181_012H-1536x1024.jpg 1536w, https:\/\/cnewa.org\/it\/wp-content\/uploads\/sites\/7\/2025\/07\/anis20181_012H-1600x1067.jpg 1600w, https:\/\/cnewa.org\/it\/wp-content\/uploads\/sites\/7\/2025\/07\/anis20181_012H.jpg 1900w\" sizes=\"auto, (max-width: 1024px) 100vw, 1024px\" \/><figcaption class=\"wp-element-caption\">Nel seminario cattolico copto del quartiere Maadi al Cairo, gli studenti assistono a una lezione. (Foto di Roger Anis)<\/figcaption><\/figure>\n\n\n\n<figure class=\"wp-block-image size-large\"><img loading=\"lazy\" decoding=\"async\" width=\"1024\" height=\"683\" data-id=\"1620\" src=\"https:\/\/cnewa.org\/it\/wp-content\/uploads\/sites\/7\/2025\/07\/kozar20173_339h-1024x683.jpg\" alt=\"Donna con il velo che suona un grande tamburo.\" class=\"wp-image-1620\" srcset=\"https:\/\/cnewa.org\/it\/wp-content\/uploads\/sites\/7\/2025\/07\/kozar20173_339h-1024x683.jpg 1024w, https:\/\/cnewa.org\/it\/wp-content\/uploads\/sites\/7\/2025\/07\/kozar20173_339h-300x200.jpg 300w, https:\/\/cnewa.org\/it\/wp-content\/uploads\/sites\/7\/2025\/07\/kozar20173_339h-768x512.jpg 768w, https:\/\/cnewa.org\/it\/wp-content\/uploads\/sites\/7\/2025\/07\/kozar20173_339h-1536x1024.jpg 1536w, https:\/\/cnewa.org\/it\/wp-content\/uploads\/sites\/7\/2025\/07\/kozar20173_339h-1600x1067.jpg 1600w, https:\/\/cnewa.org\/it\/wp-content\/uploads\/sites\/7\/2025\/07\/kozar20173_339h.jpg 1900w\" sizes=\"auto, (max-width: 1024px) 100vw, 1024px\" \/><figcaption class=\"wp-element-caption\">Una giovane novizia eritrea si esercita a suonare il kebero, il tradizionale tamburo del Corno d\u2019Africa. (Foto di John E. Kozar)<\/figcaption><\/figure>\n\n\n\n<figure class=\"wp-block-image size-large\"><img loading=\"lazy\" decoding=\"async\" width=\"1024\" height=\"683\" data-id=\"1619\" src=\"https:\/\/cnewa.org\/it\/wp-content\/uploads\/sites\/7\/2025\/07\/wiggers20173_065H-1024x683.jpg\" alt=\"Un gruppo di giovani donne si allena come parrucchiere in un piccolo salone dell\u2019Africa nord-orientale.\" class=\"wp-image-1619\" srcset=\"https:\/\/cnewa.org\/it\/wp-content\/uploads\/sites\/7\/2025\/07\/wiggers20173_065H-1024x683.jpg 1024w, https:\/\/cnewa.org\/it\/wp-content\/uploads\/sites\/7\/2025\/07\/wiggers20173_065H-300x200.jpg 300w, https:\/\/cnewa.org\/it\/wp-content\/uploads\/sites\/7\/2025\/07\/wiggers20173_065H-768x512.jpg 768w, https:\/\/cnewa.org\/it\/wp-content\/uploads\/sites\/7\/2025\/07\/wiggers20173_065H-1536x1024.jpg 1536w, https:\/\/cnewa.org\/it\/wp-content\/uploads\/sites\/7\/2025\/07\/wiggers20173_065H-1600x1067.jpg 1600w, https:\/\/cnewa.org\/it\/wp-content\/uploads\/sites\/7\/2025\/07\/wiggers20173_065H.jpg 1900w\" sizes=\"auto, (max-width: 1024px) 100vw, 1024px\" \/><figcaption class=\"wp-element-caption\">Nel salone del Centro Kidist Mariam a Meki, gestito dalla Comunit\u00e0 di San Paolo, gli studenti imparano mestieri come la parrucchieria. (Foto di Petterik Wiggers)<\/figcaption><\/figure>\n\n\n\n<figure class=\"wp-block-image size-large\"><img loading=\"lazy\" decoding=\"async\" width=\"1024\" height=\"620\" data-id=\"1618\" src=\"https:\/\/cnewa.org\/it\/wp-content\/uploads\/sites\/7\/2025\/07\/sprague31840_070H_2-1024x620.jpg\" alt=\"Giovani studenti in un'aula scolastica.\" class=\"wp-image-1618\" srcset=\"https:\/\/cnewa.org\/it\/wp-content\/uploads\/sites\/7\/2025\/07\/sprague31840_070H_2-1024x620.jpg 1024w, https:\/\/cnewa.org\/it\/wp-content\/uploads\/sites\/7\/2025\/07\/sprague31840_070H_2-300x182.jpg 300w, https:\/\/cnewa.org\/it\/wp-content\/uploads\/sites\/7\/2025\/07\/sprague31840_070H_2-768x465.jpg 768w, https:\/\/cnewa.org\/it\/wp-content\/uploads\/sites\/7\/2025\/07\/sprague31840_070H_2-1536x929.jpg 1536w, https:\/\/cnewa.org\/it\/wp-content\/uploads\/sites\/7\/2025\/07\/sprague31840_070H_2-2048x1239.jpg 2048w, https:\/\/cnewa.org\/it\/wp-content\/uploads\/sites\/7\/2025\/07\/sprague31840_070H_2-1600x968.jpg 1600w\" sizes=\"auto, (max-width: 1024px) 100vw, 1024px\" \/><figcaption class=\"wp-element-caption\">Bambini durante una lezione della scuola dell\u2019infanzia presso la casa per minori Kidane Merhet, ad Addis Abeba, gestita dalle Suore Francescane del Cuore di Ges\u00f9.<\/figcaption><\/figure>\n<\/figure>\n","protected":false},"excerpt":{"rendered":"<p>Nell\u2019Africa nord-orientale, Egitto, Eritrea ed Etiopia si trovano ad affrontare sfide complesse e di grande portata a livello economico, ambientale, politico e sociale. La povert\u00e0, la paura del coronavirus, la siccit\u00e0 e altri effetti dei cambiamenti climatici stanno mettendo alla prova i pi\u00f9 vulnerabili di questa area. Le tensioni etniche e l\u2019intolleranza religiosa minacciano di &hellip; <a href=\"https:\/\/cnewa.org\/it\/dove-operiamo\/africa-nord-orientale\/\">Continued<\/a><\/p>\n","protected":false},"author":5,"featured_media":177,"parent":134,"menu_order":0,"comment_status":"closed","ping_status":"closed","template":"","meta":{"_acf_changed":false,"footnotes":""},"class_list":["post-183","page","type-page","status-publish","has-post-thumbnail","hentry"],"acf":[],"yoast_head":"<!-- This site is optimized with the Yoast SEO Premium plugin v27.3 (Yoast SEO v27.3) - https:\/\/yoast.com\/product\/yoast-seo-premium-wordpress\/ -->\n<title>Africa nord-orientale | CNEWA Italia<\/title>\n<meta name=\"robots\" content=\"index, follow, max-snippet:-1, max-image-preview:large, max-video-preview:-1\" \/>\n<link rel=\"canonical\" href=\"https:\/\/cnewa.org\/it\/dove-operiamo\/africa-nord-orientale\/\" \/>\n<meta property=\"og:locale\" content=\"it_IT\" \/>\n<meta property=\"og:type\" content=\"article\" \/>\n<meta property=\"og:title\" content=\"Africa nord-orientale\" \/>\n<meta property=\"og:description\" content=\"Nell\u2019Africa nord-orientale, Egitto, Eritrea ed Etiopia si trovano ad affrontare sfide complesse e di grande portata a livello economico, ambientale, politico e sociale. La povert\u00e0, la paura del coronavirus, la siccit\u00e0 e altri effetti dei cambiamenti climatici stanno mettendo alla prova i pi\u00f9 vulnerabili di questa area. Le tensioni etniche e l\u2019intolleranza religiosa minacciano di &hellip; Continued\" \/>\n<meta property=\"og:site_name\" content=\"CNEWA Italia\" \/>\n<meta property=\"article:modified_time\" content=\"2025-09-10T17:16:58+00:00\" \/>\n<meta property=\"og:image\" content=\"https:\/\/cnewa.org\/it\/wp-content\/uploads\/sites\/7\/2024\/09\/CNEWA_Region_NorthEast-Africa.jpg\" \/>\n\t<meta property=\"og:image:width\" content=\"2000\" \/>\n\t<meta property=\"og:image:height\" content=\"760\" \/>\n\t<meta property=\"og:image:type\" content=\"image\/jpeg\" \/>\n<meta name=\"twitter:card\" content=\"summary_large_image\" \/>\n<meta name=\"twitter:label1\" content=\"Tempo di lettura stimato\" \/>\n\t<meta name=\"twitter:data1\" content=\"3 minuti\" \/>\n<script type=\"application\/ld+json\" class=\"yoast-schema-graph\">{\"@context\":\"https:\\\/\\\/schema.org\",\"@graph\":[{\"@type\":\"WebPage\",\"@id\":\"https:\\\/\\\/cnewa.org\\\/it\\\/dove-operiamo\\\/africa-nord-orientale\\\/\",\"url\":\"https:\\\/\\\/cnewa.org\\\/it\\\/dove-operiamo\\\/africa-nord-orientale\\\/\",\"name\":\"Africa nord-orientale | CNEWA Italia\",\"isPartOf\":{\"@id\":\"https:\\\/\\\/cnewa.org\\\/it\\\/#website\"},\"primaryImageOfPage\":{\"@id\":\"https:\\\/\\\/cnewa.org\\\/it\\\/dove-operiamo\\\/africa-nord-orientale\\\/#primaryimage\"},\"image\":{\"@id\":\"https:\\\/\\\/cnewa.org\\\/it\\\/dove-operiamo\\\/africa-nord-orientale\\\/#primaryimage\"},\"thumbnailUrl\":\"https:\\\/\\\/cnewa.org\\\/it\\\/wp-content\\\/uploads\\\/sites\\\/7\\\/2024\\\/09\\\/CNEWA_Region_NorthEast-Africa.jpg\",\"datePublished\":\"2024-09-17T21:01:09+00:00\",\"dateModified\":\"2025-09-10T17:16:58+00:00\",\"breadcrumb\":{\"@id\":\"https:\\\/\\\/cnewa.org\\\/it\\\/dove-operiamo\\\/africa-nord-orientale\\\/#breadcrumb\"},\"inLanguage\":\"it-IT\",\"potentialAction\":[{\"@type\":\"ReadAction\",\"target\":[\"https:\\\/\\\/cnewa.org\\\/it\\\/dove-operiamo\\\/africa-nord-orientale\\\/\"]}]},{\"@type\":\"ImageObject\",\"inLanguage\":\"it-IT\",\"@id\":\"https:\\\/\\\/cnewa.org\\\/it\\\/dove-operiamo\\\/africa-nord-orientale\\\/#primaryimage\",\"url\":\"https:\\\/\\\/cnewa.org\\\/it\\\/wp-content\\\/uploads\\\/sites\\\/7\\\/2024\\\/09\\\/CNEWA_Region_NorthEast-Africa.jpg\",\"contentUrl\":\"https:\\\/\\\/cnewa.org\\\/it\\\/wp-content\\\/uploads\\\/sites\\\/7\\\/2024\\\/09\\\/CNEWA_Region_NorthEast-Africa.jpg\",\"width\":2000,\"height\":760,\"caption\":\"Mappa dell'Africa nord-orientale\"},{\"@type\":\"BreadcrumbList\",\"@id\":\"https:\\\/\\\/cnewa.org\\\/it\\\/dove-operiamo\\\/africa-nord-orientale\\\/#breadcrumb\",\"itemListElement\":[{\"@type\":\"ListItem\",\"position\":1,\"name\":\"Home\",\"item\":\"https:\\\/\\\/cnewa.org\\\/it\\\/\"},{\"@type\":\"ListItem\",\"position\":2,\"name\":\"Dove operiamo\",\"item\":\"https:\\\/\\\/cnewa.org\\\/it\\\/dove-operiamo\\\/\"},{\"@type\":\"ListItem\",\"position\":3,\"name\":\"Africa nord-orientale\"}]},{\"@type\":\"WebSite\",\"@id\":\"https:\\\/\\\/cnewa.org\\\/it\\\/#website\",\"url\":\"https:\\\/\\\/cnewa.org\\\/it\\\/\",\"name\":\"CNEWA Italia\",\"description\":\"\",\"publisher\":{\"@id\":\"https:\\\/\\\/cnewa.org\\\/it\\\/#organization\"},\"alternateName\":\"Associazione Cattolica per il Benessere del Vicino Oriente (CNEWA)\",\"potentialAction\":[{\"@type\":\"SearchAction\",\"target\":{\"@type\":\"EntryPoint\",\"urlTemplate\":\"https:\\\/\\\/cnewa.org\\\/it\\\/?s={search_term_string}\"},\"query-input\":{\"@type\":\"PropertyValueSpecification\",\"valueRequired\":true,\"valueName\":\"search_term_string\"}}],\"inLanguage\":\"it-IT\"},{\"@type\":\"Organization\",\"@id\":\"https:\\\/\\\/cnewa.org\\\/it\\\/#organization\",\"name\":\"CNEWA Italia\",\"alternateName\":\"Associazione Cattolica per il Benessere del Vicino Oriente\",\"url\":\"https:\\\/\\\/cnewa.org\\\/it\\\/\",\"logo\":{\"@type\":\"ImageObject\",\"inLanguage\":\"it-IT\",\"@id\":\"https:\\\/\\\/cnewa.org\\\/it\\\/#\\\/schema\\\/logo\\\/image\\\/\",\"url\":\"https:\\\/\\\/cnewa.org\\\/it\\\/wp-content\\\/uploads\\\/sites\\\/7\\\/2024\\\/10\\\/CNEWA-brand-logo-300x300-1.png\",\"contentUrl\":\"https:\\\/\\\/cnewa.org\\\/it\\\/wp-content\\\/uploads\\\/sites\\\/7\\\/2024\\\/10\\\/CNEWA-brand-logo-300x300-1.png\",\"width\":300,\"height\":300,\"caption\":\"CNEWA Italia\"},\"image\":{\"@id\":\"https:\\\/\\\/cnewa.org\\\/it\\\/#\\\/schema\\\/logo\\\/image\\\/\"}}]}<\/script>\n<!-- \/ Yoast SEO Premium plugin. -->","yoast_head_json":{"title":"Africa nord-orientale | CNEWA Italia","robots":{"index":"index","follow":"follow","max-snippet":"max-snippet:-1","max-image-preview":"max-image-preview:large","max-video-preview":"max-video-preview:-1"},"canonical":"https:\/\/cnewa.org\/it\/dove-operiamo\/africa-nord-orientale\/","og_locale":"it_IT","og_type":"article","og_title":"Africa nord-orientale","og_description":"Nell\u2019Africa nord-orientale, Egitto, Eritrea ed Etiopia si trovano ad affrontare sfide complesse e di grande portata a livello economico, ambientale, politico e sociale. La povert\u00e0, la paura del coronavirus, la siccit\u00e0 e altri effetti dei cambiamenti climatici stanno mettendo alla prova i pi\u00f9 vulnerabili di questa area. Le tensioni etniche e l\u2019intolleranza religiosa minacciano di &hellip; Continued","og_site_name":"CNEWA Italia","article_modified_time":"2025-09-10T17:16:58+00:00","og_image":[{"width":2000,"height":760,"url":"https:\/\/cnewa.org\/it\/wp-content\/uploads\/sites\/7\/2024\/09\/CNEWA_Region_NorthEast-Africa.jpg","type":"image\/jpeg"}],"twitter_card":"summary_large_image","twitter_misc":{"Tempo di lettura stimato":"3 minuti"},"schema":{"@context":"https:\/\/schema.org","@graph":[{"@type":"WebPage","@id":"https:\/\/cnewa.org\/it\/dove-operiamo\/africa-nord-orientale\/","url":"https:\/\/cnewa.org\/it\/dove-operiamo\/africa-nord-orientale\/","name":"Africa nord-orientale | CNEWA Italia","isPartOf":{"@id":"https:\/\/cnewa.org\/it\/#website"},"primaryImageOfPage":{"@id":"https:\/\/cnewa.org\/it\/dove-operiamo\/africa-nord-orientale\/#primaryimage"},"image":{"@id":"https:\/\/cnewa.org\/it\/dove-operiamo\/africa-nord-orientale\/#primaryimage"},"thumbnailUrl":"https:\/\/cnewa.org\/it\/wp-content\/uploads\/sites\/7\/2024\/09\/CNEWA_Region_NorthEast-Africa.jpg","datePublished":"2024-09-17T21:01:09+00:00","dateModified":"2025-09-10T17:16:58+00:00","breadcrumb":{"@id":"https:\/\/cnewa.org\/it\/dove-operiamo\/africa-nord-orientale\/#breadcrumb"},"inLanguage":"it-IT","potentialAction":[{"@type":"ReadAction","target":["https:\/\/cnewa.org\/it\/dove-operiamo\/africa-nord-orientale\/"]}]},{"@type":"ImageObject","inLanguage":"it-IT","@id":"https:\/\/cnewa.org\/it\/dove-operiamo\/africa-nord-orientale\/#primaryimage","url":"https:\/\/cnewa.org\/it\/wp-content\/uploads\/sites\/7\/2024\/09\/CNEWA_Region_NorthEast-Africa.jpg","contentUrl":"https:\/\/cnewa.org\/it\/wp-content\/uploads\/sites\/7\/2024\/09\/CNEWA_Region_NorthEast-Africa.jpg","width":2000,"height":760,"caption":"Mappa dell'Africa nord-orientale"},{"@type":"BreadcrumbList","@id":"https:\/\/cnewa.org\/it\/dove-operiamo\/africa-nord-orientale\/#breadcrumb","itemListElement":[{"@type":"ListItem","position":1,"name":"Home","item":"https:\/\/cnewa.org\/it\/"},{"@type":"ListItem","position":2,"name":"Dove operiamo","item":"https:\/\/cnewa.org\/it\/dove-operiamo\/"},{"@type":"ListItem","position":3,"name":"Africa nord-orientale"}]},{"@type":"WebSite","@id":"https:\/\/cnewa.org\/it\/#website","url":"https:\/\/cnewa.org\/it\/","name":"CNEWA Italia","description":"","publisher":{"@id":"https:\/\/cnewa.org\/it\/#organization"},"alternateName":"Associazione Cattolica per il Benessere del Vicino Oriente (CNEWA)","potentialAction":[{"@type":"SearchAction","target":{"@type":"EntryPoint","urlTemplate":"https:\/\/cnewa.org\/it\/?s={search_term_string}"},"query-input":{"@type":"PropertyValueSpecification","valueRequired":true,"valueName":"search_term_string"}}],"inLanguage":"it-IT"},{"@type":"Organization","@id":"https:\/\/cnewa.org\/it\/#organization","name":"CNEWA Italia","alternateName":"Associazione Cattolica per il Benessere del Vicino Oriente","url":"https:\/\/cnewa.org\/it\/","logo":{"@type":"ImageObject","inLanguage":"it-IT","@id":"https:\/\/cnewa.org\/it\/#\/schema\/logo\/image\/","url":"https:\/\/cnewa.org\/it\/wp-content\/uploads\/sites\/7\/2024\/10\/CNEWA-brand-logo-300x300-1.png","contentUrl":"https:\/\/cnewa.org\/it\/wp-content\/uploads\/sites\/7\/2024\/10\/CNEWA-brand-logo-300x300-1.png","width":300,"height":300,"caption":"CNEWA Italia"},"image":{"@id":"https:\/\/cnewa.org\/it\/#\/schema\/logo\/image\/"}}]}},"_links":{"self":[{"href":"https:\/\/cnewa.org\/it\/wp-json\/wp\/v2\/pages\/183","targetHints":{"allow":["GET"]}}],"collection":[{"href":"https:\/\/cnewa.org\/it\/wp-json\/wp\/v2\/pages"}],"about":[{"href":"https:\/\/cnewa.org\/it\/wp-json\/wp\/v2\/types\/page"}],"author":[{"embeddable":true,"href":"https:\/\/cnewa.org\/it\/wp-json\/wp\/v2\/users\/5"}],"replies":[{"embeddable":true,"href":"https:\/\/cnewa.org\/it\/wp-json\/wp\/v2\/comments?post=183"}],"version-history":[{"count":18,"href":"https:\/\/cnewa.org\/it\/wp-json\/wp\/v2\/pages\/183\/revisions"}],"predecessor-version":[{"id":1899,"href":"https:\/\/cnewa.org\/it\/wp-json\/wp\/v2\/pages\/183\/revisions\/1899"}],"up":[{"embeddable":true,"href":"https:\/\/cnewa.org\/it\/wp-json\/wp\/v2\/pages\/134"}],"wp:featuredmedia":[{"embeddable":true,"href":"https:\/\/cnewa.org\/it\/wp-json\/wp\/v2\/media\/177"}],"wp:attachment":[{"href":"https:\/\/cnewa.org\/it\/wp-json\/wp\/v2\/media?parent=183"}],"curies":[{"name":"wp","href":"https:\/\/api.w.org\/{rel}","templated":true}]}}