{"id":850,"date":"2024-12-13T12:50:51","date_gmt":"2024-12-13T11:50:51","guid":{"rendered":"https:\/\/cnewa.org\/it\/?page_id=850"},"modified":"2025-07-25T11:17:04","modified_gmt":"2025-07-25T09:17:04","slug":"india-2","status":"publish","type":"page","link":"https:\/\/cnewa.org\/it\/dove-operiamo\/india-2\/","title":{"rendered":"India"},"content":{"rendered":"\n<h2 class=\"wp-block-heading\" id=\"h-l-india-con-una-popolazione-di-circa-1-4-miliardi-di-persone-e-destinata-a-diventare-il-paese-piu-popoloso-del-mondo-entro-il-2028-gia-oggi-e-la-piu-grande-democrazia-al-mondo-e-il-settimo-paese-per-estensione-geografica\">L\u2019India, con una popolazione di circa 1,4 miliardi di persone, \u00e8 destinata a diventare il paese pi\u00f9 popoloso del mondo entro il 2028. Gi\u00e0 oggi \u00e8 la pi\u00f9 grande democrazia al mondo e il settimo paese per estensione geografica.<\/h2>\n\n\n\n<p>Pur essendo uno stato laico senza una religione ufficiale, circa l\u201980% degli indiani pratica l\u2019induismo. I musulmani rappresentano il 14,2% della popolazione, i cristiani il 2,3%, seguiti dai sikh con l\u20191,7% e da altre comunit\u00e0, tra cui buddisti e jainisti. Si stima che i cattolici costituiscano circa l\u20191,5% della popolazione totale.&nbsp;<\/p>\n\n\n\n<p>La missione della CNEWA in India \u00e8 sostenere le due Chiese cattoliche orientali presenti nel paese: la Chiesa siro-malabarese, che conta 31 eparchie e circa 5 milioni di fedeli, e la Chiesa siro-malankarese, con 11 eparchie e circa 500.000 fedeli.<\/p>\n\n\n\n<p>Dal 2014, il paese \u00e8 governato dall\u2019Alleanza Democratica Nazionale, un governo di ispirazione nazionalista ind\u00f9 guidato dal Bharatiya Janata Party. Questo esecutivo ha introdotto cambiamenti legislativi che hanno avuto un impatto significativo sulle organizzazioni religiose, compresa la Chiesa cattolica.&nbsp;<\/p>\n\n\n\n<p>Nonostante rappresenti una minoranza, la Chiesa cattolica in India si distingue per il suo ruolo di primo piano nell\u2019istruzione, nell\u2019assistenza sanitaria e nel sostegno alle fasce pi\u00f9 vulnerabili ed emarginate della popolazione.&nbsp;<\/p>\n\n\n\n<h4 class=\"wp-block-heading\" id=\"h-accompagniamo-le-chiese-locali\"><strong><strong>Accompagniamo le Chiese locali<\/strong><\/strong><\/h4>\n\n\n\n<p>La CNEWA sostiene la missione della Chiesa offrendo contributi per la formazione di seminaristi e novizie, il restauro di seminari e conventi, percorsi di approfondimento della fede, la costruzione di luoghi di preghiera e programmi dedicati alla crescita spirituale e personale dei giovani.&nbsp;<\/p>\n\n\n\n<figure class=\"wp-block-image size-large\"><img loading=\"lazy\" decoding=\"async\" width=\"1024\" height=\"462\" src=\"https:\/\/cnewa.org\/it\/wp-content\/uploads\/sites\/7\/2024\/12\/csn202301_003H-1024x462.jpeg\" alt=\"Un gruppo di persone seduti in posa per una foto.\" class=\"wp-image-848\" srcset=\"https:\/\/cnewa.org\/it\/wp-content\/uploads\/sites\/7\/2024\/12\/csn202301_003H-1024x462.jpeg 1024w, https:\/\/cnewa.org\/it\/wp-content\/uploads\/sites\/7\/2024\/12\/csn202301_003H-300x135.jpeg 300w, https:\/\/cnewa.org\/it\/wp-content\/uploads\/sites\/7\/2024\/12\/csn202301_003H-768x347.jpeg 768w, https:\/\/cnewa.org\/it\/wp-content\/uploads\/sites\/7\/2024\/12\/csn202301_003H.jpeg 1152w\" sizes=\"auto, (max-width: 1024px) 100vw, 1024px\" \/><figcaption class=\"wp-element-caption\">Mons. Vaccari durante la visita al noviziato delle Suore di Nazareth ad Angamaly. (Foto per gentile cortesia della Congregazione delle Suore di Nazareth, Noviziato di Angamaly)<\/figcaption><\/figure>\n\n\n\n<h4 class=\"wp-block-heading\" id=\"h-rispondiamo-ai-bisogni-delle-persone\"><strong>Rispondiamo ai bisogni delle persone<\/strong><\/h4>\n\n\n\n<p>La CNEWA si impegna a migliorare la qualit\u00e0 della vita di chi vive in condizioni di povert\u00e0 o vulnerabilit\u00e0. Tra le sue attivit\u00e0, il sostegno a progetti per l\u2019infanzia, come la ristrutturazione di case di accoglienza, programmi contro la malnutrizione, campagne di sensibilizzazione su salute, igiene e prevenzione degli abusi, oltre a iniziative dedicate a persone con disabilit\u00e0 e ad altre categorie emarginate.&nbsp;<\/p>\n\n\n\n<figure class=\"wp-block-image size-large\"><img loading=\"lazy\" decoding=\"async\" width=\"1024\" height=\"683\" src=\"https:\/\/cnewa.org\/it\/wp-content\/uploads\/sites\/7\/2024\/12\/sajeendran20202_027H-scaled-1-1024x683.jpg\" alt=\"suora che assiste le donne povere e anziane in India in tempi di COVID\" class=\"wp-image-847\" srcset=\"https:\/\/cnewa.org\/it\/wp-content\/uploads\/sites\/7\/2024\/12\/sajeendran20202_027H-scaled-1-1024x683.jpg 1024w, https:\/\/cnewa.org\/it\/wp-content\/uploads\/sites\/7\/2024\/12\/sajeendran20202_027H-scaled-1-300x200.jpg 300w, https:\/\/cnewa.org\/it\/wp-content\/uploads\/sites\/7\/2024\/12\/sajeendran20202_027H-scaled-1-768x512.jpg 768w, https:\/\/cnewa.org\/it\/wp-content\/uploads\/sites\/7\/2024\/12\/sajeendran20202_027H-scaled-1-1536x1024.jpg 1536w, https:\/\/cnewa.org\/it\/wp-content\/uploads\/sites\/7\/2024\/12\/sajeendran20202_027H-scaled-1-2048x1366.jpg 2048w, https:\/\/cnewa.org\/it\/wp-content\/uploads\/sites\/7\/2024\/12\/sajeendran20202_027H-scaled-1-1600x1067.jpg 1600w\" sizes=\"auto, (max-width: 1024px) 100vw, 1024px\" \/><figcaption class=\"wp-element-caption\">Suor Ann Paul, S.D., mentre assiste le donne vulnerabili nella clinica della Casa della Misericordia a Ernakulam, in India. (Foto di Sajeendran V.S.)<\/figcaption><\/figure>\n\n\n\n<p><strong>Ogni gesto, anche il pi\u00f9 piccolo, pu\u00f2 trasformarsi in un dono immenso per chi \u00e8 nel bisogno. Sostieni i nostri progetti con una donazione: insieme possiamo portare speranza e amore a chi ne ha pi\u00f9 bisogno. Dona ora e fai la differenza nella vita di tanti.<\/strong><\/p>\n\n\n  <div class=\"donate-button\" id=\"minor-fund-campaign\">\n    <button class=\"donate-modal-toggle\" data-minor-fund='India' data-minor-fund-code='IR'>Dona ora<\/button>\n  <\/div>\n  ","protected":false},"excerpt":{"rendered":"<p>L\u2019India, con una popolazione di circa 1,4 miliardi di persone, \u00e8 destinata a diventare il paese pi\u00f9 popoloso del mondo entro il 2028. Gi\u00e0 oggi \u00e8 la pi\u00f9 grande democrazia al mondo e il settimo paese per estensione geografica. Pur essendo uno stato laico senza una religione ufficiale, circa l\u201980% degli indiani pratica l\u2019induismo. I &hellip; <a href=\"https:\/\/cnewa.org\/it\/dove-operiamo\/india-2\/\">Continued<\/a><\/p>\n","protected":false},"author":70092,"featured_media":849,"parent":134,"menu_order":0,"comment_status":"closed","ping_status":"closed","template":"","meta":{"_acf_changed":false,"footnotes":""},"class_list":["post-850","page","type-page","status-publish","has-post-thumbnail","hentry"],"acf":[],"yoast_head":"<!-- This site is optimized with the Yoast SEO Premium plugin v27.3 (Yoast SEO v27.3) - https:\/\/yoast.com\/product\/yoast-seo-premium-wordpress\/ -->\n<title>India | CNEWA Italia<\/title>\n<meta name=\"description\" content=\"L&#039;India \u00e8 in crisi. Il Paese sta combattendo contro un crescente disastro umanitario, mentre la pandemia di coronavirus miete ogni giorno pi\u00f9 vittime.\" \/>\n<meta name=\"robots\" content=\"index, follow, max-snippet:-1, max-image-preview:large, max-video-preview:-1\" \/>\n<link rel=\"canonical\" href=\"https:\/\/cnewa.org\/it\/dove-operiamo\/india-2\/\" \/>\n<meta property=\"og:locale\" content=\"it_IT\" \/>\n<meta property=\"og:type\" content=\"article\" \/>\n<meta property=\"og:title\" content=\"India\" \/>\n<meta property=\"og:description\" content=\"L&#039;India \u00e8 in crisi. Il Paese sta combattendo contro un crescente disastro umanitario, mentre la pandemia di coronavirus miete ogni giorno pi\u00f9 vittime.\" \/>\n<meta property=\"og:site_name\" content=\"CNEWA Italia\" \/>\n<meta property=\"article:modified_time\" content=\"2025-07-25T09:17:04+00:00\" \/>\n<meta property=\"og:image\" content=\"https:\/\/cnewa.org\/it\/wp-content\/uploads\/sites\/7\/2024\/12\/sajeendran20211_048H.jpg\" \/>\n\t<meta property=\"og:image:width\" content=\"2560\" \/>\n\t<meta property=\"og:image:height\" content=\"1707\" \/>\n\t<meta property=\"og:image:type\" content=\"image\/jpeg\" \/>\n<meta name=\"twitter:card\" content=\"summary_large_image\" \/>\n<meta name=\"twitter:label1\" content=\"Tempo di lettura stimato\" \/>\n\t<meta name=\"twitter:data1\" content=\"3 minuti\" \/>\n<script type=\"application\/ld+json\" class=\"yoast-schema-graph\">{\"@context\":\"https:\\\/\\\/schema.org\",\"@graph\":[{\"@type\":\"WebPage\",\"@id\":\"https:\\\/\\\/cnewa.org\\\/it\\\/dove-operiamo\\\/india-2\\\/\",\"url\":\"https:\\\/\\\/cnewa.org\\\/it\\\/dove-operiamo\\\/india-2\\\/\",\"name\":\"India | CNEWA Italia\",\"isPartOf\":{\"@id\":\"https:\\\/\\\/cnewa.org\\\/it\\\/#website\"},\"primaryImageOfPage\":{\"@id\":\"https:\\\/\\\/cnewa.org\\\/it\\\/dove-operiamo\\\/india-2\\\/#primaryimage\"},\"image\":{\"@id\":\"https:\\\/\\\/cnewa.org\\\/it\\\/dove-operiamo\\\/india-2\\\/#primaryimage\"},\"thumbnailUrl\":\"https:\\\/\\\/cnewa.org\\\/it\\\/wp-content\\\/uploads\\\/sites\\\/7\\\/2024\\\/12\\\/sajeendran20211_048H.jpg\",\"datePublished\":\"2024-12-13T11:50:51+00:00\",\"dateModified\":\"2025-07-25T09:17:04+00:00\",\"description\":\"L'India \u00e8 in crisi. Il Paese sta combattendo contro un crescente disastro umanitario, mentre la pandemia di coronavirus miete ogni giorno pi\u00f9 vittime.\",\"breadcrumb\":{\"@id\":\"https:\\\/\\\/cnewa.org\\\/it\\\/dove-operiamo\\\/india-2\\\/#breadcrumb\"},\"inLanguage\":\"it-IT\",\"potentialAction\":[{\"@type\":\"ReadAction\",\"target\":[\"https:\\\/\\\/cnewa.org\\\/it\\\/dove-operiamo\\\/india-2\\\/\"]}]},{\"@type\":\"ImageObject\",\"inLanguage\":\"it-IT\",\"@id\":\"https:\\\/\\\/cnewa.org\\\/it\\\/dove-operiamo\\\/india-2\\\/#primaryimage\",\"url\":\"https:\\\/\\\/cnewa.org\\\/it\\\/wp-content\\\/uploads\\\/sites\\\/7\\\/2024\\\/12\\\/sajeendran20211_048H.jpg\",\"contentUrl\":\"https:\\\/\\\/cnewa.org\\\/it\\\/wp-content\\\/uploads\\\/sites\\\/7\\\/2024\\\/12\\\/sajeendran20211_048H.jpg\",\"width\":2560,\"height\":1707,\"caption\":\"Kumari Babu in visita con la figlia Parvathy a Sneha Sadan, una casa per giovani con bisogni speciali gestita dalle Suore Preshitharam a Kizhakkambalam, in India. (Foto di Sajeendran V.S.)\"},{\"@type\":\"BreadcrumbList\",\"@id\":\"https:\\\/\\\/cnewa.org\\\/it\\\/dove-operiamo\\\/india-2\\\/#breadcrumb\",\"itemListElement\":[{\"@type\":\"ListItem\",\"position\":1,\"name\":\"Home\",\"item\":\"https:\\\/\\\/cnewa.org\\\/it\\\/\"},{\"@type\":\"ListItem\",\"position\":2,\"name\":\"Dove operiamo\",\"item\":\"https:\\\/\\\/cnewa.org\\\/it\\\/dove-operiamo\\\/\"},{\"@type\":\"ListItem\",\"position\":3,\"name\":\"India\"}]},{\"@type\":\"WebSite\",\"@id\":\"https:\\\/\\\/cnewa.org\\\/it\\\/#website\",\"url\":\"https:\\\/\\\/cnewa.org\\\/it\\\/\",\"name\":\"CNEWA Italia\",\"description\":\"\",\"publisher\":{\"@id\":\"https:\\\/\\\/cnewa.org\\\/it\\\/#organization\"},\"alternateName\":\"Associazione Cattolica per il Benessere del Vicino Oriente (CNEWA)\",\"potentialAction\":[{\"@type\":\"SearchAction\",\"target\":{\"@type\":\"EntryPoint\",\"urlTemplate\":\"https:\\\/\\\/cnewa.org\\\/it\\\/?s={search_term_string}\"},\"query-input\":{\"@type\":\"PropertyValueSpecification\",\"valueRequired\":true,\"valueName\":\"search_term_string\"}}],\"inLanguage\":\"it-IT\"},{\"@type\":\"Organization\",\"@id\":\"https:\\\/\\\/cnewa.org\\\/it\\\/#organization\",\"name\":\"CNEWA Italia\",\"alternateName\":\"Associazione Cattolica per il Benessere del Vicino Oriente\",\"url\":\"https:\\\/\\\/cnewa.org\\\/it\\\/\",\"logo\":{\"@type\":\"ImageObject\",\"inLanguage\":\"it-IT\",\"@id\":\"https:\\\/\\\/cnewa.org\\\/it\\\/#\\\/schema\\\/logo\\\/image\\\/\",\"url\":\"https:\\\/\\\/cnewa.org\\\/it\\\/wp-content\\\/uploads\\\/sites\\\/7\\\/2024\\\/10\\\/CNEWA-brand-logo-300x300-1.png\",\"contentUrl\":\"https:\\\/\\\/cnewa.org\\\/it\\\/wp-content\\\/uploads\\\/sites\\\/7\\\/2024\\\/10\\\/CNEWA-brand-logo-300x300-1.png\",\"width\":300,\"height\":300,\"caption\":\"CNEWA Italia\"},\"image\":{\"@id\":\"https:\\\/\\\/cnewa.org\\\/it\\\/#\\\/schema\\\/logo\\\/image\\\/\"}}]}<\/script>\n<!-- \/ Yoast SEO Premium plugin. -->","yoast_head_json":{"title":"India | CNEWA Italia","description":"L'India \u00e8 in crisi. Il Paese sta combattendo contro un crescente disastro umanitario, mentre la pandemia di coronavirus miete ogni giorno pi\u00f9 vittime.","robots":{"index":"index","follow":"follow","max-snippet":"max-snippet:-1","max-image-preview":"max-image-preview:large","max-video-preview":"max-video-preview:-1"},"canonical":"https:\/\/cnewa.org\/it\/dove-operiamo\/india-2\/","og_locale":"it_IT","og_type":"article","og_title":"India","og_description":"L'India \u00e8 in crisi. Il Paese sta combattendo contro un crescente disastro umanitario, mentre la pandemia di coronavirus miete ogni giorno pi\u00f9 vittime.","og_site_name":"CNEWA Italia","article_modified_time":"2025-07-25T09:17:04+00:00","og_image":[{"width":2560,"height":1707,"url":"https:\/\/cnewa.org\/it\/wp-content\/uploads\/sites\/7\/2024\/12\/sajeendran20211_048H.jpg","type":"image\/jpeg"}],"twitter_card":"summary_large_image","twitter_misc":{"Tempo di lettura stimato":"3 minuti"},"schema":{"@context":"https:\/\/schema.org","@graph":[{"@type":"WebPage","@id":"https:\/\/cnewa.org\/it\/dove-operiamo\/india-2\/","url":"https:\/\/cnewa.org\/it\/dove-operiamo\/india-2\/","name":"India | CNEWA Italia","isPartOf":{"@id":"https:\/\/cnewa.org\/it\/#website"},"primaryImageOfPage":{"@id":"https:\/\/cnewa.org\/it\/dove-operiamo\/india-2\/#primaryimage"},"image":{"@id":"https:\/\/cnewa.org\/it\/dove-operiamo\/india-2\/#primaryimage"},"thumbnailUrl":"https:\/\/cnewa.org\/it\/wp-content\/uploads\/sites\/7\/2024\/12\/sajeendran20211_048H.jpg","datePublished":"2024-12-13T11:50:51+00:00","dateModified":"2025-07-25T09:17:04+00:00","description":"L'India \u00e8 in crisi. Il Paese sta combattendo contro un crescente disastro umanitario, mentre la pandemia di coronavirus miete ogni giorno pi\u00f9 vittime.","breadcrumb":{"@id":"https:\/\/cnewa.org\/it\/dove-operiamo\/india-2\/#breadcrumb"},"inLanguage":"it-IT","potentialAction":[{"@type":"ReadAction","target":["https:\/\/cnewa.org\/it\/dove-operiamo\/india-2\/"]}]},{"@type":"ImageObject","inLanguage":"it-IT","@id":"https:\/\/cnewa.org\/it\/dove-operiamo\/india-2\/#primaryimage","url":"https:\/\/cnewa.org\/it\/wp-content\/uploads\/sites\/7\/2024\/12\/sajeendran20211_048H.jpg","contentUrl":"https:\/\/cnewa.org\/it\/wp-content\/uploads\/sites\/7\/2024\/12\/sajeendran20211_048H.jpg","width":2560,"height":1707,"caption":"Kumari Babu in visita con la figlia Parvathy a Sneha Sadan, una casa per giovani con bisogni speciali gestita dalle Suore Preshitharam a Kizhakkambalam, in India. (Foto di Sajeendran V.S.)"},{"@type":"BreadcrumbList","@id":"https:\/\/cnewa.org\/it\/dove-operiamo\/india-2\/#breadcrumb","itemListElement":[{"@type":"ListItem","position":1,"name":"Home","item":"https:\/\/cnewa.org\/it\/"},{"@type":"ListItem","position":2,"name":"Dove operiamo","item":"https:\/\/cnewa.org\/it\/dove-operiamo\/"},{"@type":"ListItem","position":3,"name":"India"}]},{"@type":"WebSite","@id":"https:\/\/cnewa.org\/it\/#website","url":"https:\/\/cnewa.org\/it\/","name":"CNEWA Italia","description":"","publisher":{"@id":"https:\/\/cnewa.org\/it\/#organization"},"alternateName":"Associazione Cattolica per il Benessere del Vicino Oriente (CNEWA)","potentialAction":[{"@type":"SearchAction","target":{"@type":"EntryPoint","urlTemplate":"https:\/\/cnewa.org\/it\/?s={search_term_string}"},"query-input":{"@type":"PropertyValueSpecification","valueRequired":true,"valueName":"search_term_string"}}],"inLanguage":"it-IT"},{"@type":"Organization","@id":"https:\/\/cnewa.org\/it\/#organization","name":"CNEWA Italia","alternateName":"Associazione Cattolica per il Benessere del Vicino Oriente","url":"https:\/\/cnewa.org\/it\/","logo":{"@type":"ImageObject","inLanguage":"it-IT","@id":"https:\/\/cnewa.org\/it\/#\/schema\/logo\/image\/","url":"https:\/\/cnewa.org\/it\/wp-content\/uploads\/sites\/7\/2024\/10\/CNEWA-brand-logo-300x300-1.png","contentUrl":"https:\/\/cnewa.org\/it\/wp-content\/uploads\/sites\/7\/2024\/10\/CNEWA-brand-logo-300x300-1.png","width":300,"height":300,"caption":"CNEWA Italia"},"image":{"@id":"https:\/\/cnewa.org\/it\/#\/schema\/logo\/image\/"}}]}},"_links":{"self":[{"href":"https:\/\/cnewa.org\/it\/wp-json\/wp\/v2\/pages\/850","targetHints":{"allow":["GET"]}}],"collection":[{"href":"https:\/\/cnewa.org\/it\/wp-json\/wp\/v2\/pages"}],"about":[{"href":"https:\/\/cnewa.org\/it\/wp-json\/wp\/v2\/types\/page"}],"author":[{"embeddable":true,"href":"https:\/\/cnewa.org\/it\/wp-json\/wp\/v2\/users\/70092"}],"replies":[{"embeddable":true,"href":"https:\/\/cnewa.org\/it\/wp-json\/wp\/v2\/comments?post=850"}],"version-history":[{"count":9,"href":"https:\/\/cnewa.org\/it\/wp-json\/wp\/v2\/pages\/850\/revisions"}],"predecessor-version":[{"id":1649,"href":"https:\/\/cnewa.org\/it\/wp-json\/wp\/v2\/pages\/850\/revisions\/1649"}],"up":[{"embeddable":true,"href":"https:\/\/cnewa.org\/it\/wp-json\/wp\/v2\/pages\/134"}],"wp:featuredmedia":[{"embeddable":true,"href":"https:\/\/cnewa.org\/it\/wp-json\/wp\/v2\/media\/849"}],"wp:attachment":[{"href":"https:\/\/cnewa.org\/it\/wp-json\/wp\/v2\/media?parent=850"}],"curies":[{"name":"wp","href":"https:\/\/api.w.org\/{rel}","templated":true}]}}