{"id":859,"date":"2024-12-16T09:48:55","date_gmt":"2024-12-16T08:48:55","guid":{"rendered":"https:\/\/cnewa.org\/it\/?page_id=859"},"modified":"2025-07-25T11:35:14","modified_gmt":"2025-07-25T09:35:14","slug":"armenia","status":"publish","type":"page","link":"https:\/\/cnewa.org\/it\/dove-operiamo\/europa-orientale\/armenia\/","title":{"rendered":"Armenia"},"content":{"rendered":"\n<h2 class=\"wp-block-heading\" id=\"h-l-armenia-incastonata-tra-asia-ed-europa-sorge-nel-cuore-delle-maestose-montagne-del-caucaso-circondata-da-nazioni-piu-grandi-e-potenti\">L\u2019Armenia, incastonata tra Asia ed Europa, sorge nel cuore delle maestose montagne del Caucaso, circondata da nazioni pi\u00f9 grandi e potenti.<\/h2>\n\n\n\n<p>Sostenuto dalla profonda fede cristiana, il popolo armeno \u00e8 riuscito a sopravvivere a secoli di persecuzioni, inclusi tragici tentativi di genocidio.<\/p>\n\n\n\n<p>Oggi continua a fronteggiare sfide significative: guerre, disastri naturali e instabilit\u00e0 politica mettono a rischio la vita dei suoi 2,9 milioni di abitanti, oltre un quarto dei quali vive in condizioni di estrema povert\u00e0.<\/p>\n\n\n\n<p>A causa della sua appartenenza all\u2019Unione Economica Eurasiatica, l\u2019economia armena \u00e8 fortemente dipendente dalla Russia, che controlla la maggior parte delle attivit\u00e0 strategiche del Paese, tra cui la rete di distribuzione del gas, le ferrovie e le telecomunicazioni, e detiene un sostanziale monopolio sul mercato del gas. Priva di sbocchi sul mare, l\u2019Armenia ha confini aperti solo con due dei suoi immediati vicini: Georgia e Iran.<\/p>\n\n\n\n<p>Nel settembre 2023, le forze azere hanno portato a termine l\u2019invasione del Nagorno-Karabakh, costringendo circa 120.000 armeni a lasciare le loro case e i loro villaggi. In una sola notte, comunit\u00e0 armene radicate nella regione da pi\u00f9 di un millennio sono svanite. L\u2019Armenia, gi\u00e0 provata da difficolt\u00e0 economiche e politiche, si trova ora ad affrontare il complesso compito di accogliere e integrare queste migliaia di sfollati nel proprio territorio.<\/p>\n\n\n\n<p>La piccola comunit\u00e0 cattolica armena ha cercato di affrontare queste sfide e la CNEWA \u00e8 rimasta al suo fianco. La CNEWA lavora a stretto contatto con l\u2019Ordinariato Armeno Cattolico e il suo dipartimento di servizi sociali, Caritas Armenia, portando speranza in una terra che conosce fin troppo bene la disperazione.<\/p>\n\n\n\n<h4 class=\"wp-block-heading\" id=\"h-rispondiamo-ai-bisogni-delle-persone\"><strong>Rispondiamo ai bisogni delle persone<\/strong><\/h4>\n\n\n\n<p>La CNEWA aiuta a distribuire kit invernali agli anziani che vivono in villaggi di montagna isolati; sostiene programmi di assistenza all\u2019infanzia, tra cui campi estivi e attivit\u00e0 di doposcuola; offre accesso all\u2019assistenza sanitaria; fornisce un sostegno d\u2019emergenza agli armeni sfollati dalla Siria e dalla regione del Nagorno-Karabakh; si occupa di assistere le persone con esigenze speciali offrendo loro corsi di riabilitazione per famiglie e opportunit\u00e0 di lavoro.<\/p>\n\n\n\n<figure class=\"wp-block-image size-large\"><img loading=\"lazy\" decoding=\"async\" width=\"1024\" height=\"683\" src=\"https:\/\/cnewa.org\/it\/wp-content\/uploads\/sites\/7\/2024\/12\/caritasArmenia2021_148-1024x683.jpg\" alt=\"Alcuni bambini partecipano attivamente, alzando le mani e intervenendo con entusiasmo ad una lezione\" class=\"wp-image-857\" srcset=\"https:\/\/cnewa.org\/it\/wp-content\/uploads\/sites\/7\/2024\/12\/caritasArmenia2021_148-1024x683.jpg 1024w, https:\/\/cnewa.org\/it\/wp-content\/uploads\/sites\/7\/2024\/12\/caritasArmenia2021_148-300x200.jpg 300w, https:\/\/cnewa.org\/it\/wp-content\/uploads\/sites\/7\/2024\/12\/caritasArmenia2021_148-768x512.jpg 768w, https:\/\/cnewa.org\/it\/wp-content\/uploads\/sites\/7\/2024\/12\/caritasArmenia2021_148-1536x1024.jpg 1536w, https:\/\/cnewa.org\/it\/wp-content\/uploads\/sites\/7\/2024\/12\/caritasArmenia2021_148-1600x1067.jpg 1600w, https:\/\/cnewa.org\/it\/wp-content\/uploads\/sites\/7\/2024\/12\/caritasArmenia2021_148.jpg 1800w\" sizes=\"auto, (max-width: 1024px) 100vw, 1024px\" \/><figcaption class=\"wp-element-caption\">Operatori di Caritas Armenia si confrontano con alcuni bambini reinsediati in un campo a Torosgyugh, dopo la guerra nella regione del Nagorno-Karabakh, in Azerbaigian. (Foto per gentile concessione di Caritas Armenia)<\/figcaption><\/figure>\n\n\n\n<h4 class=\"wp-block-heading\" id=\"h-accompagniamo-le-chiese-locali\"><strong><strong>Accompagniamo le Chiese locali<\/strong><\/strong><\/h4>\n\n\n\n<p>La CNEWA sostiene attivit\u00e0 di formazione per il supporto di sacerdoti, seminaristi, religiosi e religiose e catechisti laici. Fornisce inoltre sostegno alle comunit\u00e0 parrocchiali, in particolare a quelle che si occupano di comunit\u00e0 che vivono in villaggi rurali vulnerabili.<\/p>\n\n\n\n<figure class=\"wp-block-image size-large\"><img loading=\"lazy\" decoding=\"async\" width=\"1024\" height=\"683\" src=\"https:\/\/cnewa.org\/it\/wp-content\/uploads\/sites\/7\/2024\/12\/johannes202311_017H-1024x683.jpg\" alt=\"Una signora anziana e una suora parlano sedute su un divano\" class=\"wp-image-858\" srcset=\"https:\/\/cnewa.org\/it\/wp-content\/uploads\/sites\/7\/2024\/12\/johannes202311_017H-1024x683.jpg 1024w, https:\/\/cnewa.org\/it\/wp-content\/uploads\/sites\/7\/2024\/12\/johannes202311_017H-300x200.jpg 300w, https:\/\/cnewa.org\/it\/wp-content\/uploads\/sites\/7\/2024\/12\/johannes202311_017H-768x512.jpg 768w, https:\/\/cnewa.org\/it\/wp-content\/uploads\/sites\/7\/2024\/12\/johannes202311_017H-1536x1025.jpg 1536w, https:\/\/cnewa.org\/it\/wp-content\/uploads\/sites\/7\/2024\/12\/johannes202311_017H-1600x1068.jpg 1600w, https:\/\/cnewa.org\/it\/wp-content\/uploads\/sites\/7\/2024\/12\/johannes202311_017H.jpg 1800w\" sizes=\"auto, (max-width: 1024px) 100vw, 1024px\" \/><figcaption class=\"wp-element-caption\">Suor Serpouhi Boghosyan dialoga con Leonoura Mnastsakanyan, rifugiata del Nagorno-Karabakh, nel suo appartamento di Gyumri, in Armenia. (Foto di Armineh Johannes)<\/figcaption><\/figure>\n\n\n\n<p><strong>Ogni gesto, anche il pi\u00f9 piccolo, pu\u00f2 trasformarsi in un dono immenso per chi \u00e8 nel bisogno. Sostieni i nostri progetti con una donazione: insieme possiamo portare speranza e amore a chi ne ha pi\u00f9 bisogno. Dona ora e fai la differenza nella vita di tanti.<\/strong><\/p>\n\n\n  <div class=\"donate-button\" id=\"minor-fund-campaign\">\n    <button class=\"donate-modal-toggle\" data-minor-fund='Armenia' data-minor-fund-code='DH'>Dona ora<\/button>\n  <\/div>\n  ","protected":false},"excerpt":{"rendered":"<p>L\u2019Armenia, incastonata tra Asia ed Europa, sorge nel cuore delle maestose montagne del Caucaso, circondata da nazioni pi\u00f9 grandi e potenti. Sostenuto dalla profonda fede cristiana, il popolo armeno \u00e8 riuscito a sopravvivere a secoli di persecuzioni, inclusi tragici tentativi di genocidio. Oggi continua a fronteggiare sfide significative: guerre, disastri naturali e instabilit\u00e0 politica mettono &hellip; <a href=\"https:\/\/cnewa.org\/it\/dove-operiamo\/europa-orientale\/armenia\/\">Continued<\/a><\/p>\n","protected":false},"author":70092,"featured_media":856,"parent":193,"menu_order":0,"comment_status":"closed","ping_status":"closed","template":"","meta":{"_acf_changed":false,"footnotes":""},"class_list":["post-859","page","type-page","status-publish","has-post-thumbnail","hentry"],"acf":[],"yoast_head":"<!-- This site is optimized with the Yoast SEO Premium plugin v27.3 (Yoast SEO v27.3) - https:\/\/yoast.com\/product\/yoast-seo-premium-wordpress\/ -->\n<title>Armenia | CNEWA Italia<\/title>\n<meta name=\"description\" content=\"Schiacciata tra Asia ed Europa, l&#039;Armenia si trova nel cuore delle montagne del Caucaso, circondata da nazioni ostili.\" \/>\n<meta name=\"robots\" content=\"index, follow, max-snippet:-1, max-image-preview:large, max-video-preview:-1\" \/>\n<link rel=\"canonical\" href=\"https:\/\/cnewa.org\/it\/dove-operiamo\/europa-orientale\/armenia\/\" \/>\n<meta property=\"og:locale\" content=\"it_IT\" \/>\n<meta property=\"og:type\" content=\"article\" \/>\n<meta property=\"og:title\" content=\"Armenia\" \/>\n<meta property=\"og:description\" content=\"Schiacciata tra Asia ed Europa, l&#039;Armenia si trova nel cuore delle montagne del Caucaso, circondata da nazioni ostili.\" \/>\n<meta property=\"og:site_name\" content=\"CNEWA Italia\" \/>\n<meta property=\"article:modified_time\" content=\"2025-07-25T09:35:14+00:00\" \/>\n<meta property=\"og:image\" content=\"https:\/\/cnewa.org\/it\/wp-content\/uploads\/sites\/7\/2024\/12\/lacivita20131_156H.jpg\" \/>\n\t<meta property=\"og:image:width\" content=\"1800\" \/>\n\t<meta property=\"og:image:height\" content=\"1350\" \/>\n\t<meta property=\"og:image:type\" content=\"image\/jpeg\" \/>\n<meta name=\"twitter:card\" content=\"summary_large_image\" \/>\n<meta name=\"twitter:label1\" content=\"Tempo di lettura stimato\" \/>\n\t<meta name=\"twitter:data1\" content=\"4 minuti\" \/>\n<script type=\"application\/ld+json\" class=\"yoast-schema-graph\">{\"@context\":\"https:\\\/\\\/schema.org\",\"@graph\":[{\"@type\":\"WebPage\",\"@id\":\"https:\\\/\\\/cnewa.org\\\/it\\\/dove-operiamo\\\/europa-orientale\\\/armenia\\\/\",\"url\":\"https:\\\/\\\/cnewa.org\\\/it\\\/dove-operiamo\\\/europa-orientale\\\/armenia\\\/\",\"name\":\"Armenia | CNEWA Italia\",\"isPartOf\":{\"@id\":\"https:\\\/\\\/cnewa.org\\\/it\\\/#website\"},\"primaryImageOfPage\":{\"@id\":\"https:\\\/\\\/cnewa.org\\\/it\\\/dove-operiamo\\\/europa-orientale\\\/armenia\\\/#primaryimage\"},\"image\":{\"@id\":\"https:\\\/\\\/cnewa.org\\\/it\\\/dove-operiamo\\\/europa-orientale\\\/armenia\\\/#primaryimage\"},\"thumbnailUrl\":\"https:\\\/\\\/cnewa.org\\\/it\\\/wp-content\\\/uploads\\\/sites\\\/7\\\/2024\\\/12\\\/lacivita20131_156H.jpg\",\"datePublished\":\"2024-12-16T08:48:55+00:00\",\"dateModified\":\"2025-07-25T09:35:14+00:00\",\"description\":\"Schiacciata tra Asia ed Europa, l'Armenia si trova nel cuore delle montagne del Caucaso, circondata da nazioni ostili.\",\"breadcrumb\":{\"@id\":\"https:\\\/\\\/cnewa.org\\\/it\\\/dove-operiamo\\\/europa-orientale\\\/armenia\\\/#breadcrumb\"},\"inLanguage\":\"it-IT\",\"potentialAction\":[{\"@type\":\"ReadAction\",\"target\":[\"https:\\\/\\\/cnewa.org\\\/it\\\/dove-operiamo\\\/europa-orientale\\\/armenia\\\/\"]}]},{\"@type\":\"ImageObject\",\"inLanguage\":\"it-IT\",\"@id\":\"https:\\\/\\\/cnewa.org\\\/it\\\/dove-operiamo\\\/europa-orientale\\\/armenia\\\/#primaryimage\",\"url\":\"https:\\\/\\\/cnewa.org\\\/it\\\/wp-content\\\/uploads\\\/sites\\\/7\\\/2024\\\/12\\\/lacivita20131_156H.jpg\",\"contentUrl\":\"https:\\\/\\\/cnewa.org\\\/it\\\/wp-content\\\/uploads\\\/sites\\\/7\\\/2024\\\/12\\\/lacivita20131_156H.jpg\",\"width\":1800,\"height\":1350,\"caption\":\"I khachkar, simboli unici della cultura armena, sono stati distrutti sistematicamente durante il conflitto per il Nagorno-Karabakh e il Nakhichevan. (Foto di Michael J.L. La Civita)\"},{\"@type\":\"BreadcrumbList\",\"@id\":\"https:\\\/\\\/cnewa.org\\\/it\\\/dove-operiamo\\\/europa-orientale\\\/armenia\\\/#breadcrumb\",\"itemListElement\":[{\"@type\":\"ListItem\",\"position\":1,\"name\":\"Home\",\"item\":\"https:\\\/\\\/cnewa.org\\\/it\\\/\"},{\"@type\":\"ListItem\",\"position\":2,\"name\":\"Dove operiamo\",\"item\":\"https:\\\/\\\/cnewa.org\\\/it\\\/dove-operiamo\\\/\"},{\"@type\":\"ListItem\",\"position\":3,\"name\":\"Europa orientale\",\"item\":\"https:\\\/\\\/cnewa.org\\\/it\\\/dove-operiamo\\\/europa-orientale\\\/\"},{\"@type\":\"ListItem\",\"position\":4,\"name\":\"Armenia\"}]},{\"@type\":\"WebSite\",\"@id\":\"https:\\\/\\\/cnewa.org\\\/it\\\/#website\",\"url\":\"https:\\\/\\\/cnewa.org\\\/it\\\/\",\"name\":\"CNEWA Italia\",\"description\":\"\",\"publisher\":{\"@id\":\"https:\\\/\\\/cnewa.org\\\/it\\\/#organization\"},\"alternateName\":\"Associazione Cattolica per il Benessere del Vicino Oriente (CNEWA)\",\"potentialAction\":[{\"@type\":\"SearchAction\",\"target\":{\"@type\":\"EntryPoint\",\"urlTemplate\":\"https:\\\/\\\/cnewa.org\\\/it\\\/?s={search_term_string}\"},\"query-input\":{\"@type\":\"PropertyValueSpecification\",\"valueRequired\":true,\"valueName\":\"search_term_string\"}}],\"inLanguage\":\"it-IT\"},{\"@type\":\"Organization\",\"@id\":\"https:\\\/\\\/cnewa.org\\\/it\\\/#organization\",\"name\":\"CNEWA Italia\",\"alternateName\":\"Associazione Cattolica per il Benessere del Vicino Oriente\",\"url\":\"https:\\\/\\\/cnewa.org\\\/it\\\/\",\"logo\":{\"@type\":\"ImageObject\",\"inLanguage\":\"it-IT\",\"@id\":\"https:\\\/\\\/cnewa.org\\\/it\\\/#\\\/schema\\\/logo\\\/image\\\/\",\"url\":\"https:\\\/\\\/cnewa.org\\\/it\\\/wp-content\\\/uploads\\\/sites\\\/7\\\/2024\\\/10\\\/CNEWA-brand-logo-300x300-1.png\",\"contentUrl\":\"https:\\\/\\\/cnewa.org\\\/it\\\/wp-content\\\/uploads\\\/sites\\\/7\\\/2024\\\/10\\\/CNEWA-brand-logo-300x300-1.png\",\"width\":300,\"height\":300,\"caption\":\"CNEWA Italia\"},\"image\":{\"@id\":\"https:\\\/\\\/cnewa.org\\\/it\\\/#\\\/schema\\\/logo\\\/image\\\/\"}}]}<\/script>\n<!-- \/ Yoast SEO Premium plugin. -->","yoast_head_json":{"title":"Armenia | CNEWA Italia","description":"Schiacciata tra Asia ed Europa, l'Armenia si trova nel cuore delle montagne del Caucaso, circondata da nazioni ostili.","robots":{"index":"index","follow":"follow","max-snippet":"max-snippet:-1","max-image-preview":"max-image-preview:large","max-video-preview":"max-video-preview:-1"},"canonical":"https:\/\/cnewa.org\/it\/dove-operiamo\/europa-orientale\/armenia\/","og_locale":"it_IT","og_type":"article","og_title":"Armenia","og_description":"Schiacciata tra Asia ed Europa, l'Armenia si trova nel cuore delle montagne del Caucaso, circondata da nazioni ostili.","og_site_name":"CNEWA Italia","article_modified_time":"2025-07-25T09:35:14+00:00","og_image":[{"width":1800,"height":1350,"url":"https:\/\/cnewa.org\/it\/wp-content\/uploads\/sites\/7\/2024\/12\/lacivita20131_156H.jpg","type":"image\/jpeg"}],"twitter_card":"summary_large_image","twitter_misc":{"Tempo di lettura stimato":"4 minuti"},"schema":{"@context":"https:\/\/schema.org","@graph":[{"@type":"WebPage","@id":"https:\/\/cnewa.org\/it\/dove-operiamo\/europa-orientale\/armenia\/","url":"https:\/\/cnewa.org\/it\/dove-operiamo\/europa-orientale\/armenia\/","name":"Armenia | CNEWA Italia","isPartOf":{"@id":"https:\/\/cnewa.org\/it\/#website"},"primaryImageOfPage":{"@id":"https:\/\/cnewa.org\/it\/dove-operiamo\/europa-orientale\/armenia\/#primaryimage"},"image":{"@id":"https:\/\/cnewa.org\/it\/dove-operiamo\/europa-orientale\/armenia\/#primaryimage"},"thumbnailUrl":"https:\/\/cnewa.org\/it\/wp-content\/uploads\/sites\/7\/2024\/12\/lacivita20131_156H.jpg","datePublished":"2024-12-16T08:48:55+00:00","dateModified":"2025-07-25T09:35:14+00:00","description":"Schiacciata tra Asia ed Europa, l'Armenia si trova nel cuore delle montagne del Caucaso, circondata da nazioni ostili.","breadcrumb":{"@id":"https:\/\/cnewa.org\/it\/dove-operiamo\/europa-orientale\/armenia\/#breadcrumb"},"inLanguage":"it-IT","potentialAction":[{"@type":"ReadAction","target":["https:\/\/cnewa.org\/it\/dove-operiamo\/europa-orientale\/armenia\/"]}]},{"@type":"ImageObject","inLanguage":"it-IT","@id":"https:\/\/cnewa.org\/it\/dove-operiamo\/europa-orientale\/armenia\/#primaryimage","url":"https:\/\/cnewa.org\/it\/wp-content\/uploads\/sites\/7\/2024\/12\/lacivita20131_156H.jpg","contentUrl":"https:\/\/cnewa.org\/it\/wp-content\/uploads\/sites\/7\/2024\/12\/lacivita20131_156H.jpg","width":1800,"height":1350,"caption":"I khachkar, simboli unici della cultura armena, sono stati distrutti sistematicamente durante il conflitto per il Nagorno-Karabakh e il Nakhichevan. (Foto di Michael J.L. La Civita)"},{"@type":"BreadcrumbList","@id":"https:\/\/cnewa.org\/it\/dove-operiamo\/europa-orientale\/armenia\/#breadcrumb","itemListElement":[{"@type":"ListItem","position":1,"name":"Home","item":"https:\/\/cnewa.org\/it\/"},{"@type":"ListItem","position":2,"name":"Dove operiamo","item":"https:\/\/cnewa.org\/it\/dove-operiamo\/"},{"@type":"ListItem","position":3,"name":"Europa orientale","item":"https:\/\/cnewa.org\/it\/dove-operiamo\/europa-orientale\/"},{"@type":"ListItem","position":4,"name":"Armenia"}]},{"@type":"WebSite","@id":"https:\/\/cnewa.org\/it\/#website","url":"https:\/\/cnewa.org\/it\/","name":"CNEWA Italia","description":"","publisher":{"@id":"https:\/\/cnewa.org\/it\/#organization"},"alternateName":"Associazione Cattolica per il Benessere del Vicino Oriente (CNEWA)","potentialAction":[{"@type":"SearchAction","target":{"@type":"EntryPoint","urlTemplate":"https:\/\/cnewa.org\/it\/?s={search_term_string}"},"query-input":{"@type":"PropertyValueSpecification","valueRequired":true,"valueName":"search_term_string"}}],"inLanguage":"it-IT"},{"@type":"Organization","@id":"https:\/\/cnewa.org\/it\/#organization","name":"CNEWA Italia","alternateName":"Associazione Cattolica per il Benessere del Vicino Oriente","url":"https:\/\/cnewa.org\/it\/","logo":{"@type":"ImageObject","inLanguage":"it-IT","@id":"https:\/\/cnewa.org\/it\/#\/schema\/logo\/image\/","url":"https:\/\/cnewa.org\/it\/wp-content\/uploads\/sites\/7\/2024\/10\/CNEWA-brand-logo-300x300-1.png","contentUrl":"https:\/\/cnewa.org\/it\/wp-content\/uploads\/sites\/7\/2024\/10\/CNEWA-brand-logo-300x300-1.png","width":300,"height":300,"caption":"CNEWA Italia"},"image":{"@id":"https:\/\/cnewa.org\/it\/#\/schema\/logo\/image\/"}}]}},"_links":{"self":[{"href":"https:\/\/cnewa.org\/it\/wp-json\/wp\/v2\/pages\/859","targetHints":{"allow":["GET"]}}],"collection":[{"href":"https:\/\/cnewa.org\/it\/wp-json\/wp\/v2\/pages"}],"about":[{"href":"https:\/\/cnewa.org\/it\/wp-json\/wp\/v2\/types\/page"}],"author":[{"embeddable":true,"href":"https:\/\/cnewa.org\/it\/wp-json\/wp\/v2\/users\/70092"}],"replies":[{"embeddable":true,"href":"https:\/\/cnewa.org\/it\/wp-json\/wp\/v2\/comments?post=859"}],"version-history":[{"count":5,"href":"https:\/\/cnewa.org\/it\/wp-json\/wp\/v2\/pages\/859\/revisions"}],"predecessor-version":[{"id":1662,"href":"https:\/\/cnewa.org\/it\/wp-json\/wp\/v2\/pages\/859\/revisions\/1662"}],"up":[{"embeddable":true,"href":"https:\/\/cnewa.org\/it\/wp-json\/wp\/v2\/pages\/193"}],"wp:featuredmedia":[{"embeddable":true,"href":"https:\/\/cnewa.org\/it\/wp-json\/wp\/v2\/media\/856"}],"wp:attachment":[{"href":"https:\/\/cnewa.org\/it\/wp-json\/wp\/v2\/media?parent=859"}],"curies":[{"name":"wp","href":"https:\/\/api.w.org\/{rel}","templated":true}]}}