{"id":864,"date":"2024-12-16T10:03:23","date_gmt":"2024-12-16T09:03:23","guid":{"rendered":"https:\/\/cnewa.org\/it\/?page_id=864"},"modified":"2025-07-25T11:36:14","modified_gmt":"2025-07-25T09:36:14","slug":"georgia","status":"publish","type":"page","link":"https:\/\/cnewa.org\/it\/dove-operiamo\/europa-orientale\/georgia\/","title":{"rendered":"Georgia"},"content":{"rendered":"\n<h2 class=\"wp-block-heading\" id=\"h-tra-le-maestose-montagne-del-caucaso-al-crocevia-tra-oriente-e-occidente-e-tra-il-nord-e-il-sud-del-mondo-il-piccolo-stato-della-georgia-ha-vissuto-per-oltre-duemila-anni-sotto-l-influenza-di-vicini-potenti-e-spesso-ostili-tra-i-primi-popoli-a-convertirsi-al-cristianesimo-i-georgiani-devono-alla-chiesa-ortodossa-un-ruolo-fondamentale-nella-formazione-crescita-e-difesa-della-loro-identita-e-cultura-unica-a-differenza-dell-armenia-che-e-etnicamente-omogenea-la-georgia-accoglie-una-ricca-diversita-culturale-con-comunita-di-armeni-assiro-caldei-azeri-russi-e-ucraini\">Tra le maestose montagne del Caucaso, al crocevia tra Oriente e Occidente e tra il Nord e il Sud del mondo, il piccolo Stato della Georgia ha vissuto per oltre duemila anni sotto l\u2019influenza di vicini potenti e spesso ostili. Tra i primi popoli a convertirsi al cristianesimo, i georgiani devono alla Chiesa Ortodossa un ruolo fondamentale nella formazione, crescita e difesa della loro identit\u00e0 e cultura unica. A differenza dell\u2019Armenia, che \u00e8 etnicamente omogenea, la Georgia accoglie una ricca diversit\u00e0 culturale, con comunit\u00e0 di armeni, assiro-caldei, azeri, russi e ucraini.<\/h2>\n\n\n\n<p>La CNEWA ha collaborato con la piccola, ma dinamica ed etnicamente diversificata comunit\u00e0 cattolica della Georgia sin dal crollo del comunismo e dalla fine della guerra civile all\u2019inizio degli anni Novanta. Insieme alle comunit\u00e0 armena, assiro-caldea e cattolica romana, e attraverso l\u2019organizzazione di servizio sociale Caritas Georgia, la CNEWA ha portato dignit\u00e0, speranza e aiuto a uomini, donne e bambini vulnerabili in tutta la Georgia, indipendentemente dall\u2019identit\u00e0 religiosa.&nbsp;<\/p>\n\n\n\n<p>Secondo i dati pubblicati nel 2023 dall\u2019Ufficio Nazionale di Statistica della Georgia, l\u201911,8% della popolazione vive al di sotto della soglia di povert\u00e0 assoluta, un miglioramento di quasi 10 punti percentuali rispetto al 2020. Tuttavia, la rete operativa di personale e volontari di Caritas Georgia ritiene che l\u2019incidenza attuale della povert\u00e0 sia pi\u00f9 alta rispetto ai dati ufficiali.<\/p>\n\n\n\n<p>Una nuova legge, che ha scatenato proteste e alimentato il timore di un\u2019inversione di rotta rispetto alle riforme democratiche, rischia di compromettere il lavoro delle organizzazioni non governative del Paese, tra cui Caritas Georgia.<\/p>\n\n\n\n<h4 class=\"wp-block-heading\" id=\"h-rispondiamo-ai-bisogni-delle-persone\"><strong><strong>Rispondiamo ai bisogni delle persone<\/strong><\/strong><\/h4>\n\n\n\n<p>La CNEWA promuove programmi di sostegno per madri single e i loro figli, offrendo un aiuto concreto per affrontare le difficolt\u00e0 quotidiane. Si prende cura degli anziani e delle persone con bisogni speciali, garantendo loro cibo, assistenza sanitaria e supporto psicologico. Inoltre, accompagna i bambini nel loro percorso di crescita attraverso consulenze, attivit\u00e0 educative e orientamento.<\/p>\n\n\n\n<figure class=\"wp-block-image size-large\"><img loading=\"lazy\" decoding=\"async\" width=\"1024\" height=\"683\" src=\"https:\/\/cnewa.org\/it\/wp-content\/uploads\/sites\/7\/2024\/12\/diVico20161_074-1024x683.jpg\" alt=\"Giovani seduti a un tavolo lavorano su oggetti di artigianato.\" class=\"wp-image-866\" srcset=\"https:\/\/cnewa.org\/it\/wp-content\/uploads\/sites\/7\/2024\/12\/diVico20161_074-1024x683.jpg 1024w, https:\/\/cnewa.org\/it\/wp-content\/uploads\/sites\/7\/2024\/12\/diVico20161_074-300x200.jpg 300w, https:\/\/cnewa.org\/it\/wp-content\/uploads\/sites\/7\/2024\/12\/diVico20161_074-768x512.jpg 768w, https:\/\/cnewa.org\/it\/wp-content\/uploads\/sites\/7\/2024\/12\/diVico20161_074-1536x1024.jpg 1536w, https:\/\/cnewa.org\/it\/wp-content\/uploads\/sites\/7\/2024\/12\/diVico20161_074-1600x1067.jpg 1600w, https:\/\/cnewa.org\/it\/wp-content\/uploads\/sites\/7\/2024\/12\/diVico20161_074.jpg 1800w\" sizes=\"auto, (max-width: 1024px) 100vw, 1024px\" \/><figcaption class=\"wp-element-caption\">Studenti frequentano una lezione d\u2019arte presso il Centro diurno Caritas Georgia Harmony di Tbilisi. (Foto di Antonio di Vico)<\/figcaption><\/figure>\n\n\n\n<h4 class=\"wp-block-heading\" id=\"h-accompagniamo-le-chiese-locali\"><strong><strong><strong>Accompagniamo le Chiese locali<\/strong><\/strong><\/strong><\/h4>\n\n\n\n<p>Sosteniamo sacerdoti, religiosi, religiose e formatori laici che si dedicano ai pi\u00f9 bisognosi, offrendo loro sostegno spirituale e pratico. Attraverso i sacramenti e programmi pensati per i giovani, favoriamo la loro crescita e formazione, con particolare attenzione alle comunit\u00e0 dei villaggi pi\u00f9 remoti della Georgia.&nbsp;<\/p>\n\n\n\n<figure class=\"wp-block-image size-full\"><img loading=\"lazy\" decoding=\"async\" width=\"1800\" height=\"2400\" src=\"https:\/\/cnewa.org\/it\/wp-content\/uploads\/sites\/7\/2024\/12\/IMG_2805.jpg\" alt=\"Mons. Peter I. Vaccari in visita al sacrestano della Chiesa armena cattolica della Georgia meridionale.\" class=\"wp-image-865\" srcset=\"https:\/\/cnewa.org\/it\/wp-content\/uploads\/sites\/7\/2024\/12\/IMG_2805.jpg 1800w, https:\/\/cnewa.org\/it\/wp-content\/uploads\/sites\/7\/2024\/12\/IMG_2805-225x300.jpg 225w, https:\/\/cnewa.org\/it\/wp-content\/uploads\/sites\/7\/2024\/12\/IMG_2805-768x1024.jpg 768w, https:\/\/cnewa.org\/it\/wp-content\/uploads\/sites\/7\/2024\/12\/IMG_2805-1152x1536.jpg 1152w, https:\/\/cnewa.org\/it\/wp-content\/uploads\/sites\/7\/2024\/12\/IMG_2805-1536x2048.jpg 1536w, https:\/\/cnewa.org\/it\/wp-content\/uploads\/sites\/7\/2024\/12\/IMG_2805-1600x2133.jpg 1600w\" sizes=\"auto, (max-width: 1800px) 100vw, 1800px\" \/><figcaption class=\"wp-element-caption\">Mons. Peter I. Vaccari incontra il sacrestano della Chiesa armena cattolica della Georgia meridionale che, durante il periodo sovietico, ha tenuto aperta la chiesa. (Foto di Michael J.L. La Civita)<\/figcaption><\/figure>\n\n\n\n<p><strong>Ogni gesto, anche il pi\u00f9 piccolo, pu\u00f2 trasformarsi in un dono immenso per chi \u00e8 nel bisogno. Sostieni i nostri progetti con una donazione: insieme possiamo portare speranza e amore a chi ne ha pi\u00f9 bisogno. Dona ora e fai la differenza nella vita di tanti.<\/strong><\/p>\n\n\n  <div class=\"donate-button\" id=\"minor-fund-campaign\">\n    <button class=\"donate-modal-toggle\" data-minor-fund='Georgia' data-minor-fund-code='GE'>Dona ora<\/button>\n  <\/div>\n  ","protected":false},"excerpt":{"rendered":"<p>Tra le maestose montagne del Caucaso, al crocevia tra Oriente e Occidente e tra il Nord e il Sud del mondo, il piccolo Stato della Georgia ha vissuto per oltre duemila anni sotto l\u2019influenza di vicini potenti e spesso ostili. Tra i primi popoli a convertirsi al cristianesimo, i georgiani devono alla Chiesa Ortodossa un &hellip; <a href=\"https:\/\/cnewa.org\/it\/dove-operiamo\/europa-orientale\/georgia\/\">Continued<\/a><\/p>\n","protected":false},"author":70092,"featured_media":867,"parent":193,"menu_order":0,"comment_status":"closed","ping_status":"closed","template":"","meta":{"_acf_changed":false,"footnotes":""},"class_list":["post-864","page","type-page","status-publish","has-post-thumbnail","hentry"],"acf":[],"yoast_head":"<!-- This site is optimized with the Yoast SEO Premium plugin v27.3 (Yoast SEO v27.3) - https:\/\/yoast.com\/product\/yoast-seo-premium-wordpress\/ -->\n<title>Georgia | CNEWA Italia<\/title>\n<meta name=\"description\" content=\"CNEWA, presente in Georgia dal crollo del comunismo, lavora a stretto contatto con la comunit\u00e0 cattolica del Paese.\" \/>\n<meta name=\"robots\" content=\"index, follow, max-snippet:-1, max-image-preview:large, max-video-preview:-1\" \/>\n<link rel=\"canonical\" href=\"https:\/\/cnewa.org\/it\/dove-operiamo\/europa-orientale\/georgia\/\" \/>\n<meta property=\"og:locale\" content=\"it_IT\" \/>\n<meta property=\"og:type\" content=\"article\" \/>\n<meta property=\"og:title\" content=\"Georgia\" \/>\n<meta property=\"og:description\" content=\"CNEWA, presente in Georgia dal crollo del comunismo, lavora a stretto contatto con la comunit\u00e0 cattolica del Paese.\" \/>\n<meta property=\"og:site_name\" content=\"CNEWA Italia\" \/>\n<meta property=\"article:modified_time\" content=\"2025-07-25T09:36:14+00:00\" \/>\n<meta property=\"og:image\" content=\"https:\/\/cnewa.org\/it\/wp-content\/uploads\/sites\/7\/2024\/12\/mielnikiew_00_79h.jpg\" \/>\n\t<meta property=\"og:image:width\" content=\"1000\" \/>\n\t<meta property=\"og:image:height\" content=\"659\" \/>\n\t<meta property=\"og:image:type\" content=\"image\/jpeg\" \/>\n<meta name=\"twitter:card\" content=\"summary_large_image\" \/>\n<meta name=\"twitter:label1\" content=\"Tempo di lettura stimato\" \/>\n\t<meta name=\"twitter:data1\" content=\"4 minuti\" \/>\n<script type=\"application\/ld+json\" class=\"yoast-schema-graph\">{\"@context\":\"https:\\\/\\\/schema.org\",\"@graph\":[{\"@type\":\"WebPage\",\"@id\":\"https:\\\/\\\/cnewa.org\\\/it\\\/dove-operiamo\\\/europa-orientale\\\/georgia\\\/\",\"url\":\"https:\\\/\\\/cnewa.org\\\/it\\\/dove-operiamo\\\/europa-orientale\\\/georgia\\\/\",\"name\":\"Georgia | CNEWA Italia\",\"isPartOf\":{\"@id\":\"https:\\\/\\\/cnewa.org\\\/it\\\/#website\"},\"primaryImageOfPage\":{\"@id\":\"https:\\\/\\\/cnewa.org\\\/it\\\/dove-operiamo\\\/europa-orientale\\\/georgia\\\/#primaryimage\"},\"image\":{\"@id\":\"https:\\\/\\\/cnewa.org\\\/it\\\/dove-operiamo\\\/europa-orientale\\\/georgia\\\/#primaryimage\"},\"thumbnailUrl\":\"https:\\\/\\\/cnewa.org\\\/it\\\/wp-content\\\/uploads\\\/sites\\\/7\\\/2024\\\/12\\\/mielnikiew_00_79h.jpg\",\"datePublished\":\"2024-12-16T09:03:23+00:00\",\"dateModified\":\"2025-07-25T09:36:14+00:00\",\"description\":\"CNEWA, presente in Georgia dal crollo del comunismo, lavora a stretto contatto con la comunit\u00e0 cattolica del Paese.\",\"breadcrumb\":{\"@id\":\"https:\\\/\\\/cnewa.org\\\/it\\\/dove-operiamo\\\/europa-orientale\\\/georgia\\\/#breadcrumb\"},\"inLanguage\":\"it-IT\",\"potentialAction\":[{\"@type\":\"ReadAction\",\"target\":[\"https:\\\/\\\/cnewa.org\\\/it\\\/dove-operiamo\\\/europa-orientale\\\/georgia\\\/\"]}]},{\"@type\":\"ImageObject\",\"inLanguage\":\"it-IT\",\"@id\":\"https:\\\/\\\/cnewa.org\\\/it\\\/dove-operiamo\\\/europa-orientale\\\/georgia\\\/#primaryimage\",\"url\":\"https:\\\/\\\/cnewa.org\\\/it\\\/wp-content\\\/uploads\\\/sites\\\/7\\\/2024\\\/12\\\/mielnikiew_00_79h.jpg\",\"contentUrl\":\"https:\\\/\\\/cnewa.org\\\/it\\\/wp-content\\\/uploads\\\/sites\\\/7\\\/2024\\\/12\\\/mielnikiew_00_79h.jpg\",\"width\":1000,\"height\":659,\"caption\":\"La Chiesa della Trinit\u00e0 di Gergeti - situata a 2170 metri di altezza, sotto il Monte Kazbegi - fu costruita nel XIV secolo... Il Monte Kazbek \u00e8 associato nel folklore georgiano ad Amirani, la versione georgiana di Prometeo, che fu incatenato sulla montagna come punizione per aver rubato il fuoco agli dei e averlo donato ai mortali. Il luogo della sua prigionia divenne in seguito il sito di un eremo ortodosso situato in una grotta chiamata \u201cBetlemi\u201d (Betlemme) a circa 4000 metri di altezza.\"},{\"@type\":\"BreadcrumbList\",\"@id\":\"https:\\\/\\\/cnewa.org\\\/it\\\/dove-operiamo\\\/europa-orientale\\\/georgia\\\/#breadcrumb\",\"itemListElement\":[{\"@type\":\"ListItem\",\"position\":1,\"name\":\"Home\",\"item\":\"https:\\\/\\\/cnewa.org\\\/it\\\/\"},{\"@type\":\"ListItem\",\"position\":2,\"name\":\"Dove operiamo\",\"item\":\"https:\\\/\\\/cnewa.org\\\/it\\\/dove-operiamo\\\/\"},{\"@type\":\"ListItem\",\"position\":3,\"name\":\"Europa orientale\",\"item\":\"https:\\\/\\\/cnewa.org\\\/it\\\/dove-operiamo\\\/europa-orientale\\\/\"},{\"@type\":\"ListItem\",\"position\":4,\"name\":\"Georgia\"}]},{\"@type\":\"WebSite\",\"@id\":\"https:\\\/\\\/cnewa.org\\\/it\\\/#website\",\"url\":\"https:\\\/\\\/cnewa.org\\\/it\\\/\",\"name\":\"CNEWA Italia\",\"description\":\"\",\"publisher\":{\"@id\":\"https:\\\/\\\/cnewa.org\\\/it\\\/#organization\"},\"alternateName\":\"Associazione Cattolica per il Benessere del Vicino Oriente (CNEWA)\",\"potentialAction\":[{\"@type\":\"SearchAction\",\"target\":{\"@type\":\"EntryPoint\",\"urlTemplate\":\"https:\\\/\\\/cnewa.org\\\/it\\\/?s={search_term_string}\"},\"query-input\":{\"@type\":\"PropertyValueSpecification\",\"valueRequired\":true,\"valueName\":\"search_term_string\"}}],\"inLanguage\":\"it-IT\"},{\"@type\":\"Organization\",\"@id\":\"https:\\\/\\\/cnewa.org\\\/it\\\/#organization\",\"name\":\"CNEWA Italia\",\"alternateName\":\"Associazione Cattolica per il Benessere del Vicino Oriente\",\"url\":\"https:\\\/\\\/cnewa.org\\\/it\\\/\",\"logo\":{\"@type\":\"ImageObject\",\"inLanguage\":\"it-IT\",\"@id\":\"https:\\\/\\\/cnewa.org\\\/it\\\/#\\\/schema\\\/logo\\\/image\\\/\",\"url\":\"https:\\\/\\\/cnewa.org\\\/it\\\/wp-content\\\/uploads\\\/sites\\\/7\\\/2024\\\/10\\\/CNEWA-brand-logo-300x300-1.png\",\"contentUrl\":\"https:\\\/\\\/cnewa.org\\\/it\\\/wp-content\\\/uploads\\\/sites\\\/7\\\/2024\\\/10\\\/CNEWA-brand-logo-300x300-1.png\",\"width\":300,\"height\":300,\"caption\":\"CNEWA Italia\"},\"image\":{\"@id\":\"https:\\\/\\\/cnewa.org\\\/it\\\/#\\\/schema\\\/logo\\\/image\\\/\"}}]}<\/script>\n<!-- \/ Yoast SEO Premium plugin. -->","yoast_head_json":{"title":"Georgia | CNEWA Italia","description":"CNEWA, presente in Georgia dal crollo del comunismo, lavora a stretto contatto con la comunit\u00e0 cattolica del Paese.","robots":{"index":"index","follow":"follow","max-snippet":"max-snippet:-1","max-image-preview":"max-image-preview:large","max-video-preview":"max-video-preview:-1"},"canonical":"https:\/\/cnewa.org\/it\/dove-operiamo\/europa-orientale\/georgia\/","og_locale":"it_IT","og_type":"article","og_title":"Georgia","og_description":"CNEWA, presente in Georgia dal crollo del comunismo, lavora a stretto contatto con la comunit\u00e0 cattolica del Paese.","og_site_name":"CNEWA Italia","article_modified_time":"2025-07-25T09:36:14+00:00","og_image":[{"width":1000,"height":659,"url":"https:\/\/cnewa.org\/it\/wp-content\/uploads\/sites\/7\/2024\/12\/mielnikiew_00_79h.jpg","type":"image\/jpeg"}],"twitter_card":"summary_large_image","twitter_misc":{"Tempo di lettura stimato":"4 minuti"},"schema":{"@context":"https:\/\/schema.org","@graph":[{"@type":"WebPage","@id":"https:\/\/cnewa.org\/it\/dove-operiamo\/europa-orientale\/georgia\/","url":"https:\/\/cnewa.org\/it\/dove-operiamo\/europa-orientale\/georgia\/","name":"Georgia | CNEWA Italia","isPartOf":{"@id":"https:\/\/cnewa.org\/it\/#website"},"primaryImageOfPage":{"@id":"https:\/\/cnewa.org\/it\/dove-operiamo\/europa-orientale\/georgia\/#primaryimage"},"image":{"@id":"https:\/\/cnewa.org\/it\/dove-operiamo\/europa-orientale\/georgia\/#primaryimage"},"thumbnailUrl":"https:\/\/cnewa.org\/it\/wp-content\/uploads\/sites\/7\/2024\/12\/mielnikiew_00_79h.jpg","datePublished":"2024-12-16T09:03:23+00:00","dateModified":"2025-07-25T09:36:14+00:00","description":"CNEWA, presente in Georgia dal crollo del comunismo, lavora a stretto contatto con la comunit\u00e0 cattolica del Paese.","breadcrumb":{"@id":"https:\/\/cnewa.org\/it\/dove-operiamo\/europa-orientale\/georgia\/#breadcrumb"},"inLanguage":"it-IT","potentialAction":[{"@type":"ReadAction","target":["https:\/\/cnewa.org\/it\/dove-operiamo\/europa-orientale\/georgia\/"]}]},{"@type":"ImageObject","inLanguage":"it-IT","@id":"https:\/\/cnewa.org\/it\/dove-operiamo\/europa-orientale\/georgia\/#primaryimage","url":"https:\/\/cnewa.org\/it\/wp-content\/uploads\/sites\/7\/2024\/12\/mielnikiew_00_79h.jpg","contentUrl":"https:\/\/cnewa.org\/it\/wp-content\/uploads\/sites\/7\/2024\/12\/mielnikiew_00_79h.jpg","width":1000,"height":659,"caption":"La Chiesa della Trinit\u00e0 di Gergeti - situata a 2170 metri di altezza, sotto il Monte Kazbegi - fu costruita nel XIV secolo... Il Monte Kazbek \u00e8 associato nel folklore georgiano ad Amirani, la versione georgiana di Prometeo, che fu incatenato sulla montagna come punizione per aver rubato il fuoco agli dei e averlo donato ai mortali. Il luogo della sua prigionia divenne in seguito il sito di un eremo ortodosso situato in una grotta chiamata \u201cBetlemi\u201d (Betlemme) a circa 4000 metri di altezza."},{"@type":"BreadcrumbList","@id":"https:\/\/cnewa.org\/it\/dove-operiamo\/europa-orientale\/georgia\/#breadcrumb","itemListElement":[{"@type":"ListItem","position":1,"name":"Home","item":"https:\/\/cnewa.org\/it\/"},{"@type":"ListItem","position":2,"name":"Dove operiamo","item":"https:\/\/cnewa.org\/it\/dove-operiamo\/"},{"@type":"ListItem","position":3,"name":"Europa orientale","item":"https:\/\/cnewa.org\/it\/dove-operiamo\/europa-orientale\/"},{"@type":"ListItem","position":4,"name":"Georgia"}]},{"@type":"WebSite","@id":"https:\/\/cnewa.org\/it\/#website","url":"https:\/\/cnewa.org\/it\/","name":"CNEWA Italia","description":"","publisher":{"@id":"https:\/\/cnewa.org\/it\/#organization"},"alternateName":"Associazione Cattolica per il Benessere del Vicino Oriente (CNEWA)","potentialAction":[{"@type":"SearchAction","target":{"@type":"EntryPoint","urlTemplate":"https:\/\/cnewa.org\/it\/?s={search_term_string}"},"query-input":{"@type":"PropertyValueSpecification","valueRequired":true,"valueName":"search_term_string"}}],"inLanguage":"it-IT"},{"@type":"Organization","@id":"https:\/\/cnewa.org\/it\/#organization","name":"CNEWA Italia","alternateName":"Associazione Cattolica per il Benessere del Vicino Oriente","url":"https:\/\/cnewa.org\/it\/","logo":{"@type":"ImageObject","inLanguage":"it-IT","@id":"https:\/\/cnewa.org\/it\/#\/schema\/logo\/image\/","url":"https:\/\/cnewa.org\/it\/wp-content\/uploads\/sites\/7\/2024\/10\/CNEWA-brand-logo-300x300-1.png","contentUrl":"https:\/\/cnewa.org\/it\/wp-content\/uploads\/sites\/7\/2024\/10\/CNEWA-brand-logo-300x300-1.png","width":300,"height":300,"caption":"CNEWA Italia"},"image":{"@id":"https:\/\/cnewa.org\/it\/#\/schema\/logo\/image\/"}}]}},"_links":{"self":[{"href":"https:\/\/cnewa.org\/it\/wp-json\/wp\/v2\/pages\/864","targetHints":{"allow":["GET"]}}],"collection":[{"href":"https:\/\/cnewa.org\/it\/wp-json\/wp\/v2\/pages"}],"about":[{"href":"https:\/\/cnewa.org\/it\/wp-json\/wp\/v2\/types\/page"}],"author":[{"embeddable":true,"href":"https:\/\/cnewa.org\/it\/wp-json\/wp\/v2\/users\/70092"}],"replies":[{"embeddable":true,"href":"https:\/\/cnewa.org\/it\/wp-json\/wp\/v2\/comments?post=864"}],"version-history":[{"count":3,"href":"https:\/\/cnewa.org\/it\/wp-json\/wp\/v2\/pages\/864\/revisions"}],"predecessor-version":[{"id":1663,"href":"https:\/\/cnewa.org\/it\/wp-json\/wp\/v2\/pages\/864\/revisions\/1663"}],"up":[{"embeddable":true,"href":"https:\/\/cnewa.org\/it\/wp-json\/wp\/v2\/pages\/193"}],"wp:featuredmedia":[{"embeddable":true,"href":"https:\/\/cnewa.org\/it\/wp-json\/wp\/v2\/media\/867"}],"wp:attachment":[{"href":"https:\/\/cnewa.org\/it\/wp-json\/wp\/v2\/media?parent=864"}],"curies":[{"name":"wp","href":"https:\/\/api.w.org\/{rel}","templated":true}]}}