{"id":877,"date":"2024-12-16T16:35:41","date_gmt":"2024-12-16T15:35:41","guid":{"rendered":"https:\/\/cnewa.org\/it\/?page_id=877"},"modified":"2025-07-25T11:26:04","modified_gmt":"2025-07-25T09:26:04","slug":"ucraina","status":"publish","type":"page","link":"https:\/\/cnewa.org\/it\/dove-operiamo\/europa-orientale\/ucraina\/","title":{"rendered":"Ucraina"},"content":{"rendered":"\n<h2 class=\"wp-block-heading\" id=\"h-l-invasione-su-larga-scala-dell-ucraina-da-parte-della-russia-nel-febbraio-2022-ha-causato-una-grave-crisi-umanitaria-per-la-popolazione-ucraina-nbsp\">L\u2019invasione su larga scala dell\u2019Ucraina da parte della Russia, nel febbraio 2022, ha causato una grave crisi umanitaria per la popolazione ucraina.&nbsp;<\/h2>\n\n\n\n<p>Fin dai primi giorni di guerra, la CNEWA ha inviato aiuti ai suoi collaboratori in Ucraina, concentrandosi sulla fornitura di beni di prima necessit\u00e0, tra cui cibo, medicine e alloggi. Tra i principali collaboratori figurano Caritas Ucraina, l\u2019Universit\u00e0 Cattolica Ucraina e la Chiesa greco-cattolica ucraina.&nbsp;<\/p>\n\n\n\n<p>La guerra ha ucciso pi\u00f9 di 22.000 civili, creato pi\u00f9 di 8,1 milioni di rifugiati e sfollato internamente altri 5,6 milioni di persone. Di fronte a queste continue sofferenze, la risposta della CNEWA \u00e8 urgente.&nbsp;<\/p>\n\n\n\n<h4 class=\"wp-block-heading\" id=\"h-accompagniamo-le-chiese-locali\"><strong><strong>Accompagniamo le Chiese locali<\/strong><\/strong><\/h4>\n\n\n\n<p>La chiesa locale rappresenta un punto di riferimento fondamentale per gli sfollati, i traumatizzati, i feriti, gli orfani, i bisognosi, coloro che hanno subito torture o sono rimasti senza una casa, e per chi ha perso i propri familiari o ha persone care prigioniere. In questo contesto, il ruolo della Chiesa \u00e8 essenziale, e perci\u00f2 la formazione dei futuri responsabili e il rafforzamento delle comunit\u00e0 locali rimangono priorit\u00e0 importanti.<\/p>\n\n\n\n<p>Nelle zone devastate dalla guerra, i sacerdoti necessitano di supporto esterno per poter continuare a svolgere il loro ministero nelle parrocchie. La CNEWA sostiene il clero negli esarcati di Donetsk, Odesa e Kharkiv, che si trovano in prima linea. Molti sacerdoti, inoltre, prestano servizio come cappellani militari e sanitari, un ruolo cruciale in tempi di conflitto.<\/p>\n\n\n\n<p>Pochi mesi dopo l\u2019invasione del 2022, i seminari hanno ripreso regolarmente i loro corsi di formazione. La CNEWA supporta i programmi di formazione in tre seminari ucraini, oltre alla preparazione del clero per il servizio di cappellania militare e sanitaria.<\/p>\n\n\n\n<figure class=\"wp-block-image aligncenter size-full\"><img loading=\"lazy\" decoding=\"async\" width=\"537\" height=\"358\" src=\"https:\/\/cnewa.org\/it\/wp-content\/uploads\/sites\/7\/2024\/12\/kozar20175_0103H.jpg\" alt=\"Un gruppo di seminaristi\" class=\"wp-image-876\" srcset=\"https:\/\/cnewa.org\/it\/wp-content\/uploads\/sites\/7\/2024\/12\/kozar20175_0103H.jpg 537w, https:\/\/cnewa.org\/it\/wp-content\/uploads\/sites\/7\/2024\/12\/kozar20175_0103H-300x200.jpg 300w\" sizes=\"auto, (max-width: 537px) 100vw, 537px\" \/><figcaption class=\"wp-element-caption\">Seminaristi davanti a una chiesa di Lviv, Ucraina. (Foto di John E. Kozar)<\/figcaption><\/figure>\n\n\n\n<h4 class=\"wp-block-heading\" id=\"h-rispondiamo-ai-bisogni-delle-persone\"><strong>Rispondiamo ai bisogni delle persone<\/strong><\/h4>\n\n\n\n<p>Dal 2022, rispondere ai bisogni umanitari \u00e8 diventato l\u2019obiettivo principale della CNEWA in Ucraina, con interventi che comprendono aiuti d\u2019emergenza, assistenza sanitaria, progetti per l\u2019infanzia e supporto agli emarginati.&nbsp;<\/p>\n\n\n\n<p>L\u2019impatto della guerra sui bambini \u00e8 incommensurabile. Il numero di bambini orfani continua a crescere, cos\u00ec come quello di coloro che portano con s\u00e9 i traumi dell\u2019occupazione, dello sfollamento o della vicinanza ai combattimenti. Per questo motivo, le iniziative a favore dei bambini, in particolare quelle che riguardano l\u2019educazione e l\u2019integrazione dei rifugiati, sono tra le priorit\u00e0 principali della CNEWA nella sua risposta umanitaria.&nbsp;<\/p>\n\n\n\n<p>Gli ospedali pubblici sono sovraccarichi a causa delle necessit\u00e0 legate ai soldati feriti, e cresce la richiesta di strutture sanitarie alternative per assistere sia gli sfollati che la popolazione locale. Caritas Ucraina sta lavorando per creare una rete di centri medici in tutto il paese, al fine di far fronte a questa urgente necessit\u00e0 di cure.<\/p>\n\n\n\n<figure class=\"wp-block-image size-large\"><img loading=\"lazy\" decoding=\"async\" width=\"1024\" height=\"683\" src=\"https:\/\/cnewa.org\/it\/wp-content\/uploads\/sites\/7\/2024\/12\/ugcc202308_170H-1024x683.jpg\" alt=\"Una signora tiene in mano una scatola\" class=\"wp-image-875\" srcset=\"https:\/\/cnewa.org\/it\/wp-content\/uploads\/sites\/7\/2024\/12\/ugcc202308_170H-1024x683.jpg 1024w, https:\/\/cnewa.org\/it\/wp-content\/uploads\/sites\/7\/2024\/12\/ugcc202308_170H-300x200.jpg 300w, https:\/\/cnewa.org\/it\/wp-content\/uploads\/sites\/7\/2024\/12\/ugcc202308_170H-768x512.jpg 768w, https:\/\/cnewa.org\/it\/wp-content\/uploads\/sites\/7\/2024\/12\/ugcc202308_170H-1536x1024.jpg 1536w, https:\/\/cnewa.org\/it\/wp-content\/uploads\/sites\/7\/2024\/12\/ugcc202308_170H-1600x1067.jpg 1600w, https:\/\/cnewa.org\/it\/wp-content\/uploads\/sites\/7\/2024\/12\/ugcc202308_170H.jpg 1800w\" sizes=\"auto, (max-width: 1024px) 100vw, 1024px\" \/><figcaption class=\"wp-element-caption\">Durante la sua visita di solidariet\u00e0 in Ucraina, Mons. Peter I. Vaccari ha fatto tappa a Irpin per incontrare i beneficiari di un programma di distribuzione di scatole alimentari, sostenuto dalla CNEWA in collaborazione con Caritas Ucraina. (Foto per gentile concessione del Dipartimento Informazioni della Ukrainian Greek Catholic Church)<\/figcaption><\/figure>\n\n\n\n<p><strong>Ogni gesto, anche il pi\u00f9 piccolo, pu\u00f2 trasformarsi in un dono immenso per chi \u00e8 nel bisogno. Sostieni i nostri progetti con una donazione: insieme possiamo portare speranza e amore a chi ne ha pi\u00f9 bisogno. Dona ora e fai la differenza nella vita di tanti.<\/strong><\/p>\n\n\n  <div class=\"donate-button\" id=\"minor-fund-campaign\">\n    <button class=\"donate-modal-toggle\" data-minor-fund='Ucraina' data-minor-fund-code='DU'>Dona ora<\/button>\n  <\/div>\n  ","protected":false},"excerpt":{"rendered":"<p>L\u2019invasione su larga scala dell\u2019Ucraina da parte della Russia, nel febbraio 2022, ha causato una grave crisi umanitaria per la popolazione ucraina.&nbsp; Fin dai primi giorni di guerra, la CNEWA ha inviato aiuti ai suoi collaboratori in Ucraina, concentrandosi sulla fornitura di beni di prima necessit\u00e0, tra cui cibo, medicine e alloggi. Tra i principali &hellip; <a href=\"https:\/\/cnewa.org\/it\/dove-operiamo\/europa-orientale\/ucraina\/\">Continued<\/a><\/p>\n","protected":false},"author":70092,"featured_media":874,"parent":193,"menu_order":0,"comment_status":"closed","ping_status":"closed","template":"","meta":{"_acf_changed":false,"footnotes":""},"class_list":["post-877","page","type-page","status-publish","has-post-thumbnail","hentry"],"acf":[],"yoast_head":"<!-- This site is optimized with the Yoast SEO Premium plugin v27.3 (Yoast SEO v27.3) - https:\/\/yoast.com\/product\/yoast-seo-premium-wordpress\/ -->\n<title>Ucraina | CNEWA Italia<\/title>\n<meta name=\"description\" content=\"L&#039;invasione russa dell&#039;Ucraina nel 2022 ha scatenato una crisi umanitaria e la CNEWA ha subito risposta all&#039;emergenza.\" \/>\n<meta name=\"robots\" content=\"index, follow, max-snippet:-1, max-image-preview:large, max-video-preview:-1\" \/>\n<link rel=\"canonical\" href=\"https:\/\/cnewa.org\/it\/dove-operiamo\/europa-orientale\/ucraina\/\" \/>\n<meta property=\"og:locale\" content=\"it_IT\" \/>\n<meta property=\"og:type\" content=\"article\" \/>\n<meta property=\"og:title\" content=\"Ucraina\" \/>\n<meta property=\"og:description\" content=\"L&#039;invasione russa dell&#039;Ucraina nel 2022 ha scatenato una crisi umanitaria e la CNEWA ha subito risposta all&#039;emergenza.\" \/>\n<meta property=\"og:site_name\" content=\"CNEWA Italia\" \/>\n<meta property=\"article:modified_time\" content=\"2025-07-25T09:26:04+00:00\" \/>\n<meta property=\"og:image\" content=\"https:\/\/cnewa.org\/it\/wp-content\/uploads\/sites\/7\/2024\/12\/GettyImages-1078773680.jpg\" \/>\n\t<meta property=\"og:image:width\" content=\"1800\" \/>\n\t<meta property=\"og:image:height\" content=\"1200\" \/>\n\t<meta property=\"og:image:type\" content=\"image\/jpeg\" \/>\n<meta name=\"twitter:card\" content=\"summary_large_image\" \/>\n<meta name=\"twitter:label1\" content=\"Tempo di lettura stimato\" \/>\n\t<meta name=\"twitter:data1\" content=\"4 minuti\" \/>\n<script type=\"application\/ld+json\" class=\"yoast-schema-graph\">{\"@context\":\"https:\\\/\\\/schema.org\",\"@graph\":[{\"@type\":\"WebPage\",\"@id\":\"https:\\\/\\\/cnewa.org\\\/it\\\/dove-operiamo\\\/europa-orientale\\\/ucraina\\\/\",\"url\":\"https:\\\/\\\/cnewa.org\\\/it\\\/dove-operiamo\\\/europa-orientale\\\/ucraina\\\/\",\"name\":\"Ucraina | CNEWA Italia\",\"isPartOf\":{\"@id\":\"https:\\\/\\\/cnewa.org\\\/it\\\/#website\"},\"primaryImageOfPage\":{\"@id\":\"https:\\\/\\\/cnewa.org\\\/it\\\/dove-operiamo\\\/europa-orientale\\\/ucraina\\\/#primaryimage\"},\"image\":{\"@id\":\"https:\\\/\\\/cnewa.org\\\/it\\\/dove-operiamo\\\/europa-orientale\\\/ucraina\\\/#primaryimage\"},\"thumbnailUrl\":\"https:\\\/\\\/cnewa.org\\\/it\\\/wp-content\\\/uploads\\\/sites\\\/7\\\/2024\\\/12\\\/GettyImages-1078773680.jpg\",\"datePublished\":\"2024-12-16T15:35:41+00:00\",\"dateModified\":\"2025-07-25T09:26:04+00:00\",\"description\":\"L'invasione russa dell'Ucraina nel 2022 ha scatenato una crisi umanitaria e la CNEWA ha subito risposta all'emergenza.\",\"breadcrumb\":{\"@id\":\"https:\\\/\\\/cnewa.org\\\/it\\\/dove-operiamo\\\/europa-orientale\\\/ucraina\\\/#breadcrumb\"},\"inLanguage\":\"it-IT\",\"potentialAction\":[{\"@type\":\"ReadAction\",\"target\":[\"https:\\\/\\\/cnewa.org\\\/it\\\/dove-operiamo\\\/europa-orientale\\\/ucraina\\\/\"]}]},{\"@type\":\"ImageObject\",\"inLanguage\":\"it-IT\",\"@id\":\"https:\\\/\\\/cnewa.org\\\/it\\\/dove-operiamo\\\/europa-orientale\\\/ucraina\\\/#primaryimage\",\"url\":\"https:\\\/\\\/cnewa.org\\\/it\\\/wp-content\\\/uploads\\\/sites\\\/7\\\/2024\\\/12\\\/GettyImages-1078773680.jpg\",\"contentUrl\":\"https:\\\/\\\/cnewa.org\\\/it\\\/wp-content\\\/uploads\\\/sites\\\/7\\\/2024\\\/12\\\/GettyImages-1078773680.jpg\",\"width\":1800,\"height\":1200,\"caption\":\"Persone attendono fuori dalla Cattedrale di Santa Sofia a Kiev nel gennaio 2019 per vedere il decreto che riconosce l'indipendenza della Chiesa ortodossa ucraina. (Foto di Sergii Kharchenko\\\/NurPhoto via Getty Images)\"},{\"@type\":\"BreadcrumbList\",\"@id\":\"https:\\\/\\\/cnewa.org\\\/it\\\/dove-operiamo\\\/europa-orientale\\\/ucraina\\\/#breadcrumb\",\"itemListElement\":[{\"@type\":\"ListItem\",\"position\":1,\"name\":\"Home\",\"item\":\"https:\\\/\\\/cnewa.org\\\/it\\\/\"},{\"@type\":\"ListItem\",\"position\":2,\"name\":\"Dove operiamo\",\"item\":\"https:\\\/\\\/cnewa.org\\\/it\\\/dove-operiamo\\\/\"},{\"@type\":\"ListItem\",\"position\":3,\"name\":\"Europa orientale\",\"item\":\"https:\\\/\\\/cnewa.org\\\/it\\\/dove-operiamo\\\/europa-orientale\\\/\"},{\"@type\":\"ListItem\",\"position\":4,\"name\":\"Ucraina\"}]},{\"@type\":\"WebSite\",\"@id\":\"https:\\\/\\\/cnewa.org\\\/it\\\/#website\",\"url\":\"https:\\\/\\\/cnewa.org\\\/it\\\/\",\"name\":\"CNEWA Italia\",\"description\":\"\",\"publisher\":{\"@id\":\"https:\\\/\\\/cnewa.org\\\/it\\\/#organization\"},\"alternateName\":\"Associazione Cattolica per il Benessere del Vicino Oriente (CNEWA)\",\"potentialAction\":[{\"@type\":\"SearchAction\",\"target\":{\"@type\":\"EntryPoint\",\"urlTemplate\":\"https:\\\/\\\/cnewa.org\\\/it\\\/?s={search_term_string}\"},\"query-input\":{\"@type\":\"PropertyValueSpecification\",\"valueRequired\":true,\"valueName\":\"search_term_string\"}}],\"inLanguage\":\"it-IT\"},{\"@type\":\"Organization\",\"@id\":\"https:\\\/\\\/cnewa.org\\\/it\\\/#organization\",\"name\":\"CNEWA Italia\",\"alternateName\":\"Associazione Cattolica per il Benessere del Vicino Oriente\",\"url\":\"https:\\\/\\\/cnewa.org\\\/it\\\/\",\"logo\":{\"@type\":\"ImageObject\",\"inLanguage\":\"it-IT\",\"@id\":\"https:\\\/\\\/cnewa.org\\\/it\\\/#\\\/schema\\\/logo\\\/image\\\/\",\"url\":\"https:\\\/\\\/cnewa.org\\\/it\\\/wp-content\\\/uploads\\\/sites\\\/7\\\/2024\\\/10\\\/CNEWA-brand-logo-300x300-1.png\",\"contentUrl\":\"https:\\\/\\\/cnewa.org\\\/it\\\/wp-content\\\/uploads\\\/sites\\\/7\\\/2024\\\/10\\\/CNEWA-brand-logo-300x300-1.png\",\"width\":300,\"height\":300,\"caption\":\"CNEWA Italia\"},\"image\":{\"@id\":\"https:\\\/\\\/cnewa.org\\\/it\\\/#\\\/schema\\\/logo\\\/image\\\/\"}}]}<\/script>\n<!-- \/ Yoast SEO Premium plugin. -->","yoast_head_json":{"title":"Ucraina | CNEWA Italia","description":"L'invasione russa dell'Ucraina nel 2022 ha scatenato una crisi umanitaria e la CNEWA ha subito risposta all'emergenza.","robots":{"index":"index","follow":"follow","max-snippet":"max-snippet:-1","max-image-preview":"max-image-preview:large","max-video-preview":"max-video-preview:-1"},"canonical":"https:\/\/cnewa.org\/it\/dove-operiamo\/europa-orientale\/ucraina\/","og_locale":"it_IT","og_type":"article","og_title":"Ucraina","og_description":"L'invasione russa dell'Ucraina nel 2022 ha scatenato una crisi umanitaria e la CNEWA ha subito risposta all'emergenza.","og_site_name":"CNEWA Italia","article_modified_time":"2025-07-25T09:26:04+00:00","og_image":[{"width":1800,"height":1200,"url":"https:\/\/cnewa.org\/it\/wp-content\/uploads\/sites\/7\/2024\/12\/GettyImages-1078773680.jpg","type":"image\/jpeg"}],"twitter_card":"summary_large_image","twitter_misc":{"Tempo di lettura stimato":"4 minuti"},"schema":{"@context":"https:\/\/schema.org","@graph":[{"@type":"WebPage","@id":"https:\/\/cnewa.org\/it\/dove-operiamo\/europa-orientale\/ucraina\/","url":"https:\/\/cnewa.org\/it\/dove-operiamo\/europa-orientale\/ucraina\/","name":"Ucraina | CNEWA Italia","isPartOf":{"@id":"https:\/\/cnewa.org\/it\/#website"},"primaryImageOfPage":{"@id":"https:\/\/cnewa.org\/it\/dove-operiamo\/europa-orientale\/ucraina\/#primaryimage"},"image":{"@id":"https:\/\/cnewa.org\/it\/dove-operiamo\/europa-orientale\/ucraina\/#primaryimage"},"thumbnailUrl":"https:\/\/cnewa.org\/it\/wp-content\/uploads\/sites\/7\/2024\/12\/GettyImages-1078773680.jpg","datePublished":"2024-12-16T15:35:41+00:00","dateModified":"2025-07-25T09:26:04+00:00","description":"L'invasione russa dell'Ucraina nel 2022 ha scatenato una crisi umanitaria e la CNEWA ha subito risposta all'emergenza.","breadcrumb":{"@id":"https:\/\/cnewa.org\/it\/dove-operiamo\/europa-orientale\/ucraina\/#breadcrumb"},"inLanguage":"it-IT","potentialAction":[{"@type":"ReadAction","target":["https:\/\/cnewa.org\/it\/dove-operiamo\/europa-orientale\/ucraina\/"]}]},{"@type":"ImageObject","inLanguage":"it-IT","@id":"https:\/\/cnewa.org\/it\/dove-operiamo\/europa-orientale\/ucraina\/#primaryimage","url":"https:\/\/cnewa.org\/it\/wp-content\/uploads\/sites\/7\/2024\/12\/GettyImages-1078773680.jpg","contentUrl":"https:\/\/cnewa.org\/it\/wp-content\/uploads\/sites\/7\/2024\/12\/GettyImages-1078773680.jpg","width":1800,"height":1200,"caption":"Persone attendono fuori dalla Cattedrale di Santa Sofia a Kiev nel gennaio 2019 per vedere il decreto che riconosce l'indipendenza della Chiesa ortodossa ucraina. (Foto di Sergii Kharchenko\/NurPhoto via Getty Images)"},{"@type":"BreadcrumbList","@id":"https:\/\/cnewa.org\/it\/dove-operiamo\/europa-orientale\/ucraina\/#breadcrumb","itemListElement":[{"@type":"ListItem","position":1,"name":"Home","item":"https:\/\/cnewa.org\/it\/"},{"@type":"ListItem","position":2,"name":"Dove operiamo","item":"https:\/\/cnewa.org\/it\/dove-operiamo\/"},{"@type":"ListItem","position":3,"name":"Europa orientale","item":"https:\/\/cnewa.org\/it\/dove-operiamo\/europa-orientale\/"},{"@type":"ListItem","position":4,"name":"Ucraina"}]},{"@type":"WebSite","@id":"https:\/\/cnewa.org\/it\/#website","url":"https:\/\/cnewa.org\/it\/","name":"CNEWA Italia","description":"","publisher":{"@id":"https:\/\/cnewa.org\/it\/#organization"},"alternateName":"Associazione Cattolica per il Benessere del Vicino Oriente (CNEWA)","potentialAction":[{"@type":"SearchAction","target":{"@type":"EntryPoint","urlTemplate":"https:\/\/cnewa.org\/it\/?s={search_term_string}"},"query-input":{"@type":"PropertyValueSpecification","valueRequired":true,"valueName":"search_term_string"}}],"inLanguage":"it-IT"},{"@type":"Organization","@id":"https:\/\/cnewa.org\/it\/#organization","name":"CNEWA Italia","alternateName":"Associazione Cattolica per il Benessere del Vicino Oriente","url":"https:\/\/cnewa.org\/it\/","logo":{"@type":"ImageObject","inLanguage":"it-IT","@id":"https:\/\/cnewa.org\/it\/#\/schema\/logo\/image\/","url":"https:\/\/cnewa.org\/it\/wp-content\/uploads\/sites\/7\/2024\/10\/CNEWA-brand-logo-300x300-1.png","contentUrl":"https:\/\/cnewa.org\/it\/wp-content\/uploads\/sites\/7\/2024\/10\/CNEWA-brand-logo-300x300-1.png","width":300,"height":300,"caption":"CNEWA Italia"},"image":{"@id":"https:\/\/cnewa.org\/it\/#\/schema\/logo\/image\/"}}]}},"_links":{"self":[{"href":"https:\/\/cnewa.org\/it\/wp-json\/wp\/v2\/pages\/877","targetHints":{"allow":["GET"]}}],"collection":[{"href":"https:\/\/cnewa.org\/it\/wp-json\/wp\/v2\/pages"}],"about":[{"href":"https:\/\/cnewa.org\/it\/wp-json\/wp\/v2\/types\/page"}],"author":[{"embeddable":true,"href":"https:\/\/cnewa.org\/it\/wp-json\/wp\/v2\/users\/70092"}],"replies":[{"embeddable":true,"href":"https:\/\/cnewa.org\/it\/wp-json\/wp\/v2\/comments?post=877"}],"version-history":[{"count":5,"href":"https:\/\/cnewa.org\/it\/wp-json\/wp\/v2\/pages\/877\/revisions"}],"predecessor-version":[{"id":1656,"href":"https:\/\/cnewa.org\/it\/wp-json\/wp\/v2\/pages\/877\/revisions\/1656"}],"up":[{"embeddable":true,"href":"https:\/\/cnewa.org\/it\/wp-json\/wp\/v2\/pages\/193"}],"wp:featuredmedia":[{"embeddable":true,"href":"https:\/\/cnewa.org\/it\/wp-json\/wp\/v2\/media\/874"}],"wp:attachment":[{"href":"https:\/\/cnewa.org\/it\/wp-json\/wp\/v2\/media?parent=877"}],"curies":[{"name":"wp","href":"https:\/\/api.w.org\/{rel}","templated":true}]}}