{"id":896,"date":"2024-12-27T13:09:05","date_gmt":"2024-12-27T12:09:05","guid":{"rendered":"https:\/\/cnewa.org\/it\/?page_id=896"},"modified":"2025-07-24T16:17:57","modified_gmt":"2025-07-24T14:17:57","slug":"iraq","status":"publish","type":"page","link":"https:\/\/cnewa.org\/it\/dove-operiamo\/il-medio-oriente\/iraq\/","title":{"rendered":"Iraq"},"content":{"rendered":"\n<h2 class=\"wp-block-heading\" id=\"h-l-iraq-e-stato-un-crocevia-fondamentale-per-la-diffusione-del-cristianesimo-fin-dal-i-secolo-ma-oggi-la-presenza-cristiana-nel-paese-si-e-drasticamente-ridotta-nbsp\">L\u2019Iraq \u00e8 stato un crocevia fondamentale per la diffusione del cristianesimo fin dal I secolo, ma oggi la presenza cristiana nel paese si \u00e8 drasticamente ridotta.&nbsp;<\/h2>\n\n\n\n<p>Decenni di conflitti ininterrotti hanno decimato le antiche comunit\u00e0 cristiane, un tempo fiorenti e parte integrante del tessuto sociale, costringendo i loro membri a disperdersi in tutto il mondo. Se negli anni \u201880 i cristiani rappresentavano circa il 10% della popolazione e contribuivano in modo significativo alla nascente classe media e professionale, oggi ne restano meno di 200.000, appena l\u20191% della popolazione.&nbsp;<\/p>\n\n\n\n<p>Le condizioni economiche dell\u2019Iraq restano critiche: il governo fatica ad affrontare le difficolt\u00e0 del Paese, strettamente dipendente dalle entrate petrolifere e penalizzato dalla fragilit\u00e0 del settore privato. Secondo esperti locali, il tasso di povert\u00e0 \u00e8 destinato a crescere, coinvolgendo oltre 13 milioni di persone entro la fine del 2023, circa un quarto della popolazione, a causa della svalutazione della moneta e dell\u2019impennata dell\u2019inflazione.<\/p>\n\n\n\n<p>Inoltre, l\u2019Iraq accoglie attualmente pi\u00f9 di 6,4 milioni di sfollati: 1,2 milioni di persone ancora lontane dalle proprie case, circa 5 milioni di rimpatriati interni, 262.024 rifugiati siriani e circa 30.000 rifugiati provenienti da altri paesi.<\/p>\n\n\n\n<p>Le guerre che hanno devastato l\u2019Iraq negli ultimi quarant\u2019anni hanno contribuito ad aggravare ulteriormente la povert\u00e0. Il governo, finora, non \u00e8 riuscito a far fronte alle conseguenze di questi conflitti, che hanno alimentato la violenza domestica, favorito la diffusione della droga, distrutto infrastrutture e indebolito la sicurezza del Paese.<\/p>\n\n\n\n<p>In questo contesto di crisi, le Chiese irachene continuano a lanciare un messaggio di speranza e rinnovamento, con un\u2019attenzione particolare ai giovani, che rappresentano il futuro dell\u2019Iraq e della sua comunit\u00e0 cristiana.<\/p>\n\n\n\n<p>La CNEWA-Pontificia Missione \u00e8 al fianco dei cristiani iracheni, soprattutto di quelli che hanno trovato rifugio nelle citt\u00e0 e nel Kurdistan iracheno, che si sforzano di ricostruire e rianimare le loro comunit\u00e0.&nbsp;<\/p>\n\n\n\n<h4 class=\"wp-block-heading\" id=\"h-accompagniamo-le-chiese-locali\"><strong>Accompagniamo le Chiese locali<\/strong><\/h4>\n\n\n\n<p>La CNEWA-Pontificia Missione sostiene programmi educativi che trasmettono valori cristiani ai giovani, combinando solide basi accademiche con una formazione morale. L\u2019obiettivo principale \u00e8 completare la preparazione degli insegnanti di educazione cristiana nelle regioni del Kurdistan iracheno e della Piana di Ninive, raggiungendo il maggior numero possibile di parrocchie e coinvolgendo sempre pi\u00f9 bambini e ragazzi.<\/p>\n\n\n\n<p>Nella zona di Alqosh, la Chiesa Caldea, guidata da Mons. Thabit Mansour, ha chiesto supporto per ampliare le attivit\u00e0 di catechesi e i campi estivi, cos\u00ec da poter accogliere e accompagnare un numero ancora maggiore di partecipanti.<\/p>\n\n\n\n<p>Ad Ankawa, l\u2019Arcivescovado siro-cattolico del Kurdistan ha chiesto alla CNEWA-Pontificia Missione di continuare a sostenere i progetti di catechesi e il mantenimento dei centri parrocchiali di Akra e Ankawa, dove centinaia di iracheni si rifugiano per cercare aiuto nella propria fede.<\/p>\n\n\n\n<p>Altri programmi della CNEWA-Pontificia Missione includono la formazione di seminaristi cattolici caldei presso il Seminario Patriarcale di San Pietro, la formazione di catechisti laici e programmi di catechesi per bambini e il programma di filosofia e teologia presso il Pontificio Collegio di Babele.<\/p>\n\n\n\n<figure class=\"wp-block-image alignleft size-full\"><img loading=\"lazy\" decoding=\"async\" width=\"1800\" height=\"1200\" src=\"https:\/\/cnewa.org\/it\/wp-content\/uploads\/sites\/7\/2024\/12\/dinkha2021_027-1.jpg\" alt=\"Un gruppo di seminaristi in fila per ricevere la benedizione.\" class=\"wp-image-895\" srcset=\"https:\/\/cnewa.org\/it\/wp-content\/uploads\/sites\/7\/2024\/12\/dinkha2021_027-1.jpg 1800w, https:\/\/cnewa.org\/it\/wp-content\/uploads\/sites\/7\/2024\/12\/dinkha2021_027-1-300x200.jpg 300w, https:\/\/cnewa.org\/it\/wp-content\/uploads\/sites\/7\/2024\/12\/dinkha2021_027-1-1024x683.jpg 1024w, https:\/\/cnewa.org\/it\/wp-content\/uploads\/sites\/7\/2024\/12\/dinkha2021_027-1-768x512.jpg 768w, https:\/\/cnewa.org\/it\/wp-content\/uploads\/sites\/7\/2024\/12\/dinkha2021_027-1-1536x1024.jpg 1536w, https:\/\/cnewa.org\/it\/wp-content\/uploads\/sites\/7\/2024\/12\/dinkha2021_027-1-1600x1067.jpg 1600w\" sizes=\"auto, (max-width: 1800px) 100vw, 1800px\" \/><figcaption class=\"wp-element-caption\">Nel 2017, un gruppo di seminaristi si riuniscono nella cappella del seminario per prepararsi a ricevere il ministero dell\u2019accolitato. (Foto per gentile concessione degli archivi del Seminario di San Pietro)<\/figcaption><\/figure>\n\n\n\n<h4 class=\"wp-block-heading\" id=\"h-rispondiamo-ai-bisogni-delle-persone\"><strong>Rispondiamo ai bisogni delle persone<\/strong><\/h4>\n\n\n\n<p>Molti cristiani un tempo appartenenti alla classe media in Iraq sono caduti nella povert\u00e0. Dopo aver venduto le loro case a Baghdad e in altre zone instabili del paese, si sono rifugiati nel nord, tra le antiche comunit\u00e0 cristiane della Piana di Ninive e alcune aree di Mosul, solo per essere nuovamente minacciati e costretti a fuggire dalle milizie.<\/p>\n\n\n\n<p>La CNEWA-Pontificia Missione si impegna a rispondere ai bisogni di queste persone offrendo abiti e alimenti ai bambini, con particolare attenzione al latte in polvere per i neonati. Fornisce assistenza agli sfollati, garantendo cibo, rifornimenti per il riscaldamento, vestiti e cure mediche. Promuove la stabilit\u00e0 delle famiglie e dei villaggi creando opportunit\u00e0 di lavoro attraverso progetti che generano reddito. Inoltre, sostiene i giovani con percorsi di formazione educativa e tecnica per aiutarli a costruire un futuro autonomo e copre le spese di trasporto per gli studenti delle scuole e delle universit\u00e0 che vivono in zone lontane.<\/p>\n\n\n\n<figure class=\"wp-block-image size-large\"><img loading=\"lazy\" decoding=\"async\" width=\"1024\" height=\"683\" src=\"https:\/\/cnewa.org\/it\/wp-content\/uploads\/sites\/7\/2024\/10\/cnewaBeirut20209_148H-scaled-1-1024x683.jpg\" alt=\"Un bambino solleva una scatola di viveri della CNEWA in Libano\" class=\"wp-image-395\" srcset=\"https:\/\/cnewa.org\/it\/wp-content\/uploads\/sites\/7\/2024\/10\/cnewaBeirut20209_148H-scaled-1-1024x683.jpg 1024w, https:\/\/cnewa.org\/it\/wp-content\/uploads\/sites\/7\/2024\/10\/cnewaBeirut20209_148H-scaled-1-300x200.jpg 300w, https:\/\/cnewa.org\/it\/wp-content\/uploads\/sites\/7\/2024\/10\/cnewaBeirut20209_148H-scaled-1-768x512.jpg 768w, https:\/\/cnewa.org\/it\/wp-content\/uploads\/sites\/7\/2024\/10\/cnewaBeirut20209_148H-scaled-1-1536x1024.jpg 1536w, https:\/\/cnewa.org\/it\/wp-content\/uploads\/sites\/7\/2024\/10\/cnewaBeirut20209_148H-scaled-1-2048x1366.jpg 2048w, https:\/\/cnewa.org\/it\/wp-content\/uploads\/sites\/7\/2024\/10\/cnewaBeirut20209_148H-scaled-1-1600x1067.jpg 1600w\" sizes=\"auto, (max-width: 1024px) 100vw, 1024px\" \/><figcaption class=\"wp-element-caption\">Un bambino solleva una scatola di viveri della CNEWA presso la Scuola Cattolica Siro-Ortodossa per bambini rifugiati iracheni, durante una giornata di distribuzione alimentare, il 31 dicembre (Foto di Maroun Bassil)<\/figcaption><\/figure>\n\n\n\n<p><strong>Ogni gesto, anche il pi\u00f9 piccolo, pu\u00f2 trasformarsi in un dono immenso per chi \u00e8 nel bisogno. Sostieni i nostri progetti con una donazione: insieme possiamo portare speranza e amore a chi ne ha pi\u00f9 bisogno. Dona ora e fai la differenza nella vita di tanti.<\/strong><\/p>\n\n\n  <div class=\"donate-button\" id=\"minor-fund-campaign\">\n    <button class=\"donate-modal-toggle\" data-minor-fund='Iraq' data-minor-fund-code='DM'>Dona ora<\/button>\n  <\/div>\n  ","protected":false},"excerpt":{"rendered":"<p>L\u2019Iraq \u00e8 stato un crocevia fondamentale per la diffusione del cristianesimo fin dal I secolo, ma oggi la presenza cristiana nel paese si \u00e8 drasticamente ridotta.&nbsp; Decenni di conflitti ininterrotti hanno decimato le antiche comunit\u00e0 cristiane, un tempo fiorenti e parte integrante del tessuto sociale, costringendo i loro membri a disperdersi in tutto il mondo. &hellip; <a href=\"https:\/\/cnewa.org\/it\/dove-operiamo\/il-medio-oriente\/iraq\/\">Continued<\/a><\/p>\n","protected":false},"author":70092,"featured_media":897,"parent":181,"menu_order":0,"comment_status":"closed","ping_status":"closed","template":"","meta":{"_acf_changed":false,"footnotes":""},"class_list":["post-896","page","type-page","status-publish","has-post-thumbnail","hentry"],"acf":[],"yoast_head":"<!-- This site is optimized with the Yoast SEO Premium plugin v27.3 (Yoast SEO v27.3) - https:\/\/yoast.com\/product\/yoast-seo-premium-wordpress\/ -->\n<title>Iraq | CNEWA Italia<\/title>\n<meta name=\"description\" content=\"L&#039;Iraq ha svolto un ruolo importante nella diffusione del Cristianesimo sin dal I secolo d.C., ma oggi i cristiani sono una minoranza.\" \/>\n<meta name=\"robots\" content=\"index, follow, max-snippet:-1, max-image-preview:large, max-video-preview:-1\" \/>\n<link rel=\"canonical\" href=\"https:\/\/cnewa.org\/it\/dove-operiamo\/il-medio-oriente\/iraq\/\" \/>\n<meta property=\"og:locale\" content=\"it_IT\" \/>\n<meta property=\"og:type\" content=\"article\" \/>\n<meta property=\"og:title\" content=\"Iraq\" \/>\n<meta property=\"og:description\" content=\"L&#039;Iraq ha svolto un ruolo importante nella diffusione del Cristianesimo sin dal I secolo d.C., ma oggi i cristiani sono una minoranza.\" \/>\n<meta property=\"og:site_name\" content=\"CNEWA Italia\" \/>\n<meta property=\"article:modified_time\" content=\"2025-07-24T14:17:57+00:00\" \/>\n<meta property=\"og:image\" content=\"https:\/\/cnewa.org\/it\/wp-content\/uploads\/sites\/7\/2024\/12\/yako202104_013H-e1701796951306.jpg\" \/>\n\t<meta property=\"og:image:width\" content=\"1502\" \/>\n\t<meta property=\"og:image:height\" content=\"620\" \/>\n\t<meta property=\"og:image:type\" content=\"image\/jpeg\" \/>\n<meta name=\"twitter:card\" content=\"summary_large_image\" \/>\n<meta name=\"twitter:label1\" content=\"Tempo di lettura stimato\" \/>\n\t<meta name=\"twitter:data1\" content=\"5 minuti\" \/>\n<script type=\"application\/ld+json\" class=\"yoast-schema-graph\">{\"@context\":\"https:\\\/\\\/schema.org\",\"@graph\":[{\"@type\":\"WebPage\",\"@id\":\"https:\\\/\\\/cnewa.org\\\/it\\\/dove-operiamo\\\/il-medio-oriente\\\/iraq\\\/\",\"url\":\"https:\\\/\\\/cnewa.org\\\/it\\\/dove-operiamo\\\/il-medio-oriente\\\/iraq\\\/\",\"name\":\"Iraq | CNEWA Italia\",\"isPartOf\":{\"@id\":\"https:\\\/\\\/cnewa.org\\\/it\\\/#website\"},\"primaryImageOfPage\":{\"@id\":\"https:\\\/\\\/cnewa.org\\\/it\\\/dove-operiamo\\\/il-medio-oriente\\\/iraq\\\/#primaryimage\"},\"image\":{\"@id\":\"https:\\\/\\\/cnewa.org\\\/it\\\/dove-operiamo\\\/il-medio-oriente\\\/iraq\\\/#primaryimage\"},\"thumbnailUrl\":\"https:\\\/\\\/cnewa.org\\\/it\\\/wp-content\\\/uploads\\\/sites\\\/7\\\/2024\\\/12\\\/yako202104_013H-e1701796951306.jpg\",\"datePublished\":\"2024-12-27T12:09:05+00:00\",\"dateModified\":\"2025-07-24T14:17:57+00:00\",\"description\":\"L'Iraq ha svolto un ruolo importante nella diffusione del Cristianesimo sin dal I secolo d.C., ma oggi i cristiani sono una minoranza.\",\"breadcrumb\":{\"@id\":\"https:\\\/\\\/cnewa.org\\\/it\\\/dove-operiamo\\\/il-medio-oriente\\\/iraq\\\/#breadcrumb\"},\"inLanguage\":\"it-IT\",\"potentialAction\":[{\"@type\":\"ReadAction\",\"target\":[\"https:\\\/\\\/cnewa.org\\\/it\\\/dove-operiamo\\\/il-medio-oriente\\\/iraq\\\/\"]}]},{\"@type\":\"ImageObject\",\"inLanguage\":\"it-IT\",\"@id\":\"https:\\\/\\\/cnewa.org\\\/it\\\/dove-operiamo\\\/il-medio-oriente\\\/iraq\\\/#primaryimage\",\"url\":\"https:\\\/\\\/cnewa.org\\\/it\\\/wp-content\\\/uploads\\\/sites\\\/7\\\/2024\\\/12\\\/yako202104_013H-e1701796951306.jpg\",\"contentUrl\":\"https:\\\/\\\/cnewa.org\\\/it\\\/wp-content\\\/uploads\\\/sites\\\/7\\\/2024\\\/12\\\/yako202104_013H-e1701796951306.jpg\",\"width\":1502,\"height\":620,\"caption\":\"Statua di Maria sulla torre della Chiesa dell'Immacolata Concezione di Qaraqosh, in Iraq.\"},{\"@type\":\"BreadcrumbList\",\"@id\":\"https:\\\/\\\/cnewa.org\\\/it\\\/dove-operiamo\\\/il-medio-oriente\\\/iraq\\\/#breadcrumb\",\"itemListElement\":[{\"@type\":\"ListItem\",\"position\":1,\"name\":\"Home\",\"item\":\"https:\\\/\\\/cnewa.org\\\/it\\\/\"},{\"@type\":\"ListItem\",\"position\":2,\"name\":\"Dove operiamo\",\"item\":\"https:\\\/\\\/cnewa.org\\\/it\\\/dove-operiamo\\\/\"},{\"@type\":\"ListItem\",\"position\":3,\"name\":\"Il Medio Oriente\",\"item\":\"https:\\\/\\\/cnewa.org\\\/it\\\/dove-operiamo\\\/il-medio-oriente\\\/\"},{\"@type\":\"ListItem\",\"position\":4,\"name\":\"Iraq\"}]},{\"@type\":\"WebSite\",\"@id\":\"https:\\\/\\\/cnewa.org\\\/it\\\/#website\",\"url\":\"https:\\\/\\\/cnewa.org\\\/it\\\/\",\"name\":\"CNEWA Italia\",\"description\":\"\",\"publisher\":{\"@id\":\"https:\\\/\\\/cnewa.org\\\/it\\\/#organization\"},\"alternateName\":\"Associazione Cattolica per il Benessere del Vicino Oriente (CNEWA)\",\"potentialAction\":[{\"@type\":\"SearchAction\",\"target\":{\"@type\":\"EntryPoint\",\"urlTemplate\":\"https:\\\/\\\/cnewa.org\\\/it\\\/?s={search_term_string}\"},\"query-input\":{\"@type\":\"PropertyValueSpecification\",\"valueRequired\":true,\"valueName\":\"search_term_string\"}}],\"inLanguage\":\"it-IT\"},{\"@type\":\"Organization\",\"@id\":\"https:\\\/\\\/cnewa.org\\\/it\\\/#organization\",\"name\":\"CNEWA Italia\",\"alternateName\":\"Associazione Cattolica per il Benessere del Vicino Oriente\",\"url\":\"https:\\\/\\\/cnewa.org\\\/it\\\/\",\"logo\":{\"@type\":\"ImageObject\",\"inLanguage\":\"it-IT\",\"@id\":\"https:\\\/\\\/cnewa.org\\\/it\\\/#\\\/schema\\\/logo\\\/image\\\/\",\"url\":\"https:\\\/\\\/cnewa.org\\\/it\\\/wp-content\\\/uploads\\\/sites\\\/7\\\/2024\\\/10\\\/CNEWA-brand-logo-300x300-1.png\",\"contentUrl\":\"https:\\\/\\\/cnewa.org\\\/it\\\/wp-content\\\/uploads\\\/sites\\\/7\\\/2024\\\/10\\\/CNEWA-brand-logo-300x300-1.png\",\"width\":300,\"height\":300,\"caption\":\"CNEWA Italia\"},\"image\":{\"@id\":\"https:\\\/\\\/cnewa.org\\\/it\\\/#\\\/schema\\\/logo\\\/image\\\/\"}}]}<\/script>\n<!-- \/ Yoast SEO Premium plugin. -->","yoast_head_json":{"title":"Iraq | CNEWA Italia","description":"L'Iraq ha svolto un ruolo importante nella diffusione del Cristianesimo sin dal I secolo d.C., ma oggi i cristiani sono una minoranza.","robots":{"index":"index","follow":"follow","max-snippet":"max-snippet:-1","max-image-preview":"max-image-preview:large","max-video-preview":"max-video-preview:-1"},"canonical":"https:\/\/cnewa.org\/it\/dove-operiamo\/il-medio-oriente\/iraq\/","og_locale":"it_IT","og_type":"article","og_title":"Iraq","og_description":"L'Iraq ha svolto un ruolo importante nella diffusione del Cristianesimo sin dal I secolo d.C., ma oggi i cristiani sono una minoranza.","og_site_name":"CNEWA Italia","article_modified_time":"2025-07-24T14:17:57+00:00","og_image":[{"width":1502,"height":620,"url":"https:\/\/cnewa.org\/it\/wp-content\/uploads\/sites\/7\/2024\/12\/yako202104_013H-e1701796951306.jpg","type":"image\/jpeg"}],"twitter_card":"summary_large_image","twitter_misc":{"Tempo di lettura stimato":"5 minuti"},"schema":{"@context":"https:\/\/schema.org","@graph":[{"@type":"WebPage","@id":"https:\/\/cnewa.org\/it\/dove-operiamo\/il-medio-oriente\/iraq\/","url":"https:\/\/cnewa.org\/it\/dove-operiamo\/il-medio-oriente\/iraq\/","name":"Iraq | CNEWA Italia","isPartOf":{"@id":"https:\/\/cnewa.org\/it\/#website"},"primaryImageOfPage":{"@id":"https:\/\/cnewa.org\/it\/dove-operiamo\/il-medio-oriente\/iraq\/#primaryimage"},"image":{"@id":"https:\/\/cnewa.org\/it\/dove-operiamo\/il-medio-oriente\/iraq\/#primaryimage"},"thumbnailUrl":"https:\/\/cnewa.org\/it\/wp-content\/uploads\/sites\/7\/2024\/12\/yako202104_013H-e1701796951306.jpg","datePublished":"2024-12-27T12:09:05+00:00","dateModified":"2025-07-24T14:17:57+00:00","description":"L'Iraq ha svolto un ruolo importante nella diffusione del Cristianesimo sin dal I secolo d.C., ma oggi i cristiani sono una minoranza.","breadcrumb":{"@id":"https:\/\/cnewa.org\/it\/dove-operiamo\/il-medio-oriente\/iraq\/#breadcrumb"},"inLanguage":"it-IT","potentialAction":[{"@type":"ReadAction","target":["https:\/\/cnewa.org\/it\/dove-operiamo\/il-medio-oriente\/iraq\/"]}]},{"@type":"ImageObject","inLanguage":"it-IT","@id":"https:\/\/cnewa.org\/it\/dove-operiamo\/il-medio-oriente\/iraq\/#primaryimage","url":"https:\/\/cnewa.org\/it\/wp-content\/uploads\/sites\/7\/2024\/12\/yako202104_013H-e1701796951306.jpg","contentUrl":"https:\/\/cnewa.org\/it\/wp-content\/uploads\/sites\/7\/2024\/12\/yako202104_013H-e1701796951306.jpg","width":1502,"height":620,"caption":"Statua di Maria sulla torre della Chiesa dell'Immacolata Concezione di Qaraqosh, in Iraq."},{"@type":"BreadcrumbList","@id":"https:\/\/cnewa.org\/it\/dove-operiamo\/il-medio-oriente\/iraq\/#breadcrumb","itemListElement":[{"@type":"ListItem","position":1,"name":"Home","item":"https:\/\/cnewa.org\/it\/"},{"@type":"ListItem","position":2,"name":"Dove operiamo","item":"https:\/\/cnewa.org\/it\/dove-operiamo\/"},{"@type":"ListItem","position":3,"name":"Il Medio Oriente","item":"https:\/\/cnewa.org\/it\/dove-operiamo\/il-medio-oriente\/"},{"@type":"ListItem","position":4,"name":"Iraq"}]},{"@type":"WebSite","@id":"https:\/\/cnewa.org\/it\/#website","url":"https:\/\/cnewa.org\/it\/","name":"CNEWA Italia","description":"","publisher":{"@id":"https:\/\/cnewa.org\/it\/#organization"},"alternateName":"Associazione Cattolica per il Benessere del Vicino Oriente (CNEWA)","potentialAction":[{"@type":"SearchAction","target":{"@type":"EntryPoint","urlTemplate":"https:\/\/cnewa.org\/it\/?s={search_term_string}"},"query-input":{"@type":"PropertyValueSpecification","valueRequired":true,"valueName":"search_term_string"}}],"inLanguage":"it-IT"},{"@type":"Organization","@id":"https:\/\/cnewa.org\/it\/#organization","name":"CNEWA Italia","alternateName":"Associazione Cattolica per il Benessere del Vicino Oriente","url":"https:\/\/cnewa.org\/it\/","logo":{"@type":"ImageObject","inLanguage":"it-IT","@id":"https:\/\/cnewa.org\/it\/#\/schema\/logo\/image\/","url":"https:\/\/cnewa.org\/it\/wp-content\/uploads\/sites\/7\/2024\/10\/CNEWA-brand-logo-300x300-1.png","contentUrl":"https:\/\/cnewa.org\/it\/wp-content\/uploads\/sites\/7\/2024\/10\/CNEWA-brand-logo-300x300-1.png","width":300,"height":300,"caption":"CNEWA Italia"},"image":{"@id":"https:\/\/cnewa.org\/it\/#\/schema\/logo\/image\/"}}]}},"_links":{"self":[{"href":"https:\/\/cnewa.org\/it\/wp-json\/wp\/v2\/pages\/896","targetHints":{"allow":["GET"]}}],"collection":[{"href":"https:\/\/cnewa.org\/it\/wp-json\/wp\/v2\/pages"}],"about":[{"href":"https:\/\/cnewa.org\/it\/wp-json\/wp\/v2\/types\/page"}],"author":[{"embeddable":true,"href":"https:\/\/cnewa.org\/it\/wp-json\/wp\/v2\/users\/70092"}],"replies":[{"embeddable":true,"href":"https:\/\/cnewa.org\/it\/wp-json\/wp\/v2\/comments?post=896"}],"version-history":[{"count":8,"href":"https:\/\/cnewa.org\/it\/wp-json\/wp\/v2\/pages\/896\/revisions"}],"predecessor-version":[{"id":1607,"href":"https:\/\/cnewa.org\/it\/wp-json\/wp\/v2\/pages\/896\/revisions\/1607"}],"up":[{"embeddable":true,"href":"https:\/\/cnewa.org\/it\/wp-json\/wp\/v2\/pages\/181"}],"wp:featuredmedia":[{"embeddable":true,"href":"https:\/\/cnewa.org\/it\/wp-json\/wp\/v2\/media\/897"}],"wp:attachment":[{"href":"https:\/\/cnewa.org\/it\/wp-json\/wp\/v2\/media?parent=896"}],"curies":[{"name":"wp","href":"https:\/\/api.w.org\/{rel}","templated":true}]}}