{"id":906,"date":"2024-12-27T15:13:38","date_gmt":"2024-12-27T14:13:38","guid":{"rendered":"https:\/\/cnewa.org\/it\/?page_id=906"},"modified":"2025-07-24T16:18:54","modified_gmt":"2025-07-24T14:18:54","slug":"israele","status":"publish","type":"page","link":"https:\/\/cnewa.org\/it\/dove-operiamo\/il-medio-oriente\/israele\/","title":{"rendered":"Israele"},"content":{"rendered":"\n<h2 class=\"wp-block-heading\" id=\"h-israele-ha-una-popolazione-di-oltre-9-milioni-di-cittadini-di-cui-7-milioni-sono-ebrei-israeliani-2-milioni-sono-arabi-palestinesi-israeliani-e-500-000-appartengono-ad-altri-gruppi-molti-dei-quali-sono-migranti-tra-gli-arabi-palestinesi-in-israele-circa-160-000-sono-cristiani-rappresentando-meno-del-2-della-popolazione-totale-la-maggior-parte-dei-cristiani-vive-a-nazareth-haifa-shefa-amr-o-gerusalemme-a-gerusalemme-molti-cristiani-non-hanno-la-cittadinanza-israeliana-e-si-trovano-a-fare-i-conti-con-le-restrizioni-legate-al-loro-status-nbsp\">Israele ha una popolazione di oltre 9 milioni di cittadini, di cui 7 milioni sono ebrei israeliani, 2 milioni sono arabi palestinesi israeliani e 500.000 appartengono ad altri gruppi, molti dei quali sono migranti. Tra gli arabi palestinesi in Israele, circa 160.000 sono cristiani, rappresentando meno del 2% della popolazione totale. La maggior parte dei cristiani vive a Nazareth, Haifa, Shefa-\u2019Amr o Gerusalemme. A Gerusalemme, molti cristiani non hanno la cittadinanza israeliana e si trovano a fare i conti con le restrizioni legate al loro status.&nbsp;<\/h2>\n\n\n\n<p>Nel 2022, Israele ha attraversato un significativo cambiamento politico con la rielezione del Primo Ministro Benjamin Netanyahu e della sua coalizione, che include partiti ultraortodossi, alcuni dei quali sono contrari all\u2019idea di una soluzione a due stati per il conflitto israelo-palestinese.<\/p>\n\n\n\n<p>Nel corso dell\u2019anno passato, la situazione politica e gli eventi tragici del 7 ottobre, seguiti dall\u2019invasione israeliana di Gaza, hanno ulteriormente isolato la comunit\u00e0 araba in Israele. Le crescenti manifestazioni estremiste in Israele, in particolare a Gerusalemme, hanno incitato attacchi contro arabi, cristiani e i loro luoghi di culto. Almeno 10 moschee e chiese in Cisgiordania e in Israele sono state vandalizzate, ma la polizia fatica a individuare i responsabili di questi attacchi.<\/p>\n\n\n\n<p>Secondo Latet, un\u2019organizzazione umanitaria israeliana, circa 2,5 milioni di israeliani, ovvero il 26% della popolazione, tra cui 1,1 milioni di bambini, vivono appena sopra la soglia di povert\u00e0. Si stima che il 22,1% delle famiglie viva al di sotto della soglia di povert\u00e0 e non abbia accesso ad alloggi, istruzione, assistenza sanitaria e cibo adeguati.<\/p>\n\n\n\n<p>Il crimine organizzato, la violenza e gli omicidi restano problemi gravi nelle aree arabe del nord, a Lod, Ramleh e nel Negev. Il costante abbandono da parte del governo israeliano delle comunit\u00e0 arabe israeliane, insieme a una crisi identitaria profonda, ha favorito l\u2019espansione della criminalit\u00e0 e della violenza. Nel 2022, 116 arabi palestinesi sono stati uccisi in incidenti legati alla criminalit\u00e0 e alla violenza.<\/p>\n\n\n\n<p>La CNEWA-Pontificia Missione \u00e8 un\u2019organizzazione pontificia istituita per servire e accompagnare la Chiesa e i pi\u00f9 bisognosi in Terra Santa. In questo difficile contesto, i nostri programmi forniscono assistenza pastorale e umanitaria indispensabile per sostenere la Chiesa e le comunit\u00e0 che essa serve. I nostri programmi si concentrano sulle citt\u00e0 di Haifa, Nazareth, Jaffa, Shefa-\u2019Amr e Kafr Yasif.<\/p>\n\n\n\n<h4 class=\"wp-block-heading\" id=\"h-accompagniamo-le-chiese-locali\"><strong><strong>Accompagniamo le Chiese locali<\/strong><\/strong><\/h4>\n\n\n\n<p>La CNEWA-Pontificia Missione supporta programmi di formazione per leader religiosi e laici, inclusi i seminaristi della Chiesa greco-cattolica melkita in Galilea. Inoltre, l\u2019organizzazione finanzia la manutenzione e l\u2019ampliamento dei centri ecclesiastici e pastorali e fornisce impianti solari alle scuole parrocchiali.<\/p>\n\n\n\n<p>I centri parrocchiali e i programmi di catechesi sono fondamentali per la preparazione di giovani laici capaci e impegnati nella fede. La CNEWA-Pontificia Missione sostiene le attivit\u00e0 di catechesi per bambini e offre formazione speciale di futuri responsabili delle comunit\u00e0 cristiane e l\u2019educazione religiosa per i giovani. Inoltre, promuoviamo eventi educativi e culturali che aiutano la comunit\u00e0 cristiana a mantenere salda la propria identit\u00e0.&nbsp;<\/p>\n\n\n\n<figure class=\"wp-block-image size-large\"><img loading=\"lazy\" decoding=\"async\" width=\"1024\" height=\"667\" src=\"https:\/\/cnewa.org\/it\/wp-content\/uploads\/sites\/7\/2024\/12\/47-3_letter_2-1024x667.jpg\" alt=\"Un sacerdote d\u00e0 la comunione in una chiesa in Israele.\" class=\"wp-image-905\" srcset=\"https:\/\/cnewa.org\/it\/wp-content\/uploads\/sites\/7\/2024\/12\/47-3_letter_2-1024x667.jpg 1024w, https:\/\/cnewa.org\/it\/wp-content\/uploads\/sites\/7\/2024\/12\/47-3_letter_2-300x196.jpg 300w, https:\/\/cnewa.org\/it\/wp-content\/uploads\/sites\/7\/2024\/12\/47-3_letter_2-768x500.jpg 768w, https:\/\/cnewa.org\/it\/wp-content\/uploads\/sites\/7\/2024\/12\/47-3_letter_2-1536x1001.jpg 1536w, https:\/\/cnewa.org\/it\/wp-content\/uploads\/sites\/7\/2024\/12\/47-3_letter_2-1600x1043.jpg 1600w, https:\/\/cnewa.org\/it\/wp-content\/uploads\/sites\/7\/2024\/12\/47-3_letter_2.jpg 1800w\" sizes=\"auto, (max-width: 1024px) 100vw, 1024px\" \/><figcaption class=\"wp-element-caption\">Il Rev. Androwas Bahus serve la comunione nella chiesa greco-cattolica melchita di Sant\u2019Andrea Apostolo a San Giovanni d\u2019Acri, in Israele. (Foto di Ilene Perlman)<\/figcaption><\/figure>\n\n\n\n<h4 class=\"wp-block-heading\" id=\"h-rispondiamo-ai-bisogni-delle-persone\"><strong>Rispondiamo ai bisogni delle persone<\/strong><\/h4>\n\n\n\n<p>La CNEWA-Pontificia Missione supporta le strutture sanitarie ed educative gestite dalla Chiesa. Nonostante la piccola presenza cattolica in Israele, la Chiesa cattolica gestisce 28 scuole, d\u00e0 lavoro a 1.619 persone e forma ogni anno 16.000 studenti. I quattro ospedali cristiani presenti nel paese forniscono cure essenziali alle numerose comunit\u00e0 arabe che ricevono servizi statali insufficienti.<\/p>\n\n\n\n<p>La CNEWA-Pontificia Missione gestisce un programma di energia rinnovabile e di raccolta dell\u2019acqua piovana che serve a ridurre i costi generali delle organizzazioni di servizio cristiane. Ha inoltre finanziato anche l\u2019installazione di sistemi idroponici per la coltivazione di ortaggi biologici. Oltre a ridurre i costi generali, questi interventi rispondono alla chiamata di Papa Francesco a prendersi cura del creato.<\/p>\n\n\n\n<p>La CNEWA-Pontificia Missione, in collaborazione con le Suore Missionarie Comboniane di Jaffa e i Padri Teresiani e Passionisti di Gerusalemme, offre programmi umanitari e sociali per sostenere le comunit\u00e0 cattoliche migranti a rischio, dando priorit\u00e0 ai programmi a sostegno delle donne.<\/p>\n\n\n\n<figure class=\"wp-block-image size-large\"><img loading=\"lazy\" decoding=\"async\" width=\"1024\" height=\"674\" src=\"https:\/\/cnewa.org\/it\/wp-content\/uploads\/sites\/7\/2024\/12\/hill20201_016H-1024x674.jpg\" alt=\"Tre donne che parlano\" class=\"wp-image-904\" srcset=\"https:\/\/cnewa.org\/it\/wp-content\/uploads\/sites\/7\/2024\/12\/hill20201_016H-1024x674.jpg 1024w, https:\/\/cnewa.org\/it\/wp-content\/uploads\/sites\/7\/2024\/12\/hill20201_016H-300x197.jpg 300w, https:\/\/cnewa.org\/it\/wp-content\/uploads\/sites\/7\/2024\/12\/hill20201_016H-768x505.jpg 768w, https:\/\/cnewa.org\/it\/wp-content\/uploads\/sites\/7\/2024\/12\/hill20201_016H-1536x1010.jpg 1536w, https:\/\/cnewa.org\/it\/wp-content\/uploads\/sites\/7\/2024\/12\/hill20201_016H-1600x1052.jpg 1600w, https:\/\/cnewa.org\/it\/wp-content\/uploads\/sites\/7\/2024\/12\/hill20201_016H.jpg 1800w\" sizes=\"auto, (max-width: 1024px) 100vw, 1024px\" \/><figcaption class=\"wp-element-caption\">Diddy Mymin Kahn, al centro, ascolta la sorella comboniana Azezet Kidane, a destra, mentre si rivolge ai richiedenti asilo al Kuchinate African Refugee Women\u2019s Collective a Tel Aviv, Israele, il 4 agosto 2020. La sorella Aziza e il dottor Kahn sono co-direttori di Kuchinate. (Foto di Debbie Hill)<\/figcaption><\/figure>\n\n\n\n<p><strong>Ogni gesto, anche il pi\u00f9 piccolo, pu\u00f2 trasformarsi in un dono immenso per chi \u00e8 nel bisogno. Sostieni i nostri progetti con una donazione: insieme possiamo portare speranza e amore a chi ne ha pi\u00f9 bisogno. Dona ora e fai la differenza nella vita di tanti.<\/strong><\/p>\n\n\n  <div class=\"donate-button\" id=\"minor-fund-campaign\">\n    <button class=\"donate-modal-toggle\" data-minor-fund='Israele' data-minor-fund-code='IS'>Dona ora<\/button>\n  <\/div>\n  ","protected":false},"excerpt":{"rendered":"<p>Israele ha una popolazione di oltre 9 milioni di cittadini, di cui 7 milioni sono ebrei israeliani, 2 milioni sono arabi palestinesi israeliani e 500.000 appartengono ad altri gruppi, molti dei quali sono migranti. Tra gli arabi palestinesi in Israele, circa 160.000 sono cristiani, rappresentando meno del 2% della popolazione totale. La maggior parte dei &hellip; <a href=\"https:\/\/cnewa.org\/it\/dove-operiamo\/il-medio-oriente\/israele\/\">Continued<\/a><\/p>\n","protected":false},"author":70092,"featured_media":903,"parent":181,"menu_order":0,"comment_status":"closed","ping_status":"closed","template":"","meta":{"_acf_changed":false,"footnotes":""},"class_list":["post-906","page","type-page","status-publish","has-post-thumbnail","hentry"],"acf":[],"yoast_head":"<!-- This site is optimized with the Yoast SEO Premium plugin v27.3 (Yoast SEO v27.3) - https:\/\/yoast.com\/product\/yoast-seo-premium-wordpress\/ -->\n<title>Israele | CNEWA Italia<\/title>\n<meta name=\"description\" content=\"I cristiani in Israele vivono a Nazareth, Haifa, Shefaram e Gerusalemme, ma gli attacchi contro di loro sono sempre pi\u00f9 violenti.\" \/>\n<meta name=\"robots\" content=\"index, follow, max-snippet:-1, max-image-preview:large, max-video-preview:-1\" \/>\n<link rel=\"canonical\" href=\"https:\/\/cnewa.org\/it\/dove-operiamo\/il-medio-oriente\/israele\/\" \/>\n<meta property=\"og:locale\" content=\"it_IT\" \/>\n<meta property=\"og:type\" content=\"article\" \/>\n<meta property=\"og:title\" content=\"Israele\" \/>\n<meta property=\"og:description\" content=\"I cristiani in Israele vivono a Nazareth, Haifa, Shefaram e Gerusalemme, ma gli attacchi contro di loro sono sempre pi\u00f9 violenti.\" \/>\n<meta property=\"og:site_name\" content=\"CNEWA Italia\" \/>\n<meta property=\"article:modified_time\" content=\"2025-07-24T14:18:54+00:00\" \/>\n<meta property=\"og:image\" content=\"https:\/\/cnewa.org\/it\/wp-content\/uploads\/sites\/7\/2024\/12\/perlman202304_263H-1.jpg\" \/>\n\t<meta property=\"og:image:width\" content=\"1800\" \/>\n\t<meta property=\"og:image:height\" content=\"1198\" \/>\n\t<meta property=\"og:image:type\" content=\"image\/jpeg\" \/>\n<meta name=\"twitter:card\" content=\"summary_large_image\" \/>\n<meta name=\"twitter:label1\" content=\"Tempo di lettura stimato\" \/>\n\t<meta name=\"twitter:data1\" content=\"5 minuti\" \/>\n<script type=\"application\/ld+json\" class=\"yoast-schema-graph\">{\"@context\":\"https:\\\/\\\/schema.org\",\"@graph\":[{\"@type\":\"WebPage\",\"@id\":\"https:\\\/\\\/cnewa.org\\\/it\\\/dove-operiamo\\\/il-medio-oriente\\\/israele\\\/\",\"url\":\"https:\\\/\\\/cnewa.org\\\/it\\\/dove-operiamo\\\/il-medio-oriente\\\/israele\\\/\",\"name\":\"Israele | CNEWA Italia\",\"isPartOf\":{\"@id\":\"https:\\\/\\\/cnewa.org\\\/it\\\/#website\"},\"primaryImageOfPage\":{\"@id\":\"https:\\\/\\\/cnewa.org\\\/it\\\/dove-operiamo\\\/il-medio-oriente\\\/israele\\\/#primaryimage\"},\"image\":{\"@id\":\"https:\\\/\\\/cnewa.org\\\/it\\\/dove-operiamo\\\/il-medio-oriente\\\/israele\\\/#primaryimage\"},\"thumbnailUrl\":\"https:\\\/\\\/cnewa.org\\\/it\\\/wp-content\\\/uploads\\\/sites\\\/7\\\/2024\\\/12\\\/perlman202304_263H-1.jpg\",\"datePublished\":\"2024-12-27T14:13:38+00:00\",\"dateModified\":\"2025-07-24T14:18:54+00:00\",\"description\":\"I cristiani in Israele vivono a Nazareth, Haifa, Shefaram e Gerusalemme, ma gli attacchi contro di loro sono sempre pi\u00f9 violenti.\",\"breadcrumb\":{\"@id\":\"https:\\\/\\\/cnewa.org\\\/it\\\/dove-operiamo\\\/il-medio-oriente\\\/israele\\\/#breadcrumb\"},\"inLanguage\":\"it-IT\",\"potentialAction\":[{\"@type\":\"ReadAction\",\"target\":[\"https:\\\/\\\/cnewa.org\\\/it\\\/dove-operiamo\\\/il-medio-oriente\\\/israele\\\/\"]}]},{\"@type\":\"ImageObject\",\"inLanguage\":\"it-IT\",\"@id\":\"https:\\\/\\\/cnewa.org\\\/it\\\/dove-operiamo\\\/il-medio-oriente\\\/israele\\\/#primaryimage\",\"url\":\"https:\\\/\\\/cnewa.org\\\/it\\\/wp-content\\\/uploads\\\/sites\\\/7\\\/2024\\\/12\\\/perlman202304_263H-1.jpg\",\"contentUrl\":\"https:\\\/\\\/cnewa.org\\\/it\\\/wp-content\\\/uploads\\\/sites\\\/7\\\/2024\\\/12\\\/perlman202304_263H-1.jpg\",\"width\":1800,\"height\":1198,\"caption\":\"Una panoramica di Nazareth, in Israele. Negli ultimi mesi il Paese ha registrato un aumento di atti violenti e offensivi nei confronti della minoranza cristiana. (Foto di Ilene Perlman)\"},{\"@type\":\"BreadcrumbList\",\"@id\":\"https:\\\/\\\/cnewa.org\\\/it\\\/dove-operiamo\\\/il-medio-oriente\\\/israele\\\/#breadcrumb\",\"itemListElement\":[{\"@type\":\"ListItem\",\"position\":1,\"name\":\"Home\",\"item\":\"https:\\\/\\\/cnewa.org\\\/it\\\/\"},{\"@type\":\"ListItem\",\"position\":2,\"name\":\"Dove operiamo\",\"item\":\"https:\\\/\\\/cnewa.org\\\/it\\\/dove-operiamo\\\/\"},{\"@type\":\"ListItem\",\"position\":3,\"name\":\"Il Medio Oriente\",\"item\":\"https:\\\/\\\/cnewa.org\\\/it\\\/dove-operiamo\\\/il-medio-oriente\\\/\"},{\"@type\":\"ListItem\",\"position\":4,\"name\":\"Israele\"}]},{\"@type\":\"WebSite\",\"@id\":\"https:\\\/\\\/cnewa.org\\\/it\\\/#website\",\"url\":\"https:\\\/\\\/cnewa.org\\\/it\\\/\",\"name\":\"CNEWA Italia\",\"description\":\"\",\"publisher\":{\"@id\":\"https:\\\/\\\/cnewa.org\\\/it\\\/#organization\"},\"alternateName\":\"Associazione Cattolica per il Benessere del Vicino Oriente (CNEWA)\",\"potentialAction\":[{\"@type\":\"SearchAction\",\"target\":{\"@type\":\"EntryPoint\",\"urlTemplate\":\"https:\\\/\\\/cnewa.org\\\/it\\\/?s={search_term_string}\"},\"query-input\":{\"@type\":\"PropertyValueSpecification\",\"valueRequired\":true,\"valueName\":\"search_term_string\"}}],\"inLanguage\":\"it-IT\"},{\"@type\":\"Organization\",\"@id\":\"https:\\\/\\\/cnewa.org\\\/it\\\/#organization\",\"name\":\"CNEWA Italia\",\"alternateName\":\"Associazione Cattolica per il Benessere del Vicino Oriente\",\"url\":\"https:\\\/\\\/cnewa.org\\\/it\\\/\",\"logo\":{\"@type\":\"ImageObject\",\"inLanguage\":\"it-IT\",\"@id\":\"https:\\\/\\\/cnewa.org\\\/it\\\/#\\\/schema\\\/logo\\\/image\\\/\",\"url\":\"https:\\\/\\\/cnewa.org\\\/it\\\/wp-content\\\/uploads\\\/sites\\\/7\\\/2024\\\/10\\\/CNEWA-brand-logo-300x300-1.png\",\"contentUrl\":\"https:\\\/\\\/cnewa.org\\\/it\\\/wp-content\\\/uploads\\\/sites\\\/7\\\/2024\\\/10\\\/CNEWA-brand-logo-300x300-1.png\",\"width\":300,\"height\":300,\"caption\":\"CNEWA Italia\"},\"image\":{\"@id\":\"https:\\\/\\\/cnewa.org\\\/it\\\/#\\\/schema\\\/logo\\\/image\\\/\"}}]}<\/script>\n<!-- \/ Yoast SEO Premium plugin. -->","yoast_head_json":{"title":"Israele | CNEWA Italia","description":"I cristiani in Israele vivono a Nazareth, Haifa, Shefaram e Gerusalemme, ma gli attacchi contro di loro sono sempre pi\u00f9 violenti.","robots":{"index":"index","follow":"follow","max-snippet":"max-snippet:-1","max-image-preview":"max-image-preview:large","max-video-preview":"max-video-preview:-1"},"canonical":"https:\/\/cnewa.org\/it\/dove-operiamo\/il-medio-oriente\/israele\/","og_locale":"it_IT","og_type":"article","og_title":"Israele","og_description":"I cristiani in Israele vivono a Nazareth, Haifa, Shefaram e Gerusalemme, ma gli attacchi contro di loro sono sempre pi\u00f9 violenti.","og_site_name":"CNEWA Italia","article_modified_time":"2025-07-24T14:18:54+00:00","og_image":[{"width":1800,"height":1198,"url":"https:\/\/cnewa.org\/it\/wp-content\/uploads\/sites\/7\/2024\/12\/perlman202304_263H-1.jpg","type":"image\/jpeg"}],"twitter_card":"summary_large_image","twitter_misc":{"Tempo di lettura stimato":"5 minuti"},"schema":{"@context":"https:\/\/schema.org","@graph":[{"@type":"WebPage","@id":"https:\/\/cnewa.org\/it\/dove-operiamo\/il-medio-oriente\/israele\/","url":"https:\/\/cnewa.org\/it\/dove-operiamo\/il-medio-oriente\/israele\/","name":"Israele | CNEWA Italia","isPartOf":{"@id":"https:\/\/cnewa.org\/it\/#website"},"primaryImageOfPage":{"@id":"https:\/\/cnewa.org\/it\/dove-operiamo\/il-medio-oriente\/israele\/#primaryimage"},"image":{"@id":"https:\/\/cnewa.org\/it\/dove-operiamo\/il-medio-oriente\/israele\/#primaryimage"},"thumbnailUrl":"https:\/\/cnewa.org\/it\/wp-content\/uploads\/sites\/7\/2024\/12\/perlman202304_263H-1.jpg","datePublished":"2024-12-27T14:13:38+00:00","dateModified":"2025-07-24T14:18:54+00:00","description":"I cristiani in Israele vivono a Nazareth, Haifa, Shefaram e Gerusalemme, ma gli attacchi contro di loro sono sempre pi\u00f9 violenti.","breadcrumb":{"@id":"https:\/\/cnewa.org\/it\/dove-operiamo\/il-medio-oriente\/israele\/#breadcrumb"},"inLanguage":"it-IT","potentialAction":[{"@type":"ReadAction","target":["https:\/\/cnewa.org\/it\/dove-operiamo\/il-medio-oriente\/israele\/"]}]},{"@type":"ImageObject","inLanguage":"it-IT","@id":"https:\/\/cnewa.org\/it\/dove-operiamo\/il-medio-oriente\/israele\/#primaryimage","url":"https:\/\/cnewa.org\/it\/wp-content\/uploads\/sites\/7\/2024\/12\/perlman202304_263H-1.jpg","contentUrl":"https:\/\/cnewa.org\/it\/wp-content\/uploads\/sites\/7\/2024\/12\/perlman202304_263H-1.jpg","width":1800,"height":1198,"caption":"Una panoramica di Nazareth, in Israele. Negli ultimi mesi il Paese ha registrato un aumento di atti violenti e offensivi nei confronti della minoranza cristiana. (Foto di Ilene Perlman)"},{"@type":"BreadcrumbList","@id":"https:\/\/cnewa.org\/it\/dove-operiamo\/il-medio-oriente\/israele\/#breadcrumb","itemListElement":[{"@type":"ListItem","position":1,"name":"Home","item":"https:\/\/cnewa.org\/it\/"},{"@type":"ListItem","position":2,"name":"Dove operiamo","item":"https:\/\/cnewa.org\/it\/dove-operiamo\/"},{"@type":"ListItem","position":3,"name":"Il Medio Oriente","item":"https:\/\/cnewa.org\/it\/dove-operiamo\/il-medio-oriente\/"},{"@type":"ListItem","position":4,"name":"Israele"}]},{"@type":"WebSite","@id":"https:\/\/cnewa.org\/it\/#website","url":"https:\/\/cnewa.org\/it\/","name":"CNEWA Italia","description":"","publisher":{"@id":"https:\/\/cnewa.org\/it\/#organization"},"alternateName":"Associazione Cattolica per il Benessere del Vicino Oriente (CNEWA)","potentialAction":[{"@type":"SearchAction","target":{"@type":"EntryPoint","urlTemplate":"https:\/\/cnewa.org\/it\/?s={search_term_string}"},"query-input":{"@type":"PropertyValueSpecification","valueRequired":true,"valueName":"search_term_string"}}],"inLanguage":"it-IT"},{"@type":"Organization","@id":"https:\/\/cnewa.org\/it\/#organization","name":"CNEWA Italia","alternateName":"Associazione Cattolica per il Benessere del Vicino Oriente","url":"https:\/\/cnewa.org\/it\/","logo":{"@type":"ImageObject","inLanguage":"it-IT","@id":"https:\/\/cnewa.org\/it\/#\/schema\/logo\/image\/","url":"https:\/\/cnewa.org\/it\/wp-content\/uploads\/sites\/7\/2024\/10\/CNEWA-brand-logo-300x300-1.png","contentUrl":"https:\/\/cnewa.org\/it\/wp-content\/uploads\/sites\/7\/2024\/10\/CNEWA-brand-logo-300x300-1.png","width":300,"height":300,"caption":"CNEWA Italia"},"image":{"@id":"https:\/\/cnewa.org\/it\/#\/schema\/logo\/image\/"}}]}},"_links":{"self":[{"href":"https:\/\/cnewa.org\/it\/wp-json\/wp\/v2\/pages\/906","targetHints":{"allow":["GET"]}}],"collection":[{"href":"https:\/\/cnewa.org\/it\/wp-json\/wp\/v2\/pages"}],"about":[{"href":"https:\/\/cnewa.org\/it\/wp-json\/wp\/v2\/types\/page"}],"author":[{"embeddable":true,"href":"https:\/\/cnewa.org\/it\/wp-json\/wp\/v2\/users\/70092"}],"replies":[{"embeddable":true,"href":"https:\/\/cnewa.org\/it\/wp-json\/wp\/v2\/comments?post=906"}],"version-history":[{"count":4,"href":"https:\/\/cnewa.org\/it\/wp-json\/wp\/v2\/pages\/906\/revisions"}],"predecessor-version":[{"id":1608,"href":"https:\/\/cnewa.org\/it\/wp-json\/wp\/v2\/pages\/906\/revisions\/1608"}],"up":[{"embeddable":true,"href":"https:\/\/cnewa.org\/it\/wp-json\/wp\/v2\/pages\/181"}],"wp:featuredmedia":[{"embeddable":true,"href":"https:\/\/cnewa.org\/it\/wp-json\/wp\/v2\/media\/903"}],"wp:attachment":[{"href":"https:\/\/cnewa.org\/it\/wp-json\/wp\/v2\/media?parent=906"}],"curies":[{"name":"wp","href":"https:\/\/api.w.org\/{rel}","templated":true}]}}