{"id":913,"date":"2024-12-27T15:31:35","date_gmt":"2024-12-27T14:31:35","guid":{"rendered":"https:\/\/cnewa.org\/it\/?page_id=913"},"modified":"2025-07-24T16:19:22","modified_gmt":"2025-07-24T14:19:22","slug":"giordania","status":"publish","type":"page","link":"https:\/\/cnewa.org\/it\/dove-operiamo\/il-medio-oriente\/giordania\/","title":{"rendered":"Giordania"},"content":{"rendered":"\n<h2 class=\"wp-block-heading\" id=\"h-la-giordania-paese-di-grande-importanza-storica-e-biblica-e-oggi-una-terra-di-accoglienza-per-migranti-rifugiati-e-richiedenti-asilo-nonostante-le-risorse-limitate-e-la-presenza-di-ampie-zone-inabitabili-il-regno-sta-affrontando-notevoli-difficolta-a-causa-dell-afflusso-di-persone-mettendo-sotto-pressione-un-economia-che-dipende-in-gran-parte-dal-turismo-nbsp\">La Giordania, paese di grande importanza storica e biblica, \u00e8 oggi una terra di accoglienza per migranti, rifugiati e richiedenti asilo. Nonostante le risorse limitate e la presenza di ampie zone inabitabili, il regno sta affrontando notevoli difficolt\u00e0 a causa dell\u2019afflusso di persone, mettendo sotto pressione un\u2019economia che dipende in gran parte dal turismo.&nbsp;<\/h2>\n\n\n\n<p>Anche se il governo supporta le sue comunit\u00e0 cristiane, la loro rappresentanza politica e il sostegno finanziario per le comunit\u00e0 pi\u00f9 vulnerabili sono tuttavia ridotti. Solo sette dei 138 membri eletti alla camera dei rappresentanti sono cristiani. Nonostante ci\u00f2, la comunit\u00e0 cristiana, che costituisce solo il 3% della popolazione, contribuisce al 30% dell\u2019attivit\u00e0 economica del paese.<\/p>\n\n\n\n<p>La CNEWA ha una lunga tradizione di supporto in Giordania, dove ha sempre sostenuto programmi per i numerosi rifugiati presenti, tra cristiani e musulmani, palestinesi, bengalesi, libanesi, filippini, iracheni e siriani. Nonostante le chiese in Giordania siano piccole e prive di risorse, il loro impatto \u00e8 notevole, e la CNEWA \u00e8 sempre pronta a intervenire. Molti rifugiati, che lavorano prevalentemente nel mercato del lavoro informale, non riescono a far fronte ai costi dei servizi sanitari e delle spese educative, spesso affrontando condizioni di lavoro precarie e salari bassi, che li espongono a situazioni di sfruttamento. La CNEWA opera nei settori della salute, del lavoro e dell\u2019educazione, offrendo risorse per aiutare le persone vulnerabili a soddisfare i propri bisogni, vivere con dignit\u00e0 e costruire un futuro migliore.&nbsp;&nbsp;<\/p>\n\n\n\n<h4 class=\"wp-block-heading\" id=\"h-accompagniamo-le-chiese-locali\"><strong><strong>Accompagniamo le Chiese locali<\/strong><\/strong><\/h4>\n\n\n\n<p>L\u2019ufficio regionale della CNEWA ad Amman lavora direttamente con le chiese locali assiro-caldea, greco-melchita, romana e siriaca cattolica a sostegno delle loro attivit\u00e0 pastorali e caritative e delle loro istituzioni. In stretta collaborazione con le comunit\u00e0 di religiose, la CNEWA sostiene programmi di formazione per giovani e giovani adulti, promuove attivit\u00e0 per i giovani a rischio e continua a offrire aiuti d\u2019emergenza alle famiglie cristiane sfollate in fuga da estremismi e persecuzioni.<\/p>\n\n\n\n<figure class=\"wp-block-image size-full\"><img loading=\"lazy\" decoding=\"async\" width=\"1800\" height=\"1200\" src=\"https:\/\/cnewa.org\/it\/wp-content\/uploads\/sites\/7\/2024\/12\/45-4_foc_3-1.jpg\" alt=\"Bambini con le vesti per la prima comunione dei giovani, Ader, Giordania.\" class=\"wp-image-911\" srcset=\"https:\/\/cnewa.org\/it\/wp-content\/uploads\/sites\/7\/2024\/12\/45-4_foc_3-1.jpg 1800w, https:\/\/cnewa.org\/it\/wp-content\/uploads\/sites\/7\/2024\/12\/45-4_foc_3-1-300x200.jpg 300w, https:\/\/cnewa.org\/it\/wp-content\/uploads\/sites\/7\/2024\/12\/45-4_foc_3-1-1024x683.jpg 1024w, https:\/\/cnewa.org\/it\/wp-content\/uploads\/sites\/7\/2024\/12\/45-4_foc_3-1-768x512.jpg 768w, https:\/\/cnewa.org\/it\/wp-content\/uploads\/sites\/7\/2024\/12\/45-4_foc_3-1-1536x1024.jpg 1536w, https:\/\/cnewa.org\/it\/wp-content\/uploads\/sites\/7\/2024\/12\/45-4_foc_3-1-1600x1067.jpg 1600w\" sizes=\"auto, (max-width: 1800px) 100vw, 1800px\" \/><figcaption class=\"wp-element-caption\">Giovani si preparano a ricevere la prima Comunione nel villaggio di Ader, in Giordania, nel 2014.<\/figcaption><\/figure>\n\n\n\n<h4 class=\"wp-block-heading\" id=\"h-rispondiamo-ai-bisogni-delle-persone\"><strong>Rispondiamo ai bisogni delle persone<\/strong><\/h4>\n\n\n\n<p>La nostra missione ci invita a dare una mano a chi \u00e8 nel bisogno. La CNEWA sostiene programmi di assistenza all\u2019infanzia e sanitaria, come la clinica Madre della Misericordia a Zarqa e le iniziative di assistenza sanitaria presso gli ospedali italiani di Amman e al-Karak, progetti di sostenibilit\u00e0 per i migranti e i rifugiati e interventi di emergenza per le famiglie di rifugiati che faticano ad arrivare a fine mese.<\/p>\n\n\n\n<figure class=\"wp-block-image size-large\"><img loading=\"lazy\" decoding=\"async\" width=\"1024\" height=\"683\" src=\"https:\/\/cnewa.org\/it\/wp-content\/uploads\/sites\/7\/2024\/12\/skaff202301_010H-1024x683.jpg\" alt=\"I lavoratori migranti in Giordania usano le app di video chat per rimanere in contatto con la loro rete di supporto.\" class=\"wp-image-910\" srcset=\"https:\/\/cnewa.org\/it\/wp-content\/uploads\/sites\/7\/2024\/12\/skaff202301_010H-1024x683.jpg 1024w, https:\/\/cnewa.org\/it\/wp-content\/uploads\/sites\/7\/2024\/12\/skaff202301_010H-300x200.jpg 300w, https:\/\/cnewa.org\/it\/wp-content\/uploads\/sites\/7\/2024\/12\/skaff202301_010H-768x512.jpg 768w, https:\/\/cnewa.org\/it\/wp-content\/uploads\/sites\/7\/2024\/12\/skaff202301_010H-1536x1024.jpg 1536w, https:\/\/cnewa.org\/it\/wp-content\/uploads\/sites\/7\/2024\/12\/skaff202301_010H-1600x1067.jpg 1600w, https:\/\/cnewa.org\/it\/wp-content\/uploads\/sites\/7\/2024\/12\/skaff202301_010H.jpg 1800w\" sizes=\"auto, (max-width: 1024px) 100vw, 1024px\" \/><figcaption class=\"wp-element-caption\">Lavoratori migranti in Giordania si connettono con la loro rete di supporto attraverso le videochiamate.<\/figcaption><\/figure>\n\n\n\n<p><strong>Ogni gesto, anche il pi\u00f9 piccolo, pu\u00f2 trasformarsi in un dono immenso per chi \u00e8 nel bisogno. Sostieni i nostri progetti con una donazione: insieme possiamo portare speranza e amore a chi ne ha pi\u00f9 bisogno. Dona ora e fai la differenza nella vita di tanti.<\/strong><\/p>\n\n\n  <div class=\"donate-button\" id=\"minor-fund-campaign\">\n    <button class=\"donate-modal-toggle\" data-minor-fund='Giordania' data-minor-fund-code='DQ'>Dona ora<\/button>\n  <\/div>\n  ","protected":false},"excerpt":{"rendered":"<p>La Giordania, paese di grande importanza storica e biblica, \u00e8 oggi una terra di accoglienza per migranti, rifugiati e richiedenti asilo. Nonostante le risorse limitate e la presenza di ampie zone inabitabili, il regno sta affrontando notevoli difficolt\u00e0 a causa dell\u2019afflusso di persone, mettendo sotto pressione un\u2019economia che dipende in gran parte dal turismo.&nbsp; Anche &hellip; <a href=\"https:\/\/cnewa.org\/it\/dove-operiamo\/il-medio-oriente\/giordania\/\">Continued<\/a><\/p>\n","protected":false},"author":70092,"featured_media":912,"parent":181,"menu_order":0,"comment_status":"closed","ping_status":"closed","template":"","meta":{"_acf_changed":false,"footnotes":""},"class_list":["post-913","page","type-page","status-publish","has-post-thumbnail","hentry"],"acf":[],"yoast_head":"<!-- This site is optimized with the Yoast SEO Premium plugin v27.3 (Yoast SEO v27.3) - https:\/\/yoast.com\/product\/yoast-seo-premium-wordpress\/ -->\n<title>Giordania | CNEWA Italia<\/title>\n<meta name=\"description\" content=\"La Giordania, terra di importanza storica e biblica, \u00e8 oggi una terra di rifugio, che accoglie migranti, rifugiati e richiedenti asilo.\" \/>\n<meta name=\"robots\" content=\"index, follow, max-snippet:-1, max-image-preview:large, max-video-preview:-1\" \/>\n<link rel=\"canonical\" href=\"https:\/\/cnewa.org\/it\/dove-operiamo\/il-medio-oriente\/giordania\/\" \/>\n<meta property=\"og:locale\" content=\"it_IT\" \/>\n<meta property=\"og:type\" content=\"article\" \/>\n<meta property=\"og:title\" content=\"Giordania\" \/>\n<meta property=\"og:description\" content=\"La Giordania, terra di importanza storica e biblica, \u00e8 oggi una terra di rifugio, che accoglie migranti, rifugiati e richiedenti asilo.\" \/>\n<meta property=\"og:site_name\" content=\"CNEWA Italia\" \/>\n<meta property=\"article:modified_time\" content=\"2025-07-24T14:19:22+00:00\" \/>\n<meta property=\"og:image\" content=\"https:\/\/cnewa.org\/it\/wp-content\/uploads\/sites\/7\/2024\/12\/habjouqa20121_04H-scaled-e1724263217573.jpg\" \/>\n\t<meta property=\"og:image:width\" content=\"1612\" \/>\n\t<meta property=\"og:image:height\" content=\"1224\" \/>\n\t<meta property=\"og:image:type\" content=\"image\/jpeg\" \/>\n<meta name=\"twitter:card\" content=\"summary_large_image\" \/>\n<meta name=\"twitter:label1\" content=\"Tempo di lettura stimato\" \/>\n\t<meta name=\"twitter:data1\" content=\"4 minuti\" \/>\n<script type=\"application\/ld+json\" class=\"yoast-schema-graph\">{\"@context\":\"https:\\\/\\\/schema.org\",\"@graph\":[{\"@type\":\"WebPage\",\"@id\":\"https:\\\/\\\/cnewa.org\\\/it\\\/dove-operiamo\\\/il-medio-oriente\\\/giordania\\\/\",\"url\":\"https:\\\/\\\/cnewa.org\\\/it\\\/dove-operiamo\\\/il-medio-oriente\\\/giordania\\\/\",\"name\":\"Giordania | CNEWA Italia\",\"isPartOf\":{\"@id\":\"https:\\\/\\\/cnewa.org\\\/it\\\/#website\"},\"primaryImageOfPage\":{\"@id\":\"https:\\\/\\\/cnewa.org\\\/it\\\/dove-operiamo\\\/il-medio-oriente\\\/giordania\\\/#primaryimage\"},\"image\":{\"@id\":\"https:\\\/\\\/cnewa.org\\\/it\\\/dove-operiamo\\\/il-medio-oriente\\\/giordania\\\/#primaryimage\"},\"thumbnailUrl\":\"https:\\\/\\\/cnewa.org\\\/it\\\/wp-content\\\/uploads\\\/sites\\\/7\\\/2024\\\/12\\\/habjouqa20121_04H-scaled-e1724263217573.jpg\",\"datePublished\":\"2024-12-27T14:31:35+00:00\",\"dateModified\":\"2025-07-24T14:19:22+00:00\",\"description\":\"La Giordania, terra di importanza storica e biblica, \u00e8 oggi una terra di rifugio, che accoglie migranti, rifugiati e richiedenti asilo.\",\"breadcrumb\":{\"@id\":\"https:\\\/\\\/cnewa.org\\\/it\\\/dove-operiamo\\\/il-medio-oriente\\\/giordania\\\/#breadcrumb\"},\"inLanguage\":\"it-IT\",\"potentialAction\":[{\"@type\":\"ReadAction\",\"target\":[\"https:\\\/\\\/cnewa.org\\\/it\\\/dove-operiamo\\\/il-medio-oriente\\\/giordania\\\/\"]}]},{\"@type\":\"ImageObject\",\"inLanguage\":\"it-IT\",\"@id\":\"https:\\\/\\\/cnewa.org\\\/it\\\/dove-operiamo\\\/il-medio-oriente\\\/giordania\\\/#primaryimage\",\"url\":\"https:\\\/\\\/cnewa.org\\\/it\\\/wp-content\\\/uploads\\\/sites\\\/7\\\/2024\\\/12\\\/habjouqa20121_04H-scaled-e1724263217573.jpg\",\"contentUrl\":\"https:\\\/\\\/cnewa.org\\\/it\\\/wp-content\\\/uploads\\\/sites\\\/7\\\/2024\\\/12\\\/habjouqa20121_04H-scaled-e1724263217573.jpg\",\"width\":1612,\"height\":1224,\"caption\":\"Le famiglie beduine si sono trasferite tra le rovine del villaggio cristiano di Smakiyeh. Una suora giordana, Brenda, saluta un bambino beduino. (Foto di Tanya Habjouqa)\"},{\"@type\":\"BreadcrumbList\",\"@id\":\"https:\\\/\\\/cnewa.org\\\/it\\\/dove-operiamo\\\/il-medio-oriente\\\/giordania\\\/#breadcrumb\",\"itemListElement\":[{\"@type\":\"ListItem\",\"position\":1,\"name\":\"Home\",\"item\":\"https:\\\/\\\/cnewa.org\\\/it\\\/\"},{\"@type\":\"ListItem\",\"position\":2,\"name\":\"Dove operiamo\",\"item\":\"https:\\\/\\\/cnewa.org\\\/it\\\/dove-operiamo\\\/\"},{\"@type\":\"ListItem\",\"position\":3,\"name\":\"Il Medio Oriente\",\"item\":\"https:\\\/\\\/cnewa.org\\\/it\\\/dove-operiamo\\\/il-medio-oriente\\\/\"},{\"@type\":\"ListItem\",\"position\":4,\"name\":\"Giordania\"}]},{\"@type\":\"WebSite\",\"@id\":\"https:\\\/\\\/cnewa.org\\\/it\\\/#website\",\"url\":\"https:\\\/\\\/cnewa.org\\\/it\\\/\",\"name\":\"CNEWA Italia\",\"description\":\"\",\"publisher\":{\"@id\":\"https:\\\/\\\/cnewa.org\\\/it\\\/#organization\"},\"alternateName\":\"Associazione Cattolica per il Benessere del Vicino Oriente (CNEWA)\",\"potentialAction\":[{\"@type\":\"SearchAction\",\"target\":{\"@type\":\"EntryPoint\",\"urlTemplate\":\"https:\\\/\\\/cnewa.org\\\/it\\\/?s={search_term_string}\"},\"query-input\":{\"@type\":\"PropertyValueSpecification\",\"valueRequired\":true,\"valueName\":\"search_term_string\"}}],\"inLanguage\":\"it-IT\"},{\"@type\":\"Organization\",\"@id\":\"https:\\\/\\\/cnewa.org\\\/it\\\/#organization\",\"name\":\"CNEWA Italia\",\"alternateName\":\"Associazione Cattolica per il Benessere del Vicino Oriente\",\"url\":\"https:\\\/\\\/cnewa.org\\\/it\\\/\",\"logo\":{\"@type\":\"ImageObject\",\"inLanguage\":\"it-IT\",\"@id\":\"https:\\\/\\\/cnewa.org\\\/it\\\/#\\\/schema\\\/logo\\\/image\\\/\",\"url\":\"https:\\\/\\\/cnewa.org\\\/it\\\/wp-content\\\/uploads\\\/sites\\\/7\\\/2024\\\/10\\\/CNEWA-brand-logo-300x300-1.png\",\"contentUrl\":\"https:\\\/\\\/cnewa.org\\\/it\\\/wp-content\\\/uploads\\\/sites\\\/7\\\/2024\\\/10\\\/CNEWA-brand-logo-300x300-1.png\",\"width\":300,\"height\":300,\"caption\":\"CNEWA Italia\"},\"image\":{\"@id\":\"https:\\\/\\\/cnewa.org\\\/it\\\/#\\\/schema\\\/logo\\\/image\\\/\"}}]}<\/script>\n<!-- \/ Yoast SEO Premium plugin. -->","yoast_head_json":{"title":"Giordania | CNEWA Italia","description":"La Giordania, terra di importanza storica e biblica, \u00e8 oggi una terra di rifugio, che accoglie migranti, rifugiati e richiedenti asilo.","robots":{"index":"index","follow":"follow","max-snippet":"max-snippet:-1","max-image-preview":"max-image-preview:large","max-video-preview":"max-video-preview:-1"},"canonical":"https:\/\/cnewa.org\/it\/dove-operiamo\/il-medio-oriente\/giordania\/","og_locale":"it_IT","og_type":"article","og_title":"Giordania","og_description":"La Giordania, terra di importanza storica e biblica, \u00e8 oggi una terra di rifugio, che accoglie migranti, rifugiati e richiedenti asilo.","og_site_name":"CNEWA Italia","article_modified_time":"2025-07-24T14:19:22+00:00","og_image":[{"width":1612,"height":1224,"url":"https:\/\/cnewa.org\/it\/wp-content\/uploads\/sites\/7\/2024\/12\/habjouqa20121_04H-scaled-e1724263217573.jpg","type":"image\/jpeg"}],"twitter_card":"summary_large_image","twitter_misc":{"Tempo di lettura stimato":"4 minuti"},"schema":{"@context":"https:\/\/schema.org","@graph":[{"@type":"WebPage","@id":"https:\/\/cnewa.org\/it\/dove-operiamo\/il-medio-oriente\/giordania\/","url":"https:\/\/cnewa.org\/it\/dove-operiamo\/il-medio-oriente\/giordania\/","name":"Giordania | CNEWA Italia","isPartOf":{"@id":"https:\/\/cnewa.org\/it\/#website"},"primaryImageOfPage":{"@id":"https:\/\/cnewa.org\/it\/dove-operiamo\/il-medio-oriente\/giordania\/#primaryimage"},"image":{"@id":"https:\/\/cnewa.org\/it\/dove-operiamo\/il-medio-oriente\/giordania\/#primaryimage"},"thumbnailUrl":"https:\/\/cnewa.org\/it\/wp-content\/uploads\/sites\/7\/2024\/12\/habjouqa20121_04H-scaled-e1724263217573.jpg","datePublished":"2024-12-27T14:31:35+00:00","dateModified":"2025-07-24T14:19:22+00:00","description":"La Giordania, terra di importanza storica e biblica, \u00e8 oggi una terra di rifugio, che accoglie migranti, rifugiati e richiedenti asilo.","breadcrumb":{"@id":"https:\/\/cnewa.org\/it\/dove-operiamo\/il-medio-oriente\/giordania\/#breadcrumb"},"inLanguage":"it-IT","potentialAction":[{"@type":"ReadAction","target":["https:\/\/cnewa.org\/it\/dove-operiamo\/il-medio-oriente\/giordania\/"]}]},{"@type":"ImageObject","inLanguage":"it-IT","@id":"https:\/\/cnewa.org\/it\/dove-operiamo\/il-medio-oriente\/giordania\/#primaryimage","url":"https:\/\/cnewa.org\/it\/wp-content\/uploads\/sites\/7\/2024\/12\/habjouqa20121_04H-scaled-e1724263217573.jpg","contentUrl":"https:\/\/cnewa.org\/it\/wp-content\/uploads\/sites\/7\/2024\/12\/habjouqa20121_04H-scaled-e1724263217573.jpg","width":1612,"height":1224,"caption":"Le famiglie beduine si sono trasferite tra le rovine del villaggio cristiano di Smakiyeh. Una suora giordana, Brenda, saluta un bambino beduino. (Foto di Tanya Habjouqa)"},{"@type":"BreadcrumbList","@id":"https:\/\/cnewa.org\/it\/dove-operiamo\/il-medio-oriente\/giordania\/#breadcrumb","itemListElement":[{"@type":"ListItem","position":1,"name":"Home","item":"https:\/\/cnewa.org\/it\/"},{"@type":"ListItem","position":2,"name":"Dove operiamo","item":"https:\/\/cnewa.org\/it\/dove-operiamo\/"},{"@type":"ListItem","position":3,"name":"Il Medio Oriente","item":"https:\/\/cnewa.org\/it\/dove-operiamo\/il-medio-oriente\/"},{"@type":"ListItem","position":4,"name":"Giordania"}]},{"@type":"WebSite","@id":"https:\/\/cnewa.org\/it\/#website","url":"https:\/\/cnewa.org\/it\/","name":"CNEWA Italia","description":"","publisher":{"@id":"https:\/\/cnewa.org\/it\/#organization"},"alternateName":"Associazione Cattolica per il Benessere del Vicino Oriente (CNEWA)","potentialAction":[{"@type":"SearchAction","target":{"@type":"EntryPoint","urlTemplate":"https:\/\/cnewa.org\/it\/?s={search_term_string}"},"query-input":{"@type":"PropertyValueSpecification","valueRequired":true,"valueName":"search_term_string"}}],"inLanguage":"it-IT"},{"@type":"Organization","@id":"https:\/\/cnewa.org\/it\/#organization","name":"CNEWA Italia","alternateName":"Associazione Cattolica per il Benessere del Vicino Oriente","url":"https:\/\/cnewa.org\/it\/","logo":{"@type":"ImageObject","inLanguage":"it-IT","@id":"https:\/\/cnewa.org\/it\/#\/schema\/logo\/image\/","url":"https:\/\/cnewa.org\/it\/wp-content\/uploads\/sites\/7\/2024\/10\/CNEWA-brand-logo-300x300-1.png","contentUrl":"https:\/\/cnewa.org\/it\/wp-content\/uploads\/sites\/7\/2024\/10\/CNEWA-brand-logo-300x300-1.png","width":300,"height":300,"caption":"CNEWA Italia"},"image":{"@id":"https:\/\/cnewa.org\/it\/#\/schema\/logo\/image\/"}}]}},"_links":{"self":[{"href":"https:\/\/cnewa.org\/it\/wp-json\/wp\/v2\/pages\/913","targetHints":{"allow":["GET"]}}],"collection":[{"href":"https:\/\/cnewa.org\/it\/wp-json\/wp\/v2\/pages"}],"about":[{"href":"https:\/\/cnewa.org\/it\/wp-json\/wp\/v2\/types\/page"}],"author":[{"embeddable":true,"href":"https:\/\/cnewa.org\/it\/wp-json\/wp\/v2\/users\/70092"}],"replies":[{"embeddable":true,"href":"https:\/\/cnewa.org\/it\/wp-json\/wp\/v2\/comments?post=913"}],"version-history":[{"count":5,"href":"https:\/\/cnewa.org\/it\/wp-json\/wp\/v2\/pages\/913\/revisions"}],"predecessor-version":[{"id":1609,"href":"https:\/\/cnewa.org\/it\/wp-json\/wp\/v2\/pages\/913\/revisions\/1609"}],"up":[{"embeddable":true,"href":"https:\/\/cnewa.org\/it\/wp-json\/wp\/v2\/pages\/181"}],"wp:featuredmedia":[{"embeddable":true,"href":"https:\/\/cnewa.org\/it\/wp-json\/wp\/v2\/media\/912"}],"wp:attachment":[{"href":"https:\/\/cnewa.org\/it\/wp-json\/wp\/v2\/media?parent=913"}],"curies":[{"name":"wp","href":"https:\/\/api.w.org\/{rel}","templated":true}]}}