{"id":920,"date":"2024-12-30T10:47:00","date_gmt":"2024-12-30T09:47:00","guid":{"rendered":"https:\/\/cnewa.org\/it\/?page_id=920"},"modified":"2025-07-24T16:19:52","modified_gmt":"2025-07-24T14:19:52","slug":"libano","status":"publish","type":"page","link":"https:\/\/cnewa.org\/it\/dove-operiamo\/il-medio-oriente\/libano\/","title":{"rendered":"Libano"},"content":{"rendered":"\n<h2 class=\"wp-block-heading\" id=\"h-il-libano-il-bellissimo-paese-mediterraneo-tra-la-siria-e-israele-una-delle-culle-piu-antiche-e-vitali-della-cristianita-sta-affrontando-una-crisi-economica-insostenibile\">Il Libano, il bellissimo Paese mediterraneo tra la Siria e Israele, una delle culle pi\u00f9 antiche e vitali della cristianit\u00e0, sta affrontando una crisi economica insostenibile.<\/h2>\n\n\n\n<p>Oltre l\u201980% della popolazione vive in condizioni di povert\u00e0 e il tasso di disoccupazione \u00e8 passato dall\u201911% al 30% negli ultimi quattro anni. I servizi pubblici di base, come l\u2019elettricit\u00e0, e i programmi di sostegno sociale, tra cui l\u2019istruzione e l\u2019assistenza sanitaria, sono diminuiti in modo significativo, colpendo le vite dei pi\u00f9 vulnerabili e costringendo professionisti istruiti e qualificati, molti dei quali cristiani, a lasciare il Paese in cerca di una vita migliore.<\/p>\n\n\n\n<p>Nel corso della sua lunga storia, le numerose comunit\u00e0 cristiane del Libano sono state un rifugio per i vulnerabili, gli emarginati e i poveri. Purtroppo, in questi tempi difficili, anche le chiese si trovano in una situazione di estremo bisogno, dato che la domanda per le loro iniziative di servizio sociale cresce.&nbsp;<\/p>\n\n\n\n<p>La CNEWA-Pontificia Missione sostiene da tempo la Chiesa in Libano e continuer\u00e0 a rispondere agli enormi bisogni della popolazione, collaborando con la sua ampia coalizione di collaboratori sul campo e finanziando programmi cruciali che aiutano i residenti pi\u00f9 vulnerabili di ogni estrazione culturale e religiosa.<\/p>\n\n\n\n<h4 class=\"wp-block-heading\" id=\"h-accompagniamo-le-chiese-locali\"><strong><strong>Accompagniamo le Chiese locali<\/strong><\/strong><\/h4>\n\n\n\n<p>La CNEWA-Pontificia Missione sostiene la formazione di quasi 120 seminaristi che studiano nei sette seminari libanesi, oltre a sostenere programmi che aiutano a preparare i futuri responsabili delle comunit\u00e0 cristiane, soprattutto tra i laici.&nbsp;<\/p>\n\n\n\n<figure class=\"wp-block-image alignleft size-large\"><img loading=\"lazy\" decoding=\"async\" width=\"1024\" height=\"683\" src=\"https:\/\/cnewa.org\/it\/wp-content\/uploads\/sites\/7\/2024\/12\/hadi20153_071H-1-1024x683.jpg\" alt=\"\" class=\"wp-image-923\" srcset=\"https:\/\/cnewa.org\/it\/wp-content\/uploads\/sites\/7\/2024\/12\/hadi20153_071H-1-1024x683.jpg 1024w, https:\/\/cnewa.org\/it\/wp-content\/uploads\/sites\/7\/2024\/12\/hadi20153_071H-1-300x200.jpg 300w, https:\/\/cnewa.org\/it\/wp-content\/uploads\/sites\/7\/2024\/12\/hadi20153_071H-1-768x512.jpg 768w, https:\/\/cnewa.org\/it\/wp-content\/uploads\/sites\/7\/2024\/12\/hadi20153_071H-1-1536x1024.jpg 1536w, https:\/\/cnewa.org\/it\/wp-content\/uploads\/sites\/7\/2024\/12\/hadi20153_071H-1-1600x1067.jpg 1600w, https:\/\/cnewa.org\/it\/wp-content\/uploads\/sites\/7\/2024\/12\/hadi20153_071H-1.jpg 1800w\" sizes=\"auto, (max-width: 1024px) 100vw, 1024px\" \/><figcaption class=\"wp-element-caption\">Celebrazione domenicale per i rifugiati assiri iracheni nella chiesa di Mar Elias a Beirut, Libano. (Foto di Tamara Abdul Hadi)<\/figcaption><\/figure>\n\n\n\n<h4 class=\"wp-block-heading\" id=\"h-rispondiamo-ai-bisogni-delle-persone\"><strong><strong>Rispondiamo ai bisogni delle persone<\/strong><\/strong><\/h4>\n\n\n\n<p>La CNEWA-Pontificia Missione, insieme alla Chiesa locale e ai suoi partner, si impegna a rispondere ai bisogni pi\u00f9 urgenti con programmi mirati. Le iniziative principali includono il sostegno all\u2019infanzia e l\u2019aiuto per le spese scolastiche. Vengono offerti anche supporto formativo e organizzativo alle scuole e ai loro insegnanti. Alcuni progetti sanitari garantiscono cure a chi ne ha pi\u00f9 bisogno. L\u2019organizzazione assiste inoltre le persone emarginate. Particolare attenzione \u00e8 rivolta ai rifugiati, alle famiglie in difficolt\u00e0 e alle persone con disabilit\u00e0. Per loro sono previsti percorsi educativi, interventi psicosociali e programmi di salute mentale.<\/p>\n\n\n\n<figure class=\"wp-block-image size-large\"><img loading=\"lazy\" decoding=\"async\" width=\"1024\" height=\"683\" src=\"https:\/\/cnewa.org\/it\/wp-content\/uploads\/sites\/7\/2024\/12\/kozar20151_038H-1024x683.jpg\" alt=\"\" class=\"wp-image-922\" srcset=\"https:\/\/cnewa.org\/it\/wp-content\/uploads\/sites\/7\/2024\/12\/kozar20151_038H-1024x683.jpg 1024w, https:\/\/cnewa.org\/it\/wp-content\/uploads\/sites\/7\/2024\/12\/kozar20151_038H-300x200.jpg 300w, https:\/\/cnewa.org\/it\/wp-content\/uploads\/sites\/7\/2024\/12\/kozar20151_038H-768x512.jpg 768w, https:\/\/cnewa.org\/it\/wp-content\/uploads\/sites\/7\/2024\/12\/kozar20151_038H-1536x1024.jpg 1536w, https:\/\/cnewa.org\/it\/wp-content\/uploads\/sites\/7\/2024\/12\/kozar20151_038H-1600x1067.jpg 1600w, https:\/\/cnewa.org\/it\/wp-content\/uploads\/sites\/7\/2024\/12\/kozar20151_038H.jpg 1800w\" sizes=\"auto, (max-width: 1024px) 100vw, 1024px\" \/><figcaption class=\"wp-element-caption\">Ospedale francescano delle Suore della Croce a Deir el Kamar, in Libano. (Foto di John E. Kozar\/CNEWA)<\/figcaption><\/figure>\n\n\n\n<h4 class=\"wp-block-heading\" id=\"h-offriamo-sostegno-immediato-nelle-emergenz-e\"><strong><strong>Offriamo sostegno immediato nelle emergenz<\/strong><\/strong>e<\/h4>\n\n\n\n<p>La CNEWA-Pontificia Missione si impegna a combattere la fame e a offrire un sostegno concreto a circa 10.000 famiglie. Distribuisce pacchi alimentari e beni essenziali, come pannolini per bambini e articoli utili per anziani, malati e persone con disabilit\u00e0. La crisi economica nel paese peggiora. Sempre pi\u00f9 persone vivono in povert\u00e0. Per questo, cresce anche la necessit\u00e0 di ampliare il programma di aiuti d\u2019emergenza.<\/p>\n\n\n\n<figure class=\"wp-block-image size-large\"><img loading=\"lazy\" decoding=\"async\" width=\"1024\" height=\"683\" src=\"https:\/\/cnewa.org\/it\/wp-content\/uploads\/sites\/7\/2024\/12\/skaff202202_035H-1024x683.jpg\" alt=\"\" class=\"wp-image-921\" srcset=\"https:\/\/cnewa.org\/it\/wp-content\/uploads\/sites\/7\/2024\/12\/skaff202202_035H-1024x683.jpg 1024w, https:\/\/cnewa.org\/it\/wp-content\/uploads\/sites\/7\/2024\/12\/skaff202202_035H-300x200.jpg 300w, https:\/\/cnewa.org\/it\/wp-content\/uploads\/sites\/7\/2024\/12\/skaff202202_035H-768x512.jpg 768w, https:\/\/cnewa.org\/it\/wp-content\/uploads\/sites\/7\/2024\/12\/skaff202202_035H-1536x1024.jpg 1536w, https:\/\/cnewa.org\/it\/wp-content\/uploads\/sites\/7\/2024\/12\/skaff202202_035H-1600x1067.jpg 1600w, https:\/\/cnewa.org\/it\/wp-content\/uploads\/sites\/7\/2024\/12\/skaff202202_035H.jpg 1800w\" sizes=\"auto, (max-width: 1024px) 100vw, 1024px\" \/><figcaption class=\"wp-element-caption\">Rita Mallat, direttrice di RAM, mentre consegna un pacco di cibo a Randa Krayem, costretta su una sedia a rotelle e impossibilitata a trovare lavoro dall\u2019inizio della crisi economica in Libano. (Foto di Raghida Skaff)<\/figcaption><\/figure>\n\n\n\n<p><strong>Ogni gesto, anche il pi\u00f9 piccolo, pu\u00f2 trasformarsi in un dono immenso per chi \u00e8 nel bisogno. Sostieni i nostri progetti con una donazione: insieme possiamo portare speranza e amore a chi ne ha pi\u00f9 bisogno. Dona ora e fai la differenza nella vita di tanti.<\/strong><\/p>\n\n\n  <div class=\"donate-button\" id=\"minor-fund-campaign\">\n    <button class=\"donate-modal-toggle\" data-minor-fund='Libano' data-minor-fund-code='DN'>Dona ora<\/button>\n  <\/div>\n  ","protected":false},"excerpt":{"rendered":"<p>Il Libano, il bellissimo Paese mediterraneo tra la Siria e Israele, una delle culle pi\u00f9 antiche e vitali della cristianit\u00e0, sta affrontando una crisi economica insostenibile. Oltre l\u201980% della popolazione vive in condizioni di povert\u00e0 e il tasso di disoccupazione \u00e8 passato dall\u201911% al 30% negli ultimi quattro anni. I servizi pubblici di base, come &hellip; <a href=\"https:\/\/cnewa.org\/it\/dove-operiamo\/il-medio-oriente\/libano\/\">Continued<\/a><\/p>\n","protected":false},"author":70092,"featured_media":924,"parent":181,"menu_order":0,"comment_status":"closed","ping_status":"closed","template":"","meta":{"_acf_changed":false,"footnotes":""},"class_list":["post-920","page","type-page","status-publish","has-post-thumbnail","hentry"],"acf":[],"yoast_head":"<!-- This site is optimized with the Yoast SEO Premium plugin v27.3 (Yoast SEO v27.3) - https:\/\/yoast.com\/product\/yoast-seo-premium-wordpress\/ -->\n<title>Libano | CNEWA Italia<\/title>\n<meta name=\"description\" content=\"Il Libano, una delle culle pi\u00f9 antiche e vitali della cristianit\u00e0, sta affrontando una crisi economica insostenibile.\" \/>\n<meta name=\"robots\" content=\"index, follow, max-snippet:-1, max-image-preview:large, max-video-preview:-1\" \/>\n<link rel=\"canonical\" href=\"https:\/\/cnewa.org\/it\/dove-operiamo\/il-medio-oriente\/libano\/\" \/>\n<meta property=\"og:locale\" content=\"it_IT\" \/>\n<meta property=\"og:type\" content=\"article\" \/>\n<meta property=\"og:title\" content=\"Libano\" \/>\n<meta property=\"og:description\" content=\"Il Libano, una delle culle pi\u00f9 antiche e vitali della cristianit\u00e0, sta affrontando una crisi economica insostenibile.\" \/>\n<meta property=\"og:site_name\" content=\"CNEWA Italia\" \/>\n<meta property=\"article:modified_time\" content=\"2025-07-24T14:19:52+00:00\" \/>\n<meta property=\"og:image\" content=\"https:\/\/cnewa.org\/it\/wp-content\/uploads\/sites\/7\/2024\/12\/hadi20163_044H.jpg\" \/>\n\t<meta property=\"og:image:width\" content=\"1800\" \/>\n\t<meta property=\"og:image:height\" content=\"1200\" \/>\n\t<meta property=\"og:image:type\" content=\"image\/jpeg\" \/>\n<meta name=\"twitter:card\" content=\"summary_large_image\" \/>\n<meta name=\"twitter:label1\" content=\"Tempo di lettura stimato\" \/>\n\t<meta name=\"twitter:data1\" content=\"4 minuti\" \/>\n<script type=\"application\/ld+json\" class=\"yoast-schema-graph\">{\"@context\":\"https:\\\/\\\/schema.org\",\"@graph\":[{\"@type\":\"WebPage\",\"@id\":\"https:\\\/\\\/cnewa.org\\\/it\\\/dove-operiamo\\\/il-medio-oriente\\\/libano\\\/\",\"url\":\"https:\\\/\\\/cnewa.org\\\/it\\\/dove-operiamo\\\/il-medio-oriente\\\/libano\\\/\",\"name\":\"Libano | CNEWA Italia\",\"isPartOf\":{\"@id\":\"https:\\\/\\\/cnewa.org\\\/it\\\/#website\"},\"primaryImageOfPage\":{\"@id\":\"https:\\\/\\\/cnewa.org\\\/it\\\/dove-operiamo\\\/il-medio-oriente\\\/libano\\\/#primaryimage\"},\"image\":{\"@id\":\"https:\\\/\\\/cnewa.org\\\/it\\\/dove-operiamo\\\/il-medio-oriente\\\/libano\\\/#primaryimage\"},\"thumbnailUrl\":\"https:\\\/\\\/cnewa.org\\\/it\\\/wp-content\\\/uploads\\\/sites\\\/7\\\/2024\\\/12\\\/hadi20163_044H.jpg\",\"datePublished\":\"2024-12-30T09:47:00+00:00\",\"dateModified\":\"2025-07-24T14:19:52+00:00\",\"description\":\"Il Libano, una delle culle pi\u00f9 antiche e vitali della cristianit\u00e0, sta affrontando una crisi economica insostenibile.\",\"breadcrumb\":{\"@id\":\"https:\\\/\\\/cnewa.org\\\/it\\\/dove-operiamo\\\/il-medio-oriente\\\/libano\\\/#breadcrumb\"},\"inLanguage\":\"it-IT\",\"potentialAction\":[{\"@type\":\"ReadAction\",\"target\":[\"https:\\\/\\\/cnewa.org\\\/it\\\/dove-operiamo\\\/il-medio-oriente\\\/libano\\\/\"]}]},{\"@type\":\"ImageObject\",\"inLanguage\":\"it-IT\",\"@id\":\"https:\\\/\\\/cnewa.org\\\/it\\\/dove-operiamo\\\/il-medio-oriente\\\/libano\\\/#primaryimage\",\"url\":\"https:\\\/\\\/cnewa.org\\\/it\\\/wp-content\\\/uploads\\\/sites\\\/7\\\/2024\\\/12\\\/hadi20163_044H.jpg\",\"contentUrl\":\"https:\\\/\\\/cnewa.org\\\/it\\\/wp-content\\\/uploads\\\/sites\\\/7\\\/2024\\\/12\\\/hadi20163_044H.jpg\",\"width\":1800,\"height\":1200,\"caption\":\"Alcuni studenti durante le lezioni nella scuola ortodossa di Marjeyoun, in Libano. (Foto di Tamara Abdul Hadi)\"},{\"@type\":\"BreadcrumbList\",\"@id\":\"https:\\\/\\\/cnewa.org\\\/it\\\/dove-operiamo\\\/il-medio-oriente\\\/libano\\\/#breadcrumb\",\"itemListElement\":[{\"@type\":\"ListItem\",\"position\":1,\"name\":\"Home\",\"item\":\"https:\\\/\\\/cnewa.org\\\/it\\\/\"},{\"@type\":\"ListItem\",\"position\":2,\"name\":\"Dove operiamo\",\"item\":\"https:\\\/\\\/cnewa.org\\\/it\\\/dove-operiamo\\\/\"},{\"@type\":\"ListItem\",\"position\":3,\"name\":\"Il Medio Oriente\",\"item\":\"https:\\\/\\\/cnewa.org\\\/it\\\/dove-operiamo\\\/il-medio-oriente\\\/\"},{\"@type\":\"ListItem\",\"position\":4,\"name\":\"Libano\"}]},{\"@type\":\"WebSite\",\"@id\":\"https:\\\/\\\/cnewa.org\\\/it\\\/#website\",\"url\":\"https:\\\/\\\/cnewa.org\\\/it\\\/\",\"name\":\"CNEWA Italia\",\"description\":\"\",\"publisher\":{\"@id\":\"https:\\\/\\\/cnewa.org\\\/it\\\/#organization\"},\"alternateName\":\"Associazione Cattolica per il Benessere del Vicino Oriente (CNEWA)\",\"potentialAction\":[{\"@type\":\"SearchAction\",\"target\":{\"@type\":\"EntryPoint\",\"urlTemplate\":\"https:\\\/\\\/cnewa.org\\\/it\\\/?s={search_term_string}\"},\"query-input\":{\"@type\":\"PropertyValueSpecification\",\"valueRequired\":true,\"valueName\":\"search_term_string\"}}],\"inLanguage\":\"it-IT\"},{\"@type\":\"Organization\",\"@id\":\"https:\\\/\\\/cnewa.org\\\/it\\\/#organization\",\"name\":\"CNEWA Italia\",\"alternateName\":\"Associazione Cattolica per il Benessere del Vicino Oriente\",\"url\":\"https:\\\/\\\/cnewa.org\\\/it\\\/\",\"logo\":{\"@type\":\"ImageObject\",\"inLanguage\":\"it-IT\",\"@id\":\"https:\\\/\\\/cnewa.org\\\/it\\\/#\\\/schema\\\/logo\\\/image\\\/\",\"url\":\"https:\\\/\\\/cnewa.org\\\/it\\\/wp-content\\\/uploads\\\/sites\\\/7\\\/2024\\\/10\\\/CNEWA-brand-logo-300x300-1.png\",\"contentUrl\":\"https:\\\/\\\/cnewa.org\\\/it\\\/wp-content\\\/uploads\\\/sites\\\/7\\\/2024\\\/10\\\/CNEWA-brand-logo-300x300-1.png\",\"width\":300,\"height\":300,\"caption\":\"CNEWA Italia\"},\"image\":{\"@id\":\"https:\\\/\\\/cnewa.org\\\/it\\\/#\\\/schema\\\/logo\\\/image\\\/\"}}]}<\/script>\n<!-- \/ Yoast SEO Premium plugin. -->","yoast_head_json":{"title":"Libano | CNEWA Italia","description":"Il Libano, una delle culle pi\u00f9 antiche e vitali della cristianit\u00e0, sta affrontando una crisi economica insostenibile.","robots":{"index":"index","follow":"follow","max-snippet":"max-snippet:-1","max-image-preview":"max-image-preview:large","max-video-preview":"max-video-preview:-1"},"canonical":"https:\/\/cnewa.org\/it\/dove-operiamo\/il-medio-oriente\/libano\/","og_locale":"it_IT","og_type":"article","og_title":"Libano","og_description":"Il Libano, una delle culle pi\u00f9 antiche e vitali della cristianit\u00e0, sta affrontando una crisi economica insostenibile.","og_site_name":"CNEWA Italia","article_modified_time":"2025-07-24T14:19:52+00:00","og_image":[{"width":1800,"height":1200,"url":"https:\/\/cnewa.org\/it\/wp-content\/uploads\/sites\/7\/2024\/12\/hadi20163_044H.jpg","type":"image\/jpeg"}],"twitter_card":"summary_large_image","twitter_misc":{"Tempo di lettura stimato":"4 minuti"},"schema":{"@context":"https:\/\/schema.org","@graph":[{"@type":"WebPage","@id":"https:\/\/cnewa.org\/it\/dove-operiamo\/il-medio-oriente\/libano\/","url":"https:\/\/cnewa.org\/it\/dove-operiamo\/il-medio-oriente\/libano\/","name":"Libano | CNEWA Italia","isPartOf":{"@id":"https:\/\/cnewa.org\/it\/#website"},"primaryImageOfPage":{"@id":"https:\/\/cnewa.org\/it\/dove-operiamo\/il-medio-oriente\/libano\/#primaryimage"},"image":{"@id":"https:\/\/cnewa.org\/it\/dove-operiamo\/il-medio-oriente\/libano\/#primaryimage"},"thumbnailUrl":"https:\/\/cnewa.org\/it\/wp-content\/uploads\/sites\/7\/2024\/12\/hadi20163_044H.jpg","datePublished":"2024-12-30T09:47:00+00:00","dateModified":"2025-07-24T14:19:52+00:00","description":"Il Libano, una delle culle pi\u00f9 antiche e vitali della cristianit\u00e0, sta affrontando una crisi economica insostenibile.","breadcrumb":{"@id":"https:\/\/cnewa.org\/it\/dove-operiamo\/il-medio-oriente\/libano\/#breadcrumb"},"inLanguage":"it-IT","potentialAction":[{"@type":"ReadAction","target":["https:\/\/cnewa.org\/it\/dove-operiamo\/il-medio-oriente\/libano\/"]}]},{"@type":"ImageObject","inLanguage":"it-IT","@id":"https:\/\/cnewa.org\/it\/dove-operiamo\/il-medio-oriente\/libano\/#primaryimage","url":"https:\/\/cnewa.org\/it\/wp-content\/uploads\/sites\/7\/2024\/12\/hadi20163_044H.jpg","contentUrl":"https:\/\/cnewa.org\/it\/wp-content\/uploads\/sites\/7\/2024\/12\/hadi20163_044H.jpg","width":1800,"height":1200,"caption":"Alcuni studenti durante le lezioni nella scuola ortodossa di Marjeyoun, in Libano. (Foto di Tamara Abdul Hadi)"},{"@type":"BreadcrumbList","@id":"https:\/\/cnewa.org\/it\/dove-operiamo\/il-medio-oriente\/libano\/#breadcrumb","itemListElement":[{"@type":"ListItem","position":1,"name":"Home","item":"https:\/\/cnewa.org\/it\/"},{"@type":"ListItem","position":2,"name":"Dove operiamo","item":"https:\/\/cnewa.org\/it\/dove-operiamo\/"},{"@type":"ListItem","position":3,"name":"Il Medio Oriente","item":"https:\/\/cnewa.org\/it\/dove-operiamo\/il-medio-oriente\/"},{"@type":"ListItem","position":4,"name":"Libano"}]},{"@type":"WebSite","@id":"https:\/\/cnewa.org\/it\/#website","url":"https:\/\/cnewa.org\/it\/","name":"CNEWA Italia","description":"","publisher":{"@id":"https:\/\/cnewa.org\/it\/#organization"},"alternateName":"Associazione Cattolica per il Benessere del Vicino Oriente (CNEWA)","potentialAction":[{"@type":"SearchAction","target":{"@type":"EntryPoint","urlTemplate":"https:\/\/cnewa.org\/it\/?s={search_term_string}"},"query-input":{"@type":"PropertyValueSpecification","valueRequired":true,"valueName":"search_term_string"}}],"inLanguage":"it-IT"},{"@type":"Organization","@id":"https:\/\/cnewa.org\/it\/#organization","name":"CNEWA Italia","alternateName":"Associazione Cattolica per il Benessere del Vicino Oriente","url":"https:\/\/cnewa.org\/it\/","logo":{"@type":"ImageObject","inLanguage":"it-IT","@id":"https:\/\/cnewa.org\/it\/#\/schema\/logo\/image\/","url":"https:\/\/cnewa.org\/it\/wp-content\/uploads\/sites\/7\/2024\/10\/CNEWA-brand-logo-300x300-1.png","contentUrl":"https:\/\/cnewa.org\/it\/wp-content\/uploads\/sites\/7\/2024\/10\/CNEWA-brand-logo-300x300-1.png","width":300,"height":300,"caption":"CNEWA Italia"},"image":{"@id":"https:\/\/cnewa.org\/it\/#\/schema\/logo\/image\/"}}]}},"_links":{"self":[{"href":"https:\/\/cnewa.org\/it\/wp-json\/wp\/v2\/pages\/920","targetHints":{"allow":["GET"]}}],"collection":[{"href":"https:\/\/cnewa.org\/it\/wp-json\/wp\/v2\/pages"}],"about":[{"href":"https:\/\/cnewa.org\/it\/wp-json\/wp\/v2\/types\/page"}],"author":[{"embeddable":true,"href":"https:\/\/cnewa.org\/it\/wp-json\/wp\/v2\/users\/70092"}],"replies":[{"embeddable":true,"href":"https:\/\/cnewa.org\/it\/wp-json\/wp\/v2\/comments?post=920"}],"version-history":[{"count":6,"href":"https:\/\/cnewa.org\/it\/wp-json\/wp\/v2\/pages\/920\/revisions"}],"predecessor-version":[{"id":1610,"href":"https:\/\/cnewa.org\/it\/wp-json\/wp\/v2\/pages\/920\/revisions\/1610"}],"up":[{"embeddable":true,"href":"https:\/\/cnewa.org\/it\/wp-json\/wp\/v2\/pages\/181"}],"wp:featuredmedia":[{"embeddable":true,"href":"https:\/\/cnewa.org\/it\/wp-json\/wp\/v2\/media\/924"}],"wp:attachment":[{"href":"https:\/\/cnewa.org\/it\/wp-json\/wp\/v2\/media?parent=920"}],"curies":[{"name":"wp","href":"https:\/\/api.w.org\/{rel}","templated":true}]}}