{"id":929,"date":"2024-12-30T12:23:51","date_gmt":"2024-12-30T11:23:51","guid":{"rendered":"https:\/\/cnewa.org\/it\/?page_id=929"},"modified":"2025-07-24T16:20:27","modified_gmt":"2025-07-24T14:20:27","slug":"palestina","status":"publish","type":"page","link":"https:\/\/cnewa.org\/it\/dove-operiamo\/il-medio-oriente\/palestina\/","title":{"rendered":"Palestina"},"content":{"rendered":"\n<h2 class=\"wp-block-heading\" id=\"h-la-cnewa-sostiene-le-popolazioni-della-terra-santa-fin-dalla-sua-fondazione-appoggiata-da-papa-pio-xi-nel-1926-il-suo-impegno-e-cresciuto-dopo-il-massiccio-esodo-dei-palestinesi-in-seguito-alla-prima-guerra-arabo-israeliana-del-1948-questo-evento-colpi-duramente-anche-la-comunita-cristiana-che-rappresentava-oltre-il-20-degli-sfollati\">La CNEWA sostiene le popolazioni della Terra Santa fin dalla sua fondazione, appoggiata da Papa Pio XI nel 1926. Il suo impegno \u00e8 cresciuto dopo il massiccio esodo dei palestinesi in seguito alla prima guerra arabo-israeliana del 1948. Questo evento colp\u00ec duramente anche la comunit\u00e0 cristiana, che rappresentava oltre il 20% degli sfollati.<\/h2>\n\n\n\n<p>Nel 1949, Papa Pio XII istitu\u00ec la Pontificia Missione per la Palestina, affidandone la gestione alla CNEWA. Nata come comitato temporaneo per coordinare gli aiuti cattolici ai rifugiati, la Pontificia Missione ha poi ricevuto un mandato pi\u00f9 ampio. I papi successivi ne hanno esteso l\u2019azione a tutte le popolazioni vulnerabili del Medio Oriente.<\/p>\n\n\n\n<p>Dopo la Guerra dei Sei Giorni del 1967, l\u2019esercito israeliano occup\u00f2 i territori palestinesi della Striscia di Gaza, della Cisgiordania e di Gerusalemme, compresa la Citt\u00e0 Vecchia. A partire dagli anni \u201890, furono siglati accordi tra lo Stato di Israele e i rappresentanti del popolo palestinese, oggi noti come Autorit\u00e0 Nazionale Palestinese, per perseguire una \u201cSoluzione dei due Stati\u201d, ossia la creazione di uno Stato palestinese indipendente. Tuttavia, questi accordi si sono gradualmente indeboliti nel tempo.<\/p>\n\n\n\n<p>Hamas, il gruppo islamista militante, \u00e8 al governo di Gaza dal 2007, anno in cui \u00e8 stato eletto al potere. La Cisgiordania, suddivisa in 165 enclave palestinesi, \u00e8 gestita in parte dall&#8217;Autorit\u00e0 Nazionale Palestinese, ma gran parte del territorio, inclusi circa 200 insediamenti israeliani, rimane sotto il controllo militare di Israele.&nbsp;<\/p>\n\n\n\n<p>Le organizzazioni cristiane attive in queste aree, che forniscono oltre il 33% dei servizi sociali destinati al popolo palestinese, non ricevono alcun finanziamento governativo. Di conseguenza, affrontano costantemente difficolt\u00e0 economiche e dipendono in larga misura da donatori internazionali per finanziare strutture, attrezzature, programmi e costi operativi.&nbsp;<\/p>\n\n\n\n<p>La popolazione cristiana continua a diminuire perch\u00e9 i cristiani lasciano il Paese sfiduciati dall\u2019instabilit\u00e0 socioeconomica e politica.&nbsp;<\/p>\n\n\n\n<p>Oggi, i bisogni del popolo palestinese nell\u2019attuale conflitto tra Israele e Hamas sono enormi. Pi\u00f9 di 30.000 palestinesi nella Striscia di Gaza sono stati uccisi dalle Forze di Difesa israeliane in risposta all\u2019attacco terroristico del 7 ottobre 2023 di Hamas contro Israele.&nbsp;<\/p>\n\n\n\n<h4 class=\"wp-block-heading\" id=\"h-offriamo-sostegno-immediato-nelle-emergenz-e\"><strong><strong><strong>Offriamo sostegno immediato nelle emergenz<\/strong><\/strong>e<\/strong><\/h4>\n\n\n\n<p>Dallo scoppio della guerra, CNEWA-Pontificia Missione ha lavorato insieme ai partner locali a Gaza per distribuire pasti caldi, pacchi alimentari, medicine, kit per l\u2019igiene, pannolini, carburante, gas da cucina, acqua in bottiglia e prodotti per la pulizia a chi ne ha bisogno.<\/p>\n\n\n\n<p>Tra ottobre 2023 e febbraio 2024, una donazione di CNEWA-Pontificia Missione ha permesso di offrire pasti caldi a 760 cristiani sfollati ospitati in due chiese di Gaza City \u2014 San Porfirio e Sacra Famiglia \u2014 oltre che a persone nei dintorni e in altri quartieri della citt\u00e0.<\/p>\n\n\n\n<p>Tra marzo e aprile, CNEWA-Pontificia Missione, in collaborazione con una mensa comunitaria locale, ha gi\u00e0 raggiunto met\u00e0 delle 600 famiglie sfollate che prevede di sostenere a Gaza City e Rafah con aiuti alimentari.<\/p>\n\n\n\n<figure class=\"wp-block-image size-large\"><img loading=\"lazy\" decoding=\"async\" width=\"1024\" height=\"683\" src=\"https:\/\/cnewa.org\/it\/wp-content\/uploads\/sites\/7\/2024\/12\/20231008T0945-POPE-PEACE-HOLYLAND-1766660-1024x683.jpg\" alt=\"Una donna regge un cartello bianco con la scritta \u201cPace\u201d. Vicino a lei ci sono persone, tra cui una suora.\" class=\"wp-image-934\" srcset=\"https:\/\/cnewa.org\/it\/wp-content\/uploads\/sites\/7\/2024\/12\/20231008T0945-POPE-PEACE-HOLYLAND-1766660-1024x683.jpg 1024w, https:\/\/cnewa.org\/it\/wp-content\/uploads\/sites\/7\/2024\/12\/20231008T0945-POPE-PEACE-HOLYLAND-1766660-300x200.jpg 300w, https:\/\/cnewa.org\/it\/wp-content\/uploads\/sites\/7\/2024\/12\/20231008T0945-POPE-PEACE-HOLYLAND-1766660-768x512.jpg 768w, https:\/\/cnewa.org\/it\/wp-content\/uploads\/sites\/7\/2024\/12\/20231008T0945-POPE-PEACE-HOLYLAND-1766660-1536x1024.jpg 1536w, https:\/\/cnewa.org\/it\/wp-content\/uploads\/sites\/7\/2024\/12\/20231008T0945-POPE-PEACE-HOLYLAND-1766660-1600x1067.jpg 1600w, https:\/\/cnewa.org\/it\/wp-content\/uploads\/sites\/7\/2024\/12\/20231008T0945-POPE-PEACE-HOLYLAND-1766660.jpg 1800w\" sizes=\"auto, (max-width: 1024px) 100vw, 1024px\" \/><figcaption class=\"wp-element-caption\">Una donna regge un cartello con la scritta \u201cPace\u201d, mentre Papa Francesco lancia un appello per la fine degli scontri tra Israele e Palestina dopo aver recitato la preghiera dell\u2019Angelus, l\u20198 ottobre, con i visitatori in Piazza San Pietro, in Vaticano. (Foto di CNS\/Vatican Media)<\/figcaption><\/figure>\n\n\n\n<h4 class=\"wp-block-heading\" id=\"h-accompagniamo-le-chiese-locali\"><strong><strong>Accompagniamo le Chiese locali<\/strong><\/strong><\/h4>\n\n\n\n<p>L\u2019ufficio di CNEWA-Pontificia Missione a Gerusalemme forma responsabili laici qualificati. Lo fa attraverso varie iniziative: il movimento Scout locale, i centri giovanili cristiani e i percorsi di catechesi. Questi programmi aiutano a mantenere viva la presenza cristiana in Terra Santa. Preparano anche le future guide delle organizzazioni cristiane che offrono lavoro e servizi fondamentali, come istruzione e sanit\u00e0, a tutta la popolazione.<\/p>\n\n\n\n<p>La CNEWA-Pontificia Missione contribuisce anche alla ristrutturazione degli edifici ecclesiastici e sostiene la formazione di catechisti, percorsi di accompagnamento pastorale, attivit\u00e0 per i giovani e campi parrocchiali.<\/p>\n\n\n\n<figure class=\"wp-block-image aligncenter size-full\"><img loading=\"lazy\" decoding=\"async\" width=\"537\" height=\"422\" src=\"https:\/\/cnewa.org\/it\/wp-content\/uploads\/sites\/7\/2024\/12\/Palestine_1.jpg\" alt=\"\" class=\"wp-image-933\" srcset=\"https:\/\/cnewa.org\/it\/wp-content\/uploads\/sites\/7\/2024\/12\/Palestine_1.jpg 537w, https:\/\/cnewa.org\/it\/wp-content\/uploads\/sites\/7\/2024\/12\/Palestine_1-300x236.jpg 300w\" sizes=\"auto, (max-width: 537px) 100vw, 537px\" \/><figcaption class=\"wp-element-caption\">Suor Piera Carpenedo delle Suore di Santa Dorotea mentre racconta una storia ai suoi studenti audiolesi dell\u2019Istituto \u201cEffet\u00e0 Paolo VI\u201d di Betlemme, una delle istituzioni che la CNEWA \u00e8 orgogliosa di sostenere grazie alla generosit\u00e0 dei suoi donatori. (Foto di Steve Sabella)<\/figcaption><\/figure>\n\n\n\n<h4 class=\"wp-block-heading\" id=\"h-rispondiamo-ai-bisogni-delle-persone\"><strong>Rispondiamo ai bisogni delle persone<\/strong><\/h4>\n\n\n\n<p>La CNEWA\u2013Pontificia Missione sostiene una rete di organizzazioni cristiane attive nell\u2019istruzione, nella sanit\u00e0 e nei servizi sociali. Finanzia progetti innovativi, come l\u2019installazione di pannelli solari per ridurre i costi energetici. Sostiene anche il recupero di una cisterna per raccogliere acqua piovana, offrendo cos\u00ec una risorsa idrica pulita e gratuita. Promuove inoltre sistemi idroponici per coltivare ortaggi biologici. Queste iniziative aiutano a contenere le spese e riflettono l\u2019impegno cristiano per la tutela del creato.<\/p>\n\n\n\n<p>La CNEWA-Pontificia Missione promuove inoltre un programma di orientamento rivolto agli studenti delle scuole cristiane di Gerusalemme, in particolare ai ragazzi pi\u00f9 grandi. Il progetto li aiuta a scoprire le proprie inclinazioni e capacit\u00e0, a sviluppare competenze e a pianificare il proprio futuro professionale. L\u2019iniziativa \u00e8 realizzata in collaborazione con il CEGAS, <em>Committee for Educational Guidance for Arab Students<\/em> (comitato per l\u2019orientamento educativo degli studenti arabi), con sede a Haifa.<\/p>\n\n\n\n<figure class=\"wp-block-image size-large\"><img loading=\"lazy\" decoding=\"async\" width=\"1024\" height=\"640\" src=\"https:\/\/cnewa.org\/it\/wp-content\/uploads\/sites\/7\/2024\/12\/jaraiseh202207_033H-1024x640.jpg\" alt=\"\" class=\"wp-image-932\" srcset=\"https:\/\/cnewa.org\/it\/wp-content\/uploads\/sites\/7\/2024\/12\/jaraiseh202207_033H-1024x640.jpg 1024w, https:\/\/cnewa.org\/it\/wp-content\/uploads\/sites\/7\/2024\/12\/jaraiseh202207_033H-300x188.jpg 300w, https:\/\/cnewa.org\/it\/wp-content\/uploads\/sites\/7\/2024\/12\/jaraiseh202207_033H-768x480.jpg 768w, https:\/\/cnewa.org\/it\/wp-content\/uploads\/sites\/7\/2024\/12\/jaraiseh202207_033H.jpg 1200w\" sizes=\"auto, (max-width: 1024px) 100vw, 1024px\" \/><figcaption class=\"wp-element-caption\">Campo estivo per giovani adulti cristiani vicino a Ramallah, in Palestina. (Foto di George Jaraiseh)<\/figcaption><\/figure>\n\n\n\n<p><strong>Ogni gesto, anche il pi\u00f9 piccolo, pu\u00f2 trasformarsi in un dono immenso per chi \u00e8 nel bisogno. Sostieni i nostri progetti con una donazione: insieme possiamo portare speranza e amore a chi ne ha pi\u00f9 bisogno. Dona ora e fai la differenza nella vita di tanti.<\/strong><\/p>\n\n\n  <div class=\"donate-button\" id=\"minor-fund-campaign\">\n    <button class=\"donate-modal-toggle\" data-minor-fund='Palestina' data-minor-fund-code='PR'>Dona ora<\/button>\n  <\/div>\n  ","protected":false},"excerpt":{"rendered":"<p>La CNEWA sostiene le popolazioni della Terra Santa fin dalla sua fondazione, appoggiata da Papa Pio XI nel 1926. Il suo impegno \u00e8 cresciuto dopo il massiccio esodo dei palestinesi in seguito alla prima guerra arabo-israeliana del 1948. Questo evento colp\u00ec duramente anche la comunit\u00e0 cristiana, che rappresentava oltre il 20% degli sfollati. Nel 1949, &hellip; <a href=\"https:\/\/cnewa.org\/it\/dove-operiamo\/il-medio-oriente\/palestina\/\">Continued<\/a><\/p>\n","protected":false},"author":70092,"featured_media":931,"parent":181,"menu_order":0,"comment_status":"closed","ping_status":"closed","template":"","meta":{"_acf_changed":false,"footnotes":""},"class_list":["post-929","page","type-page","status-publish","has-post-thumbnail","hentry"],"acf":[],"yoast_head":"<!-- This site is optimized with the Yoast SEO Premium plugin v27.3 (Yoast SEO v27.3) - https:\/\/yoast.com\/product\/yoast-seo-premium-wordpress\/ -->\n<title>Palestina | CNEWA Italia<\/title>\n<meta name=\"description\" content=\"I territori palestinesi sono stati un&#039;area di interesse per la CNEWA fin dalla fondazione della Pontificia Missione nel 1949.\" \/>\n<meta name=\"robots\" content=\"index, follow, max-snippet:-1, max-image-preview:large, max-video-preview:-1\" \/>\n<link rel=\"canonical\" href=\"https:\/\/cnewa.org\/it\/dove-operiamo\/il-medio-oriente\/palestina\/\" \/>\n<meta property=\"og:locale\" content=\"it_IT\" \/>\n<meta property=\"og:type\" content=\"article\" \/>\n<meta property=\"og:title\" content=\"Palestina\" \/>\n<meta property=\"og:description\" content=\"I territori palestinesi sono stati un&#039;area di interesse per la CNEWA fin dalla fondazione della Pontificia Missione nel 1949.\" \/>\n<meta property=\"og:site_name\" content=\"CNEWA Italia\" \/>\n<meta property=\"article:modified_time\" content=\"2025-07-24T14:20:27+00:00\" \/>\n<meta property=\"og:image\" content=\"https:\/\/cnewa.org\/it\/wp-content\/uploads\/sites\/7\/2024\/12\/Bethlehem_skyline_West_Bank-1-2048x1074-1.jpg\" \/>\n\t<meta property=\"og:image:width\" content=\"2048\" \/>\n\t<meta property=\"og:image:height\" content=\"1074\" \/>\n\t<meta property=\"og:image:type\" content=\"image\/jpeg\" \/>\n<meta name=\"twitter:card\" content=\"summary_large_image\" \/>\n<meta name=\"twitter:label1\" content=\"Tempo di lettura stimato\" \/>\n\t<meta name=\"twitter:data1\" content=\"6 minuti\" \/>\n<script type=\"application\/ld+json\" class=\"yoast-schema-graph\">{\"@context\":\"https:\\\/\\\/schema.org\",\"@graph\":[{\"@type\":\"WebPage\",\"@id\":\"https:\\\/\\\/cnewa.org\\\/it\\\/dove-operiamo\\\/il-medio-oriente\\\/palestina\\\/\",\"url\":\"https:\\\/\\\/cnewa.org\\\/it\\\/dove-operiamo\\\/il-medio-oriente\\\/palestina\\\/\",\"name\":\"Palestina | CNEWA Italia\",\"isPartOf\":{\"@id\":\"https:\\\/\\\/cnewa.org\\\/it\\\/#website\"},\"primaryImageOfPage\":{\"@id\":\"https:\\\/\\\/cnewa.org\\\/it\\\/dove-operiamo\\\/il-medio-oriente\\\/palestina\\\/#primaryimage\"},\"image\":{\"@id\":\"https:\\\/\\\/cnewa.org\\\/it\\\/dove-operiamo\\\/il-medio-oriente\\\/palestina\\\/#primaryimage\"},\"thumbnailUrl\":\"https:\\\/\\\/cnewa.org\\\/it\\\/wp-content\\\/uploads\\\/sites\\\/7\\\/2024\\\/12\\\/Bethlehem_skyline_West_Bank-1-2048x1074-1.jpg\",\"datePublished\":\"2024-12-30T11:23:51+00:00\",\"dateModified\":\"2025-07-24T14:20:27+00:00\",\"description\":\"I territori palestinesi sono stati un'area di interesse per la CNEWA fin dalla fondazione della Pontificia Missione nel 1949.\",\"breadcrumb\":{\"@id\":\"https:\\\/\\\/cnewa.org\\\/it\\\/dove-operiamo\\\/il-medio-oriente\\\/palestina\\\/#breadcrumb\"},\"inLanguage\":\"it-IT\",\"potentialAction\":[{\"@type\":\"ReadAction\",\"target\":[\"https:\\\/\\\/cnewa.org\\\/it\\\/dove-operiamo\\\/il-medio-oriente\\\/palestina\\\/\"]}]},{\"@type\":\"ImageObject\",\"inLanguage\":\"it-IT\",\"@id\":\"https:\\\/\\\/cnewa.org\\\/it\\\/dove-operiamo\\\/il-medio-oriente\\\/palestina\\\/#primaryimage\",\"url\":\"https:\\\/\\\/cnewa.org\\\/it\\\/wp-content\\\/uploads\\\/sites\\\/7\\\/2024\\\/12\\\/Bethlehem_skyline_West_Bank-1-2048x1074-1.jpg\",\"contentUrl\":\"https:\\\/\\\/cnewa.org\\\/it\\\/wp-content\\\/uploads\\\/sites\\\/7\\\/2024\\\/12\\\/Bethlehem_skyline_West_Bank-1-2048x1074-1.jpg\",\"width\":2048,\"height\":1074,\"caption\":\"In risposta alle preoccupazioni per il coronavirus, il Patriarcato latino ha emanato delle linee guida per i luoghi di culto a Betlemme e dintorni. (Foto di Wikipedia\\\/Creative Commons di Daniel Case)\"},{\"@type\":\"BreadcrumbList\",\"@id\":\"https:\\\/\\\/cnewa.org\\\/it\\\/dove-operiamo\\\/il-medio-oriente\\\/palestina\\\/#breadcrumb\",\"itemListElement\":[{\"@type\":\"ListItem\",\"position\":1,\"name\":\"Home\",\"item\":\"https:\\\/\\\/cnewa.org\\\/it\\\/\"},{\"@type\":\"ListItem\",\"position\":2,\"name\":\"Dove operiamo\",\"item\":\"https:\\\/\\\/cnewa.org\\\/it\\\/dove-operiamo\\\/\"},{\"@type\":\"ListItem\",\"position\":3,\"name\":\"Il Medio Oriente\",\"item\":\"https:\\\/\\\/cnewa.org\\\/it\\\/dove-operiamo\\\/il-medio-oriente\\\/\"},{\"@type\":\"ListItem\",\"position\":4,\"name\":\"Palestina\"}]},{\"@type\":\"WebSite\",\"@id\":\"https:\\\/\\\/cnewa.org\\\/it\\\/#website\",\"url\":\"https:\\\/\\\/cnewa.org\\\/it\\\/\",\"name\":\"CNEWA Italia\",\"description\":\"\",\"publisher\":{\"@id\":\"https:\\\/\\\/cnewa.org\\\/it\\\/#organization\"},\"alternateName\":\"Associazione Cattolica per il Benessere del Vicino Oriente (CNEWA)\",\"potentialAction\":[{\"@type\":\"SearchAction\",\"target\":{\"@type\":\"EntryPoint\",\"urlTemplate\":\"https:\\\/\\\/cnewa.org\\\/it\\\/?s={search_term_string}\"},\"query-input\":{\"@type\":\"PropertyValueSpecification\",\"valueRequired\":true,\"valueName\":\"search_term_string\"}}],\"inLanguage\":\"it-IT\"},{\"@type\":\"Organization\",\"@id\":\"https:\\\/\\\/cnewa.org\\\/it\\\/#organization\",\"name\":\"CNEWA Italia\",\"alternateName\":\"Associazione Cattolica per il Benessere del Vicino Oriente\",\"url\":\"https:\\\/\\\/cnewa.org\\\/it\\\/\",\"logo\":{\"@type\":\"ImageObject\",\"inLanguage\":\"it-IT\",\"@id\":\"https:\\\/\\\/cnewa.org\\\/it\\\/#\\\/schema\\\/logo\\\/image\\\/\",\"url\":\"https:\\\/\\\/cnewa.org\\\/it\\\/wp-content\\\/uploads\\\/sites\\\/7\\\/2024\\\/10\\\/CNEWA-brand-logo-300x300-1.png\",\"contentUrl\":\"https:\\\/\\\/cnewa.org\\\/it\\\/wp-content\\\/uploads\\\/sites\\\/7\\\/2024\\\/10\\\/CNEWA-brand-logo-300x300-1.png\",\"width\":300,\"height\":300,\"caption\":\"CNEWA Italia\"},\"image\":{\"@id\":\"https:\\\/\\\/cnewa.org\\\/it\\\/#\\\/schema\\\/logo\\\/image\\\/\"}}]}<\/script>\n<!-- \/ Yoast SEO Premium plugin. -->","yoast_head_json":{"title":"Palestina | CNEWA Italia","description":"I territori palestinesi sono stati un'area di interesse per la CNEWA fin dalla fondazione della Pontificia Missione nel 1949.","robots":{"index":"index","follow":"follow","max-snippet":"max-snippet:-1","max-image-preview":"max-image-preview:large","max-video-preview":"max-video-preview:-1"},"canonical":"https:\/\/cnewa.org\/it\/dove-operiamo\/il-medio-oriente\/palestina\/","og_locale":"it_IT","og_type":"article","og_title":"Palestina","og_description":"I territori palestinesi sono stati un'area di interesse per la CNEWA fin dalla fondazione della Pontificia Missione nel 1949.","og_site_name":"CNEWA Italia","article_modified_time":"2025-07-24T14:20:27+00:00","og_image":[{"width":2048,"height":1074,"url":"https:\/\/cnewa.org\/it\/wp-content\/uploads\/sites\/7\/2024\/12\/Bethlehem_skyline_West_Bank-1-2048x1074-1.jpg","type":"image\/jpeg"}],"twitter_card":"summary_large_image","twitter_misc":{"Tempo di lettura stimato":"6 minuti"},"schema":{"@context":"https:\/\/schema.org","@graph":[{"@type":"WebPage","@id":"https:\/\/cnewa.org\/it\/dove-operiamo\/il-medio-oriente\/palestina\/","url":"https:\/\/cnewa.org\/it\/dove-operiamo\/il-medio-oriente\/palestina\/","name":"Palestina | CNEWA Italia","isPartOf":{"@id":"https:\/\/cnewa.org\/it\/#website"},"primaryImageOfPage":{"@id":"https:\/\/cnewa.org\/it\/dove-operiamo\/il-medio-oriente\/palestina\/#primaryimage"},"image":{"@id":"https:\/\/cnewa.org\/it\/dove-operiamo\/il-medio-oriente\/palestina\/#primaryimage"},"thumbnailUrl":"https:\/\/cnewa.org\/it\/wp-content\/uploads\/sites\/7\/2024\/12\/Bethlehem_skyline_West_Bank-1-2048x1074-1.jpg","datePublished":"2024-12-30T11:23:51+00:00","dateModified":"2025-07-24T14:20:27+00:00","description":"I territori palestinesi sono stati un'area di interesse per la CNEWA fin dalla fondazione della Pontificia Missione nel 1949.","breadcrumb":{"@id":"https:\/\/cnewa.org\/it\/dove-operiamo\/il-medio-oriente\/palestina\/#breadcrumb"},"inLanguage":"it-IT","potentialAction":[{"@type":"ReadAction","target":["https:\/\/cnewa.org\/it\/dove-operiamo\/il-medio-oriente\/palestina\/"]}]},{"@type":"ImageObject","inLanguage":"it-IT","@id":"https:\/\/cnewa.org\/it\/dove-operiamo\/il-medio-oriente\/palestina\/#primaryimage","url":"https:\/\/cnewa.org\/it\/wp-content\/uploads\/sites\/7\/2024\/12\/Bethlehem_skyline_West_Bank-1-2048x1074-1.jpg","contentUrl":"https:\/\/cnewa.org\/it\/wp-content\/uploads\/sites\/7\/2024\/12\/Bethlehem_skyline_West_Bank-1-2048x1074-1.jpg","width":2048,"height":1074,"caption":"In risposta alle preoccupazioni per il coronavirus, il Patriarcato latino ha emanato delle linee guida per i luoghi di culto a Betlemme e dintorni. (Foto di Wikipedia\/Creative Commons di Daniel Case)"},{"@type":"BreadcrumbList","@id":"https:\/\/cnewa.org\/it\/dove-operiamo\/il-medio-oriente\/palestina\/#breadcrumb","itemListElement":[{"@type":"ListItem","position":1,"name":"Home","item":"https:\/\/cnewa.org\/it\/"},{"@type":"ListItem","position":2,"name":"Dove operiamo","item":"https:\/\/cnewa.org\/it\/dove-operiamo\/"},{"@type":"ListItem","position":3,"name":"Il Medio Oriente","item":"https:\/\/cnewa.org\/it\/dove-operiamo\/il-medio-oriente\/"},{"@type":"ListItem","position":4,"name":"Palestina"}]},{"@type":"WebSite","@id":"https:\/\/cnewa.org\/it\/#website","url":"https:\/\/cnewa.org\/it\/","name":"CNEWA Italia","description":"","publisher":{"@id":"https:\/\/cnewa.org\/it\/#organization"},"alternateName":"Associazione Cattolica per il Benessere del Vicino Oriente (CNEWA)","potentialAction":[{"@type":"SearchAction","target":{"@type":"EntryPoint","urlTemplate":"https:\/\/cnewa.org\/it\/?s={search_term_string}"},"query-input":{"@type":"PropertyValueSpecification","valueRequired":true,"valueName":"search_term_string"}}],"inLanguage":"it-IT"},{"@type":"Organization","@id":"https:\/\/cnewa.org\/it\/#organization","name":"CNEWA Italia","alternateName":"Associazione Cattolica per il Benessere del Vicino Oriente","url":"https:\/\/cnewa.org\/it\/","logo":{"@type":"ImageObject","inLanguage":"it-IT","@id":"https:\/\/cnewa.org\/it\/#\/schema\/logo\/image\/","url":"https:\/\/cnewa.org\/it\/wp-content\/uploads\/sites\/7\/2024\/10\/CNEWA-brand-logo-300x300-1.png","contentUrl":"https:\/\/cnewa.org\/it\/wp-content\/uploads\/sites\/7\/2024\/10\/CNEWA-brand-logo-300x300-1.png","width":300,"height":300,"caption":"CNEWA Italia"},"image":{"@id":"https:\/\/cnewa.org\/it\/#\/schema\/logo\/image\/"}}]}},"_links":{"self":[{"href":"https:\/\/cnewa.org\/it\/wp-json\/wp\/v2\/pages\/929","targetHints":{"allow":["GET"]}}],"collection":[{"href":"https:\/\/cnewa.org\/it\/wp-json\/wp\/v2\/pages"}],"about":[{"href":"https:\/\/cnewa.org\/it\/wp-json\/wp\/v2\/types\/page"}],"author":[{"embeddable":true,"href":"https:\/\/cnewa.org\/it\/wp-json\/wp\/v2\/users\/70092"}],"replies":[{"embeddable":true,"href":"https:\/\/cnewa.org\/it\/wp-json\/wp\/v2\/comments?post=929"}],"version-history":[{"count":10,"href":"https:\/\/cnewa.org\/it\/wp-json\/wp\/v2\/pages\/929\/revisions"}],"predecessor-version":[{"id":1611,"href":"https:\/\/cnewa.org\/it\/wp-json\/wp\/v2\/pages\/929\/revisions\/1611"}],"up":[{"embeddable":true,"href":"https:\/\/cnewa.org\/it\/wp-json\/wp\/v2\/pages\/181"}],"wp:featuredmedia":[{"embeddable":true,"href":"https:\/\/cnewa.org\/it\/wp-json\/wp\/v2\/media\/931"}],"wp:attachment":[{"href":"https:\/\/cnewa.org\/it\/wp-json\/wp\/v2\/media?parent=929"}],"curies":[{"name":"wp","href":"https:\/\/api.w.org\/{rel}","templated":true}]}}