{"id":945,"date":"2025-01-02T10:43:19","date_gmt":"2025-01-02T09:43:19","guid":{"rendered":"https:\/\/cnewa.org\/it\/?page_id=945"},"modified":"2025-07-24T16:21:03","modified_gmt":"2025-07-24T14:21:03","slug":"siria","status":"publish","type":"page","link":"https:\/\/cnewa.org\/it\/dove-operiamo\/il-medio-oriente\/siria\/","title":{"rendered":"Siria"},"content":{"rendered":"\n<h2 class=\"wp-block-heading\" id=\"h-la-siria-paese-di-straordinaria-diversita-religiosa-ha-vissuto-decenni-di-sconvolgimenti-e-distruzioni-senza-precedenti-con-il-crollo-del-regime-di-assad-la-situazione-economica-politica-e-sociale-resta-incerta-gli-ex-ribelli-ora-al-controllo-di-damasco-tentano-di-consolidare-la-loro-autorita-mentre-altre-aree-del-paese-rimangono-sotto-il-controllo-di-forze-nazionali-e-straniere-le-minoranze-alawite-cristiane-e-druse-restano-particolarmente-vulnerabili-nonostante-le-nuove-autorita-abbiano-promesso-di-rispettarne-i-diritti\">La Siria, paese di straordinaria diversit\u00e0 religiosa, ha vissuto decenni di sconvolgimenti e distruzioni senza precedenti. Con il crollo del regime di Assad, la situazione economica, politica e sociale resta incerta. Gli ex ribelli, ora al controllo di Damasco, tentano di consolidare la loro autorit\u00e0, mentre altre aree del paese rimangono sotto il controllo di forze nazionali e straniere. Le minoranze alawite, cristiane e druse restano particolarmente vulnerabili, nonostante le nuove autorit\u00e0 abbiano promesso di rispettarne i diritti.<\/h2>\n\n\n\n<p>Nel febbraio 2023, un devastante terremoto ha colpito il nord della Siria. In risposta, la CNEWA-Pontificia Missione ha lanciato una campagna di emergenza per accogliere i sopravvissuti e distribuire letti, cibo, medicinali, latte in polvere, pannolini e vestiti a oltre 2.000 famiglie nelle aree di Aleppo e Hama. Le comunit\u00e0 cristiane locali, che si sono fatte carico dei soccorsi, sono ora impegnate nel lungo e doloroso percorso di \u201critorno alla normalit\u00e0\u201d, una condizione sconosciuta in Siria dall\u2019inizio della guerra civile nel 2011.<\/p>\n\n\n\n<p>Anche prima del terremoto, la Siria affrontava molteplici emergenze umanitarie. Secondo il Programma Alimentare Mondiale, circa 12,4 milioni di persone in Siria, quasi il 60% della popolazione, vivono in condizioni di insicurezza alimentare. La sterlina siriana ha subito un crollo drammatico nel 2021, portando a una forte inflazione. La crisi economica, aggravata dalla pandemia, ha privato il 50% della popolazione di una fonte di reddito. La met\u00e0 degli ospedali e dei centri sanitari statali ha subito danni a causa della guerra, esacerbando una gi\u00e0 grave crisi sanitaria che continua dal periodo del COVID-19.&nbsp;&nbsp;<\/p>\n\n\n\n<p>La guerra civile e l\u2019ascesa dello Stato Islamico tra il 2014 e il 2017 hanno causato la morte di centinaia di migliaia di persone e lo sfollamento di 14 milioni di siriani, tra rifugiati interni e profughi. Prima del conflitto, la popolazione era composta per il 90% da musulmani, prevalentemente sunniti, e per il 10% da cristiani. Oggi queste proporzioni sono cambiate drasticamente, poich\u00e9 molti cristiani e altre minoranze hanno cercato rifugio all\u2019estero. Ad esempio, Aleppo, un tempo dimora di oltre 500.000 cristiani, ne conta oggi appena 25.000.&nbsp;<\/p>\n\n\n\n<p>La CNEWA-Pontificia Missione lavora a stretto contatto con pi\u00f9 di una dozzina di istituzioni ecclesiastiche e organizzazioni collegate alla Chiesa per sostenere le diverse comunit\u00e0 siriane. Grazie a una vasta rete di collaboratori, la CNEWA-Pontificia Missione finanzia programmi fondamentali per identificare e proteggere i residenti pi\u00f9 vulnerabili, indipendentemente dalla loro appartenenza culturale o religiosa.<\/p>\n\n\n\n<h4 class=\"wp-block-heading\" id=\"h-programmi-pastorali\"><strong>Programmi pastorali<\/strong><\/h4>\n\n\n\n<figure class=\"wp-block-image size-large\"><img loading=\"lazy\" decoding=\"async\" width=\"1024\" height=\"683\" src=\"https:\/\/cnewa.org\/it\/wp-content\/uploads\/sites\/7\/2024\/12\/prothero33450_10-1024x683.jpg\" alt=\"Un vescovo insieme ad un gruppo di scolari in Siria.\" class=\"wp-image-943\" srcset=\"https:\/\/cnewa.org\/it\/wp-content\/uploads\/sites\/7\/2024\/12\/prothero33450_10-1024x683.jpg 1024w, https:\/\/cnewa.org\/it\/wp-content\/uploads\/sites\/7\/2024\/12\/prothero33450_10-300x200.jpg 300w, https:\/\/cnewa.org\/it\/wp-content\/uploads\/sites\/7\/2024\/12\/prothero33450_10-768x512.jpg 768w, https:\/\/cnewa.org\/it\/wp-content\/uploads\/sites\/7\/2024\/12\/prothero33450_10-1536x1024.jpg 1536w, https:\/\/cnewa.org\/it\/wp-content\/uploads\/sites\/7\/2024\/12\/prothero33450_10-1600x1067.jpg 1600w, https:\/\/cnewa.org\/it\/wp-content\/uploads\/sites\/7\/2024\/12\/prothero33450_10.jpg 1800w\" sizes=\"auto, (max-width: 1024px) 100vw, 1024px\" \/><figcaption class=\"wp-element-caption\">L&#8217;arcivescovo Boulous Borkhoche incontra i bambini in un programma di doposcuola religioso vicino a Khabab, in Siria, nel 2007. (Foto di Mitchell Prothero\/Polaris)<\/figcaption><\/figure>\n\n\n\n<p>La CNEWA-Pontificia Missione d\u00e0 priorit\u00e0 al sostegno di programmi catechetici che offrono formazione spirituale e accompagnamento ai fedeli.<\/p>\n\n\n\n<p>Grazie ai nostri programmi, forniamo assicurazione sanitaria a 110 sacerdoti e sosteniamo i loro spostamenti all\u2019interno delle comunit\u00e0 parrocchiali. Inoltre, stiamo riparando chiese, centri pastorali, sale polifunzionali e rettorie, interventi essenziali per mantenere viva la missione della Chiesa.<\/p>\n\n\n\n<p>Collaboriamo con comunit\u00e0 religiose di sacerdoti e religiose, arcidiocesi, parrocchie e organizzazioni catechetiche ad Aleppo, Damasco, Hauran, Homs, Al Hasakah, Tartus, Laodicea e Nebek. I nostri collaboratori, ispirati dal Vangelo, accompagnano i fedeli e rafforzano la loro fede cristiana in un contesto segnato da povert\u00e0 e disperazione.<\/p>\n\n\n\n<p>Laddove possibile, sosteniamo i centri catechetici che offrono formazione religiosa a bambini, giovani, adulti e anziani. Attualmente, i nostri programmi raggiungono circa 9.000 persone, fornendo un sostegno fondamentale per mantenere viva la speranza e la comunit\u00e0.&nbsp;<\/p>\n\n\n\n<h4 class=\"wp-block-heading\" id=\"h-iniziative-per-l-infanzia\"><strong><strong>Iniziative per l\u2019infanzia<\/strong><\/strong><\/h4>\n\n\n\n<figure class=\"wp-block-image size-full\"><img loading=\"lazy\" decoding=\"async\" width=\"1024\" height=\"768\" src=\"https:\/\/cnewa.org\/it\/wp-content\/uploads\/sites\/7\/2024\/12\/cnewaBeirut2013_044L.jpg\" alt=\"Alcuni bambini seduti nei banchi di una scuola in Siria.\" class=\"wp-image-942\" srcset=\"https:\/\/cnewa.org\/it\/wp-content\/uploads\/sites\/7\/2024\/12\/cnewaBeirut2013_044L.jpg 1024w, https:\/\/cnewa.org\/it\/wp-content\/uploads\/sites\/7\/2024\/12\/cnewaBeirut2013_044L-300x225.jpg 300w, https:\/\/cnewa.org\/it\/wp-content\/uploads\/sites\/7\/2024\/12\/cnewaBeirut2013_044L-768x576.jpg 768w\" sizes=\"auto, (max-width: 1024px) 100vw, 1024px\" \/><figcaption class=\"wp-element-caption\">Bambini frequentano le lezioni in una scuola ad Al Waer, a Homs, in Siria. (Foto di CNEWA)<\/figcaption><\/figure>\n\n\n\n<p>La CNEWA-Pontificia Missione supporta migliaia di bambini siriani attraverso i suoi collaboratori ecclesiastici.<\/p>\n\n\n\n<p>Ogni anno forniamo latte, pannolini e vestiti a circa 2.300 bambini piccoli e assistiamo 7.000 scolari a rischio di abbandono scolastico a causa di difficolt\u00e0 economiche. Grazie al nostro intervento, questi studenti ricevono il necessario per affrontare le rigide giornate invernali e le torride estati, potendo cos\u00ec continuare a crescere e a imparare.&nbsp;&nbsp;<\/p>\n\n\n\n<h4 class=\"wp-block-heading\" id=\"h-programmi-sanitari\"><strong><strong>Programmi sanitari<\/strong><\/strong><\/h4>\n\n\n\n<figure class=\"wp-block-image size-large\"><img loading=\"lazy\" decoding=\"async\" width=\"1024\" height=\"681\" src=\"https:\/\/cnewa.org\/it\/wp-content\/uploads\/sites\/7\/2024\/12\/osberg33350_31-1024x681.jpg\" alt=\"Un dentista che visita a una donna con il velo ad Aleppo.\" class=\"wp-image-941\" srcset=\"https:\/\/cnewa.org\/it\/wp-content\/uploads\/sites\/7\/2024\/12\/osberg33350_31-1024x681.jpg 1024w, https:\/\/cnewa.org\/it\/wp-content\/uploads\/sites\/7\/2024\/12\/osberg33350_31-300x200.jpg 300w, https:\/\/cnewa.org\/it\/wp-content\/uploads\/sites\/7\/2024\/12\/osberg33350_31-768x511.jpg 768w, https:\/\/cnewa.org\/it\/wp-content\/uploads\/sites\/7\/2024\/12\/osberg33350_31-1536x1021.jpg 1536w, https:\/\/cnewa.org\/it\/wp-content\/uploads\/sites\/7\/2024\/12\/osberg33350_31-1600x1064.jpg 1600w, https:\/\/cnewa.org\/it\/wp-content\/uploads\/sites\/7\/2024\/12\/osberg33350_31.jpg 1800w\" sizes=\"auto, (max-width: 1024px) 100vw, 1024px\" \/><figcaption class=\"wp-element-caption\">Un dentista esegue una visita di controllo ad una paziente musulmana sunnita presso il Dispensario di San Efrem il Siriaco nel quartiere Al Soulimanya di Aleppo. La clinica, finanziata e gestita dalla Chiesa Ortodossa Siriaca, \u00e8 aperta a persone di tutte le comunit\u00e0 religiose. (Foto di Spencer Osberg)<\/figcaption><\/figure>\n\n\n\n<p>Nel 2024, la CNEWA-Pontificia Missione ha fornito assistenza sanitaria a migliaia di persone svantaggiate che non possono permettersi i costi dei servizi medici.&nbsp;<\/p>\n\n\n\n<p>Operiamo attraverso collaboratori locali, che selezionano con attenzione i beneficiari e li assistono nell\u2019accesso alle cure. Ogni anno, il programma supporta circa 2.000 persone, tra bambini, giovani, adulti e anziani.<\/p>\n\n\n\n<h4 class=\"wp-block-heading\" id=\"h-sostenibilita\"><strong><strong>Sostenibilit\u00e0<\/strong><\/strong><\/h4>\n\n\n\n<p>La CNEWA-Pontificia Missione promuove opportunit\u00e0 di lavoro e progetti di autosostentamento per coloro che hanno perso il proprio reddito, inclusi agricoltori le cui terre sono state distrutte dal conflitto. Sosteniamo l\u2019avvio di piccole attivit\u00e0 imprenditoriali, offrendo alle persone una speranza concreta per ricostruire il proprio futuro.<\/p>\n\n\n\n<p><strong>Ogni gesto, anche il pi\u00f9 piccolo, pu\u00f2 trasformarsi in un dono immenso per chi \u00e8 nel bisogno. Sostieni i nostri progetti con una donazione: insieme possiamo portare speranza e amore a chi ne ha pi\u00f9 bisogno. Dona ora e fai la differenza nella vita di tanti.<\/strong><\/p>\n\n\n  <div class=\"donate-button\" id=\"minor-fund-campaign\">\n    <button class=\"donate-modal-toggle\" data-minor-fund='Siria' data-minor-fund-code='SR'>Dona ora<\/button>\n  <\/div>\n  ","protected":false},"excerpt":{"rendered":"<p>La Siria, paese di straordinaria diversit\u00e0 religiosa, ha vissuto decenni di sconvolgimenti e distruzioni senza precedenti. Con il crollo del regime di Assad, la situazione economica, politica e sociale resta incerta. Gli ex ribelli, ora al controllo di Damasco, tentano di consolidare la loro autorit\u00e0, mentre altre aree del paese rimangono sotto il controllo di &hellip; <a href=\"https:\/\/cnewa.org\/it\/dove-operiamo\/il-medio-oriente\/siria\/\">Continued<\/a><\/p>\n","protected":false},"author":70092,"featured_media":944,"parent":181,"menu_order":0,"comment_status":"closed","ping_status":"closed","template":"","meta":{"_acf_changed":false,"footnotes":""},"class_list":["post-945","page","type-page","status-publish","has-post-thumbnail","hentry"],"acf":[],"yoast_head":"<!-- This site is optimized with the Yoast SEO Premium plugin v27.3 (Yoast SEO v27.3) - https:\/\/yoast.com\/product\/yoast-seo-premium-wordpress\/ -->\n<title>Siria | CNEWA Italia<\/title>\n<meta name=\"description\" content=\"La Siria, terra di straordinaria ricchezza religiosa, da decenni sopporta profondi sconvolgimenti e devastazioni senza precedenti.\" \/>\n<meta name=\"robots\" content=\"index, follow, max-snippet:-1, max-image-preview:large, max-video-preview:-1\" \/>\n<link rel=\"canonical\" href=\"https:\/\/cnewa.org\/it\/dove-operiamo\/il-medio-oriente\/siria\/\" \/>\n<meta property=\"og:locale\" content=\"it_IT\" \/>\n<meta property=\"og:type\" content=\"article\" \/>\n<meta property=\"og:title\" content=\"Siria\" \/>\n<meta property=\"og:description\" content=\"La Siria, terra di straordinaria ricchezza religiosa, da decenni sopporta profondi sconvolgimenti e devastazioni senza precedenti.\" \/>\n<meta property=\"og:site_name\" content=\"CNEWA Italia\" \/>\n<meta property=\"article:modified_time\" content=\"2025-07-24T14:21:03+00:00\" \/>\n<meta property=\"og:image\" content=\"https:\/\/cnewa.org\/it\/wp-content\/uploads\/sites\/7\/2024\/12\/SOP-348-158r-1221-d.jpg\" \/>\n\t<meta property=\"og:image:width\" content=\"1800\" \/>\n\t<meta property=\"og:image:height\" content=\"1260\" \/>\n\t<meta property=\"og:image:type\" content=\"image\/jpeg\" \/>\n<meta name=\"twitter:card\" content=\"summary_large_image\" \/>\n<meta name=\"twitter:label1\" content=\"Tempo di lettura stimato\" \/>\n\t<meta name=\"twitter:data1\" content=\"6 minuti\" \/>\n<script type=\"application\/ld+json\" class=\"yoast-schema-graph\">{\"@context\":\"https:\\\/\\\/schema.org\",\"@graph\":[{\"@type\":\"WebPage\",\"@id\":\"https:\\\/\\\/cnewa.org\\\/it\\\/dove-operiamo\\\/il-medio-oriente\\\/siria\\\/\",\"url\":\"https:\\\/\\\/cnewa.org\\\/it\\\/dove-operiamo\\\/il-medio-oriente\\\/siria\\\/\",\"name\":\"Siria | CNEWA Italia\",\"isPartOf\":{\"@id\":\"https:\\\/\\\/cnewa.org\\\/it\\\/#website\"},\"primaryImageOfPage\":{\"@id\":\"https:\\\/\\\/cnewa.org\\\/it\\\/dove-operiamo\\\/il-medio-oriente\\\/siria\\\/#primaryimage\"},\"image\":{\"@id\":\"https:\\\/\\\/cnewa.org\\\/it\\\/dove-operiamo\\\/il-medio-oriente\\\/siria\\\/#primaryimage\"},\"thumbnailUrl\":\"https:\\\/\\\/cnewa.org\\\/it\\\/wp-content\\\/uploads\\\/sites\\\/7\\\/2024\\\/12\\\/SOP-348-158r-1221-d.jpg\",\"datePublished\":\"2025-01-02T09:43:19+00:00\",\"dateModified\":\"2025-07-24T14:21:03+00:00\",\"description\":\"La Siria, terra di straordinaria ricchezza religiosa, da decenni sopporta profondi sconvolgimenti e devastazioni senza precedenti.\",\"breadcrumb\":{\"@id\":\"https:\\\/\\\/cnewa.org\\\/it\\\/dove-operiamo\\\/il-medio-oriente\\\/siria\\\/#breadcrumb\"},\"inLanguage\":\"it-IT\",\"potentialAction\":[{\"@type\":\"ReadAction\",\"target\":[\"https:\\\/\\\/cnewa.org\\\/it\\\/dove-operiamo\\\/il-medio-oriente\\\/siria\\\/\"]}]},{\"@type\":\"ImageObject\",\"inLanguage\":\"it-IT\",\"@id\":\"https:\\\/\\\/cnewa.org\\\/it\\\/dove-operiamo\\\/il-medio-oriente\\\/siria\\\/#primaryimage\",\"url\":\"https:\\\/\\\/cnewa.org\\\/it\\\/wp-content\\\/uploads\\\/sites\\\/7\\\/2024\\\/12\\\/SOP-348-158r-1221-d.jpg\",\"contentUrl\":\"https:\\\/\\\/cnewa.org\\\/it\\\/wp-content\\\/uploads\\\/sites\\\/7\\\/2024\\\/12\\\/SOP-348-158r-1221-d.jpg\",\"width\":1800,\"height\":1260,\"caption\":\"Dettaglio di un manoscritto siriaco del XIII secolo raffigurante la Pentecoste. (Foto del Dipartimento di Studi Siriaci, Patriarcato Ortodosso Siriaco di Antiochia)\"},{\"@type\":\"BreadcrumbList\",\"@id\":\"https:\\\/\\\/cnewa.org\\\/it\\\/dove-operiamo\\\/il-medio-oriente\\\/siria\\\/#breadcrumb\",\"itemListElement\":[{\"@type\":\"ListItem\",\"position\":1,\"name\":\"Home\",\"item\":\"https:\\\/\\\/cnewa.org\\\/it\\\/\"},{\"@type\":\"ListItem\",\"position\":2,\"name\":\"Dove operiamo\",\"item\":\"https:\\\/\\\/cnewa.org\\\/it\\\/dove-operiamo\\\/\"},{\"@type\":\"ListItem\",\"position\":3,\"name\":\"Il Medio Oriente\",\"item\":\"https:\\\/\\\/cnewa.org\\\/it\\\/dove-operiamo\\\/il-medio-oriente\\\/\"},{\"@type\":\"ListItem\",\"position\":4,\"name\":\"Siria\"}]},{\"@type\":\"WebSite\",\"@id\":\"https:\\\/\\\/cnewa.org\\\/it\\\/#website\",\"url\":\"https:\\\/\\\/cnewa.org\\\/it\\\/\",\"name\":\"CNEWA Italia\",\"description\":\"\",\"publisher\":{\"@id\":\"https:\\\/\\\/cnewa.org\\\/it\\\/#organization\"},\"alternateName\":\"Associazione Cattolica per il Benessere del Vicino Oriente (CNEWA)\",\"potentialAction\":[{\"@type\":\"SearchAction\",\"target\":{\"@type\":\"EntryPoint\",\"urlTemplate\":\"https:\\\/\\\/cnewa.org\\\/it\\\/?s={search_term_string}\"},\"query-input\":{\"@type\":\"PropertyValueSpecification\",\"valueRequired\":true,\"valueName\":\"search_term_string\"}}],\"inLanguage\":\"it-IT\"},{\"@type\":\"Organization\",\"@id\":\"https:\\\/\\\/cnewa.org\\\/it\\\/#organization\",\"name\":\"CNEWA Italia\",\"alternateName\":\"Associazione Cattolica per il Benessere del Vicino Oriente\",\"url\":\"https:\\\/\\\/cnewa.org\\\/it\\\/\",\"logo\":{\"@type\":\"ImageObject\",\"inLanguage\":\"it-IT\",\"@id\":\"https:\\\/\\\/cnewa.org\\\/it\\\/#\\\/schema\\\/logo\\\/image\\\/\",\"url\":\"https:\\\/\\\/cnewa.org\\\/it\\\/wp-content\\\/uploads\\\/sites\\\/7\\\/2024\\\/10\\\/CNEWA-brand-logo-300x300-1.png\",\"contentUrl\":\"https:\\\/\\\/cnewa.org\\\/it\\\/wp-content\\\/uploads\\\/sites\\\/7\\\/2024\\\/10\\\/CNEWA-brand-logo-300x300-1.png\",\"width\":300,\"height\":300,\"caption\":\"CNEWA Italia\"},\"image\":{\"@id\":\"https:\\\/\\\/cnewa.org\\\/it\\\/#\\\/schema\\\/logo\\\/image\\\/\"}}]}<\/script>\n<!-- \/ Yoast SEO Premium plugin. -->","yoast_head_json":{"title":"Siria | CNEWA Italia","description":"La Siria, terra di straordinaria ricchezza religiosa, da decenni sopporta profondi sconvolgimenti e devastazioni senza precedenti.","robots":{"index":"index","follow":"follow","max-snippet":"max-snippet:-1","max-image-preview":"max-image-preview:large","max-video-preview":"max-video-preview:-1"},"canonical":"https:\/\/cnewa.org\/it\/dove-operiamo\/il-medio-oriente\/siria\/","og_locale":"it_IT","og_type":"article","og_title":"Siria","og_description":"La Siria, terra di straordinaria ricchezza religiosa, da decenni sopporta profondi sconvolgimenti e devastazioni senza precedenti.","og_site_name":"CNEWA Italia","article_modified_time":"2025-07-24T14:21:03+00:00","og_image":[{"width":1800,"height":1260,"url":"https:\/\/cnewa.org\/it\/wp-content\/uploads\/sites\/7\/2024\/12\/SOP-348-158r-1221-d.jpg","type":"image\/jpeg"}],"twitter_card":"summary_large_image","twitter_misc":{"Tempo di lettura stimato":"6 minuti"},"schema":{"@context":"https:\/\/schema.org","@graph":[{"@type":"WebPage","@id":"https:\/\/cnewa.org\/it\/dove-operiamo\/il-medio-oriente\/siria\/","url":"https:\/\/cnewa.org\/it\/dove-operiamo\/il-medio-oriente\/siria\/","name":"Siria | CNEWA Italia","isPartOf":{"@id":"https:\/\/cnewa.org\/it\/#website"},"primaryImageOfPage":{"@id":"https:\/\/cnewa.org\/it\/dove-operiamo\/il-medio-oriente\/siria\/#primaryimage"},"image":{"@id":"https:\/\/cnewa.org\/it\/dove-operiamo\/il-medio-oriente\/siria\/#primaryimage"},"thumbnailUrl":"https:\/\/cnewa.org\/it\/wp-content\/uploads\/sites\/7\/2024\/12\/SOP-348-158r-1221-d.jpg","datePublished":"2025-01-02T09:43:19+00:00","dateModified":"2025-07-24T14:21:03+00:00","description":"La Siria, terra di straordinaria ricchezza religiosa, da decenni sopporta profondi sconvolgimenti e devastazioni senza precedenti.","breadcrumb":{"@id":"https:\/\/cnewa.org\/it\/dove-operiamo\/il-medio-oriente\/siria\/#breadcrumb"},"inLanguage":"it-IT","potentialAction":[{"@type":"ReadAction","target":["https:\/\/cnewa.org\/it\/dove-operiamo\/il-medio-oriente\/siria\/"]}]},{"@type":"ImageObject","inLanguage":"it-IT","@id":"https:\/\/cnewa.org\/it\/dove-operiamo\/il-medio-oriente\/siria\/#primaryimage","url":"https:\/\/cnewa.org\/it\/wp-content\/uploads\/sites\/7\/2024\/12\/SOP-348-158r-1221-d.jpg","contentUrl":"https:\/\/cnewa.org\/it\/wp-content\/uploads\/sites\/7\/2024\/12\/SOP-348-158r-1221-d.jpg","width":1800,"height":1260,"caption":"Dettaglio di un manoscritto siriaco del XIII secolo raffigurante la Pentecoste. (Foto del Dipartimento di Studi Siriaci, Patriarcato Ortodosso Siriaco di Antiochia)"},{"@type":"BreadcrumbList","@id":"https:\/\/cnewa.org\/it\/dove-operiamo\/il-medio-oriente\/siria\/#breadcrumb","itemListElement":[{"@type":"ListItem","position":1,"name":"Home","item":"https:\/\/cnewa.org\/it\/"},{"@type":"ListItem","position":2,"name":"Dove operiamo","item":"https:\/\/cnewa.org\/it\/dove-operiamo\/"},{"@type":"ListItem","position":3,"name":"Il Medio Oriente","item":"https:\/\/cnewa.org\/it\/dove-operiamo\/il-medio-oriente\/"},{"@type":"ListItem","position":4,"name":"Siria"}]},{"@type":"WebSite","@id":"https:\/\/cnewa.org\/it\/#website","url":"https:\/\/cnewa.org\/it\/","name":"CNEWA Italia","description":"","publisher":{"@id":"https:\/\/cnewa.org\/it\/#organization"},"alternateName":"Associazione Cattolica per il Benessere del Vicino Oriente (CNEWA)","potentialAction":[{"@type":"SearchAction","target":{"@type":"EntryPoint","urlTemplate":"https:\/\/cnewa.org\/it\/?s={search_term_string}"},"query-input":{"@type":"PropertyValueSpecification","valueRequired":true,"valueName":"search_term_string"}}],"inLanguage":"it-IT"},{"@type":"Organization","@id":"https:\/\/cnewa.org\/it\/#organization","name":"CNEWA Italia","alternateName":"Associazione Cattolica per il Benessere del Vicino Oriente","url":"https:\/\/cnewa.org\/it\/","logo":{"@type":"ImageObject","inLanguage":"it-IT","@id":"https:\/\/cnewa.org\/it\/#\/schema\/logo\/image\/","url":"https:\/\/cnewa.org\/it\/wp-content\/uploads\/sites\/7\/2024\/10\/CNEWA-brand-logo-300x300-1.png","contentUrl":"https:\/\/cnewa.org\/it\/wp-content\/uploads\/sites\/7\/2024\/10\/CNEWA-brand-logo-300x300-1.png","width":300,"height":300,"caption":"CNEWA Italia"},"image":{"@id":"https:\/\/cnewa.org\/it\/#\/schema\/logo\/image\/"}}]}},"_links":{"self":[{"href":"https:\/\/cnewa.org\/it\/wp-json\/wp\/v2\/pages\/945","targetHints":{"allow":["GET"]}}],"collection":[{"href":"https:\/\/cnewa.org\/it\/wp-json\/wp\/v2\/pages"}],"about":[{"href":"https:\/\/cnewa.org\/it\/wp-json\/wp\/v2\/types\/page"}],"author":[{"embeddable":true,"href":"https:\/\/cnewa.org\/it\/wp-json\/wp\/v2\/users\/70092"}],"replies":[{"embeddable":true,"href":"https:\/\/cnewa.org\/it\/wp-json\/wp\/v2\/comments?post=945"}],"version-history":[{"count":5,"href":"https:\/\/cnewa.org\/it\/wp-json\/wp\/v2\/pages\/945\/revisions"}],"predecessor-version":[{"id":1612,"href":"https:\/\/cnewa.org\/it\/wp-json\/wp\/v2\/pages\/945\/revisions\/1612"}],"up":[{"embeddable":true,"href":"https:\/\/cnewa.org\/it\/wp-json\/wp\/v2\/pages\/181"}],"wp:featuredmedia":[{"embeddable":true,"href":"https:\/\/cnewa.org\/it\/wp-json\/wp\/v2\/media\/944"}],"wp:attachment":[{"href":"https:\/\/cnewa.org\/it\/wp-json\/wp\/v2\/media?parent=945"}],"curies":[{"name":"wp","href":"https:\/\/api.w.org\/{rel}","templated":true}]}}