{"id":962,"date":"2025-01-02T11:52:41","date_gmt":"2025-01-02T10:52:41","guid":{"rendered":"https:\/\/cnewa.org\/it\/?page_id=962"},"modified":"2025-09-10T19:16:46","modified_gmt":"2025-09-10T17:16:46","slug":"egitto","status":"publish","type":"page","link":"https:\/\/cnewa.org\/it\/dove-operiamo\/africa-nord-orientale\/egitto\/","title":{"rendered":"Egitto"},"content":{"rendered":"\n<h2 class=\"wp-block-heading\" id=\"h-dal-2010-l-egitto-vive-un-periodo-di-profonde-difficolta-e-tensioni\">Dal 2010 l\u2019Egitto vive un periodo di profonde difficolt\u00e0 e tensioni.<\/h2>\n\n\n\n<p id=\"h-social-unrest-political-instability-extremism-a-military-coup-churches-have-been-torched-christians-have-been-killed-economic-and-social-deterioration-have-stoked-unease-and-fear\">Disordini sociali, instabilit\u00e0 politica, estremismo e un colpo di Stato militare hanno segnato l\u2019ultimo decennio del Paese. Chiese sono state incendiate, cristiani hanno perso la vita, e un crescente deterioramento economico e sociale ha alimentato paure e insicurezze.<\/p>\n\n\n\n<p id=\"h-social-unrest-political-instability-extremism-a-military-coup-churches-have-been-torched-christians-have-been-killed-economic-and-social-deterioration-have-stoked-unease-and-fear\">In questo contesto complicato, la CNEWA non ha mai fatto mancare il suo sostegno.<\/p>\n\n\n\n<p>La CNEWA collabora da anni con le Chiese egiziane per favorire il dialogo tra cristiani e musulmani, che sono la maggioranza nel Paese. Uno dei principali partner \u00e8 la Chiesa Copta Cattolica. \u00c8 una piccola comunit\u00e0, con meno di 175.000 fedeli, ma ha un ruolo significativo nella societ\u00e0.<\/p>\n\n\n\n<p>La Chiesa \u00e8 attiva in molti settori. Attraverso le parrocchie e le eparchie, gestisce cliniche, ambulatori, scuole e progetti per l\u2019infanzia. Offre anche sostegno a giovani con disabilit\u00e0, come ciechi e sordi. Inoltre, assiste famiglie sfollate, rifugiati eritrei e sudanesi, e cristiani che vivono nei sobborghi del Cairo, spesso costretti a sopravvivere raccogliendo rifiuti.<\/p>\n\n\n\n<p>Ogni giorno, la Chiesa traduce in azioni concrete il messaggio evangelico \u201cama il tuo prossimo\u201d, portando tenerezza e speranza l\u00e0 dove c\u2019\u00e8 pi\u00f9 bisogno. La CNEWA \u00e8 orgogliosa di contribuire a questa missione, ricordando agli emarginati che la loro vita ha valore e dignit\u00e0.<\/p>\n\n\n\n<p>Con il sostegno dei nostri benefattori, possiamo continuare a trasformare vite, infondere speranza e costruire un futuro migliore per tante persone in Egitto. Insieme, passo dopo passo, aiutiamo le Chiese a ricostruire fiducia e a testimoniare l\u2019amore del Vangelo.<\/p>\n\n\n\n<figure class=\"wp-block-gallery has-nested-images columns-2 is-cropped is-style-lightbox wp-block-gallery-2 is-layout-flex wp-block-gallery-is-layout-flex\">\n<figure class=\"wp-block-image size-large\"><img loading=\"lazy\" decoding=\"async\" width=\"1024\" height=\"683\" data-id=\"959\" src=\"https:\/\/cnewa.org\/it\/wp-content\/uploads\/sites\/7\/2025\/01\/pickett33860_20-1024x683.jpg\" alt=\"Una suora parla con un bambino seduto al tavolo del pranzo ad Alessandria.\" class=\"wp-image-959\" srcset=\"https:\/\/cnewa.org\/it\/wp-content\/uploads\/sites\/7\/2025\/01\/pickett33860_20-1024x683.jpg 1024w, https:\/\/cnewa.org\/it\/wp-content\/uploads\/sites\/7\/2025\/01\/pickett33860_20-300x200.jpg 300w, https:\/\/cnewa.org\/it\/wp-content\/uploads\/sites\/7\/2025\/01\/pickett33860_20-768x512.jpg 768w, https:\/\/cnewa.org\/it\/wp-content\/uploads\/sites\/7\/2025\/01\/pickett33860_20-1536x1024.jpg 1536w, https:\/\/cnewa.org\/it\/wp-content\/uploads\/sites\/7\/2025\/01\/pickett33860_20-1600x1067.jpg 1600w, https:\/\/cnewa.org\/it\/wp-content\/uploads\/sites\/7\/2025\/01\/pickett33860_20.jpg 1800w\" sizes=\"auto, (max-width: 1024px) 100vw, 1024px\" \/><figcaption class=\"wp-element-caption\">Suor Suad si china ad ascoltare Quolta Tharwat, 11 anni, durante la cena alla Casa Santa Lucia (Foto di Holly Pickett)<\/figcaption><\/figure>\n\n\n\n<figure class=\"wp-block-image size-large\"><img loading=\"lazy\" decoding=\"async\" width=\"1024\" height=\"683\" data-id=\"958\" src=\"https:\/\/cnewa.org\/it\/wp-content\/uploads\/sites\/7\/2025\/01\/anis20182_047-1024x683.jpg\" alt=\"Una maestra guida gli studenti durante un esercizio, annotando su un quaderno aperto al tavolo.\" class=\"wp-image-958\" srcset=\"https:\/\/cnewa.org\/it\/wp-content\/uploads\/sites\/7\/2025\/01\/anis20182_047-1024x683.jpg 1024w, https:\/\/cnewa.org\/it\/wp-content\/uploads\/sites\/7\/2025\/01\/anis20182_047-300x200.jpg 300w, https:\/\/cnewa.org\/it\/wp-content\/uploads\/sites\/7\/2025\/01\/anis20182_047-768x512.jpg 768w, https:\/\/cnewa.org\/it\/wp-content\/uploads\/sites\/7\/2025\/01\/anis20182_047-1536x1024.jpg 1536w, https:\/\/cnewa.org\/it\/wp-content\/uploads\/sites\/7\/2025\/01\/anis20182_047-1600x1067.jpg 1600w, https:\/\/cnewa.org\/it\/wp-content\/uploads\/sites\/7\/2025\/01\/anis20182_047.jpg 1800w\" sizes=\"auto, (max-width: 1024px) 100vw, 1024px\" \/><figcaption class=\"wp-element-caption\">Bambini seguono le lezioni nella scuola delle Suore Francescane a Beni Suef, in Egitto. (Foto di Roger Anis)<\/figcaption><\/figure>\n\n\n\n<figure class=\"wp-block-image size-large\"><img loading=\"lazy\" decoding=\"async\" width=\"1024\" height=\"683\" data-id=\"960\" src=\"https:\/\/cnewa.org\/it\/wp-content\/uploads\/sites\/7\/2025\/01\/pickett33860_06-1024x683.jpeg\" alt=\"Due bambini si stringono la mano mentre studiano in una casa di Alessandria, in Egitto.\" class=\"wp-image-960\" srcset=\"https:\/\/cnewa.org\/it\/wp-content\/uploads\/sites\/7\/2025\/01\/pickett33860_06-1024x683.jpeg 1024w, https:\/\/cnewa.org\/it\/wp-content\/uploads\/sites\/7\/2025\/01\/pickett33860_06-300x200.jpeg 300w, https:\/\/cnewa.org\/it\/wp-content\/uploads\/sites\/7\/2025\/01\/pickett33860_06-768x512.jpeg 768w, https:\/\/cnewa.org\/it\/wp-content\/uploads\/sites\/7\/2025\/01\/pickett33860_06-1536x1024.jpeg 1536w, https:\/\/cnewa.org\/it\/wp-content\/uploads\/sites\/7\/2025\/01\/pickett33860_06-1600x1067.jpeg 1600w, https:\/\/cnewa.org\/it\/wp-content\/uploads\/sites\/7\/2025\/01\/pickett33860_06.jpeg 1800w\" sizes=\"auto, (max-width: 1024px) 100vw, 1024px\" \/><figcaption class=\"wp-element-caption\">Enjy Yussef, 12 anni, saluta Myven Aihab, 14 anni, durante una pausa dallo studio per gli esami invernali. Le due ragazze si trovano nella Casa Santa Lucia per bambini non vedenti, ad Alessandria, in Egitto. La foto \u00e8 stata scattata il 25 gennaio 2010. La casa si trova nel quartiere di Abou Kir ed \u00e8 gestita da suore libanesi. Qui vivono venti bambini provenienti da famiglie in difficolt\u00e0. Ricevono cibo, vestiti, cure mediche e supporto scolastico. Frequentano una scuola statale per ragazzi con disabilit\u00e0, distante circa un\u2019ora.<\/figcaption><\/figure>\n<\/figure>\n\n\n\n<p><strong>Ogni gesto, anche il pi\u00f9 piccolo, pu\u00f2 trasformarsi in un dono immenso per chi \u00e8 nel bisogno. Sostieni i nostri progetti con una donazione: insieme possiamo portare speranza e amore a chi ne ha pi\u00f9 bisogno. Dona ora e fai la differenza nella vita di tanti.<\/strong><\/p>\n\n\n  <div class=\"donate-button\" id=\"minor-fund-campaign\">\n    <button class=\"donate-modal-toggle\" data-minor-fund='Egitto' data-minor-fund-code='ER'>Dona ora<\/button>\n  <\/div>\n  ","protected":false},"excerpt":{"rendered":"<p>Dal 2010 l\u2019Egitto vive un periodo di profonde difficolt\u00e0 e tensioni. Disordini sociali, instabilit\u00e0 politica, estremismo e un colpo di Stato militare hanno segnato l\u2019ultimo decennio del Paese. Chiese sono state incendiate, cristiani hanno perso la vita, e un crescente deterioramento economico e sociale ha alimentato paure e insicurezze. In questo contesto complicato, la CNEWA &hellip; <a href=\"https:\/\/cnewa.org\/it\/dove-operiamo\/africa-nord-orientale\/egitto\/\">Continued<\/a><\/p>\n","protected":false},"author":70092,"featured_media":961,"parent":183,"menu_order":0,"comment_status":"closed","ping_status":"closed","template":"","meta":{"_acf_changed":false,"footnotes":""},"class_list":["post-962","page","type-page","status-publish","has-post-thumbnail","hentry"],"acf":[],"yoast_head":"<!-- This site is optimized with the Yoast SEO Premium plugin v27.3 (Yoast SEO v27.3) - https:\/\/yoast.com\/product\/yoast-seo-premium-wordpress\/ -->\n<title>Egitto | CNEWA Italia<\/title>\n<meta name=\"description\" content=\"L&#039;Egitto ha vissuto periodi di disordini sociali, instabilit\u00e0 politica, un colpo di stato militare e numerosi attacchi contro i cristiani.\" \/>\n<meta name=\"robots\" content=\"index, follow, max-snippet:-1, max-image-preview:large, max-video-preview:-1\" \/>\n<link rel=\"canonical\" href=\"https:\/\/cnewa.org\/it\/dove-operiamo\/africa-nord-orientale\/egitto\/\" \/>\n<meta property=\"og:locale\" content=\"it_IT\" \/>\n<meta property=\"og:type\" content=\"article\" \/>\n<meta property=\"og:title\" content=\"Egitto\" \/>\n<meta property=\"og:description\" content=\"L&#039;Egitto ha vissuto periodi di disordini sociali, instabilit\u00e0 politica, un colpo di stato militare e numerosi attacchi contro i cristiani.\" \/>\n<meta property=\"og:site_name\" content=\"CNEWA Italia\" \/>\n<meta property=\"article:modified_time\" content=\"2025-09-10T17:16:46+00:00\" \/>\n<meta property=\"og:image\" content=\"https:\/\/cnewa.org\/it\/wp-content\/uploads\/sites\/7\/2025\/01\/pickett20111_14L.jpg\" \/>\n\t<meta property=\"og:image:width\" content=\"537\" \/>\n\t<meta property=\"og:image:height\" content=\"357\" \/>\n\t<meta property=\"og:image:type\" content=\"image\/jpeg\" \/>\n<meta name=\"twitter:card\" content=\"summary_large_image\" \/>\n<meta name=\"twitter:label1\" content=\"Tempo di lettura stimato\" \/>\n\t<meta name=\"twitter:data1\" content=\"4 minuti\" \/>\n<script type=\"application\/ld+json\" class=\"yoast-schema-graph\">{\"@context\":\"https:\\\/\\\/schema.org\",\"@graph\":[{\"@type\":\"WebPage\",\"@id\":\"https:\\\/\\\/cnewa.org\\\/it\\\/dove-operiamo\\\/africa-nord-orientale\\\/egitto\\\/\",\"url\":\"https:\\\/\\\/cnewa.org\\\/it\\\/dove-operiamo\\\/africa-nord-orientale\\\/egitto\\\/\",\"name\":\"Egitto | CNEWA Italia\",\"isPartOf\":{\"@id\":\"https:\\\/\\\/cnewa.org\\\/it\\\/#website\"},\"primaryImageOfPage\":{\"@id\":\"https:\\\/\\\/cnewa.org\\\/it\\\/dove-operiamo\\\/africa-nord-orientale\\\/egitto\\\/#primaryimage\"},\"image\":{\"@id\":\"https:\\\/\\\/cnewa.org\\\/it\\\/dove-operiamo\\\/africa-nord-orientale\\\/egitto\\\/#primaryimage\"},\"thumbnailUrl\":\"https:\\\/\\\/cnewa.org\\\/it\\\/wp-content\\\/uploads\\\/sites\\\/7\\\/2025\\\/01\\\/pickett20111_14L.jpg\",\"datePublished\":\"2025-01-02T10:52:41+00:00\",\"dateModified\":\"2025-09-10T17:16:46+00:00\",\"description\":\"L'Egitto ha vissuto periodi di disordini sociali, instabilit\u00e0 politica, un colpo di stato militare e numerosi attacchi contro i cristiani.\",\"breadcrumb\":{\"@id\":\"https:\\\/\\\/cnewa.org\\\/it\\\/dove-operiamo\\\/africa-nord-orientale\\\/egitto\\\/#breadcrumb\"},\"inLanguage\":\"it-IT\",\"potentialAction\":[{\"@type\":\"ReadAction\",\"target\":[\"https:\\\/\\\/cnewa.org\\\/it\\\/dove-operiamo\\\/africa-nord-orientale\\\/egitto\\\/\"]}]},{\"@type\":\"ImageObject\",\"inLanguage\":\"it-IT\",\"@id\":\"https:\\\/\\\/cnewa.org\\\/it\\\/dove-operiamo\\\/africa-nord-orientale\\\/egitto\\\/#primaryimage\",\"url\":\"https:\\\/\\\/cnewa.org\\\/it\\\/wp-content\\\/uploads\\\/sites\\\/7\\\/2025\\\/01\\\/pickett20111_14L.jpg\",\"contentUrl\":\"https:\\\/\\\/cnewa.org\\\/it\\\/wp-content\\\/uploads\\\/sites\\\/7\\\/2025\\\/01\\\/pickett20111_14L.jpg\",\"width\":537,\"height\":357,\"caption\":\"Una donna prega in una chiesa di Deir Azra, un villaggio cristiano dell'Alto Egitto. (Foto di Holly Pickett)\"},{\"@type\":\"BreadcrumbList\",\"@id\":\"https:\\\/\\\/cnewa.org\\\/it\\\/dove-operiamo\\\/africa-nord-orientale\\\/egitto\\\/#breadcrumb\",\"itemListElement\":[{\"@type\":\"ListItem\",\"position\":1,\"name\":\"Home\",\"item\":\"https:\\\/\\\/cnewa.org\\\/it\\\/\"},{\"@type\":\"ListItem\",\"position\":2,\"name\":\"Dove operiamo\",\"item\":\"https:\\\/\\\/cnewa.org\\\/it\\\/dove-operiamo\\\/\"},{\"@type\":\"ListItem\",\"position\":3,\"name\":\"Africa nord-orientale\",\"item\":\"https:\\\/\\\/cnewa.org\\\/it\\\/dove-operiamo\\\/africa-nord-orientale\\\/\"},{\"@type\":\"ListItem\",\"position\":4,\"name\":\"Egitto\"}]},{\"@type\":\"WebSite\",\"@id\":\"https:\\\/\\\/cnewa.org\\\/it\\\/#website\",\"url\":\"https:\\\/\\\/cnewa.org\\\/it\\\/\",\"name\":\"CNEWA Italia\",\"description\":\"\",\"publisher\":{\"@id\":\"https:\\\/\\\/cnewa.org\\\/it\\\/#organization\"},\"alternateName\":\"Associazione Cattolica per il Benessere del Vicino Oriente (CNEWA)\",\"potentialAction\":[{\"@type\":\"SearchAction\",\"target\":{\"@type\":\"EntryPoint\",\"urlTemplate\":\"https:\\\/\\\/cnewa.org\\\/it\\\/?s={search_term_string}\"},\"query-input\":{\"@type\":\"PropertyValueSpecification\",\"valueRequired\":true,\"valueName\":\"search_term_string\"}}],\"inLanguage\":\"it-IT\"},{\"@type\":\"Organization\",\"@id\":\"https:\\\/\\\/cnewa.org\\\/it\\\/#organization\",\"name\":\"CNEWA Italia\",\"alternateName\":\"Associazione Cattolica per il Benessere del Vicino Oriente\",\"url\":\"https:\\\/\\\/cnewa.org\\\/it\\\/\",\"logo\":{\"@type\":\"ImageObject\",\"inLanguage\":\"it-IT\",\"@id\":\"https:\\\/\\\/cnewa.org\\\/it\\\/#\\\/schema\\\/logo\\\/image\\\/\",\"url\":\"https:\\\/\\\/cnewa.org\\\/it\\\/wp-content\\\/uploads\\\/sites\\\/7\\\/2024\\\/10\\\/CNEWA-brand-logo-300x300-1.png\",\"contentUrl\":\"https:\\\/\\\/cnewa.org\\\/it\\\/wp-content\\\/uploads\\\/sites\\\/7\\\/2024\\\/10\\\/CNEWA-brand-logo-300x300-1.png\",\"width\":300,\"height\":300,\"caption\":\"CNEWA Italia\"},\"image\":{\"@id\":\"https:\\\/\\\/cnewa.org\\\/it\\\/#\\\/schema\\\/logo\\\/image\\\/\"}}]}<\/script>\n<!-- \/ Yoast SEO Premium plugin. -->","yoast_head_json":{"title":"Egitto | CNEWA Italia","description":"L'Egitto ha vissuto periodi di disordini sociali, instabilit\u00e0 politica, un colpo di stato militare e numerosi attacchi contro i cristiani.","robots":{"index":"index","follow":"follow","max-snippet":"max-snippet:-1","max-image-preview":"max-image-preview:large","max-video-preview":"max-video-preview:-1"},"canonical":"https:\/\/cnewa.org\/it\/dove-operiamo\/africa-nord-orientale\/egitto\/","og_locale":"it_IT","og_type":"article","og_title":"Egitto","og_description":"L'Egitto ha vissuto periodi di disordini sociali, instabilit\u00e0 politica, un colpo di stato militare e numerosi attacchi contro i cristiani.","og_site_name":"CNEWA Italia","article_modified_time":"2025-09-10T17:16:46+00:00","og_image":[{"width":537,"height":357,"url":"https:\/\/cnewa.org\/it\/wp-content\/uploads\/sites\/7\/2025\/01\/pickett20111_14L.jpg","type":"image\/jpeg"}],"twitter_card":"summary_large_image","twitter_misc":{"Tempo di lettura stimato":"4 minuti"},"schema":{"@context":"https:\/\/schema.org","@graph":[{"@type":"WebPage","@id":"https:\/\/cnewa.org\/it\/dove-operiamo\/africa-nord-orientale\/egitto\/","url":"https:\/\/cnewa.org\/it\/dove-operiamo\/africa-nord-orientale\/egitto\/","name":"Egitto | CNEWA Italia","isPartOf":{"@id":"https:\/\/cnewa.org\/it\/#website"},"primaryImageOfPage":{"@id":"https:\/\/cnewa.org\/it\/dove-operiamo\/africa-nord-orientale\/egitto\/#primaryimage"},"image":{"@id":"https:\/\/cnewa.org\/it\/dove-operiamo\/africa-nord-orientale\/egitto\/#primaryimage"},"thumbnailUrl":"https:\/\/cnewa.org\/it\/wp-content\/uploads\/sites\/7\/2025\/01\/pickett20111_14L.jpg","datePublished":"2025-01-02T10:52:41+00:00","dateModified":"2025-09-10T17:16:46+00:00","description":"L'Egitto ha vissuto periodi di disordini sociali, instabilit\u00e0 politica, un colpo di stato militare e numerosi attacchi contro i cristiani.","breadcrumb":{"@id":"https:\/\/cnewa.org\/it\/dove-operiamo\/africa-nord-orientale\/egitto\/#breadcrumb"},"inLanguage":"it-IT","potentialAction":[{"@type":"ReadAction","target":["https:\/\/cnewa.org\/it\/dove-operiamo\/africa-nord-orientale\/egitto\/"]}]},{"@type":"ImageObject","inLanguage":"it-IT","@id":"https:\/\/cnewa.org\/it\/dove-operiamo\/africa-nord-orientale\/egitto\/#primaryimage","url":"https:\/\/cnewa.org\/it\/wp-content\/uploads\/sites\/7\/2025\/01\/pickett20111_14L.jpg","contentUrl":"https:\/\/cnewa.org\/it\/wp-content\/uploads\/sites\/7\/2025\/01\/pickett20111_14L.jpg","width":537,"height":357,"caption":"Una donna prega in una chiesa di Deir Azra, un villaggio cristiano dell'Alto Egitto. (Foto di Holly Pickett)"},{"@type":"BreadcrumbList","@id":"https:\/\/cnewa.org\/it\/dove-operiamo\/africa-nord-orientale\/egitto\/#breadcrumb","itemListElement":[{"@type":"ListItem","position":1,"name":"Home","item":"https:\/\/cnewa.org\/it\/"},{"@type":"ListItem","position":2,"name":"Dove operiamo","item":"https:\/\/cnewa.org\/it\/dove-operiamo\/"},{"@type":"ListItem","position":3,"name":"Africa nord-orientale","item":"https:\/\/cnewa.org\/it\/dove-operiamo\/africa-nord-orientale\/"},{"@type":"ListItem","position":4,"name":"Egitto"}]},{"@type":"WebSite","@id":"https:\/\/cnewa.org\/it\/#website","url":"https:\/\/cnewa.org\/it\/","name":"CNEWA Italia","description":"","publisher":{"@id":"https:\/\/cnewa.org\/it\/#organization"},"alternateName":"Associazione Cattolica per il Benessere del Vicino Oriente (CNEWA)","potentialAction":[{"@type":"SearchAction","target":{"@type":"EntryPoint","urlTemplate":"https:\/\/cnewa.org\/it\/?s={search_term_string}"},"query-input":{"@type":"PropertyValueSpecification","valueRequired":true,"valueName":"search_term_string"}}],"inLanguage":"it-IT"},{"@type":"Organization","@id":"https:\/\/cnewa.org\/it\/#organization","name":"CNEWA Italia","alternateName":"Associazione Cattolica per il Benessere del Vicino Oriente","url":"https:\/\/cnewa.org\/it\/","logo":{"@type":"ImageObject","inLanguage":"it-IT","@id":"https:\/\/cnewa.org\/it\/#\/schema\/logo\/image\/","url":"https:\/\/cnewa.org\/it\/wp-content\/uploads\/sites\/7\/2024\/10\/CNEWA-brand-logo-300x300-1.png","contentUrl":"https:\/\/cnewa.org\/it\/wp-content\/uploads\/sites\/7\/2024\/10\/CNEWA-brand-logo-300x300-1.png","width":300,"height":300,"caption":"CNEWA Italia"},"image":{"@id":"https:\/\/cnewa.org\/it\/#\/schema\/logo\/image\/"}}]}},"_links":{"self":[{"href":"https:\/\/cnewa.org\/it\/wp-json\/wp\/v2\/pages\/962","targetHints":{"allow":["GET"]}}],"collection":[{"href":"https:\/\/cnewa.org\/it\/wp-json\/wp\/v2\/pages"}],"about":[{"href":"https:\/\/cnewa.org\/it\/wp-json\/wp\/v2\/types\/page"}],"author":[{"embeddable":true,"href":"https:\/\/cnewa.org\/it\/wp-json\/wp\/v2\/users\/70092"}],"replies":[{"embeddable":true,"href":"https:\/\/cnewa.org\/it\/wp-json\/wp\/v2\/comments?post=962"}],"version-history":[{"count":7,"href":"https:\/\/cnewa.org\/it\/wp-json\/wp\/v2\/pages\/962\/revisions"}],"predecessor-version":[{"id":1898,"href":"https:\/\/cnewa.org\/it\/wp-json\/wp\/v2\/pages\/962\/revisions\/1898"}],"up":[{"embeddable":true,"href":"https:\/\/cnewa.org\/it\/wp-json\/wp\/v2\/pages\/183"}],"wp:featuredmedia":[{"embeddable":true,"href":"https:\/\/cnewa.org\/it\/wp-json\/wp\/v2\/media\/961"}],"wp:attachment":[{"href":"https:\/\/cnewa.org\/it\/wp-json\/wp\/v2\/media?parent=962"}],"curies":[{"name":"wp","href":"https:\/\/api.w.org\/{rel}","templated":true}]}}