{"id":969,"date":"2025-01-02T12:24:35","date_gmt":"2025-01-02T11:24:35","guid":{"rendered":"https:\/\/cnewa.org\/it\/?page_id=969"},"modified":"2025-07-25T11:10:19","modified_gmt":"2025-07-25T09:10:19","slug":"eritrea","status":"publish","type":"page","link":"https:\/\/cnewa.org\/it\/dove-operiamo\/africa-nord-orientale\/eritrea\/","title":{"rendered":"Eritrea"},"content":{"rendered":"\n<h2 class=\"wp-block-heading\" id=\"h-il-cristianesimo-nell-africa-nordorientale-ha-radici-che-risalgono-ai-primi-giorni-della-chiesa-sebbene-la-regione-si-trovi-lontano-dai-centri-principali-della-chiesa-nel-mondo-mediterraneo-la-comunita-cristiana-nel-corno-d-africa-chiamata-abissinia-non-e-mai-stata-isolata-anzi-ha-mantenuto-stretti-legami-con-altre-realta-cristiane-in-particolare-quelle-dell-egitto-e-della-terra-santa-nbsp\">Il cristianesimo nell\u2019Africa nordorientale ha radici che risalgono ai primi giorni della Chiesa. Sebbene la regione si trovi lontano dai centri principali della Chiesa nel mondo mediterraneo, la comunit\u00e0 cristiana nel Corno d\u2019Africa, chiamata Abissinia, non \u00e8 mai stata isolata. Anzi, ha mantenuto stretti legami con altre realt\u00e0 cristiane, in particolare quelle dell\u2019Egitto e della Terra Santa.&nbsp;<\/h2>\n\n\n\n<p>L\u2019Eritrea, che ha ottenuto l\u2019indipendenza nel 1993 dopo una lunga e dolorosa guerra con l\u2019Etiopia, \u00e8 oggi uno stato-nazione moderno. La Chiesa cattolica eritrea condivide le tradizioni liturgiche Ge\u2019ez con le Chiesa Ortodossa Tewahedo Etiopica e cattolica, ed \u00e8 stata riconosciuta nel 2015 da Papa Francesco come una Chiesa metropolitana autonoma all\u2019interno della comunione cattolica.&nbsp;<br><br>Da anni, la CNEWA ha svolto un ruolo cruciale nel sostegno alla Chiesa cattolica eritrea, collaborando con i suoi leader fin dai primi giorni dell\u2019indipendenza per rinnovare e rafforzare scuole, parrocchie, servizi sociali e la vita spirituale.&nbsp;<br><br>Grazie al sostegno dei suoi benefattori, la CNEWA ha contribuito alla formazione dei sacerdoti, delle suore, dei religiosi e dei leader laici. Ha offerto un sostegno vitale a migliaia di bambini, fornendo loro non solo cibo e rifugio, ma anche lezioni, sostegno psicologico e una crescita sana. Infine, ha finanziato iniziative sanitarie mobili e parrocchiali, portando assistenza a chi viveva nelle zone pi\u00f9 remote e difficili da raggiungere del paese.<\/p>\n\n\n\n<p>Purtroppo, molti di questi progetti sono ormai parte del passato, poich\u00e9 nel 2019 lo Stato ha nazionalizzato i 29 programmi sanitari e 4 scuole superiori della Chiesa, e ha preso il controllo di 71 scuole materne, 36 scuole elementari, 13 scuole medie e 2 scuole tecniche entro la fine del 2022. Questi programmi servivano tutta la popolazione eritrea, senza distinzioni di etnia, cultura o religione.<br><br>Tuttavia, questo non significa che la Chiesa abbia cessato di esistere. La Chiesa \u00e8 il corpo di Cristo, formato da uomini, donne, giovani e anziani che vivono la gioia del Vangelo e si impegnano a vivere l\u2019amore per Dio e per il prossimo. La Chiesa non chiude mai le porte a chi chiede aiuto. La risposta deve essere sempre: \u201cCome possiamo aiutare?\u201d.<\/p>\n\n\n\n<p>L&#8217;impegno della CNEWA in Eritrea continua, concentrandosi sulla formazione di discepoli e apostoli di Ges\u00f9, tramite seminari, noviziati e programmi di catechismo laicale, e fornendo assistenza umanitaria a livello parrocchiale.&nbsp;<\/p>\n\n\n\n<p>Unisciti anche tu a noi con le tue preghiere, che possono trasformare la vita di una persona, uno passo alla volta.<\/p>\n\n\n\n<p><strong>Ogni gesto, anche il pi\u00f9 piccolo, pu\u00f2 trasformarsi in un dono immenso per chi \u00e8 nel bisogno. Sostieni i nostri progetti con una donazione: insieme possiamo portare speranza e amore a chi ne ha pi\u00f9 bisogno. Dona ora e fai la differenza nella vita di tanti.<\/strong><\/p>\n\n\n  <div class=\"donate-button\" id=\"minor-fund-campaign\">\n    <button class=\"donate-modal-toggle\" data-minor-fund='Eritrea' data-minor-fund-code='DR'>Dona ora<\/button>\n  <\/div>\n  ","protected":false},"excerpt":{"rendered":"<p>Il cristianesimo nell\u2019Africa nordorientale ha radici che risalgono ai primi giorni della Chiesa. Sebbene la regione si trovi lontano dai centri principali della Chiesa nel mondo mediterraneo, la comunit\u00e0 cristiana nel Corno d\u2019Africa, chiamata Abissinia, non \u00e8 mai stata isolata. Anzi, ha mantenuto stretti legami con altre realt\u00e0 cristiane, in particolare quelle dell\u2019Egitto e della &hellip; <a href=\"https:\/\/cnewa.org\/it\/dove-operiamo\/africa-nord-orientale\/eritrea\/\">Continued<\/a><\/p>\n","protected":false},"author":70092,"featured_media":968,"parent":183,"menu_order":0,"comment_status":"closed","ping_status":"closed","template":"","meta":{"_acf_changed":false,"footnotes":""},"class_list":["post-969","page","type-page","status-publish","has-post-thumbnail","hentry"],"acf":[],"yoast_head":"<!-- This site is optimized with the Yoast SEO Premium plugin v27.5 (Yoast SEO v27.5) - https:\/\/yoast.com\/product\/yoast-seo-premium-wordpress\/ -->\n<title>Eritrea | CNEWA Italia<\/title>\n<meta name=\"description\" content=\"Il moderno Stato nazionale dell&#039;Eritrea, che ha combattuto una lunga e aspra guerra con l&#039;Etiopia per ottenere l&#039;indipendenza, risale al 1993.\" \/>\n<meta name=\"robots\" content=\"index, follow, max-snippet:-1, max-image-preview:large, max-video-preview:-1\" \/>\n<link rel=\"canonical\" href=\"https:\/\/cnewa.org\/it\/dove-operiamo\/africa-nord-orientale\/eritrea\/\" \/>\n<meta property=\"og:locale\" content=\"it_IT\" \/>\n<meta property=\"og:type\" content=\"article\" \/>\n<meta property=\"og:title\" content=\"Eritrea\" \/>\n<meta property=\"og:description\" content=\"Il moderno Stato nazionale dell&#039;Eritrea, che ha combattuto una lunga e aspra guerra con l&#039;Etiopia per ottenere l&#039;indipendenza, risale al 1993.\" \/>\n<meta property=\"og:site_name\" content=\"CNEWA Italia\" \/>\n<meta property=\"article:modified_time\" content=\"2025-07-25T09:10:19+00:00\" \/>\n<meta property=\"og:image\" content=\"https:\/\/cnewa.org\/it\/wp-content\/uploads\/sites\/7\/2025\/01\/kozar20152_567H-1.jpg\" \/>\n\t<meta property=\"og:image:width\" content=\"1800\" \/>\n\t<meta property=\"og:image:height\" content=\"1200\" \/>\n\t<meta property=\"og:image:type\" content=\"image\/jpeg\" \/>\n<meta name=\"twitter:card\" content=\"summary_large_image\" \/>\n<meta name=\"twitter:label1\" content=\"Tempo di lettura stimato\" \/>\n\t<meta name=\"twitter:data1\" content=\"3 minuti\" \/>\n<script type=\"application\/ld+json\" class=\"yoast-schema-graph\">{\"@context\":\"https:\\\/\\\/schema.org\",\"@graph\":[{\"@type\":\"WebPage\",\"@id\":\"https:\\\/\\\/cnewa.org\\\/it\\\/dove-operiamo\\\/africa-nord-orientale\\\/eritrea\\\/\",\"url\":\"https:\\\/\\\/cnewa.org\\\/it\\\/dove-operiamo\\\/africa-nord-orientale\\\/eritrea\\\/\",\"name\":\"Eritrea | CNEWA Italia\",\"isPartOf\":{\"@id\":\"https:\\\/\\\/cnewa.org\\\/it\\\/#website\"},\"primaryImageOfPage\":{\"@id\":\"https:\\\/\\\/cnewa.org\\\/it\\\/dove-operiamo\\\/africa-nord-orientale\\\/eritrea\\\/#primaryimage\"},\"image\":{\"@id\":\"https:\\\/\\\/cnewa.org\\\/it\\\/dove-operiamo\\\/africa-nord-orientale\\\/eritrea\\\/#primaryimage\"},\"thumbnailUrl\":\"https:\\\/\\\/cnewa.org\\\/it\\\/wp-content\\\/uploads\\\/sites\\\/7\\\/2025\\\/01\\\/kozar20152_567H-1.jpg\",\"datePublished\":\"2025-01-02T11:24:35+00:00\",\"dateModified\":\"2025-07-25T09:10:19+00:00\",\"description\":\"Il moderno Stato nazionale dell'Eritrea, che ha combattuto una lunga e aspra guerra con l'Etiopia per ottenere l'indipendenza, risale al 1993.\",\"breadcrumb\":{\"@id\":\"https:\\\/\\\/cnewa.org\\\/it\\\/dove-operiamo\\\/africa-nord-orientale\\\/eritrea\\\/#breadcrumb\"},\"inLanguage\":\"it-IT\",\"potentialAction\":[{\"@type\":\"ReadAction\",\"target\":[\"https:\\\/\\\/cnewa.org\\\/it\\\/dove-operiamo\\\/africa-nord-orientale\\\/eritrea\\\/\"]}]},{\"@type\":\"ImageObject\",\"inLanguage\":\"it-IT\",\"@id\":\"https:\\\/\\\/cnewa.org\\\/it\\\/dove-operiamo\\\/africa-nord-orientale\\\/eritrea\\\/#primaryimage\",\"url\":\"https:\\\/\\\/cnewa.org\\\/it\\\/wp-content\\\/uploads\\\/sites\\\/7\\\/2025\\\/01\\\/kozar20152_567H-1.jpg\",\"contentUrl\":\"https:\\\/\\\/cnewa.org\\\/it\\\/wp-content\\\/uploads\\\/sites\\\/7\\\/2025\\\/01\\\/kozar20152_567H-1.jpg\",\"width\":1800,\"height\":1200,\"caption\":\"Due novizie cattoliche eritree sorridono.\"},{\"@type\":\"BreadcrumbList\",\"@id\":\"https:\\\/\\\/cnewa.org\\\/it\\\/dove-operiamo\\\/africa-nord-orientale\\\/eritrea\\\/#breadcrumb\",\"itemListElement\":[{\"@type\":\"ListItem\",\"position\":1,\"name\":\"Home\",\"item\":\"https:\\\/\\\/cnewa.org\\\/it\\\/\"},{\"@type\":\"ListItem\",\"position\":2,\"name\":\"Dove operiamo\",\"item\":\"https:\\\/\\\/cnewa.org\\\/it\\\/dove-operiamo\\\/\"},{\"@type\":\"ListItem\",\"position\":3,\"name\":\"Africa nord-orientale\",\"item\":\"https:\\\/\\\/cnewa.org\\\/it\\\/dove-operiamo\\\/africa-nord-orientale\\\/\"},{\"@type\":\"ListItem\",\"position\":4,\"name\":\"Eritrea\"}]},{\"@type\":\"WebSite\",\"@id\":\"https:\\\/\\\/cnewa.org\\\/it\\\/#website\",\"url\":\"https:\\\/\\\/cnewa.org\\\/it\\\/\",\"name\":\"CNEWA Italia\",\"description\":\"\",\"publisher\":{\"@id\":\"https:\\\/\\\/cnewa.org\\\/it\\\/#organization\"},\"alternateName\":\"Associazione Cattolica per il Benessere del Vicino Oriente (CNEWA)\",\"potentialAction\":[{\"@type\":\"SearchAction\",\"target\":{\"@type\":\"EntryPoint\",\"urlTemplate\":\"https:\\\/\\\/cnewa.org\\\/it\\\/?s={search_term_string}\"},\"query-input\":{\"@type\":\"PropertyValueSpecification\",\"valueRequired\":true,\"valueName\":\"search_term_string\"}}],\"inLanguage\":\"it-IT\"},{\"@type\":\"Organization\",\"@id\":\"https:\\\/\\\/cnewa.org\\\/it\\\/#organization\",\"name\":\"CNEWA Italia\",\"alternateName\":\"Associazione Cattolica per il Benessere del Vicino Oriente\",\"url\":\"https:\\\/\\\/cnewa.org\\\/it\\\/\",\"logo\":{\"@type\":\"ImageObject\",\"inLanguage\":\"it-IT\",\"@id\":\"https:\\\/\\\/cnewa.org\\\/it\\\/#\\\/schema\\\/logo\\\/image\\\/\",\"url\":\"https:\\\/\\\/cnewa.org\\\/it\\\/wp-content\\\/uploads\\\/sites\\\/7\\\/2024\\\/10\\\/CNEWA-brand-logo-300x300-1.png\",\"contentUrl\":\"https:\\\/\\\/cnewa.org\\\/it\\\/wp-content\\\/uploads\\\/sites\\\/7\\\/2024\\\/10\\\/CNEWA-brand-logo-300x300-1.png\",\"width\":300,\"height\":300,\"caption\":\"CNEWA Italia\"},\"image\":{\"@id\":\"https:\\\/\\\/cnewa.org\\\/it\\\/#\\\/schema\\\/logo\\\/image\\\/\"}}]}<\/script>\n<!-- \/ Yoast SEO Premium plugin. -->","yoast_head_json":{"title":"Eritrea | CNEWA Italia","description":"Il moderno Stato nazionale dell'Eritrea, che ha combattuto una lunga e aspra guerra con l'Etiopia per ottenere l'indipendenza, risale al 1993.","robots":{"index":"index","follow":"follow","max-snippet":"max-snippet:-1","max-image-preview":"max-image-preview:large","max-video-preview":"max-video-preview:-1"},"canonical":"https:\/\/cnewa.org\/it\/dove-operiamo\/africa-nord-orientale\/eritrea\/","og_locale":"it_IT","og_type":"article","og_title":"Eritrea","og_description":"Il moderno Stato nazionale dell'Eritrea, che ha combattuto una lunga e aspra guerra con l'Etiopia per ottenere l'indipendenza, risale al 1993.","og_site_name":"CNEWA Italia","article_modified_time":"2025-07-25T09:10:19+00:00","og_image":[{"width":1800,"height":1200,"url":"https:\/\/cnewa.org\/it\/wp-content\/uploads\/sites\/7\/2025\/01\/kozar20152_567H-1.jpg","type":"image\/jpeg"}],"twitter_card":"summary_large_image","twitter_misc":{"Tempo di lettura stimato":"3 minuti"},"schema":{"@context":"https:\/\/schema.org","@graph":[{"@type":"WebPage","@id":"https:\/\/cnewa.org\/it\/dove-operiamo\/africa-nord-orientale\/eritrea\/","url":"https:\/\/cnewa.org\/it\/dove-operiamo\/africa-nord-orientale\/eritrea\/","name":"Eritrea | CNEWA Italia","isPartOf":{"@id":"https:\/\/cnewa.org\/it\/#website"},"primaryImageOfPage":{"@id":"https:\/\/cnewa.org\/it\/dove-operiamo\/africa-nord-orientale\/eritrea\/#primaryimage"},"image":{"@id":"https:\/\/cnewa.org\/it\/dove-operiamo\/africa-nord-orientale\/eritrea\/#primaryimage"},"thumbnailUrl":"https:\/\/cnewa.org\/it\/wp-content\/uploads\/sites\/7\/2025\/01\/kozar20152_567H-1.jpg","datePublished":"2025-01-02T11:24:35+00:00","dateModified":"2025-07-25T09:10:19+00:00","description":"Il moderno Stato nazionale dell'Eritrea, che ha combattuto una lunga e aspra guerra con l'Etiopia per ottenere l'indipendenza, risale al 1993.","breadcrumb":{"@id":"https:\/\/cnewa.org\/it\/dove-operiamo\/africa-nord-orientale\/eritrea\/#breadcrumb"},"inLanguage":"it-IT","potentialAction":[{"@type":"ReadAction","target":["https:\/\/cnewa.org\/it\/dove-operiamo\/africa-nord-orientale\/eritrea\/"]}]},{"@type":"ImageObject","inLanguage":"it-IT","@id":"https:\/\/cnewa.org\/it\/dove-operiamo\/africa-nord-orientale\/eritrea\/#primaryimage","url":"https:\/\/cnewa.org\/it\/wp-content\/uploads\/sites\/7\/2025\/01\/kozar20152_567H-1.jpg","contentUrl":"https:\/\/cnewa.org\/it\/wp-content\/uploads\/sites\/7\/2025\/01\/kozar20152_567H-1.jpg","width":1800,"height":1200,"caption":"Due novizie cattoliche eritree sorridono."},{"@type":"BreadcrumbList","@id":"https:\/\/cnewa.org\/it\/dove-operiamo\/africa-nord-orientale\/eritrea\/#breadcrumb","itemListElement":[{"@type":"ListItem","position":1,"name":"Home","item":"https:\/\/cnewa.org\/it\/"},{"@type":"ListItem","position":2,"name":"Dove operiamo","item":"https:\/\/cnewa.org\/it\/dove-operiamo\/"},{"@type":"ListItem","position":3,"name":"Africa nord-orientale","item":"https:\/\/cnewa.org\/it\/dove-operiamo\/africa-nord-orientale\/"},{"@type":"ListItem","position":4,"name":"Eritrea"}]},{"@type":"WebSite","@id":"https:\/\/cnewa.org\/it\/#website","url":"https:\/\/cnewa.org\/it\/","name":"CNEWA Italia","description":"","publisher":{"@id":"https:\/\/cnewa.org\/it\/#organization"},"alternateName":"Associazione Cattolica per il Benessere del Vicino Oriente (CNEWA)","potentialAction":[{"@type":"SearchAction","target":{"@type":"EntryPoint","urlTemplate":"https:\/\/cnewa.org\/it\/?s={search_term_string}"},"query-input":{"@type":"PropertyValueSpecification","valueRequired":true,"valueName":"search_term_string"}}],"inLanguage":"it-IT"},{"@type":"Organization","@id":"https:\/\/cnewa.org\/it\/#organization","name":"CNEWA Italia","alternateName":"Associazione Cattolica per il Benessere del Vicino Oriente","url":"https:\/\/cnewa.org\/it\/","logo":{"@type":"ImageObject","inLanguage":"it-IT","@id":"https:\/\/cnewa.org\/it\/#\/schema\/logo\/image\/","url":"https:\/\/cnewa.org\/it\/wp-content\/uploads\/sites\/7\/2024\/10\/CNEWA-brand-logo-300x300-1.png","contentUrl":"https:\/\/cnewa.org\/it\/wp-content\/uploads\/sites\/7\/2024\/10\/CNEWA-brand-logo-300x300-1.png","width":300,"height":300,"caption":"CNEWA Italia"},"image":{"@id":"https:\/\/cnewa.org\/it\/#\/schema\/logo\/image\/"}}]}},"_links":{"self":[{"href":"https:\/\/cnewa.org\/it\/wp-json\/wp\/v2\/pages\/969","targetHints":{"allow":["GET"]}}],"collection":[{"href":"https:\/\/cnewa.org\/it\/wp-json\/wp\/v2\/pages"}],"about":[{"href":"https:\/\/cnewa.org\/it\/wp-json\/wp\/v2\/types\/page"}],"author":[{"embeddable":true,"href":"https:\/\/cnewa.org\/it\/wp-json\/wp\/v2\/users\/70092"}],"replies":[{"embeddable":true,"href":"https:\/\/cnewa.org\/it\/wp-json\/wp\/v2\/comments?post=969"}],"version-history":[{"count":3,"href":"https:\/\/cnewa.org\/it\/wp-json\/wp\/v2\/pages\/969\/revisions"}],"predecessor-version":[{"id":1640,"href":"https:\/\/cnewa.org\/it\/wp-json\/wp\/v2\/pages\/969\/revisions\/1640"}],"up":[{"embeddable":true,"href":"https:\/\/cnewa.org\/it\/wp-json\/wp\/v2\/pages\/183"}],"wp:featuredmedia":[{"embeddable":true,"href":"https:\/\/cnewa.org\/it\/wp-json\/wp\/v2\/media\/968"}],"wp:attachment":[{"href":"https:\/\/cnewa.org\/it\/wp-json\/wp\/v2\/media?parent=969"}],"curies":[{"name":"wp","href":"https:\/\/api.w.org\/{rel}","templated":true}]}}