{"id":976,"date":"2025-01-02T15:10:25","date_gmt":"2025-01-02T14:10:25","guid":{"rendered":"https:\/\/cnewa.org\/it\/?page_id=976"},"modified":"2025-07-25T11:14:07","modified_gmt":"2025-07-25T09:14:07","slug":"etiopia","status":"publish","type":"page","link":"https:\/\/cnewa.org\/it\/dove-operiamo\/africa-nord-orientale\/etiopia\/","title":{"rendered":"Etiopia"},"content":{"rendered":"\n<h2 class=\"wp-block-heading\" id=\"h-l-etiopia-l-unico-paese-sub-sahariano-con-una-tradizione-cristiana-che-affonda-le-radici-nei-primi-giorni-della-chiesa-sta-affrontando-le-conseguenze-di-una-guerra-civile-che-dura-ormai-da-due-anni-nel-nord-e-un-preoccupante-aumento-dei-costi-di-cibo-e-carburante-aggravato-dalla-guerra-tra-russia-e-ucraina\">L\u2019Etiopia, l\u2019unico paese sub-sahariano con una tradizione cristiana che affonda le radici nei primi giorni della Chiesa, sta affrontando le conseguenze di una guerra civile che dura ormai da due anni nel nord e un preoccupante aumento dei costi di cibo e carburante, aggravato dalla guerra tra Russia e Ucraina.<\/h2>\n\n\n\n<p>Tra i paesi pi\u00f9 poveri e popolosi dell\u2019Africa, oltre 22 milioni di etiopi vivono sotto la soglia di povert\u00e0. Circa 2,5 milioni di persone nelle regioni del Tigr\u00e8 e limitrofe necessitano di aiuti umanitari mentre l\u2019area cerca di recuperare dal conflitto. Pi\u00f9 di 18,6 milioni di bambini sono colpiti da malnutrizione e hanno bisogno di cure mediche. Molti etiopi stanno lasciando il paese, con circa 750.000 migranti stimati in Arabia Saudita, secondo le Nazioni Unite.<\/p>\n\n\n\n<p>I servizi essenziali, come l\u2019elettricit\u00e0, il carburante e le comunicazioni, restano inadeguati. Molte persone stanno ancora affrontando le profonde ferite lasciate dalla guerra. Per questo, mentre scuole e altri servizi sociali si preparano a ripartire, \u00e8 indispensabile tenere conto del trauma vissuto da studenti e insegnanti, aiutandoli a ritrovare un equilibrio nella loro nuova realt\u00e0. Per tanti, la normalit\u00e0 \u00e8 ancora lontana: numerosi sfollati vivono in rifugi temporanei e molte scuole, danneggiate dal conflitto, attendono ancora di essere ricostruite.<\/p>\n\n\n\n<p>Tutti questi fattori hanno influenzato significativamente il lavoro della CNEWA nel paese, con un crescente numero di richieste di supporto dall\u2019Ufficio CNEWA di Addis Abeba. Nonostante le difficolt\u00e0, la forte fede e la coesione tra le diverse denominazioni religiose locali offrono una speranza concreta: quella della Chiesa, pronta a rispondere alle sfide pastorali e sociali della popolazione.<\/p>\n\n\n\n<p>Il sostegno della CNEWA alla Chiesa locale \u00e8 fondamentale per rispondere ai bisogni pastorali e umanitari in Etiopia.&nbsp;<\/p>\n\n\n\n<h4 class=\"wp-block-heading\" id=\"h-accompagniamo-le-chiese-locali\"><strong><strong><strong>Accompagniamo le Chiese locali<\/strong><\/strong><\/strong><\/h4>\n\n\n\n<p>La CNEWA concentra il suo sostegno pastorale nel rafforzare e garantire la sopravvivenza dei seminari e dei noviziati, delle cappellanie universitarie, dei programmi di formazione dei catechisti laici, dei programmi di formazione delle famiglie e dei programmi pastorali della Conferenza dei Superiori Religiosi Maggiori (CMRS) a livello nazionale. Il sostegno della CNEWA alla Chiesa locale comprende l\u2019assistenza per la riparazione delle strutture parrocchiali danneggiate dall\u2019invecchiamento, da conflitti civili o da disastri naturali, l\u2019acquisto di libri e materiali liturgici e le iniziative di evangelizzazione.<\/p>\n\n\n\n<figure class=\"wp-block-image size-large\"><img loading=\"lazy\" decoding=\"async\" width=\"1024\" height=\"683\" src=\"https:\/\/cnewa.org\/it\/wp-content\/uploads\/sites\/7\/2025\/01\/20230213T1630-HOLY-LAND-TOURISM-UKRAINE-WAR-1756098-1024x683.jpg\" alt=\"\" class=\"wp-image-974\" srcset=\"https:\/\/cnewa.org\/it\/wp-content\/uploads\/sites\/7\/2025\/01\/20230213T1630-HOLY-LAND-TOURISM-UKRAINE-WAR-1756098-1024x683.jpg 1024w, https:\/\/cnewa.org\/it\/wp-content\/uploads\/sites\/7\/2025\/01\/20230213T1630-HOLY-LAND-TOURISM-UKRAINE-WAR-1756098-300x200.jpg 300w, https:\/\/cnewa.org\/it\/wp-content\/uploads\/sites\/7\/2025\/01\/20230213T1630-HOLY-LAND-TOURISM-UKRAINE-WAR-1756098-768x512.jpg 768w, https:\/\/cnewa.org\/it\/wp-content\/uploads\/sites\/7\/2025\/01\/20230213T1630-HOLY-LAND-TOURISM-UKRAINE-WAR-1756098-1536x1024.jpg 1536w, https:\/\/cnewa.org\/it\/wp-content\/uploads\/sites\/7\/2025\/01\/20230213T1630-HOLY-LAND-TOURISM-UKRAINE-WAR-1756098-1600x1067.jpg 1600w, https:\/\/cnewa.org\/it\/wp-content\/uploads\/sites\/7\/2025\/01\/20230213T1630-HOLY-LAND-TOURISM-UKRAINE-WAR-1756098.jpg 1800w\" sizes=\"auto, (max-width: 1024px) 100vw, 1024px\" \/><figcaption class=\"wp-element-caption\">Un gruppo di cristiani ortodossi etiopi pregano in una cappella ortodossa vicino al Monte degli Ulivi a Gerusalemme il 29 gennaio. (Foto di OSV News\/Tom Tracy)<\/figcaption><\/figure>\n\n\n\n<h4 class=\"wp-block-heading\" id=\"h-rispondiamo-ai-bisogni-delle-persone\"><strong><strong>Rispondiamo ai bisogni delle persone<\/strong><\/strong><\/h4>\n\n\n\n<p>A causa del conflitto prolungato nella regione del Tigray e in altre zone del paese, della peggior siccit\u00e0 degli ultimi decenni e della crisi economica, CNEWA ha ricevuto un aumento delle richieste di assistenza umanitaria. Le richieste riguardano il finanziamento del supporto nutrizionale per i bambini delle scuole primarie. Ci sono anche richieste per la fornitura di materiali educativi e per l\u2019accesso alle strutture scolastiche. CNEWA interviene inoltre con l\u2019approvvigionamento idrico per i centri di assistenza all\u2019infanzia e con l\u2019assistenza alimentare per gli anziani. L\u2019organizzazione sostiene iniziative di cura per l\u2019infanzia come scuole, case per bambini e programmi di nutrizione. Supporta anche centri per bambini con disabilit\u00e0 fisiche e residenze per bambini con bisogni speciali. CNEWA collabora con istituzioni che offrono formazione ed educazione ai detenuti, sotto la cappellania penitenziaria dell\u2019Arcidiocesi di Addis Abeba. Risponde ai bisogni fondamentali dei rifugiati urbani tramite il JRS Urban Center. Fornisce anche sostegno alimentare agli anziani nelle zone remote dell\u2019Etiopia meridionale.<\/p>\n\n\n\n<figure class=\"wp-block-image size-large\"><img loading=\"lazy\" decoding=\"async\" width=\"1024\" height=\"683\" src=\"https:\/\/cnewa.org\/it\/wp-content\/uploads\/sites\/7\/2025\/01\/wiggers20171_020H-1024x683.jpg\" alt=\"\" class=\"wp-image-973\" srcset=\"https:\/\/cnewa.org\/it\/wp-content\/uploads\/sites\/7\/2025\/01\/wiggers20171_020H-1024x683.jpg 1024w, https:\/\/cnewa.org\/it\/wp-content\/uploads\/sites\/7\/2025\/01\/wiggers20171_020H-300x200.jpg 300w, https:\/\/cnewa.org\/it\/wp-content\/uploads\/sites\/7\/2025\/01\/wiggers20171_020H-768x512.jpg 768w, https:\/\/cnewa.org\/it\/wp-content\/uploads\/sites\/7\/2025\/01\/wiggers20171_020H-1536x1024.jpg 1536w, https:\/\/cnewa.org\/it\/wp-content\/uploads\/sites\/7\/2025\/01\/wiggers20171_020H-1600x1067.jpg 1600w, https:\/\/cnewa.org\/it\/wp-content\/uploads\/sites\/7\/2025\/01\/wiggers20171_020H.jpg 1800w\" sizes=\"auto, (max-width: 1024px) 100vw, 1024px\" \/><figcaption class=\"wp-element-caption\">Studenti nella regione settentrionale del Tigr\u00e8, in Etiopia (Foto di Petterik Wiggers)<\/figcaption><\/figure>\n\n\n\n<p><strong>Ogni gesto, anche il pi\u00f9 piccolo, pu\u00f2 trasformarsi in un dono immenso per chi \u00e8 nel bisogno. Sostieni i nostri progetti con una donazione: insieme possiamo portare speranza e amore a chi ne ha pi\u00f9 bisogno. Dona ora e fai la differenza nella vita di tanti.<\/strong><\/p>\n\n\n  <div class=\"donate-button\" id=\"minor-fund-campaign\">\n    <button class=\"donate-modal-toggle\" data-minor-fund='Etiopia' data-minor-fund-code='DF'>Dona ora<\/button>\n  <\/div>\n  \n\n\n<p><\/p>\n","protected":false},"excerpt":{"rendered":"<p>L\u2019Etiopia, l\u2019unico paese sub-sahariano con una tradizione cristiana che affonda le radici nei primi giorni della Chiesa, sta affrontando le conseguenze di una guerra civile che dura ormai da due anni nel nord e un preoccupante aumento dei costi di cibo e carburante, aggravato dalla guerra tra Russia e Ucraina. Tra i paesi pi\u00f9 poveri &hellip; <a href=\"https:\/\/cnewa.org\/it\/dove-operiamo\/africa-nord-orientale\/etiopia\/\">Continued<\/a><\/p>\n","protected":false},"author":70092,"featured_media":975,"parent":183,"menu_order":0,"comment_status":"closed","ping_status":"closed","template":"","meta":{"_acf_changed":false,"footnotes":""},"class_list":["post-976","page","type-page","status-publish","has-post-thumbnail","hentry"],"acf":[],"yoast_head":"<!-- This site is optimized with the Yoast SEO Premium plugin v27.3 (Yoast SEO v27.3) - https:\/\/yoast.com\/product\/yoast-seo-premium-wordpress\/ -->\n<title>Etiopia | CNEWA Italia<\/title>\n<meta name=\"description\" content=\"L&#039;Etiopia sta pagando il prezzo di quasi tre anni di guerra civile e dell&#039;impennata dei prezzi alimentari aggravata dal conflitto in Ucraina.\" \/>\n<meta name=\"robots\" content=\"index, follow, max-snippet:-1, max-image-preview:large, max-video-preview:-1\" \/>\n<link rel=\"canonical\" href=\"https:\/\/cnewa.org\/it\/dove-operiamo\/africa-nord-orientale\/etiopia\/\" \/>\n<meta property=\"og:locale\" content=\"it_IT\" \/>\n<meta property=\"og:type\" content=\"article\" \/>\n<meta property=\"og:title\" content=\"Etiopia\" \/>\n<meta property=\"og:description\" content=\"L&#039;Etiopia sta pagando il prezzo di quasi tre anni di guerra civile e dell&#039;impennata dei prezzi alimentari aggravata dal conflitto in Ucraina.\" \/>\n<meta property=\"og:site_name\" content=\"CNEWA Italia\" \/>\n<meta property=\"article:modified_time\" content=\"2025-07-25T09:14:07+00:00\" \/>\n<meta property=\"og:image\" content=\"https:\/\/cnewa.org\/it\/wp-content\/uploads\/sites\/7\/2025\/01\/wiggers33640_089H.jpg\" \/>\n\t<meta property=\"og:image:width\" content=\"1800\" \/>\n\t<meta property=\"og:image:height\" content=\"1200\" \/>\n\t<meta property=\"og:image:type\" content=\"image\/jpeg\" \/>\n<meta name=\"twitter:card\" content=\"summary_large_image\" \/>\n<meta name=\"twitter:label1\" content=\"Tempo di lettura stimato\" \/>\n\t<meta name=\"twitter:data1\" content=\"4 minuti\" \/>\n<script type=\"application\/ld+json\" class=\"yoast-schema-graph\">{\"@context\":\"https:\\\/\\\/schema.org\",\"@graph\":[{\"@type\":\"WebPage\",\"@id\":\"https:\\\/\\\/cnewa.org\\\/it\\\/dove-operiamo\\\/africa-nord-orientale\\\/etiopia\\\/\",\"url\":\"https:\\\/\\\/cnewa.org\\\/it\\\/dove-operiamo\\\/africa-nord-orientale\\\/etiopia\\\/\",\"name\":\"Etiopia | CNEWA Italia\",\"isPartOf\":{\"@id\":\"https:\\\/\\\/cnewa.org\\\/it\\\/#website\"},\"primaryImageOfPage\":{\"@id\":\"https:\\\/\\\/cnewa.org\\\/it\\\/dove-operiamo\\\/africa-nord-orientale\\\/etiopia\\\/#primaryimage\"},\"image\":{\"@id\":\"https:\\\/\\\/cnewa.org\\\/it\\\/dove-operiamo\\\/africa-nord-orientale\\\/etiopia\\\/#primaryimage\"},\"thumbnailUrl\":\"https:\\\/\\\/cnewa.org\\\/it\\\/wp-content\\\/uploads\\\/sites\\\/7\\\/2025\\\/01\\\/wiggers33640_089H.jpg\",\"datePublished\":\"2025-01-02T14:10:25+00:00\",\"dateModified\":\"2025-07-25T09:14:07+00:00\",\"description\":\"L'Etiopia sta pagando il prezzo di quasi tre anni di guerra civile e dell'impennata dei prezzi alimentari aggravata dal conflitto in Ucraina.\",\"breadcrumb\":{\"@id\":\"https:\\\/\\\/cnewa.org\\\/it\\\/dove-operiamo\\\/africa-nord-orientale\\\/etiopia\\\/#breadcrumb\"},\"inLanguage\":\"it-IT\",\"potentialAction\":[{\"@type\":\"ReadAction\",\"target\":[\"https:\\\/\\\/cnewa.org\\\/it\\\/dove-operiamo\\\/africa-nord-orientale\\\/etiopia\\\/\"]}]},{\"@type\":\"ImageObject\",\"inLanguage\":\"it-IT\",\"@id\":\"https:\\\/\\\/cnewa.org\\\/it\\\/dove-operiamo\\\/africa-nord-orientale\\\/etiopia\\\/#primaryimage\",\"url\":\"https:\\\/\\\/cnewa.org\\\/it\\\/wp-content\\\/uploads\\\/sites\\\/7\\\/2025\\\/01\\\/wiggers33640_089H.jpg\",\"contentUrl\":\"https:\\\/\\\/cnewa.org\\\/it\\\/wp-content\\\/uploads\\\/sites\\\/7\\\/2025\\\/01\\\/wiggers33640_089H.jpg\",\"width\":1800,\"height\":1200,\"caption\":\"Un gruppo di etiopi durante la celebrazione del Meskel, una festa cristiana delle Chiese ortodosse etiopica ed eritrea, nel 2007. (Foto di Petterik Wiggers)\"},{\"@type\":\"BreadcrumbList\",\"@id\":\"https:\\\/\\\/cnewa.org\\\/it\\\/dove-operiamo\\\/africa-nord-orientale\\\/etiopia\\\/#breadcrumb\",\"itemListElement\":[{\"@type\":\"ListItem\",\"position\":1,\"name\":\"Home\",\"item\":\"https:\\\/\\\/cnewa.org\\\/it\\\/\"},{\"@type\":\"ListItem\",\"position\":2,\"name\":\"Dove operiamo\",\"item\":\"https:\\\/\\\/cnewa.org\\\/it\\\/dove-operiamo\\\/\"},{\"@type\":\"ListItem\",\"position\":3,\"name\":\"Africa nord-orientale\",\"item\":\"https:\\\/\\\/cnewa.org\\\/it\\\/dove-operiamo\\\/africa-nord-orientale\\\/\"},{\"@type\":\"ListItem\",\"position\":4,\"name\":\"Etiopia\"}]},{\"@type\":\"WebSite\",\"@id\":\"https:\\\/\\\/cnewa.org\\\/it\\\/#website\",\"url\":\"https:\\\/\\\/cnewa.org\\\/it\\\/\",\"name\":\"CNEWA Italia\",\"description\":\"\",\"publisher\":{\"@id\":\"https:\\\/\\\/cnewa.org\\\/it\\\/#organization\"},\"alternateName\":\"Associazione Cattolica per il Benessere del Vicino Oriente (CNEWA)\",\"potentialAction\":[{\"@type\":\"SearchAction\",\"target\":{\"@type\":\"EntryPoint\",\"urlTemplate\":\"https:\\\/\\\/cnewa.org\\\/it\\\/?s={search_term_string}\"},\"query-input\":{\"@type\":\"PropertyValueSpecification\",\"valueRequired\":true,\"valueName\":\"search_term_string\"}}],\"inLanguage\":\"it-IT\"},{\"@type\":\"Organization\",\"@id\":\"https:\\\/\\\/cnewa.org\\\/it\\\/#organization\",\"name\":\"CNEWA Italia\",\"alternateName\":\"Associazione Cattolica per il Benessere del Vicino Oriente\",\"url\":\"https:\\\/\\\/cnewa.org\\\/it\\\/\",\"logo\":{\"@type\":\"ImageObject\",\"inLanguage\":\"it-IT\",\"@id\":\"https:\\\/\\\/cnewa.org\\\/it\\\/#\\\/schema\\\/logo\\\/image\\\/\",\"url\":\"https:\\\/\\\/cnewa.org\\\/it\\\/wp-content\\\/uploads\\\/sites\\\/7\\\/2024\\\/10\\\/CNEWA-brand-logo-300x300-1.png\",\"contentUrl\":\"https:\\\/\\\/cnewa.org\\\/it\\\/wp-content\\\/uploads\\\/sites\\\/7\\\/2024\\\/10\\\/CNEWA-brand-logo-300x300-1.png\",\"width\":300,\"height\":300,\"caption\":\"CNEWA Italia\"},\"image\":{\"@id\":\"https:\\\/\\\/cnewa.org\\\/it\\\/#\\\/schema\\\/logo\\\/image\\\/\"}}]}<\/script>\n<!-- \/ Yoast SEO Premium plugin. -->","yoast_head_json":{"title":"Etiopia | CNEWA Italia","description":"L'Etiopia sta pagando il prezzo di quasi tre anni di guerra civile e dell'impennata dei prezzi alimentari aggravata dal conflitto in Ucraina.","robots":{"index":"index","follow":"follow","max-snippet":"max-snippet:-1","max-image-preview":"max-image-preview:large","max-video-preview":"max-video-preview:-1"},"canonical":"https:\/\/cnewa.org\/it\/dove-operiamo\/africa-nord-orientale\/etiopia\/","og_locale":"it_IT","og_type":"article","og_title":"Etiopia","og_description":"L'Etiopia sta pagando il prezzo di quasi tre anni di guerra civile e dell'impennata dei prezzi alimentari aggravata dal conflitto in Ucraina.","og_site_name":"CNEWA Italia","article_modified_time":"2025-07-25T09:14:07+00:00","og_image":[{"width":1800,"height":1200,"url":"https:\/\/cnewa.org\/it\/wp-content\/uploads\/sites\/7\/2025\/01\/wiggers33640_089H.jpg","type":"image\/jpeg"}],"twitter_card":"summary_large_image","twitter_misc":{"Tempo di lettura stimato":"4 minuti"},"schema":{"@context":"https:\/\/schema.org","@graph":[{"@type":"WebPage","@id":"https:\/\/cnewa.org\/it\/dove-operiamo\/africa-nord-orientale\/etiopia\/","url":"https:\/\/cnewa.org\/it\/dove-operiamo\/africa-nord-orientale\/etiopia\/","name":"Etiopia | CNEWA Italia","isPartOf":{"@id":"https:\/\/cnewa.org\/it\/#website"},"primaryImageOfPage":{"@id":"https:\/\/cnewa.org\/it\/dove-operiamo\/africa-nord-orientale\/etiopia\/#primaryimage"},"image":{"@id":"https:\/\/cnewa.org\/it\/dove-operiamo\/africa-nord-orientale\/etiopia\/#primaryimage"},"thumbnailUrl":"https:\/\/cnewa.org\/it\/wp-content\/uploads\/sites\/7\/2025\/01\/wiggers33640_089H.jpg","datePublished":"2025-01-02T14:10:25+00:00","dateModified":"2025-07-25T09:14:07+00:00","description":"L'Etiopia sta pagando il prezzo di quasi tre anni di guerra civile e dell'impennata dei prezzi alimentari aggravata dal conflitto in Ucraina.","breadcrumb":{"@id":"https:\/\/cnewa.org\/it\/dove-operiamo\/africa-nord-orientale\/etiopia\/#breadcrumb"},"inLanguage":"it-IT","potentialAction":[{"@type":"ReadAction","target":["https:\/\/cnewa.org\/it\/dove-operiamo\/africa-nord-orientale\/etiopia\/"]}]},{"@type":"ImageObject","inLanguage":"it-IT","@id":"https:\/\/cnewa.org\/it\/dove-operiamo\/africa-nord-orientale\/etiopia\/#primaryimage","url":"https:\/\/cnewa.org\/it\/wp-content\/uploads\/sites\/7\/2025\/01\/wiggers33640_089H.jpg","contentUrl":"https:\/\/cnewa.org\/it\/wp-content\/uploads\/sites\/7\/2025\/01\/wiggers33640_089H.jpg","width":1800,"height":1200,"caption":"Un gruppo di etiopi durante la celebrazione del Meskel, una festa cristiana delle Chiese ortodosse etiopica ed eritrea, nel 2007. (Foto di Petterik Wiggers)"},{"@type":"BreadcrumbList","@id":"https:\/\/cnewa.org\/it\/dove-operiamo\/africa-nord-orientale\/etiopia\/#breadcrumb","itemListElement":[{"@type":"ListItem","position":1,"name":"Home","item":"https:\/\/cnewa.org\/it\/"},{"@type":"ListItem","position":2,"name":"Dove operiamo","item":"https:\/\/cnewa.org\/it\/dove-operiamo\/"},{"@type":"ListItem","position":3,"name":"Africa nord-orientale","item":"https:\/\/cnewa.org\/it\/dove-operiamo\/africa-nord-orientale\/"},{"@type":"ListItem","position":4,"name":"Etiopia"}]},{"@type":"WebSite","@id":"https:\/\/cnewa.org\/it\/#website","url":"https:\/\/cnewa.org\/it\/","name":"CNEWA Italia","description":"","publisher":{"@id":"https:\/\/cnewa.org\/it\/#organization"},"alternateName":"Associazione Cattolica per il Benessere del Vicino Oriente (CNEWA)","potentialAction":[{"@type":"SearchAction","target":{"@type":"EntryPoint","urlTemplate":"https:\/\/cnewa.org\/it\/?s={search_term_string}"},"query-input":{"@type":"PropertyValueSpecification","valueRequired":true,"valueName":"search_term_string"}}],"inLanguage":"it-IT"},{"@type":"Organization","@id":"https:\/\/cnewa.org\/it\/#organization","name":"CNEWA Italia","alternateName":"Associazione Cattolica per il Benessere del Vicino Oriente","url":"https:\/\/cnewa.org\/it\/","logo":{"@type":"ImageObject","inLanguage":"it-IT","@id":"https:\/\/cnewa.org\/it\/#\/schema\/logo\/image\/","url":"https:\/\/cnewa.org\/it\/wp-content\/uploads\/sites\/7\/2024\/10\/CNEWA-brand-logo-300x300-1.png","contentUrl":"https:\/\/cnewa.org\/it\/wp-content\/uploads\/sites\/7\/2024\/10\/CNEWA-brand-logo-300x300-1.png","width":300,"height":300,"caption":"CNEWA Italia"},"image":{"@id":"https:\/\/cnewa.org\/it\/#\/schema\/logo\/image\/"}}]}},"_links":{"self":[{"href":"https:\/\/cnewa.org\/it\/wp-json\/wp\/v2\/pages\/976","targetHints":{"allow":["GET"]}}],"collection":[{"href":"https:\/\/cnewa.org\/it\/wp-json\/wp\/v2\/pages"}],"about":[{"href":"https:\/\/cnewa.org\/it\/wp-json\/wp\/v2\/types\/page"}],"author":[{"embeddable":true,"href":"https:\/\/cnewa.org\/it\/wp-json\/wp\/v2\/users\/70092"}],"replies":[{"embeddable":true,"href":"https:\/\/cnewa.org\/it\/wp-json\/wp\/v2\/comments?post=976"}],"version-history":[{"count":5,"href":"https:\/\/cnewa.org\/it\/wp-json\/wp\/v2\/pages\/976\/revisions"}],"predecessor-version":[{"id":1646,"href":"https:\/\/cnewa.org\/it\/wp-json\/wp\/v2\/pages\/976\/revisions\/1646"}],"up":[{"embeddable":true,"href":"https:\/\/cnewa.org\/it\/wp-json\/wp\/v2\/pages\/183"}],"wp:featuredmedia":[{"embeddable":true,"href":"https:\/\/cnewa.org\/it\/wp-json\/wp\/v2\/media\/975"}],"wp:attachment":[{"href":"https:\/\/cnewa.org\/it\/wp-json\/wp\/v2\/media?parent=976"}],"curies":[{"name":"wp","href":"https:\/\/api.w.org\/{rel}","templated":true}]}}